{"id":4932,"date":"2025-04-05T23:48:45","date_gmt":"2025-04-05T14:48:45","guid":{"rendered":"https:\/\/cai6.tachibana-u.ac.jp\/kyudo\/?page_id=4932"},"modified":"2025-04-10T11:13:55","modified_gmt":"2025-04-10T02:13:55","slug":"%e6%96%b0%e4%ba%ba%e6%88%a6","status":"publish","type":"page","link":"https:\/\/cai6.tachibana-u.ac.jp\/kyudo\/?page_id=4932","title":{"rendered":"\u65b0\u4eba\u6226"},"content":{"rendered":"\n<p>\u65b0\u4eba\u6226\u3000\u4e00\u56de\u6226\u76ee\u306f\u6628\u5e74\u5ea6\u512a\u52dd\u306b\u3088\u308a\u30b7\u30fc\u30c9\u306e\u305f\u3081\u3001\u4e8c\u56de\u6226\u9032\u51fa<\/p>\n\n\n\n<p>\u65b0\u4eba\u6226\u3000\u4e8c\u56de\u6226\u3000\u5bfe\u4eac\u90fd\u5927\u5b66<\/p>\n\n\n\n<figure class=\"wp-block-table\"><table class=\"has-fixed-layout\"><tbody><tr><td>\u98db\u77e2\u606d\u4f73\uff08\u56db\uff09<\/td><td>\u00d7\u00d7\u3007\u3007<\/td><td>\u00d7\u3007\u3007\u3007<\/td><td>\u3007\u00d7\u3007\u3007<\/td><td>8<\/td><\/tr><tr><td>\u85e4\u7530\u83dc\u6458\uff08\u4e8c\uff09<\/td><td>\u00d7\u3007\u3007\u3007<\/td><td>\u3007\u3007\u3007\u00d7<\/td><td>\u3007\u00d7\u00d7\u3007<\/td><td>8<\/td><\/tr><tr><td>\u85e4\u91ce\u8061\u592a\uff08\u4e8c\uff09<\/td><td>\u00d7\u3007\u00d7\u00d7<\/td><td>\u00d7\u3007\u00d7\u00d7<\/td><td>\u00d7\u00d7\u00d7\u3007<\/td><td>3<\/td><\/tr><tr><td>\u5bae\u91ce\u548c\u5178\uff08\u4e09\uff09<\/td><td>\u00d7\u3007\u00d7\u00d7<\/td><td>\u3007\u00d7\u3007\u3007<\/td><td>\u3007\u3007\u00d7\u00d7<\/td><td>6<\/td><\/tr><tr><td>\u5927\u68ee \u7a42\u679c\uff08\u4e09\uff09<\/td><td>\u3007\u00d7\u3007\u3007<\/td><td>\u3007\u00d7\u3007\u3007<\/td><td>\u00d7\u3007\u00d7\u3007<\/td><td>8<\/td><\/tr><tr><td>\u6749\u539f\u6674\u6597\uff08\u4e8c\uff09<\/td><td>\u3007\u3007\u3007\u00d7<\/td><td>\u3007\u3007\u3007\u3007<\/td><td>\u3007\u3007\u00d7\u3007<\/td><td>10<\/td><\/tr><\/tbody><\/table><\/figure>\n\n\n\n<p>\u5408\u8a0843\u4e2d\u306b\u3088\u308a\u3001\u52dd\u3061\u3002<\/p>\n\n\n\n<p>\u65b0\u4eba\u6226\u3000\u4e09\u56de\u6226\u3000\u5bfe\u95a2\u897f\u5927\u5b66<\/p>\n\n\n\n<figure class=\"wp-block-table\"><table class=\"has-fixed-layout\"><tbody><tr><td>\u98db\u77e2 \u606d\u4f73\uff08\u56db\uff09<\/td><td>\u3007\u3007\u3007\u3007<\/td><td>\u3007\u3007\u3007\u3007<\/td><td>\u3007\u3007\u3007\u3007<\/td><td>\u7686<\/td><\/tr><tr><td>\u85e4\u7530 \u83dc\u6458\uff08\u4e8c\uff09<\/td><td>\u3007\u3007\u3007\u00d7<\/td><td>\u00d7\u00d7\u3007\u00d7<\/td><td>\u3007\u3007\u00d7\u3007<\/td><td>7<\/td><\/tr><tr><td>\u677e\u5c71\u548c\u4f73\u5948\uff08\u4e09\uff09<\/td><td>\u00d7\u00d7\u00d7\u3007<\/td><td>\u00d7\u00d7\u00d7\u00d7<\/td><td>\u00d7\u00d7\u3007\u00d7<\/td><td>2<\/td><\/tr><tr><td>\u4e2d\u91ce\u51db\u3005\uff08\u56db\uff09<\/td><td>\u00d7\u3007\u3007\u00d7<\/td><td>\u00d7\u00d7\u3007\u3007<\/td><td>\u00d7\u3007\u3007\u00d7<\/td><td>6<\/td><\/tr><tr><td>\u5927\u68ee \u7a42\u679c\uff08\u4e09\uff09<\/td><td>\u00d7\u3007\u3007\u3007<\/td><td>\u3007\u3007\u3007\u3007<\/td><td>\u3007\u3007\u3007\u3007<\/td><td>11<\/td><\/tr><tr><td>\u6749\u539f\u6674\u6597\uff08\u4e8c\uff09<\/td><td>\u00d7\u3007\u3007\u00d7<\/td><td>\u3007\u3007\u00d7\u3007<\/td><td>\u3007\u3007\u00d7\u3007<\/td><td>8<\/td><\/tr><\/tbody><\/table><\/figure>\n\n\n\n<p>\u5408\u8a0846\u4e2d\u306b\u3088\u308a\u3001\u8ca0\u3051\u3002\u307e\u305f\u3053\u306e\u8a66\u5408\u3067\u98db\u77e2 \u606d\u4f73\uff08\u56db\uff09\u304c\u7686\u4e2d\u8cde\u3092\u53d7\u8cde\u3057\u307e\u3057\u305f\u3002<\/p>\n\n\n\n<p><\/p>\n","protected":false},"excerpt":{"rendered":"<p>\u65b0\u4eba\u6226\u3000\u4e00\u56de\u6226\u76ee\u306f\u6628\u5e74\u5ea6\u512a\u52dd\u306b\u3088\u308a\u30b7\u30fc\u30c9\u306e\u305f\u3081\u3001\u4e8c\u56de\u6226\u9032\u51fa \u65b0\u4eba\u6226\u3000\u4e8c\u56de\u6226\u3000\u5bfe\u4eac\u90fd\u5927\u5b66 \u98db\u77e2\u606d\u4f73\uff08\u56db\uff09 \u00d7\u00d7\u3007\u3007 \u00d7\u3007\u3007\u3007 \u3007\u00d7\u3007\u3007 8 \u85e4\u7530\u83dc\u6458\uff08\u4e8c\uff09 \u00d7\u3007\u3007\u3007 \u3007\u3007\u3007\u00d7 \u3007\u00d7\u00d7\u3007 8 \u85e4\u91ce\u8061\u592a\uff08\u4e8c\uff09 \u00d7\u3007\u00d7\u00d7 \u00d7\u3007\u00d7 &hellip; <a href=\"https:\/\/cai6.tachibana-u.ac.jp\/kyudo\/?page_id=4932\" class=\"more-link\">\u7d9a\u304d\u3092\u8aad\u3080 <span class=\"screen-reader-text\">\u65b0\u4eba\u6226<\/span> <span class=\"meta-nav\">&rarr;<\/span><\/a><\/p>\n","protected":false},"author":1,"featured_media":0,"parent":4930,"menu_order":0,"comment_status":"closed","ping_status":"closed","template":"","meta":{"footnotes":""},"class_list":["post-4932","page","type-page","status-publish","hentry"],"_links":{"self":[{"href":"https:\/\/cai6.tachibana-u.ac.jp\/kyudo\/index.php?rest_route=\/wp\/v2\/pages\/4932","targetHints":{"allow":["GET"]}}],"collection":[{"href":"https:\/\/cai6.tachibana-u.ac.jp\/kyudo\/index.php?rest_route=\/wp\/v2\/pages"}],"about":[{"href":"https:\/\/cai6.tachibana-u.ac.jp\/kyudo\/index.php?rest_route=\/wp\/v2\/types\/page"}],"author":[{"embeddable":true,"href":"https:\/\/cai6.tachibana-u.ac.jp\/kyudo\/index.php?rest_route=\/wp\/v2\/users\/1"}],"replies":[{"embeddable":true,"href":"https:\/\/cai6.tachibana-u.ac.jp\/kyudo\/index.php?rest_route=%2Fwp%2Fv2%2Fcomments&post=4932"}],"version-history":[{"count":6,"href":"https:\/\/cai6.tachibana-u.ac.jp\/kyudo\/index.php?rest_route=\/wp\/v2\/pages\/4932\/revisions"}],"predecessor-version":[{"id":4943,"href":"https:\/\/cai6.tachibana-u.ac.jp\/kyudo\/index.php?rest_route=\/wp\/v2\/pages\/4932\/revisions\/4943"}],"up":[{"embeddable":true,"href":"https:\/\/cai6.tachibana-u.ac.jp\/kyudo\/index.php?rest_route=\/wp\/v2\/pages\/4930"}],"wp:attachment":[{"href":"https:\/\/cai6.tachibana-u.ac.jp\/kyudo\/index.php?rest_route=%2Fwp%2Fv2%2Fmedia&parent=4932"}],"curies":[{"name":"wp","href":"https:\/\/api.w.org\/{rel}","templated":true}]}}