{"id":4879,"date":"2024-06-21T11:25:33","date_gmt":"2024-06-21T02:25:33","guid":{"rendered":"https:\/\/cai6.tachibana-u.ac.jp\/kyudo\/?page_id=4879"},"modified":"2024-06-21T11:25:46","modified_gmt":"2024-06-21T02:25:46","slug":"%e3%83%aa%e3%83%bc%e3%82%b0%e6%88%a6%ef%bc%88%e5%a5%b3%e5%ad%90%ef%bc%89","status":"publish","type":"page","link":"https:\/\/cai6.tachibana-u.ac.jp\/kyudo\/?page_id=4879","title":{"rendered":"\u30ea\u30fc\u30b0\u6226\uff08\u5973\u5b50\uff09"},"content":{"rendered":"\n<p>\u4e00\u6226\u76ee\u3000\u5bfe\u9f8d\u8c37\u5927\u5b66<\/p>\n\n\n\n<figure class=\"wp-block-table\"><table><tbody><tr><td><\/td><td><\/td><td><\/td><td><\/td><td><\/td><td><\/td><td><\/td><\/tr><tr><td>\u6cbc\u7530\u512a\u7f8e\u9999\uff08\u30cb\uff09<\/td><td>\u25cb\u25cb\u00d7\u00d7<\/td><td>\u00d7\u25cb\u25cb\u25cb<\/td><td>\u00d7\u00d7\u25cb\u25cb<\/td><td>\u00d7\u25cb\u25cb\u25cb<\/td><td>\u25cb\u00d7\u25cb\u25cb<\/td><td>13<\/td><\/tr><tr><td>\u91ce\u7389\u590f\u7f8e\uff08\u4e00\uff09<\/td><td>\u00d7\u25cb\u00d7\u25cb<\/td><td>\u00d7\u00d7\u25cb\u25cb<\/td><td>\u25cb\u00d7\u25cb\u25cb<\/td><td>\u25cb\u25cb\u25cb\u25cb<\/td><td>\u25cb\u00d7\u25cb\u25cb<\/td><td>14<\/td><\/tr><tr><td>\u85e4\u68ee\u7d50\u5b50\uff08\u30cb\uff09<\/td><td>\u25cb\u25cb\u25cb\u00d7<\/td><td>\u25cb\u25cb\u00d7\u00d7<\/td><td>\u00d7\u00d7\u00d7\u25cb<\/td><td>\u25cb\u00d7\u00d7\u00d7<\/td><td>\u25cb\u00d7\u00d7\u00d7<\/td><td>8<\/td><\/tr><tr><td>\u5be6\u7dbf\u5411\u65e5\u8475\uff08\u4e09\uff09<\/td><td>\u25cb\u00d7\u00d7\u25cb<\/td><td>\u00d7\u00d7\u25cb\u25cb<\/td><td>\u25cb\u25cb\u25cb\u25cb<\/td><td>\u00d7\u00d7\u00d7\u00d7<\/td><td>\u25cb\u25cb\u25cb\u00d7<\/td><td>11<\/td><\/tr><\/tbody><\/table><figcaption class=\"wp-element-caption\">\u8a0846\u4e2d\u306b\u3088\u308a\u52dd\u3061\u3002<\/figcaption><\/figure>\n\n\n\n<p>\u30cb\u6226\u76ee\u3000\u5bfe\u4eac\u90fd\u5927\u5b66<\/p>\n\n\n\n<figure class=\"wp-block-table\"><table><tbody><tr><td><\/td><td><\/td><td><\/td><td><\/td><td><\/td><td><\/td><td><\/td><\/tr><tr><td>\u6cbc\u7530\u512a\u7f8e\u9999\uff08\u30cb\uff09<\/td><td>\u25cb\u25cb\u25cb\u00d7<\/td><td>\u00d7\u00d7\u25cb\u25cb<\/td><td>\u25cb\u00d7\u25cb\u25cb<\/td><td>\u00d7\u25cb\u00d7\u25cb<\/td><td>\u00d7\u25cb\u00d7\u25cb<\/td><td>12<\/td><\/tr><tr><td>\u91ce\u7389\u590f\u7f8e\uff08\u4e00\uff09<\/td><td>\u25cb\u00d7\u25cb\u25cb<\/td><td>\u25cb\u25cb\u00d7\u25cb<\/td><td>\u00d7\u25cb\u25cb\u25cb<\/td><td>\u00d7\u00d7\u00d7\u25cb<\/td><td>\u25cb\u00d7\u00d7\u25cb<\/td><td>12<\/td><\/tr><tr><td>\u4e95\u6fa4\u7a7a\uff08\u4e00\uff09<\/td><td>\u25cb\u25cb\u25cb\u25cb<\/td><td>\u25cb\u25cb\u25cb\u00d7<\/td><td>\u00d7\u25cb\u25cb\u25cb<\/td><td>\u00d7\u25cb\u00d7\u00d7<\/td><td>\u25cb\u25cb\u00d7\u25cb<\/td><td>14<\/td><\/tr><tr><td>\u5be6\u7dbf\u5411\u65e5\u8475\uff08\u4e09\uff09<\/td><td>\u25cb\u25cb\u25cb\u25cb<\/td><td>\u25cb\u00d7\u25cb\u00d7<\/td><td>\u00d7\u25cb\u25cb\u25cb<\/td><td>\u00d7\u00d7\u25cb\u25cb<\/td><td>\u25cb\u25cb\u25cb\u25cb<\/td><td>15<\/td><\/tr><\/tbody><\/table><figcaption class=\"wp-element-caption\">\u8a0853\u4e2d\u306b\u3088\u308a\u52dd\u3061\u3002<\/figcaption><\/figure>\n\n\n\n<p>\u4e09\u6226\u76ee\u3000\u5bfe\u6843\u5c71\u5b66\u9662\u5927\u5b66<\/p>\n\n\n\n<figure class=\"wp-block-table\"><table><tbody><tr><td><\/td><td><\/td><td><\/td><td><\/td><td><\/td><td><\/td><td><\/td><\/tr><tr><td>\u6cbc\u7530\u512a\u7f8e\u9999\uff08\u30cb\uff09<\/td><td>\u25cb\u25cb\u25cb\u00d7<\/td><td>\u25cb\u25cb\u00d7\u25cb<\/td><td>\u00d7\u00d7\u25cb\u25cb<\/td><td>\u25cb\u25cb\u25cb\u25cb<\/td><td>\u25cb\u00d7\u25cb\u00d7<\/td><td>14<\/td><\/tr><tr><td>\u91ce\u7389\u590f\u7f8e\uff08\u4e00\uff09<\/td><td>\u25cb\u00d7\u00d7\u25cb<\/td><td>\u25cb\u25cb\u00d7\u25cb<\/td><td>\u25cb\u25cb\u25cb\u25cb<\/td><td>\u25cb\u25cb\u00d7\u25cb<\/td><td>\u00d7\u00d7\u25cb\u00d7<\/td><td>13<\/td><\/tr><tr><td>\u4e95\u6fa4\u7a7a\uff08\u4e00\uff09<\/td><td>\u25cb\u25cb\u00d7\u25cb<\/td><td>\u25cb\u25cb\u25cb\u25cb<\/td><td>\u25cb\u25cb\u25cb\u00d7<\/td><td>\u25cb\u25cb\u25cb\u25cb<\/td><td>\u25cb\u25cb\u25cb\u25cb<\/td><td>18<\/td><\/tr><tr><td>\u5be6\u7dbf\u5411\u65e5\u8475\uff08\u4e09\uff09<\/td><td>\u25cb\u25cb\u00d7\u25cb<\/td><td>\u25cb\u25cb\u25cb\u25cb<\/td><td>\u25cb\u25cb\u25cb\u25cb<\/td><td>\u25cb\u25cb\u25cb\u25cb<\/td><td>\u25cb\u25cb\u00d7\u25cb<\/td><td>18<\/td><\/tr><\/tbody><\/table><figcaption class=\"wp-element-caption\">\u8a0863\u4e2d\u306b\u3088\u308a\u52dd\u3061\u3002<\/figcaption><\/figure>\n\n\n\n<p>\u7b2c\u56db\u6226\u3000\u5bfe\u4eac\u90fd\u7523\u696d\u5927\u5b66<\/p>\n\n\n\n<figure class=\"wp-block-table\"><table><tbody><tr><td><\/td><td><\/td><td><\/td><td><\/td><td><\/td><td><\/td><td><\/td><\/tr><tr><td>\u6cbc\u7530\u512a\u7f8e\u9999\uff08\u30cb\uff09<\/td><td>\u00d7\u25cb\u25cb\u25cb<\/td><td>\u25cb\u25cb\u25cb\u25cb<\/td><td>\u00d7\u25cb\u00d7\u25cb<\/td><td>\u00d7\u25cb\u25cb\u25cb<\/td><td>\u00d7\u25cb\u00d7\u00d7<\/td><td>13<\/td><\/tr><tr><td>\u91ce\u7389\u590f\u7f8e\uff08\u4e00\uff09<\/td><td>\u25cb\u25cb\u25cb\u25cb<\/td><td>\u25cb\u25cb\u25cb\u25cb<\/td><td>\u25cb\u25cb\u25cb\u25cb<\/td><td>\u25cb\u25cb\u25cb\u00d7<\/td><td>\u25cb\u25cb\u25cb\u25cb<\/td><td>19<\/td><\/tr><tr><td>\u4e95\u6fa4\u7a7a\uff08\u4e00\uff09<\/td><td>\u25cb\u00d7\u25cb\u25cb<\/td><td>\u25cb\u25cb\u25cb\u25cb<\/td><td>\u25cb\u25cb\u25cb\u25cb<\/td><td>\u25cb\u00d7\u25cb\u00d7<\/td><td>\u25cb\u00d7\u25cb\u25cb<\/td><td>16<\/td><\/tr><tr><td>\u5be6\u7dbf\u5411\u65e5\u8475\uff08\u4e09\uff09<\/td><td>\u25cb\u25cb\u25cb\u25cb<\/td><td>\u25cb\u00d7\u25cb\u00d7<\/td><td>\u25cb\u00d7\u25cb\u00d7<\/td><td>\u00d7\u00d7\u25cb\u00d7<\/td><td>\u25cb\u00d7\u00d7\u00d7<\/td><td>10<\/td><\/tr><\/tbody><\/table><figcaption class=\"wp-element-caption\">\u8a0858\u4e2d\u306b\u3088\u308a\u8ca0\u3051\u3002<\/figcaption><\/figure>\n\n\n\n<p>\u4e09\u3064\u5df4\u9806\u4f4d\u6c7a\u5b9a\u6226\u3000\u5bfe\u9f8d\u8c37\u5927\u5b66\u30fb\u4eac\u90fd\u7523\u696d\u5927\u5b66<\/p>\n\n\n\n<figure class=\"wp-block-table\"><table><tbody><tr><td><\/td><td><\/td><td><\/td><td><\/td><td><\/td><td><\/td><td><\/td><\/tr><tr><td>\u6cbc\u7530\u512a\u7f8e\u9999\uff08\u30cb\uff09<\/td><td>\u25cb\u25cb\u00d7\u00d7<\/td><td>\u00d7\u25cb\u25cb\u25cb<\/td><td>\u25cb\u25cb\u25cb\u25cb<\/td><td>\u25cb\u25cb\u25cb\u25cb<\/td><td>\u25cb\u25cb\u25cb\u00d7<\/td><td>16<\/td><\/tr><tr><td>\u91ce\u7389\u590f\u7f8e\uff08\u4e00\uff09<\/td><td>\u25cb\u25cb\u25cb\u00d7<\/td><td>\u25cb\u25cb\u25cb\u00d7<\/td><td>\u00d7\u25cb\u25cb\u25cb<\/td><td>\u25cb\u25cb\u25cb\u00d7<\/td><td>\u00d7\u25cb\u25cb\u25cb<\/td><td>15<\/td><\/tr><tr><td>\u4e95\u6fa4\u7a7a\uff08\u4e00\uff09<\/td><td>\u00d7\u00d7\u25cb\u00d7<\/td><td>\u25cb\u25cb\u25cb\u00d7<\/td><td>\u00d7\u25cb\u25cb\u25cb<\/td><td>\u25cb\u25cb\u25cb\u00d7<\/td><td>\u00d7\u25cb\u25cb\u25cb<\/td><td>14<\/td><\/tr><tr><td>\u52a0\u85e4\u98a8\u6b4c\uff08\u4e09\uff09<\/td><td>\u25cb\u25cb\u25cb\u00d7<\/td><td>\u25cb\u25cb\u00d7\u00d7<\/td><td>\u00d7\u25cb\u00d7\u25cb<\/td><td>\u00d7\u25cb\u25cb\u25cb<\/td><td>\u25cb\u25cb\u00d7\u25cb<\/td><td>13<\/td><\/tr><\/tbody><\/table><figcaption class=\"wp-element-caption\">\u8a0858\u4e2d\u306b\u3088\u308a\u7b2c\u4e8c\u4f4d\u3002\u307e\u305f\u4e8c\u90e8\u30ea\u30fc\u30b0\u6b8b\u7559\u304c\u6c7a\u5b9a\u3002<\/figcaption><\/figure>\n","protected":false},"excerpt":{"rendered":"<p>\u4e00\u6226\u76ee\u3000\u5bfe\u9f8d\u8c37\u5927\u5b66 \u6cbc\u7530\u512a\u7f8e\u9999\uff08\u30cb\uff09 \u25cb\u25cb\u00d7\u00d7 \u00d7\u25cb\u25cb\u25cb \u00d7\u00d7\u25cb\u25cb \u00d7\u25cb\u25cb\u25cb \u25cb\u00d7\u25cb\u25cb 13 \u91ce\u7389\u590f\u7f8e\uff08\u4e00\uff09 \u00d7\u25cb\u00d7\u25cb \u00d7\u00d7\u25cb\u25cb \u25cb\u00d7\u25cb\u25cb \u25cb\u25cb\u25cb\u25cb \u25cb\u00d7\u25cb\u25cb 14 \u85e4\u68ee\u7d50\u5b50\uff08\u30cb\uff09 \u25cb\u25cb\u25cb\u00d7 \u25cb\u25cb\u00d7\u00d7 \u00d7\u00d7\u00d7\u25cb \u25cb\u00d7\u00d7\u00d7 &hellip; <a href=\"https:\/\/cai6.tachibana-u.ac.jp\/kyudo\/?page_id=4879\" class=\"more-link\">\u7d9a\u304d\u3092\u8aad\u3080 <span class=\"screen-reader-text\">\u30ea\u30fc\u30b0\u6226\uff08\u5973\u5b50\uff09<\/span> <span class=\"meta-nav\">&rarr;<\/span><\/a><\/p>\n","protected":false},"author":1,"featured_media":0,"parent":4819,"menu_order":0,"comment_status":"closed","ping_status":"closed","template":"","meta":{"footnotes":""},"class_list":["post-4879","page","type-page","status-publish","hentry"],"_links":{"self":[{"href":"https:\/\/cai6.tachibana-u.ac.jp\/kyudo\/index.php?rest_route=\/wp\/v2\/pages\/4879","targetHints":{"allow":["GET"]}}],"collection":[{"href":"https:\/\/cai6.tachibana-u.ac.jp\/kyudo\/index.php?rest_route=\/wp\/v2\/pages"}],"about":[{"href":"https:\/\/cai6.tachibana-u.ac.jp\/kyudo\/index.php?rest_route=\/wp\/v2\/types\/page"}],"author":[{"embeddable":true,"href":"https:\/\/cai6.tachibana-u.ac.jp\/kyudo\/index.php?rest_route=\/wp\/v2\/users\/1"}],"replies":[{"embeddable":true,"href":"https:\/\/cai6.tachibana-u.ac.jp\/kyudo\/index.php?rest_route=%2Fwp%2Fv2%2Fcomments&post=4879"}],"version-history":[{"count":1,"href":"https:\/\/cai6.tachibana-u.ac.jp\/kyudo\/index.php?rest_route=\/wp\/v2\/pages\/4879\/revisions"}],"predecessor-version":[{"id":4880,"href":"https:\/\/cai6.tachibana-u.ac.jp\/kyudo\/index.php?rest_route=\/wp\/v2\/pages\/4879\/revisions\/4880"}],"up":[{"embeddable":true,"href":"https:\/\/cai6.tachibana-u.ac.jp\/kyudo\/index.php?rest_route=\/wp\/v2\/pages\/4819"}],"wp:attachment":[{"href":"https:\/\/cai6.tachibana-u.ac.jp\/kyudo\/index.php?rest_route=%2Fwp%2Fv2%2Fmedia&parent=4879"}],"curies":[{"name":"wp","href":"https:\/\/api.w.org\/{rel}","templated":true}]}}