{"id":4793,"date":"2022-08-17T23:41:11","date_gmt":"2022-08-17T14:41:11","guid":{"rendered":"https:\/\/cai6.tachibana-u.ac.jp\/kyudo\/?page_id=4793"},"modified":"2022-10-06T11:26:47","modified_gmt":"2022-10-06T02:26:47","slug":"%e3%83%aa%e3%83%bc%e3%82%b0%e6%88%a6%e5%a5%b3%e5%ad%90","status":"publish","type":"page","link":"https:\/\/cai6.tachibana-u.ac.jp\/kyudo\/?page_id=4793","title":{"rendered":"\u30ea\u30fc\u30b0\u6226(\u5973\u5b50)"},"content":{"rendered":"\n<p> \uff19\u6708\uff14\u65e5\u3000\u30ea\u30fc\u30b0\u6226\u3000\u7b2c\u4e00\u6226\u3000\u5bfe\u795e\u6238\u5916\u56fd\u8a9e\u5927\u5b66<br>\u30ea\u30e2\u30fc\u30c8\u6226 <\/p>\n\n\n\n<p> \u795e\u6238\u5916\u56fd\u8a9e\u5927\u5b66\u300027\u4e2d\u3000\u3000\u4eac\u90fd\u6a58\u5927\u5b66\u300055\u4e2d <\/p>\n\n\n\n<table class=\"wp-block-table\"><tbody><tr><td>\u6cbc\u7530\u3000\u512a\u7f8e\u9999\uff08\u4e00\uff09<\/td><td>\u25cb\u25cb\u00d7\u25cb<\/td><td>\u25cb\u00d7\u25cb\u25cb<\/td><td>\u25cb\u00d7\u25cb\u25cb<\/td><td>\u00d7\u25cb\u25cb\u25cb<\/td><td>\u00d7\u25cb\u00d7\u25cb<\/td><td>14<br><\/td><td>55<\/td><\/tr><tr><td>\u9ad8\u7530\u3000\u9ebb\u9234 \uff08\u56db\uff09 <\/td><td>\u25cb\u00d7\u00d7\u00d7<\/td><td>\u25cb\u25cb\u25cb\u25cb<\/td><td> \u25cb\u25cb\u25cb\u25cb <\/td><td> \u25cb\u25cb\u25cb\u25cb  <\/td><td>\u25cb\u00d7\u25cb\u00d7<\/td><td>15<\/td><td><br><\/td><\/tr><tr><td>\u5be6\u7dbf\u3000\u5411\u65e5\u8475\uff08\u4e8c\uff09 <\/td><td>\u25cb\u00d7\u25cb\u25cb<\/td><td>\u25cb\u25cb\u25cb\u25cb<\/td><td>\u25cb\u25cb\u25cb\u25cb<\/td><td>\u25cb\u25cb\u25cb\u25cb<\/td><td>\u25cb\u00d7\u00d7\u25cb<\/td><td>17<\/td><td><br><\/td><\/tr><tr><td>\u85cf\u5185\u3000\u4fdd\u4e43\u52a0 \uff08\u56db\uff09 <\/td><td>\u25cb\u25cb\u25cb\u00d7<\/td><td>\u25cb\u25cb\u25cb\u00d7<\/td><td>\u00d7\u25cb\u00d7\u25cb<\/td><td>\u00d7\u00d7\u00d7\u00d7<\/td><td>\u4e09\u5b85\u00d7\u00d7\u00d7\u25cb<\/td><td>9<\/td><td><br>\n\n<\/td><\/tr><\/tbody><\/table>\n\n\n\n<p> \uff19\u6708\uff11\uff18\u65e5\u3000\u30ea\u30fc\u30b0\u6226\u3000\u7b2c\u4e09\u6226\u3000\u5bfe\u540c\u5fd7\u793e\u5927\u5b66<br>\u30ea\u30e2\u30fc\u30c8\u6226  <\/p>\n\n\n\n<p> \u540c\u5fd7\u793e\u5927\u5b66\u300053\u4e2d\u3000\u3000\u4eac\u90fd\u6a58\u5927\u5b66\u300050\u4e2d  <\/p>\n\n\n\n<table class=\"wp-block-table\"><tbody><tr><td>\u6cbc\u7530\u3000\u512a\u7f8e\u9999\uff08\u4e00\uff09<\/td><td>\u25cb\u25cb\u00d7\u25cb<\/td><td>\u25cb\u25cb\u25cb\u25cb<\/td><td>\u00d7\u25cb\u25cb\u00d7<\/td><td>\u00d7\u25cb\u25cb\u00d7<\/td><td>\u25cb\u25cb\u00d7\u25cb<\/td><td>14<br><\/td><td>50<\/td><\/tr><tr><td>\u85cf\u5185\u3000\u4fdd\u4e43\u52a0\uff08\u56db\uff09 <\/td><td>\u25cb\u25cb\u00d7\u00d7<\/td><td>\u00d7\u00d7\u25cb\u25cb<\/td><td> \u00d7\u00d7\u00d7\u25cb <\/td><td> \u9ad8\u7530\u00d7\u25cb\u25cb\u25cb  <\/td><td>\u00d7\u25cb\u25cb\u00d7<\/td><td>10<\/td><td><br><\/td><\/tr><tr><td>\u5ca1\u5742\u3000\u967d\u83dc\uff08\u4e00\uff09 <\/td><td>\u00d7\u00d7\u00d7\u25cb<\/td><td>\u25cb\u25cb\u00d7\u25cb<\/td><td>\u00d7\u25cb\u00d7\u25cb<\/td><td>\u00d7\u00d7\u00d7\u25cb<\/td><td>\u52a0\u85e4\u98a8\u25cb\u00d7\u25cb\u25cb<\/td><td>10<\/td><td><br><\/td><\/tr><tr><td>\u5be6\u7dbf\u3000\u5411\u65e5\u8475 \uff08\u4e8c\uff09 <\/td><td>\u00d7\u00d7\u25cb\u25cb<\/td><td>\u25cb\u25cb\u00d7\u25cb<\/td><td>\u25cb\u25cb\u25cb\u25cb<\/td><td>\u25cb\u25cb\u25cb\u25cb<\/td><td>\u25cb\u25cb\u00d7\u25cb<\/td><td>16<\/td><td><br>\n\n<\/td><\/tr><\/tbody><\/table>\n\n\n\n<p> \uff19\u6708\uff12\uff15\u65e5\u3000\u30ea\u30fc\u30b0\u6226\u3000\u7b2c\u56db\u6226\u3000\u5bfe\u5929\u7406\u5927\u5b66\u3000\u3000<br>\u30ea\u30e2\u30fc\u30c8\u8a66\u5408   <\/p>\n\n\n\n<p> \u5929\u7406\u5927\u5b66\u300056\u4e2d\u3000\u3000\u4eac\u90fd\u6a58\u5927\u5b66\u300054\u4e2d   <\/p>\n\n\n\n<table class=\"wp-block-table\"><tbody><tr><td>\u6cbc\u7530\u3000\u512a\u7f8e\u9999\uff08\u4e00\uff09<\/td><td>\u00d7\u00d7\u25cb\u25cb<\/td><td>\u00d7\u25cb\u00d7\u25cb<\/td><td>\u25cb\u25cb\u00d7\u25cb<\/td><td>\u00d7\u00d7\u25cb\u25cb<\/td><td>\u25cb\u25cb\u25cb\u25cb<\/td><td>13<br><\/td><td>54<\/td><\/tr><tr><td>\u9ad8\u7530\u3000\u9ebb\u9234\uff08\u56db\uff09 <\/td><td>\u25cb\u00d7\u25cb\u00d7<\/td><td>\u25cb\u00d7\u25cb\u25cb<\/td><td> \u00d7\u00d7\u25cb\u25cb <\/td><td> \u798f\u672c\u00d7\u00d7\u00d7\u00d7 <\/td><td>\u98db\u77e2\u25cb\u25cb\u00d7\u25cb<\/td><td>10<\/td><td><br><\/td><\/tr><tr><td>\u5ca1\u5742\u3000\u967d\u83dc\uff08\u4e00\uff09 <\/td><td>\u25cb\u00d7\u00d7\u25cb<\/td><td>\u25cb\u25cb\u25cb\u25cb<\/td><td>\u25cb\u00d7\u25cb\u00d7<\/td><td>\u25cb\u00d7\u25cb\u00d7<\/td><td>\u25cb\u25cb\u25cb\u25cb<\/td><td>14<\/td><td><br><\/td><\/tr><tr><td>\u5be6\u7dbf\u3000\u5411\u65e5\u8475 \uff08\u4e8c\uff09 <\/td><td>\u00d7\u00d7\u25cb\u25cb<\/td><td>\u25cb\u25cb\u25cb\u25cb<\/td><td>\u25cb\u25cb\u25cb\u25cb<\/td><td>\u25cb\u25cb\u25cb\u25cb<\/td><td>\u00d7\u25cb\u25cb\u25cb<\/td><td>17<\/td><td><br>\n\n<\/td><\/tr><\/tbody><\/table>\n\n\n\n<p> \uff11\uff10\u6708\uff12\u65e5\u3000\u30ea\u30fc\u30b0\u6226\u3000\u7b2c\u4e94\u6226\u3000\u5bfe\u9f8d\u8c37\u5927\u5b66\u3000<br>\u30ea\u30e2\u30fc\u30c8\u8a66\u5408    <\/p>\n\n\n\n<p>\u9f8d\u8c37\u5927\u5b66\u300043\u4e2d\u3000\u3000\u4eac\u90fd\u6a58\u5927\u5b66\u300046\u4e2d<\/p>\n\n\n\n<table class=\"wp-block-table\"><tbody><tr><td>\u6cbc\u7530\u3000\u512a\u7f8e\u9999\uff08\u4e00\uff09<\/td><td>\u25cb\u00d7\u00d7\u00d7<\/td><td>\u00d7\u25cb\u25cb\u25cb<\/td><td>\u00d7\u25cb\u00d7\u00d7<\/td><td>\u9ad8\u7530\u25cb\u00d7\u25cb\u25cb<\/td><td>\u00d7\u25cb\u25cb\u25cb<\/td><td>11<br><\/td><td>46<\/td><\/tr><tr><td>\u85cf\u5185\u3000\u4fdd\u4e43\u52a0\uff08\u56db\uff09 <\/td><td>\u25cb\u25cb\u00d7\u00d7<\/td><td>\u00d7\u00d7\u25cb\u25cb<\/td><td>\u98db\u77e2 \u25cb\u25cb\u25cb\u25cb <\/td><td> \u00d7\u00d7\u00d7\u00d7\u25cb<\/td><td>\u52a0\u85e4\u4e00\u00d7\u00d7\u00d7\u25cb<\/td><td>10<\/td><td><br><\/td><\/tr><tr><td>\u5ca1\u5742\u3000\u967d\u83dc\uff08\u4e00\uff09 <\/td><td>\u25cb\u25cb\u25cb\u25cb<\/td><td>\u25cb\u25cb\u00d7\u25cb<\/td><td>\u25cb\u25cb\u25cb\u00d7<\/td><td>\u00d7\u00d7\u25cb\u00d7<\/td><td>\u00d7\u25cb\u00d7\u00d7<\/td><td>12<\/td><td><br><\/td><\/tr><tr><td>\u5be6\u7dbf\u3000\u5411\u65e5\u8475 \uff08\u4e8c\uff09 <\/td><td>\u00d7\u00d7\u25cb\u25cb<\/td><td>\u25cb\u25cb\u00d7\u25cb<\/td><td>\u00d7\u00d7\u25cb\u25cb<\/td><td>\u25cb\u25cb\u00d7\u25cb<\/td><td>\u25cb\u00d7\u25cb\u25cb<\/td><td>13<\/td><td><br>\n\n<\/td><\/tr><\/tbody><\/table>\n\n\n\n<p><\/p>\n","protected":false},"excerpt":{"rendered":"<p>\uff19\u6708\uff14\u65e5\u3000\u30ea\u30fc\u30b0\u6226\u3000\u7b2c\u4e00\u6226\u3000\u5bfe\u795e\u6238\u5916\u56fd\u8a9e\u5927\u5b66\u30ea\u30e2\u30fc\u30c8\u6226 \u795e\u6238\u5916\u56fd\u8a9e\u5927\u5b66\u300027\u4e2d\u3000\u3000\u4eac\u90fd\u6a58\u5927\u5b66\u300055\u4e2d \u6cbc\u7530\u3000\u512a\u7f8e\u9999\uff08\u4e00\uff09 \u25cb\u25cb\u00d7\u25cb \u25cb\u00d7\u25cb\u25cb \u25cb\u00d7\u25cb\u25cb \u00d7\u25cb\u25cb\u25cb \u00d7\u25cb\u00d7\u25cb 14 55 \u9ad8\u7530\u3000\u9ebb\u9234 \uff08\u56db\uff09 \u25cb\u00d7\u00d7\u00d7 \u25cb\u25cb\u25cb &hellip; <a href=\"https:\/\/cai6.tachibana-u.ac.jp\/kyudo\/?page_id=4793\" class=\"more-link\">\u7d9a\u304d\u3092\u8aad\u3080 <span class=\"screen-reader-text\">\u30ea\u30fc\u30b0\u6226(\u5973\u5b50)<\/span> <span class=\"meta-nav\">&rarr;<\/span><\/a><\/p>\n","protected":false},"author":1,"featured_media":0,"parent":4668,"menu_order":7,"comment_status":"closed","ping_status":"closed","template":"","meta":{"footnotes":""},"class_list":["post-4793","page","type-page","status-publish","hentry"],"_links":{"self":[{"href":"https:\/\/cai6.tachibana-u.ac.jp\/kyudo\/index.php?rest_route=\/wp\/v2\/pages\/4793","targetHints":{"allow":["GET"]}}],"collection":[{"href":"https:\/\/cai6.tachibana-u.ac.jp\/kyudo\/index.php?rest_route=\/wp\/v2\/pages"}],"about":[{"href":"https:\/\/cai6.tachibana-u.ac.jp\/kyudo\/index.php?rest_route=\/wp\/v2\/types\/page"}],"author":[{"embeddable":true,"href":"https:\/\/cai6.tachibana-u.ac.jp\/kyudo\/index.php?rest_route=\/wp\/v2\/users\/1"}],"replies":[{"embeddable":true,"href":"https:\/\/cai6.tachibana-u.ac.jp\/kyudo\/index.php?rest_route=%2Fwp%2Fv2%2Fcomments&post=4793"}],"version-history":[{"count":9,"href":"https:\/\/cai6.tachibana-u.ac.jp\/kyudo\/index.php?rest_route=\/wp\/v2\/pages\/4793\/revisions"}],"predecessor-version":[{"id":4823,"href":"https:\/\/cai6.tachibana-u.ac.jp\/kyudo\/index.php?rest_route=\/wp\/v2\/pages\/4793\/revisions\/4823"}],"up":[{"embeddable":true,"href":"https:\/\/cai6.tachibana-u.ac.jp\/kyudo\/index.php?rest_route=\/wp\/v2\/pages\/4668"}],"wp:attachment":[{"href":"https:\/\/cai6.tachibana-u.ac.jp\/kyudo\/index.php?rest_route=%2Fwp%2Fv2%2Fmedia&parent=4793"}],"curies":[{"name":"wp","href":"https:\/\/api.w.org\/{rel}","templated":true}]}}