{"id":4791,"date":"2022-08-17T23:40:25","date_gmt":"2022-08-17T14:40:25","guid":{"rendered":"https:\/\/cai6.tachibana-u.ac.jp\/kyudo\/?page_id=4791"},"modified":"2022-10-16T16:46:09","modified_gmt":"2022-10-16T07:46:09","slug":"%e3%83%aa%e3%83%bc%e3%82%b0%e6%88%a6%e7%94%b7%e5%ad%90","status":"publish","type":"page","link":"https:\/\/cai6.tachibana-u.ac.jp\/kyudo\/?page_id=4791","title":{"rendered":"\u30ea\u30fc\u30b0\u6226(\u7537\u5b50)"},"content":{"rendered":"\n<p> \uff19\u6708\uff14\u65e5\u3000\u30ea\u30fc\u30b0\u6226\u3000\u7b2c\u4e00\u6226\u3000\u5bfe\u8fd1\u757f\u5927\u5b66\u3000\u3000<br>\u30ea\u30e2\u30fc\u30c8\u8a66\u5408 <\/p>\n\n\n\n<p> \u8fd1\u757f\u5927\u5b66\u300096\u4e2d\u3000\u3000\u4eac\u90fd\u6a58\u5927\u5b66\u3000117\u4e2d <\/p>\n\n\n\n<table class=\"wp-block-table\"><tbody><tr><td>\u677e\u5c71\u5353\u751f\uff08\u4e09\uff09<\/td><td>\u25cb\u25cb\u25cb\u25cb<\/td><td>\u25cb\u25cb\u00d7\u25cb<\/td><td> \u25cb\u25cb\u25cb\u25cb <\/td><td>\u00d7\u00d7\u25cb\u25cb <\/td><td>\u25cb\u00d7\u25cb\u25cb <\/td><td>16<\/td><td>51<\/td><\/tr><tr><td>\u6e05\u6c34\u7fd4\u592a\uff08\u56db\uff09<\/td><td>\u25cb\u25cb\u00d7\u25cb<\/td><td>\u00d7\u00d7\u00d7\u00d7<\/td><td> \u00d7\u00d7\u00d7\u25cb<\/td><td>\u9ce5\u5c45\u00d7\u00d7\u25cb\u00d7<\/td><td> \u4e45\u5149\u25cb\u25cb\u25cb\u00d7<\/td><td>8<\/td><\/tr><tr><td>\u5d8b\u7530\u7d71\u592a\uff08\u4e09\uff09<\/td><td>\u00d7\u00d7\u00d7\u25cb<\/td><td>\u25cb\u00d7\u00d7\u25cb<\/td><td>\u25cb\u00d7\u00d7\u25cb<\/td><td>\u25cb\u00d7\u00d7\u25cb<\/td><td>\u25cb\u25cb\u25cb\u00d7<\/td><td>10<\/td><\/tr><tr><td>\u5317\u5ddd\u745b\u7409\uff08\u4e09\uff09<\/td><td>\u25cb\u25cb\u00d7\u25cb<\/td><td>\u25cb\u25cb\u25cb\u25cb <\/td><td> \u25cb\u00d7\u25cb\u25cb <\/td><td>\u25cb\u25cb\u25cb\u25cb<\/td><td>\u25cb\u00d7\u25cb\u25cb<\/td><td>17<\/td><\/tr><\/tbody><\/table>\n\n\n\n<table class=\"wp-block-table\"><tbody><tr><td>\u65b0\u5c71\u7ae0\u592a\u90ce\uff08\u4e8c\uff09<\/td><td>\u25cb\u25cb\u25cb\u25cb<\/td><td>\u25cb\u25cb\u25cb\u25cb<\/td><td>\u25cb\u25cb\u25cb\u25cb<\/td><td> \u25cb\u25cb\u25cb\u25cb <\/td><td>\u25cb\u25cb\u00d7\u25cb<\/td><td>19<\/td><td>66<br><\/td><\/tr><tr><td>\u57a3\u898b\u6e29\u4eba\uff08\u4e00\uff09<\/td><td>\u25cb\u00d7\u25cb\u25cb<\/td><td>\u25cb\u25cb\u25cb\u00d7<\/td><td>\u25cb\u00d7\u00d7\u00d7<\/td><td>\u00d7\u00d7\u00d7\u25cb<\/td><td>\u5cb3\u25cb\u25cb\u25cb\u25cb<\/td><td>12<\/td><\/tr><tr><td>\u5c0f\u690b\u592a\u5730\uff08\u4e09\uff09<\/td><td> \u00d7\u25cb\u25cb\u25cb <\/td><td>\u00d7\u25cb\u25cb\u25cb<\/td><td>\u25cb\u25cb\u25cb\u25cb<\/td><td>\u25cb\u25cb\u25cb\u00d7<\/td><td>\u25cb\u25cb\u25cb\u25cb<\/td><td>17<\/td><\/tr><tr><td> \u90e1\u5805\u4e8c\u90ce \uff08\u56db\uff09<\/td><td>\u25cb\u25cb\u25cb\u25cb<\/td><td>\u25cb\u25cb\u25cb\u25cb<\/td><td> \u25cb\u25cb\u25cb\u25cb <\/td><td> \u25cb\u25cb\u25cb\u25cb <\/td><td> \u00d7\u00d7\u25cb\u25cb <\/td><td>18<\/td><\/tr><\/tbody><\/table>\n\n\n\n<p>  \uff19\u6708\uff11\uff18\u65e5\u3000\u30ea\u30fc\u30b0\u6226\u3000\u7b2c\u4e09\u6226\u3000\u5bfe\u95a2\u897f\u5927\u5b66\u3000\u3000<br>\u30ea\u30e2\u30fc\u30c8\u8a66\u5408  <\/p>\n\n\n\n<p>  \u95a2\u897f\u5927\u5b66\u3000121\u4e2d\u3000\u3000\u4eac\u90fd\u6a58\u5927\u5b66\u3000111\u4e2d  <\/p>\n\n\n\n<table class=\"wp-block-table\"><tbody><tr><td>\u677e\u5c71\u5353\u751f\uff08\u4e09\uff09<\/td><td>\u25cb\u25cb\u25cb\u25cb<\/td><td>\u25cb\u25cb\u25cb\u25cb<\/td><td> \u00d7\u25cb\u25cb\u25cb <\/td><td>\u25cb\u00d7\u25cb\u25cb <\/td><td>\u25cb\u25cb\u25cb\u25cb <\/td><td>18<\/td><td>54<\/td><\/tr><tr><td>\u9ce5\u5c45\u99ff\u98db\uff08\u4e09\uff09<\/td><td>\u00d7\u25cb\u00d7\u00d7<\/td><td>\u00d7\u25cb\u00d7\u25cb<\/td><td> \u25cb\u25cb\u00d7\u25cb<\/td><td>\u25cb\u25cb\u25cb\u00d7<\/td><td>\u00d7\u25cb\u00d7\u00d7<\/td><td>10<br><\/td><\/tr><tr><td>\u5d8b\u7530\u7d71\u592a\uff08\u4e09\uff09<\/td><td>\u00d7\u25cb\u00d7\u00d7<\/td><td>\u00d7\u25cb\u00d7\u25cb<\/td><td>\u25cb\u25cb\u25cb\u25cb<\/td><td>\u25cb\u25cb\u25cb\u00d7<\/td><td>\u25cb\u25cb\u00d7\u25cb<\/td><td>13<\/td><\/tr><tr><td>\u5317\u5ddd\u745b\u7409\uff08\u4e09\uff09<\/td><td>\u25cb\u25cb\u25cb\u00d7<\/td><td>\u00d7\u00d7\u25cb\u00d7 <\/td><td> \u00d7\u25cb\u00d7\u25cb<br><\/td><td>\u00d7\u25cb\u25cb\u25cb<\/td><td>\u25cb\u25cb\u25cb\u25cb<\/td><td>13<\/td><\/tr><\/tbody><\/table>\n\n\n\n<table class=\"wp-block-table\"><tbody><tr><td>\u65b0\u5c71\u7ae0\u592a\u90ce\uff08\u4e8c\uff09<\/td><td>\u25cb\u25cb\u25cb\u25cb<\/td><td>\u25cb\u00d7\u25cb\u25cb<\/td><td>\u00d7\u25cb\u25cb\u25cb<\/td><td> \u25cb\u25cb\u25cb\u25cb <\/td><td>\u00d7\u25cb\u25cb\u00d7<\/td><td>16<\/td><td>57<\/td><\/tr><tr><td>\u5c0f\u690b\u592a\u5730\uff08\u4e09\uff09<\/td><td>\u25cb\u25cb\u25cb\u25cb<\/td><td>\u00d7\u25cb\u00d7\u25cb<\/td><td>\u25cb\u25cb\u25cb\u25cb<\/td><td>\u25cb\u00d7\u00d7\u25cb<\/td><td>\u25cb\u25cb\u25cb\u25cb<\/td><td>16<\/td><\/tr><tr><td>\u6e05\u6c34\u7fd4\u592a\uff08\u56db\uff09<\/td><td> \u00d7\u00d7\u25cb\u00d7 <\/td><td>\u00d7\u00d7\u00d7\u25cb<\/td><td>\u690d\u6751\u25cb\u25cb\u25cb\u00d7<\/td><td>\u25cb\u25cb\u25cb\u25cb<\/td><td>\u00d7\u25cb\u25cb\u00d7<\/td><td>11<\/td><\/tr><tr><td> \u90e1\u5805\u4e8c\u90ce \uff08\u56db\uff09<\/td><td>\u00d7\u00d7\u25cb\u25cb<\/td><td>\u25cb\u25cb\u25cb\u25cb<\/td><td> \u25cb\u25cb\u00d7\u25cb <\/td><td> \u25cb\u00d7\u25cb\u00d7 <\/td><td> \u00d7\u25cb\u25cb\u25cb <\/td><td>14<\/td><\/tr><\/tbody><\/table>\n\n\n\n<p> \uff19\u6708\uff12\uff15\u65e5\u3000\u30ea\u30fc\u30b0\u6226\u3000\u7b2c\u56db\u6226\u3000\u5bfe\u5929\u7406\u5927\u5b66\u3000\u3000<br>\u30ea\u30e2\u30fc\u30c8\u8a66\u5408  <\/p>\n\n\n\n<p>  \u5929\u7406\u5927\u5b66\u300092\u4e2d\u3000\u3000\u4eac\u90fd\u6a58\u5927\u5b66\u3000127\u4e2d   <\/p>\n\n\n\n<table class=\"wp-block-table\"><tbody><tr><td>\u677e\u5c71\u5353\u751f\uff08\u4e09\uff09<\/td><td>\u25cb\u25cb\u25cb\u25cb<\/td><td>\u25cb\u25cb\u25cb\u00d7<\/td><td> \u25cb\u25cb\u25cb\u25cb <\/td><td>\u25cb\u25cb\u25cb\u00d7 <\/td><td>\u25cb\u25cb\u00d7\u25cb <\/td><td>17<\/td><td>64<\/td><\/tr><tr><td>\u5c0f\u690b\u592a\u5730\uff08\u4e09\uff09<\/td><td>\u25cb\u00d7\u25cb\u00d7<\/td><td>\u25cb\u25cb\u25cb\u25cb<\/td><td> \u25cb\u25cb\u25cb\u25cb<\/td><td>\u25cb\u25cb\u25cb\u00d7<\/td><td>\u25cb\u25cb\u25cb\u25cb<\/td><td>17<\/td><\/tr><tr><td>\u5d8b\u7530\u7d71\u592a\uff08\u4e09\uff09<\/td><td>\u00d7\u00d7\u00d7\u25cb<\/td><td>\u00d7\u25cb\u25cb\u25cb<\/td><td>\u25cb\u25cb\u00d7\u25cb<\/td><td>\u00d7\u25cb\u25cb\u00d7<\/td><td>\u25cb\u25cb\u25cb\u25cb<\/td><td>13<\/td><\/tr><tr><td>\u5317\u5ddd\u745b\u7409\uff08\u4e09\uff09<\/td><td>\u25cb\u25cb\u25cb\u00d7<\/td><td>\u00d7\u25cb\u25cb\u25cb <\/td><td> \u25cb\u25cb\u00d7\u25cb<br><\/td><td>\u25cb\u25cb\u25cb\u25cb<\/td><td>\u25cb\u25cb\u25cb\u25cb<\/td><td>17<\/td><\/tr><\/tbody><\/table>\n\n\n\n<table class=\"wp-block-table\"><tbody><tr><td>\u65b0\u5c71\u7ae0\u592a\u90ce\uff08\u4e8c\uff09<\/td><td>\u25cb\u25cb\u25cb\u25cb<\/td><td>\u25cb\u25cb\u25cb\u00d7<\/td><td>\u25cb\u25cb\u25cb\u25cb<\/td><td> \u25cb\u25cb\u25cb\u25cb <\/td><td>\u25cb\u25cb\u25cb\u25cb<\/td><td>19<\/td><td>63<\/td><\/tr><tr><td>\u5cb3\u7950\u771e\uff08\u4e00\uff09<\/td><td>\u25cb\u25cb\u25cb\u25cb<\/td><td>\u00d7\u25cb\u25cb\u00d7<\/td><td>\u00d7\u25cb\u25cb\u25cb<\/td><td>\u25cb\u00d7\u00d7\u25cb<\/td><td>\u25cb\u25cb\u25cb\u00d7<\/td><td>14<\/td><\/tr><tr><td>\u9ce5\u5c45\u99ff\u98db\uff08\u4e09\uff09<\/td><td> \u25cb\u25cb\u25cb\u25cb<\/td><td>\u25cb\u25cb\u25cb\u25cb<\/td><td>\u25cb\u25cb\u25cb\u25cb<\/td><td>\u25cb\u25cb\u25cb\u00d7<\/td><td>\u25cb\u25cb\u25cb\u25cb<\/td><td>19<\/td><\/tr><tr><td> \u90e1\u5805\u4e8c\u90ce \uff08\u56db\uff09<\/td><td>\u00d7\u25cb\u00d7\u00d7<\/td><td>\u25cb\u25cb\u25cb\u25cb<\/td><td> \u25cb\u00d7\u25cb\u00d7 <\/td><td> \u00d7\u25cb\u25cb\u00d7<\/td><td> \u00d7\u25cb\u00d7\u25cb <\/td><td>11<\/td><\/tr><\/tbody><\/table>\n\n\n\n<p> \uff11\uff10\u6708\uff12\u65e5\u3000\u30ea\u30fc\u30b0\u6226\u3000\u7b2c\u4e94\u6226\u3000\u5bfe\u95a2\u897f\u5b66\u9662\u5927\u5b66\u3000\u3000<br>\u30ea\u30e2\u30fc\u30c8\u8a66\u5408   <\/p>\n\n\n\n<p>   \u95a2\u897f\u5b66\u9662\u5927\u5b66\u3000123\u4e2d\u3000\u3000\u4eac\u90fd\u6a58\u5927\u5b66\u3000126\u4e2d    <\/p>\n\n\n\n<table class=\"wp-block-table\"><tbody><tr><td>\u677e\u5c71\u5353\u751f\uff08\u4e09\uff09<\/td><td>\u25cb\u25cb\u25cb\u00d7<\/td><td>\u25cb\u25cb\u25cb\u25cb<\/td><td> \u25cb\u25cb\u25cb\u25cb <\/td><td>\u25cb\u25cb\u25cb\u25cb <\/td><td>\u25cb\u25cb\u00d7\u25cb <\/td><td>18<\/td><td>64<\/td><\/tr><tr><td>\u5c0f\u690b\u592a\u5730\uff08\u4e09\uff09<\/td><td>\u25cb\u25cb\u25cb\u25cb<\/td><td>\u25cb\u25cb\u25cb\u25cb<\/td><td> \u00d7\u25cb\u25cb\u25cb<\/td><td>\u25cb\u25cb\u25cb\u25cb<\/td><td>\u25cb\u25cb\u25cb\u25cb<\/td><td>19<\/td><\/tr><tr><td>\u5d8b\u7530\u7d71\u592a\uff08\u4e09\uff09<\/td><td>\u25cb\u00d7\u25cb\u25cb<\/td><td>\u00d7\u25cb\u00d7\u00d7<\/td><td>\u25cb\u00d7\u25cb\u00d7<\/td><td>\u25cb\u25cb\u25cb\u00d7<\/td><td>\u25cb\u25cb\u00d7\u25cb<\/td><td>12<br><\/td><\/tr><tr><td>\u5317\u5ddd\u745b\u7409\uff08\u4e09\uff09<\/td><td>\u25cb\u25cb\u25cb\u00d7<\/td><td>\u25cb\u00d7\u25cb\u00d7 <\/td><td> \u25cb\u25cb\u00d7\u25cb<br><\/td><td>\u25cb\u25cb\u25cb\u25cb<\/td><td>\u00d7\u25cb\u25cb\u25cb<\/td><td>15<\/td><\/tr><\/tbody><\/table>\n\n\n\n<table class=\"wp-block-table\"><tbody><tr><td>\u65b0\u5c71\u7ae0\u592a\u90ce\uff08\u4e8c\uff09<\/td><td>\u25cb\u25cb\u25cb\u25cb<\/td><td>\u25cb\u00d7\u25cb\u25cb <\/td><td>\u25cb\u25cb\u25cb\u25cb<\/td><td> \u25cb\u25cb\u25cb\u25cb <\/td><td>\u25cb\u25cb\u00d7\u00d7<\/td><td>17<\/td><td>62<\/td><\/tr><tr><td>\u690d\u6751\u3000\u4fee\u53f2\uff08\u4e09\uff09<\/td><td>\u25cb\u25cb\u00d7\u00d7<\/td><td>\u25cb\u25cb\u00d7\u25cb<\/td><td>\u25cb\u00d7\u25cb\u25cb<\/td><td>\u00d7\u25cb\u25cb\u25cb<\/td><td>\u00d7\u25cb\u25cb\u00d7<\/td><td>13<\/td><\/tr><tr><td>\u9ce5\u5c45\u99ff\u98db\uff08\u4e09\uff09<\/td><td> \u25cb\u25cb\u00d7\u00d7<\/td><td>\u25cb\u25cb\u00d7\u25cb<\/td><td>\u25cb\u25cb\u25cb\u25cb<\/td><td>\u25cb\u25cb\u25cb\u25cb<\/td><td>\u25cb\u25cb\u00d7\u00d7<\/td><td>15<\/td><\/tr><tr><td> \u90e1\u5805\u4e8c\u90ce \uff08\u56db\uff09<\/td><td>\u00d7\u25cb\u25cb\u25cb<\/td><td>\u25cb\u25cb\u00d7\u25cb<\/td><td> \u25cb\u25cb\u25cb\u25cb <\/td><td> \u25cb\u25cb\u00d7\u25cb<\/td><td> \u25cb\u25cb\u25cb\u25cb <\/td><td>17<\/td><\/tr><\/tbody><\/table>\n\n\n\n<p>\uff11\uff10\u6708\uff11\uff16\u65e5\u3000\u30ea\u30fc\u30b0\u6226\u3000\u9806\u4f4d\u6c7a\u5b9a\u6226\u3000 \u5bfe\u95a2\u897f\u5b66\u9662\u5927\u5b66 <br>\u30ea\u30e2\u30fc\u30c8\u8a66\u5408 <\/p>\n\n\n\n<p>\u3000\u95a2\u897f\u5b66\u9662\u5927\u5b66\u3000130\u4e2d \u3000\u3000\u4eac\u90fd\u6a58\u5927\u5b66\u3000115\u4e2d<br><\/p>\n\n\n\n<table class=\"wp-block-table\"><tbody><tr><td>\u677e\u5c71\u5353\u751f\uff08\u4e09\uff09<\/td><td> \u00d7\u25cb\u25cb\u25cb<\/td><td>\u00d7\u25cb\u25cb\u25cb<\/td><td> \u00d7\u00d7\u25cb\u25cb <\/td><td>\u25cb\u00d7\u25cb\u25cb <\/td><td>\u00d7\u00d7\u00d7\u25cb <\/td><td>12<br><\/td><td>53<\/td><\/tr><tr><td>\u5c0f\u690b\u592a\u5730\uff08\u4e09\uff09<\/td><td>\u25cb\u25cb\u25cb\u25cb<\/td><td>\u25cb\u25cb\u25cb\u25cb<\/td><td> \u25cb\u00d7\u25cb\u00d7<\/td><td>\u00d7\u25cb\u00d7\u25cb<\/td><td>\u25cb\u25cb\u00d7\u25cb<\/td><td>15<\/td><\/tr><tr><td>\u5d8b\u7530\u7d71\u592a\uff08\u4e09\uff09<\/td><td>\u25cb\u25cb\u25cb\u00d7<\/td><td>\u25cb\u25cb\u00d7\u25cb<\/td><td>\u25cb\u00d7\u25cb\u25cb<\/td><td>\u25cb\u00d7\u25cb\u00d7<\/td><td>\u00d7\u00d7\u25cb\u00d7<\/td><td>12<br><\/td><\/tr><tr><td>\u5317\u5ddd\u745b\u7409\uff08\u4e09\uff09<\/td><td>\u25cb\u00d7\u00d7\u25cb<\/td><td>\u25cb\u25cb\u25cb\u25cb<br><\/td><td> \u25cb\u00d7\u25cb\u00d7<br><\/td><td>\u25cb\u25cb\u00d7\u25cb<\/td><td>\u25cb\u25cb\u00d7\u25cb<\/td><td>14<\/td><\/tr><\/tbody><\/table>\n\n\n\n<table class=\"wp-block-table\"><tbody><tr><td>\u65b0\u5c71\u7ae0\u592a\u90ce\uff08\u4e8c\uff09<\/td><td>\u25cb\u25cb\u25cb\u00d7<\/td><td>\u25cb\u25cb\u25cb\u25cb <\/td><td>\u25cb\u25cb\u25cb\u25cb<\/td><td> \u25cb\u25cb\u25cb\u25cb <\/td><td>\u25cb\u25cb\u25cb\u00d7<\/td><td>18<\/td><td>62<\/td><\/tr><tr><td>\u690d\u6751\u4fee\u53f2\uff08\u4e09\uff09<\/td><td>\u25cb\u00d7\u25cb\u00d7<\/td><td>\u25cb\u00d7\u25cb\u25cb<\/td><td>\u25cb\u25cb\u25cb\u00d7<\/td><td>\u25cb\u00d7\u00d7\u25cb<\/td><td>\u00d7\u00d7\u25cb\u25cb<\/td><td>12<\/td><\/tr><tr><td>\u9ce5\u5c45\u99ff\u98db\uff08\u4e09\uff09<\/td><td> \u00d7\u25cb\u25cb\u25cb<\/td><td>\u25cb\u25cb\u25cb\u00d7<\/td><td>\u25cb\u25cb\u25cb\u25cb<\/td><td>\u00d7\u00d7\u00d7\u25cb<\/td><td>\u25cb\u00d7\u25cb\u25cb<\/td><td>14<\/td><\/tr><tr><td> \u90e1\u5805\u4e8c\u90ce \uff08\u56db\uff09<\/td><td>\u25cb\u25cb\u25cb\u00d7<\/td><td>\u25cb\u25cb\u00d7\u25cb<\/td><td> \u25cb\u25cb\u25cb\u25cb <\/td><td> \u25cb\u25cb\u25cb\u25cb<\/td><td> \u25cb\u25cb\u25cb\u25cb <\/td><td>18<\/td><\/tr><\/tbody><\/table>\n\n\n\n<p> <\/p>\n","protected":false},"excerpt":{"rendered":"<p>\uff19\u6708\uff14\u65e5\u3000\u30ea\u30fc\u30b0\u6226\u3000\u7b2c\u4e00\u6226\u3000\u5bfe\u8fd1\u757f\u5927\u5b66\u3000\u3000\u30ea\u30e2\u30fc\u30c8\u8a66\u5408 \u8fd1\u757f\u5927\u5b66\u300096\u4e2d\u3000\u3000\u4eac\u90fd\u6a58\u5927\u5b66\u3000117\u4e2d \u677e\u5c71\u5353\u751f\uff08\u4e09\uff09 \u25cb\u25cb\u25cb\u25cb \u25cb\u25cb\u00d7\u25cb \u25cb\u25cb\u25cb\u25cb \u00d7\u00d7\u25cb\u25cb \u25cb\u00d7\u25cb\u25cb 16 51 \u6e05\u6c34\u7fd4\u592a\uff08\u56db\uff09 \u25cb\u25cb\u00d7\u25cb \u00d7\u00d7\u00d7\u00d7 \u00d7\u00d7\u00d7\u25cb &hellip; <a href=\"https:\/\/cai6.tachibana-u.ac.jp\/kyudo\/?page_id=4791\" class=\"more-link\">\u7d9a\u304d\u3092\u8aad\u3080 <span class=\"screen-reader-text\">\u30ea\u30fc\u30b0\u6226(\u7537\u5b50)<\/span> <span class=\"meta-nav\">&rarr;<\/span><\/a><\/p>\n","protected":false},"author":1,"featured_media":0,"parent":4668,"menu_order":6,"comment_status":"closed","ping_status":"closed","template":"","meta":{"footnotes":""},"class_list":["post-4791","page","type-page","status-publish","hentry"],"_links":{"self":[{"href":"https:\/\/cai6.tachibana-u.ac.jp\/kyudo\/index.php?rest_route=\/wp\/v2\/pages\/4791","targetHints":{"allow":["GET"]}}],"collection":[{"href":"https:\/\/cai6.tachibana-u.ac.jp\/kyudo\/index.php?rest_route=\/wp\/v2\/pages"}],"about":[{"href":"https:\/\/cai6.tachibana-u.ac.jp\/kyudo\/index.php?rest_route=\/wp\/v2\/types\/page"}],"author":[{"embeddable":true,"href":"https:\/\/cai6.tachibana-u.ac.jp\/kyudo\/index.php?rest_route=\/wp\/v2\/users\/1"}],"replies":[{"embeddable":true,"href":"https:\/\/cai6.tachibana-u.ac.jp\/kyudo\/index.php?rest_route=%2Fwp%2Fv2%2Fcomments&post=4791"}],"version-history":[{"count":12,"href":"https:\/\/cai6.tachibana-u.ac.jp\/kyudo\/index.php?rest_route=\/wp\/v2\/pages\/4791\/revisions"}],"predecessor-version":[{"id":4829,"href":"https:\/\/cai6.tachibana-u.ac.jp\/kyudo\/index.php?rest_route=\/wp\/v2\/pages\/4791\/revisions\/4829"}],"up":[{"embeddable":true,"href":"https:\/\/cai6.tachibana-u.ac.jp\/kyudo\/index.php?rest_route=\/wp\/v2\/pages\/4668"}],"wp:attachment":[{"href":"https:\/\/cai6.tachibana-u.ac.jp\/kyudo\/index.php?rest_route=%2Fwp%2Fv2%2Fmedia&parent=4791"}],"curies":[{"name":"wp","href":"https:\/\/api.w.org\/{rel}","templated":true}]}}