{"id":4776,"date":"2022-08-09T19:45:20","date_gmt":"2022-08-09T10:45:20","guid":{"rendered":"https:\/\/cai6.tachibana-u.ac.jp\/kyudo\/?page_id=4776"},"modified":"2022-08-17T23:37:40","modified_gmt":"2022-08-17T14:37:40","slug":"%e5%85%a8%e6%97%a5%e6%9c%ac%e5%ad%a6%e7%94%9f%e5%bc%93%e9%81%93%e9%81%b8%e6%89%8b%e6%a8%a9%e5%a4%a7%e4%bc%9a%e3%82%a4%e3%83%b3%e3%82%ab%e3%83%ac","status":"publish","type":"page","link":"https:\/\/cai6.tachibana-u.ac.jp\/kyudo\/?page_id=4776","title":{"rendered":"\u5168\u65e5\u672c\u5b66\u751f\u5f13\u9053\u9078\u624b\u6a29\u5927\u4f1a(\u30a4\u30f3\u30ab\u30ec)"},"content":{"rendered":"\n<p> \u65bc  \u65e5\u672c\u6b66\u9053\u9928<\/p>\n\n\n\n<p style=\"text-align:center\"><strong>\u56e3\u4f53\uff08\u8fd1\u7684\uff09<\/strong><\/p>\n\n\n\n<p><strong>\u7537\u5b50\u56e3\u4f53<\/strong><\/p>\n\n\n\n<table class=\"wp-block-table\"><tbody><tr><td><br><\/td><td>\u56e3\u4f53\u4e88\u9078<\/td><td>\u6c7a\u52dd\u30c8\u30fc\u30ca\u30e1\u30f3\u30c8\u4e8c\u56de\u6226<\/td><td> \u6c7a\u52dd\u30c8\u30fc\u30ca\u30e1\u30f3\u30c8\u4e09\u56de\u6226<\/td><td>\u4e00\u624b\u7af6\u5c04<\/td><td>\u4e00\u672c\u7af6\u5c041\u56de\u76ee<\/td><td>\u4e00\u672c\u7af6\u5c042\u56de\u76ee<\/td><td>\u4e00\u672c\u7af6\u5c043\u56de\u76ee<\/td><td><\/td><td>\u6c7a\u52dd\u30c8\u30fc\u30ca\u30e1\u30f3\u30c8\u6e96\u6c7a\u52dd<\/td><td>\u6c7a\u52dd\u30c8\u30fc\u30ca\u30e1\u30f3\u30c8\u4e09\u4f4d\u6c7a\u5b9a\u6226<\/td><td>\u4e00\u624b\u7af6\u5c04<\/td><\/tr><tr><td>\u677e\u5c71\u3000\u5353\u751f\uff08\u4e09\uff09<\/td><td>\u25cb\u25cb\u25cb\u25cb<\/td><td>\u25cb\u25cb\u25cb\u25cb<\/td><td> \u25cb\u25cb\u25cb\u25cb<\/td><td>\u25cb\u25cb<\/td><td>\u25cb<\/td><td>\u00d7<\/td><td>\u25cb<\/td><td><\/td><td>\u25cb\u25cb\u25cb\u25cb<\/td><td>\u25cb\u25cb\u25cb\u25cb<\/td><td>\u25cb\u25cb<\/td><\/tr><tr><td>\u5d8b\u7530\u3000\u7d71\u592a\uff08\u4e09\uff09<\/td><td>\u00d7\u25cb\u25cb\u25cb<\/td><td>\u25cb\u25cb\u25cb\u25cb<\/td><td> \u25cb\u25cb\u00d7\u25cb<\/td><td>\u00d7\u00d7<\/td><td>\u25cb<\/td><td>\u25cb<\/td><td>\u25cb<\/td><td><\/td><td>\u25cb\u25cb\u25cb\u25cb<\/td><td>\u25cb\u25cb\u25cb\u25cb<\/td><td>\u00d7\u25cb<\/td><\/tr><tr><td>\u65b0\u5c71\u3000\u7ae0\u592a\u90ce\uff08\u4e8c\uff09<\/td><td>\u25cb\u25cb\u25cb\u25cb<\/td><td>\u25cb\u25cb\u25cb\u25cb<\/td><td>\u00d7\u00d7\u25cb\u00d7<\/td><td>\u25cb\u00d7<\/td><td>\u00d7<\/td><td>\u25cb<\/td><td>\u00d7<\/td><td><\/td><td>\u00d7\u25cb\u25cb\u25cb<\/td><td>\u25cb\u25cb\u25cb\u25cb<\/td><td>\u25cb\u25cb<\/td><\/tr><tr><td>\u5317\u5ddd\u3000\u745b\u7409\uff08\u4e09\uff09<\/td><td>\u00d7\u25cb\u25cb\u25cb<\/td><td>\u25cb\u25cb\u25cb\u25cb<\/td><td>\u25cb\u25cb\u00d7\u25cb<\/td><td>\u25cb\u25cb<\/td><td>\u25cb<\/td><td>\u25cb<\/td><td>\u25cb<\/td><td><\/td><td>\u00d7\u25cb\u00d7\u25cb<\/td><td>\u25cb\u25cb\u25cb\u25cb<\/td><td>\u00d7\u00d7<\/td><\/tr><tr><td>\u90e1\u3000\u5805\u4e8c\u90ce\uff08\u56db\uff09<\/td><td>\u00d7\u25cb\u25cb\u00d7<\/td><td>\u00d7\u25cb\u25cb\u25cb<\/td><td>\u00d7\u00d7\u25cb\u25cb<\/td><td>\u25cb\u25cb<\/td><td>\u25cb<\/td><td>\u25cb<\/td><td>\u25cb<\/td><td><\/td><td>\u25cb\u25cb\u00d7\u25cb<\/td><td>\u00d7\u00d7\u25cb\u25cb<\/td><td>\u00d7\u25cb<\/td><\/tr><tr><td><\/td><td>16\u4e2d<\/td><td>19\u4e2d<\/td><td>13\u4e2d<\/td><td>7\u4e2d<\/td><td>4\u4e2d<\/td><td>4\u4e2d<\/td><td>4\u4e2d<\/td><td><\/td><td>16\u4e2d<\/td><td>18\u4e2d<\/td><td>6\u4e2d<\/td><\/tr><\/tbody><\/table>\n\n\n\n<p><strong>\u4e09\u4f4d\u6c7a\u5b9a\u6226\u6557\u9000<\/strong><\/p>\n\n\n\n<p><strong>\u5973\u5b50\u56e3\u4f53<\/strong><\/p>\n\n\n\n<table class=\"wp-block-table\"><tbody><tr><td><br><\/td><td>\u56e3\u4f53\u4e88\u9078<\/td><\/tr><tr><td>\u6cbc\u7530\u3000\u512a\u7f8e\u9999\uff08\u4e00\uff09<\/td><td>\u25cb\u00d7\u25cb\u25cb<\/td><\/tr><tr><td>\u52a0\u85e4\u3000\u98a8\u6b4c\uff08\u4e8c\uff09<\/td><td>\u00d7\u00d7\u00d7\u25cb<\/td><\/tr><tr><td>\u5be6\u7dbf\u3000\u5411\u65e5\u8475\uff08\u4e8c\uff09<\/td><td>\u00d7\u25cb\u25cb\u25cb<\/td><\/tr><tr><td><\/td><td>7\u4e2d<\/td><\/tr><\/tbody><\/table>\n\n\n\n<p><strong>\u4e88\u9078\u6557\u9000<\/strong><\/p>\n","protected":false},"excerpt":{"rendered":"<p>\u65bc \u65e5\u672c\u6b66\u9053\u9928 \u56e3\u4f53\uff08\u8fd1\u7684\uff09 \u7537\u5b50\u56e3\u4f53 \u56e3\u4f53\u4e88\u9078 \u6c7a\u52dd\u30c8\u30fc\u30ca\u30e1\u30f3\u30c8\u4e8c\u56de\u6226 \u6c7a\u52dd\u30c8\u30fc\u30ca\u30e1\u30f3\u30c8\u4e09\u56de\u6226 \u4e00\u624b\u7af6\u5c04 \u4e00\u672c\u7af6\u5c041\u56de\u76ee \u4e00\u672c\u7af6\u5c042\u56de\u76ee \u4e00\u672c\u7af6\u5c043\u56de\u76ee \u6c7a\u52dd\u30c8\u30fc\u30ca\u30e1\u30f3\u30c8\u6e96\u6c7a\u52dd \u6c7a\u52dd\u30c8\u30fc\u30ca\u30e1\u30f3\u30c8\u4e09\u4f4d\u6c7a\u5b9a\u6226 \u4e00\u624b\u7af6\u5c04 \u677e &hellip; <a href=\"https:\/\/cai6.tachibana-u.ac.jp\/kyudo\/?page_id=4776\" class=\"more-link\">\u7d9a\u304d\u3092\u8aad\u3080 <span class=\"screen-reader-text\">\u5168\u65e5\u672c\u5b66\u751f\u5f13\u9053\u9078\u624b\u6a29\u5927\u4f1a(\u30a4\u30f3\u30ab\u30ec)<\/span> <span class=\"meta-nav\">&rarr;<\/span><\/a><\/p>\n","protected":false},"author":1,"featured_media":0,"parent":4668,"menu_order":5,"comment_status":"closed","ping_status":"closed","template":"","meta":{"footnotes":""},"class_list":["post-4776","page","type-page","status-publish","hentry"],"_links":{"self":[{"href":"https:\/\/cai6.tachibana-u.ac.jp\/kyudo\/index.php?rest_route=\/wp\/v2\/pages\/4776","targetHints":{"allow":["GET"]}}],"collection":[{"href":"https:\/\/cai6.tachibana-u.ac.jp\/kyudo\/index.php?rest_route=\/wp\/v2\/pages"}],"about":[{"href":"https:\/\/cai6.tachibana-u.ac.jp\/kyudo\/index.php?rest_route=\/wp\/v2\/types\/page"}],"author":[{"embeddable":true,"href":"https:\/\/cai6.tachibana-u.ac.jp\/kyudo\/index.php?rest_route=\/wp\/v2\/users\/1"}],"replies":[{"embeddable":true,"href":"https:\/\/cai6.tachibana-u.ac.jp\/kyudo\/index.php?rest_route=%2Fwp%2Fv2%2Fcomments&post=4776"}],"version-history":[{"count":9,"href":"https:\/\/cai6.tachibana-u.ac.jp\/kyudo\/index.php?rest_route=\/wp\/v2\/pages\/4776\/revisions"}],"predecessor-version":[{"id":4787,"href":"https:\/\/cai6.tachibana-u.ac.jp\/kyudo\/index.php?rest_route=\/wp\/v2\/pages\/4776\/revisions\/4787"}],"up":[{"embeddable":true,"href":"https:\/\/cai6.tachibana-u.ac.jp\/kyudo\/index.php?rest_route=\/wp\/v2\/pages\/4668"}],"wp:attachment":[{"href":"https:\/\/cai6.tachibana-u.ac.jp\/kyudo\/index.php?rest_route=%2Fwp%2Fv2%2Fmedia&parent=4776"}],"curies":[{"name":"wp","href":"https:\/\/api.w.org\/{rel}","templated":true}]}}