{"id":4728,"date":"2022-06-15T21:16:25","date_gmt":"2022-06-15T12:16:25","guid":{"rendered":"https:\/\/cai6.tachibana-u.ac.jp\/kyudo\/?page_id=4728"},"modified":"2022-07-01T10:52:48","modified_gmt":"2022-07-01T01:52:48","slug":"%e9%96%a2%e8%a5%bf%e5%ad%a6%e7%94%9f%e5%bc%93%e9%81%93%e9%81%b8%e6%89%8b%e6%a8%a9%e5%a4%a7%e4%bc%9a","status":"publish","type":"page","link":"https:\/\/cai6.tachibana-u.ac.jp\/kyudo\/?page_id=4728","title":{"rendered":"\u95a2\u897f\u5b66\u751f\u5f13\u9053\u9078\u624b\u6a29\u5927\u4f1a"},"content":{"rendered":"\n<p>  \uff16\u6708\uff14\u65e5\uff08\u571f\uff09\u30fb\uff15\u65e5(\u65e5)<br>\u65bc\u3000\u30b0\u30ea\u30fc\u30f3\u30a2\u30ea\u30fc\u30ca\u795e\u6238<\/p>\n\n\n\n<p> \u7537\u5b50\u56e3\u4f53<br>\u4eac\u90fd\u6a58A\u3000\u6c7a\u52dd\u30c8\u30fc\u30ca\u30e1\u30f3\u30c8\u7b2c\u4e8c\u56de\u6226\u6557\u9000<\/p>\n\n\n\n<table class=\"wp-block-table\"><tbody><tr><td><br><\/td><td>\u4e88\u9078<\/td><td>\u6c7a\u52dd\u30c8\u30fc\u30ca\u30e1\u30f3\u30c8\u4e00\u56de\u6226<\/td><td>\u6c7a\u52dd\u30c8\u30fc\u30ca\u30e1\u30f3\u30c8\u4e8c\u56de\u6226<\/td><\/tr><tr><td>\u65b0\u5c71\u3000\u7ae0\u592a\u90ce\u3000(\u4e8c)<\/td><td>\u25cb\u25cb\u25cb\u00d7<\/td><td>\u00d7\u00d7\u00d7\u25cb<\/td><td>\u25cb\u25cb\u00d7\u00d7<\/td><td><br><\/td><\/tr><tr><td> \u677e\u5c71\u3000\u5353\u751f\uff08\u4e09\uff09 <\/td><td>\u25cb\u25cb\u00d7\u00d7<\/td><td>\u25cb\u25cb\u25cb\u25cb<\/td><td>\u25cb\u00d7\u25cb\u25cb<\/td><td><br><\/td><\/tr><tr><td> \u5c0f\u690b\u3000\u592a\u5730\uff08\u4e09\uff09 <\/td><td>\u25cb\u25cb\u25cb\u25cb<\/td><td>\u25cb\u00d7\u25cb\u00d7<\/td><td>\u25cb\u25cb\u00d7\u25cb<\/td><td><br><\/td><\/tr><tr><td> \u5317\u5ddd\u3000\u745b\u7409\uff08\u4e09\uff09 <\/td><td>\u25cb\u25cb\u25cb\u25cb<\/td><td>\u25cb\u00d7\u25cb\u00d7<\/td><td>\u25cb\u00d7\u25cb\u25cb<\/td><td><br><\/td><\/tr><tr><td> \u90e1\u3000\u5805\u4e8c\u90ce\uff08\u56db\uff09 <\/td><td> \u25cb\u00d7\u25cb\u25cb <\/td><td> \u25cb\u25cb\u25cb\u25cb <\/td><td> \u00d7\u25cb\u00d7\u00d7 <\/td><td><br><\/td><\/tr><tr><td>\u5408\u8a08<\/td><td>16\u4e2d<\/td><td>13\u4e2d<\/td><td>12\u4e2d<\/td><\/tr><tr><td>\u76f8\u624b\u6821<\/td><td>11\u4e2d<\/td><td>6\u4e2d<\/td><td>13\u4e2d<\/td><\/tr><\/tbody><\/table>\n\n\n\n<p> \u7537\u5b50\u56e3\u4f53<br>\u4eac\u90fd\u6a58B\u3000\u4e88\u9078\u6557\u9000<\/p>\n\n\n\n<table class=\"wp-block-table\"><tbody><tr><td><br><\/td><td>\u4e88\u9078<\/td><\/tr><tr><td>\u690d\u6751\u3000\u4fee\u53f2\u3000(\u4e09)<\/td><td>\u00d7\u00d7\u00d7\u00d7<\/td><td><br><\/td><\/tr><tr><td> \u5d8b\u7530\u3000\u7d71\u592a\uff08\u4e09\uff09 <\/td><td>\u00d7\u00d7\u00d7\u25cb<\/td><td><br><\/td><\/tr><tr><td>\u5cb3\u3000\u7950\u771e\uff08\u4e00\uff09 <\/td><td>\u25cb\u00d7\u25cb\u00d7<\/td><td><br><\/td><\/tr><tr><td>\u9ce5\u5c45\u3000\u99ff\u98db\uff08\u4e09\uff09 <\/td><td>\u00d7\u00d7\u25cb\u00d7<\/td><td><br><\/td><\/tr><tr><td>\u6e05\u6c34\u3000\u7fd4\u592a\uff08\u56db\uff09 <\/td><td> \u25cb\u25cb\u25cb\u00d7 <\/td><td><br><\/td><\/tr><tr><td>\u5408\u8a08<\/td><td>7\u4e2d<\/td><\/tr><tr><td>\u76f8\u624b\u6821<\/td><td>9\u4e2d<\/td><\/tr><\/tbody><\/table>\n\n\n\n<p> \u5973\u5b50\u56e3\u4f53<br>\u4eac\u90fd\u6a58A\u3000\u4e88\u9078\u6557\u9000<\/p>\n\n\n\n<table class=\"wp-block-table\"><tbody><tr><td><br><\/td><td>\u4e88\u9078<\/td><\/tr><tr><td>\u5be6\u7dbf\u3000\u5411\u65e5\u8475\u3000(\u4e8c)<\/td><td>\u00d7\u00d7\u00d7\u00d7<\/td><td><br><\/td><\/tr><tr><td>\u6cbc\u7530\u3000\u512a\u7f8e\u9999\uff08\u4e00\uff09 <\/td><td>\u00d7\u00d7\u25cb\u00d7<\/td><td><br><\/td><\/tr><tr><td>\u52a0\u85e4\u3000\u4e00\u4f1a\uff08\u4e8c\uff09 <\/td><td>\u00d7\u25cb\u00d7\u25cb<\/td><td><br><\/td><\/tr><tr><td>\u5408\u8a08<\/td><td>6\u4e2d<\/td><\/tr><\/tbody><\/table>\n\n\n\n<p>  \u5973\u5b50\u56e3\u4f53<br>\u4eac\u90fd\u6a58B\u3000\u4e88\u9078\u6557\u9000 <\/p>\n\n\n\n<table class=\"wp-block-table\"><tbody><tr><td><br><\/td><td>\u4e88\u9078<\/td><\/tr><tr><td>\u4e09\u5b85\u3000\u745e\u5b63\u3000(\u4e8c)<\/td><td>\u25cb\u00d7\u25cb\u00d7<\/td><td><br><\/td><\/tr><tr><td>\u85e4\u68ee\u3000\u7d50\u5b50\uff08\u4e00\uff09 <\/td><td>\u00d7\u25cb\u25cb\u00d7<\/td><td><br><\/td><\/tr><tr><td>\u5927\u85cf\u3000\u5915\u5e0c\uff08\u4e8c\uff09 <\/td><td>\u25cb\u00d7\u00d7\u25cb<\/td><td><br><\/td><\/tr><tr><td>\u5408\u8a08<\/td><td>6\u4e2d<\/td><\/tr><\/tbody><\/table>\n\n\n\n<p>   \u5973\u5b50\u56e3\u4f53<br>\u4eac\u90fd\u6a58C\u3000\u6c7a\u52dd\u30c8\u30fc\u30ca\u30e1\u30f3\u30c8\u4e8c\u56de\u6226\u6557\u9000 <\/p>\n\n\n\n<table class=\"wp-block-table\"><tbody><tr><td><br><\/td><td>\u4e88\u9078<\/td><td>\u6c7a\u52dd\u30c8\u30fc\u30ca\u30e1\u30f3\u30c8\u4e00\u56de\u6226<\/td><td>\u6c7a\u52dd\u30c8\u30fc\u30ca\u30e1\u30f3\u30c8\u4e8c\u56de\u6226<\/td><\/tr><tr><td>\u5ca1\u5742\u3000\u967d\u83dc\u3000(\u4e00)<\/td><td>\u00d7\u25cb\u25cb\u00d7<\/td><td>\u25cb\u25cb\u25cb\u25cb<\/td><td>\u25cb\u00d7\u00d7\u25cb<\/td><td><br><\/td><\/tr><tr><td>\u798f\u672c\u3000\u5149\u59eb\uff08\u4e00\uff09 <\/td><td>\u25cb\u00d7\u25cb\u25cb<\/td><td>\u00d7\u25cb\u00d7\u25cb<\/td><td>\u25cb\u25cb\u00d7\u00d7<\/td><td><br><\/td><\/tr><tr><td>\u7267\u7530\u3000\u840c\u82b1\uff08\u4e00\uff09 <\/td><td>\u00d7\u25cb\u00d7\u25cb<\/td><td>\u25cb\u00d7\u00d7\u00d7<\/td><td>\u00d7\u25cb\u00d7\u00d7<\/td><td><br><\/td><\/tr><tr><td>\u5408\u8a08<\/td><td>7\u4e2d<\/td><td>7\u4e2d<\/td><td>5\u4e2d<\/td><\/tr><\/tbody><\/table>\n","protected":false},"excerpt":{"rendered":"<p>\uff16\u6708\uff14\u65e5\uff08\u571f\uff09\u30fb\uff15\u65e5(\u65e5)\u65bc\u3000\u30b0\u30ea\u30fc\u30f3\u30a2\u30ea\u30fc\u30ca\u795e\u6238 \u7537\u5b50\u56e3\u4f53\u4eac\u90fd\u6a58A\u3000\u6c7a\u52dd\u30c8\u30fc\u30ca\u30e1\u30f3\u30c8\u7b2c\u4e8c\u56de\u6226\u6557\u9000 \u4e88\u9078 \u6c7a\u52dd\u30c8\u30fc\u30ca\u30e1\u30f3\u30c8\u4e00\u56de\u6226 \u6c7a\u52dd\u30c8\u30fc\u30ca\u30e1\u30f3\u30c8\u4e8c\u56de\u6226 \u65b0\u5c71\u3000\u7ae0\u592a\u90ce\u3000(\u4e8c) \u25cb\u25cb\u25cb\u00d7 \u00d7\u00d7\u00d7\u25cb \u25cb\u25cb\u00d7\u00d7 \u677e\u5c71\u3000\u5353\u751f\uff08\u4e09 &hellip; <a href=\"https:\/\/cai6.tachibana-u.ac.jp\/kyudo\/?page_id=4728\" class=\"more-link\">\u7d9a\u304d\u3092\u8aad\u3080 <span class=\"screen-reader-text\">\u95a2\u897f\u5b66\u751f\u5f13\u9053\u9078\u624b\u6a29\u5927\u4f1a<\/span> <span class=\"meta-nav\">&rarr;<\/span><\/a><\/p>\n","protected":false},"author":1,"featured_media":0,"parent":4668,"menu_order":2,"comment_status":"closed","ping_status":"closed","template":"","meta":{"footnotes":""},"class_list":["post-4728","page","type-page","status-publish","hentry"],"_links":{"self":[{"href":"https:\/\/cai6.tachibana-u.ac.jp\/kyudo\/index.php?rest_route=\/wp\/v2\/pages\/4728","targetHints":{"allow":["GET"]}}],"collection":[{"href":"https:\/\/cai6.tachibana-u.ac.jp\/kyudo\/index.php?rest_route=\/wp\/v2\/pages"}],"about":[{"href":"https:\/\/cai6.tachibana-u.ac.jp\/kyudo\/index.php?rest_route=\/wp\/v2\/types\/page"}],"author":[{"embeddable":true,"href":"https:\/\/cai6.tachibana-u.ac.jp\/kyudo\/index.php?rest_route=\/wp\/v2\/users\/1"}],"replies":[{"embeddable":true,"href":"https:\/\/cai6.tachibana-u.ac.jp\/kyudo\/index.php?rest_route=%2Fwp%2Fv2%2Fcomments&post=4728"}],"version-history":[{"count":10,"href":"https:\/\/cai6.tachibana-u.ac.jp\/kyudo\/index.php?rest_route=\/wp\/v2\/pages\/4728\/revisions"}],"predecessor-version":[{"id":4761,"href":"https:\/\/cai6.tachibana-u.ac.jp\/kyudo\/index.php?rest_route=\/wp\/v2\/pages\/4728\/revisions\/4761"}],"up":[{"embeddable":true,"href":"https:\/\/cai6.tachibana-u.ac.jp\/kyudo\/index.php?rest_route=\/wp\/v2\/pages\/4668"}],"wp:attachment":[{"href":"https:\/\/cai6.tachibana-u.ac.jp\/kyudo\/index.php?rest_route=%2Fwp%2Fv2%2Fmedia&parent=4728"}],"curies":[{"name":"wp","href":"https:\/\/api.w.org\/{rel}","templated":true}]}}