{"id":4726,"date":"2022-06-15T21:13:17","date_gmt":"2022-06-15T12:13:17","guid":{"rendered":"https:\/\/cai6.tachibana-u.ac.jp\/kyudo\/?page_id=4726"},"modified":"2022-06-22T22:40:48","modified_gmt":"2022-06-22T13:40:48","slug":"%e4%ba%ac%e9%83%bd%e5%ad%a6%e7%94%9f%e5%bc%93%e9%81%93%e9%81%b8%e6%89%8b%e6%a8%a9%e5%a4%a7%e4%bc%9a","status":"publish","type":"page","link":"https:\/\/cai6.tachibana-u.ac.jp\/kyudo\/?page_id=4726","title":{"rendered":"\u4eac\u90fd\u5b66\u751f\u5f13\u9053\u9078\u624b\u6a29\u5927\u4f1a"},"content":{"rendered":"\n<p> \uff15\u6708\uff17\u65e5\uff08\u571f\uff09<br>\u65bc\u3000\u4eac\u90fd\u5e02\u6b66\u9053\u30bb\u30f3\u30bf\u30fc <\/p>\n\n\n\n<p> \u7537\u5b50\u56e3\u4f53<br>\u4eac\u90fd\u6a58A\u30003\u4f4d\u5165\u8cde <\/p>\n\n\n\n<table class=\"wp-block-table\"><tbody><tr><td><\/td><td>\u4e88\u9078<\/td><td>\u4e8c\u56de\u6226<\/td><td>\u4e09\u4f4d\u6c7a\u5b9a\u6226<\/td><\/tr><tr><td>\u65b0\u5c71\u3000\u7ae0\u592a\u90ce\u3000(\u4e8c)<\/td><td>\u25cb\u00d7\u25cb\u25cb<\/td><td>\u25cb\u25cb\u25cb\u00d7<\/td><td>\u25cb\u25cb\u25cb\u25cb<\/td><td><\/td><\/tr><tr><td> \u677e\u5c71\u3000\u5353\u751f\uff08\u4e09\uff09 <\/td><td>\u25cb\u25cb\u25cb\u25cb<\/td><td>\u25cb\u00d7\u25cb\u25cb<\/td><td>\u00d7\u25cb\u25cb\u00d7<\/td><td><\/td><\/tr><tr><td> \u5c0f\u690b\u3000\u592a\u5730\uff08\u4e09\uff09 <\/td><td>\u25cb\u25cb\u25cb\u25cb<\/td><td>\u25cb\u25cb\u00d7\u25cb<\/td><td>\u25cb\u00d7\u25cb\u00d7<\/td><td><\/td><\/tr><tr><td> \u5317\u5ddd\u3000\u745b\u7409\uff08\u4e09\uff09 <\/td><td>\u00d7\u25cb\u25cb\u00d7<\/td><td>\u00d7\u25cb\u00d7\u00d7<\/td><td>\u25cb\u25cb\u25cb\u25cb<\/td><td><\/td><\/tr><tr><td> \u90e1\u3000\u5805\u4e8c\u90ce\uff08\u56db\uff09 <\/td><td> \u25cb\u25cb\u25cb\u25cb <\/td><td> \u25cb\u25cb\u00d7\u25cb <\/td><td> \u00d7\u25cb\u25cb\u25cb <\/td><td><\/td><\/tr><tr><td>\u5408\u8a08<\/td><td>17\u4e2d<\/td><td>13\u4e2d<\/td><td>15\u4e2d<\/td><\/tr><\/tbody><\/table>\n\n\n\n<p> \u4eac\u90fd\u6a58B  \u4e09\u4f4d\u6c7a\u5b9a\u6226\u6557\u9000<\/p>\n\n\n\n<table class=\"wp-block-table\"><tbody><tr><td><\/td><td>\u4e88\u9078<\/td><td>\u4e8c\u56de\u6226<\/td><td>\u4e8c\u56de\u6226\u7af6\u5c04<\/td><td>3\u4f4d\u6c7a\u5b9a\u6226<\/td><\/tr><tr><td>\u690d\u6751\u3000\u4fee\u53f2\u3000(\u4e09)<\/td><td>\u25cb\u25cb\u00d7\u25cb<\/td><td>\u00d7\u25cb\u25cb\u25cb<\/td><td>\u25cb\u00d7<\/td><td>\u25cb\u25cb\u00d7\u25cb<\/td><td><br><\/td><\/tr><tr><td>\u5d8b\u7530\u3000\u7d71\u592a\uff08\u4e09\uff09 <\/td><td>\u00d7\u00d7\u25cb\u25cb<\/td><td>\u25cb\u00d7\u25cb\u00d7<\/td><td>\u25cb\u00d7<\/td><td>\u25cb\u25cb\u25cb\u00d7<\/td><td><br><\/td><\/tr><tr><td>\u5cb3\u3000\u7950\u771e\uff08\u4e00\uff09 <\/td><td>\u00d7\u25cb\u00d7\u25cb<\/td><td>\u25cb\u25cb\u00d7\u25cb<\/td><td>\u25cb\u00d7<\/td><td>\u00d7\u25cb\u00d7\u25cb<\/td><td><br><\/td><\/tr><tr><td>\u9ce5\u5c45\u3000\u99ff\u98db\uff08\u4e09\uff09 <\/td><td>\u00d7\u25cb\u25cb\u25cb<\/td><td>\u25cb\u25cb\u25cb\u00d7<\/td><td>\u25cb\u25cb<\/td><td>\u25cb\u25cb\u00d7\u25cb<\/td><td><br><\/td><\/tr><tr><td>\u6e05\u6c34\u3000\u7fd4\u592a\uff08\u56db\uff09 <\/td><td> \u25cb\u25cb\u00d7\u25cb <\/td><td> \u00d7\u25cb\u25cb\u00d7 <\/td><td>\u25cb\u00d7<\/td><td>\u25cb\u00d7\u25cb\u25cb<\/td><td><br><\/td><\/tr><tr><td>\u5408\u8a08<\/td><td>13\u4e2d<\/td><td>13\u4e2d<\/td><td>6\u4e2d<\/td><td>14\u4e2d<\/td><\/tr><\/tbody><\/table>\n\n\n\n<p> \u5973\u5b50\u56e3\u4f53<br>\u4eac\u90fd\u6a58A\u3000\u4e88\u9078\u6557\u9000<\/p>\n\n\n\n<table class=\"wp-block-table\"><tbody><tr><td><\/td><td>\u4e88\u9078<\/td><\/tr><tr><td>\u4e09\u5b85\u3000\u745e\u5b63\u3000(\u4e8c)<\/td><td>\u00d7\u00d7\u25cb\u00d7<\/td><td><br><\/td><\/tr><tr><td>\u52a0\u85e4\u3000\u4e00\u4f1a\u3000(\u4e8c)<\/td><td>\u00d7\u00d7\u00d7\u25cb<\/td><td><br><\/td><\/tr><tr><td>\u5be6\u7dbf\u3000\u5411\u65e5\u8475\u3000(\u4e8c)<\/td><td>\u00d7\u00d7\u25cb\u25cb<\/td><td><br><\/td><\/tr><tr><td>\u5408\u8a08<\/td><td>4\u4e2d<\/td><td><br><\/td><\/tr><\/tbody><\/table>\n\n\n\n<p> \u5973\u5b50\u56e3\u4f53<br>\u4eac\u90fd\u6a58B\u3000\u4e88\u9078\u6557\u9000 <\/p>\n\n\n\n<table class=\"wp-block-table\"><tbody><tr><td><br><\/td><td>\u4e88\u9078<\/td><td>\u9053\u4e2d\u7af6\u5c04<\/td><\/tr><tr><td>\u52a0\u85e4\u3000\u98a8\u6b4c\u3000(\u4e8c)<\/td><td>\u00d7\u00d7\u25cb\u00d7<\/td><td>\u00d7\u00d7<\/td><td><br><\/td><\/tr><tr><td>\u798f\u672c\u3000\u5149\u59eb\u3000(\u4e00)<\/td><td>\u00d7\u25cb\u00d7\u25cb<\/td><td>\u00d7\u25cb<\/td><td><br><\/td><\/tr><tr><td>\u5927\u85cf\u3000\u5915\u5e0c\u3000(\u4e8c)<\/td><td>\u25cb\u00d7\u00d7\u25cb<\/td><td>\u25cb\u25cb<\/td><td><br><\/td><\/tr><tr><td>\u5408\u8a08<\/td><td>5\u4e2d<\/td><td>3\u4e2d<\/td><td><br><\/td><\/tr><\/tbody><\/table>\n\n\n\n<p> \u500b\u4eba\u6226<\/p>\n\n\n\n<p>\u512a\u52dd\u3000\u677e\u5c71\u3000\u5353\u751f\u3000(\u4e09)<\/p>\n\n\n\n<p>\u6e96\u512a\u52dd\u3000\u5c0f\u690b\u3000\u592a\u5730\u3000(\u4e09)<\/p>\n\n\n\n<p>\u3000<\/p>\n\n\n\n<p><\/p>\n\n\n\n<p><br><\/p>\n\n\n\n<p><\/p>\n","protected":false},"excerpt":{"rendered":"<p>\uff15\u6708\uff17\u65e5\uff08\u571f\uff09\u65bc\u3000\u4eac\u90fd\u5e02\u6b66\u9053\u30bb\u30f3\u30bf\u30fc \u7537\u5b50\u56e3\u4f53\u4eac\u90fd\u6a58A\u30003\u4f4d\u5165\u8cde \u4e88\u9078 \u4e8c\u56de\u6226 \u4e09\u4f4d\u6c7a\u5b9a\u6226 \u65b0\u5c71\u3000\u7ae0\u592a\u90ce\u3000(\u4e8c) \u25cb\u00d7\u25cb\u25cb \u25cb\u25cb\u25cb\u00d7 \u25cb\u25cb\u25cb\u25cb \u677e\u5c71\u3000\u5353\u751f\uff08\u4e09\uff09 \u25cb\u25cb\u25cb\u25cb \u25cb\u00d7\u25cb\u25cb \u00d7\u25cb\u25cb\u00d7 \u5c0f\u690b\u3000\u592a\u5730\uff08\u4e09\uff09 \u25cb\u25cb\u25cb\u25cb  &hellip; <a href=\"https:\/\/cai6.tachibana-u.ac.jp\/kyudo\/?page_id=4726\" class=\"more-link\">\u7d9a\u304d\u3092\u8aad\u3080 <span class=\"screen-reader-text\">\u4eac\u90fd\u5b66\u751f\u5f13\u9053\u9078\u624b\u6a29\u5927\u4f1a<\/span> <span class=\"meta-nav\">&rarr;<\/span><\/a><\/p>\n","protected":false},"author":1,"featured_media":0,"parent":4668,"menu_order":1,"comment_status":"closed","ping_status":"closed","template":"","meta":{"footnotes":""},"class_list":["post-4726","page","type-page","status-publish","hentry"],"_links":{"self":[{"href":"https:\/\/cai6.tachibana-u.ac.jp\/kyudo\/index.php?rest_route=\/wp\/v2\/pages\/4726","targetHints":{"allow":["GET"]}}],"collection":[{"href":"https:\/\/cai6.tachibana-u.ac.jp\/kyudo\/index.php?rest_route=\/wp\/v2\/pages"}],"about":[{"href":"https:\/\/cai6.tachibana-u.ac.jp\/kyudo\/index.php?rest_route=\/wp\/v2\/types\/page"}],"author":[{"embeddable":true,"href":"https:\/\/cai6.tachibana-u.ac.jp\/kyudo\/index.php?rest_route=\/wp\/v2\/users\/1"}],"replies":[{"embeddable":true,"href":"https:\/\/cai6.tachibana-u.ac.jp\/kyudo\/index.php?rest_route=%2Fwp%2Fv2%2Fcomments&post=4726"}],"version-history":[{"count":7,"href":"https:\/\/cai6.tachibana-u.ac.jp\/kyudo\/index.php?rest_route=\/wp\/v2\/pages\/4726\/revisions"}],"predecessor-version":[{"id":4746,"href":"https:\/\/cai6.tachibana-u.ac.jp\/kyudo\/index.php?rest_route=\/wp\/v2\/pages\/4726\/revisions\/4746"}],"up":[{"embeddable":true,"href":"https:\/\/cai6.tachibana-u.ac.jp\/kyudo\/index.php?rest_route=\/wp\/v2\/pages\/4668"}],"wp:attachment":[{"href":"https:\/\/cai6.tachibana-u.ac.jp\/kyudo\/index.php?rest_route=%2Fwp%2Fv2%2Fmedia&parent=4726"}],"curies":[{"name":"wp","href":"https:\/\/api.w.org\/{rel}","templated":true}]}}