{"id":4722,"date":"2022-06-15T21:08:21","date_gmt":"2022-06-15T12:08:21","guid":{"rendered":"https:\/\/cai6.tachibana-u.ac.jp\/kyudo\/?page_id=4722"},"modified":"2022-06-17T23:47:37","modified_gmt":"2022-06-17T14:47:37","slug":"%e6%96%b0%e4%ba%ba%e6%88%a6","status":"publish","type":"page","link":"https:\/\/cai6.tachibana-u.ac.jp\/kyudo\/?page_id=4722","title":{"rendered":"\u65b0\u4eba\u6226"},"content":{"rendered":"\n<p><strong>3\u670827\u65e5\uff08\u65e5\uff09\u3000\u65b0\u4eba\u6226\u7b2c\uff12\u56de\u6226\u3000\u5bfe\uff1a\u8fd1\u757f\u5927\u5b66\u3000\u65bc\uff1a\u4eac\u90fd\u6a58\u5927\u5b66<\/strong><\/p>\n\n\n\n<hr class=\"wp-block-separator\"\/>\n\n\n\n<p>\u8fd1\u757f\u5927\u5b66\u300056\u4e2d\u3000\u4eac\u90fd\u6a58\u5927\u5b66\u300048\u4e2d<\/p>\n\n\n\n<table class=\"wp-block-table\"><tbody><tr><td>\u677e\u5c71\u3000\u5353\u751f\uff08\u4e09\uff09<\/td><td>\u25cb\u25cb\u25cb\u00d7<\/td><td>\u25cb\u25cb\u25cb\u00d7<\/td><td>\u25cb\u25cb\u25cb\u25cb<\/td><td>10<\/td><td><br><\/td><td><br><\/td><td><br><\/td><\/tr><tr><td>\u52a0\u85e4\u3000\u4e00\u4f1a\uff08\u4e8c\uff09<\/td><td>\u00d7\u00d7\u25cb\u25cb<\/td><td>\u00d7\u25cb\u25cb\u25cb<\/td><td>\u00d7\u25cb\u25cb\u00d7<\/td><td>7<\/td><td><br><\/td><td><br><\/td><\/tr><tr><td>\u4e09\u5b85\u3000\u745e\u5b63\uff08\u4e8c\uff09<\/td><td>\u00d7\u25cb\u00d7\u00d7<\/td><td>\u00d7\u25cb\u25cb\u25cb<\/td><td>\u00d7\u25cb\u00d7\u00d7<\/td><td>5<\/td><td><br><\/td><td><br><\/td><\/tr><tr><td>\u690d\u6751\u3000\u4fee\u53f2\uff08\u4e09\uff09<\/td><td>\u00d7\u00d7\u00d7\u25cb<\/td><td>\u9ad8\u7530<br>\u00d7\u25cb\u25cb\u25cb<br><\/td><td>\u00d7\u25cb\u00d7\u00d7<\/td><td>7<\/td><td><br><\/td><td>48<\/td><\/tr><tr><td>\u5d8b\u7530\u3000\u7d71\u592a\uff08\u4e09\uff09<\/td><td>\u25cb\u25cb\u25cb\u25cb<\/td><td>\u25cb\u25cb\u25cb\u25cb<\/td><td>\u25cb\u25cb\u25cb\u25cb<\/td><td>12<\/td><td><br><\/td><td><br><\/td><\/tr><tr><td>\u5317\u5ddd\u3000\u745b\u7409\uff08\u4e09\uff09<\/td><td>\u25cb\u25cb\u25cb\u25cb<\/td><td>\u25cb\u00d7\u25cb\u25cb<\/td><td>\u00d7\u00d7\u00d7\u00d7<\/td><td>7<\/td><td><br>\n\n<\/td><\/tr><\/tbody><\/table>\n","protected":false},"excerpt":{"rendered":"<p>3\u670827\u65e5\uff08\u65e5\uff09\u3000\u65b0\u4eba\u6226\u7b2c\uff12\u56de\u6226\u3000\u5bfe\uff1a\u8fd1\u757f\u5927\u5b66\u3000\u65bc\uff1a\u4eac\u90fd\u6a58\u5927\u5b66 \u8fd1\u757f\u5927\u5b66\u300056\u4e2d\u3000\u4eac\u90fd\u6a58\u5927\u5b66\u300048\u4e2d \u677e\u5c71\u3000\u5353\u751f\uff08\u4e09\uff09 \u25cb\u25cb\u25cb\u00d7 \u25cb\u25cb\u25cb\u00d7 \u25cb\u25cb\u25cb\u25cb 10 \u52a0\u85e4\u3000\u4e00\u4f1a\uff08\u4e8c\uff09 \u00d7\u00d7\u25cb\u25cb \u00d7\u25cb\u25cb\u25cb \u00d7\u25cb\u25cb\u00d7 7 \u4e09\u5b85\u3000\u745e\u5b63\uff08 &hellip; <a href=\"https:\/\/cai6.tachibana-u.ac.jp\/kyudo\/?page_id=4722\" class=\"more-link\">\u7d9a\u304d\u3092\u8aad\u3080 <span class=\"screen-reader-text\">\u65b0\u4eba\u6226<\/span> <span class=\"meta-nav\">&rarr;<\/span><\/a><\/p>\n","protected":false},"author":1,"featured_media":0,"parent":4668,"menu_order":0,"comment_status":"closed","ping_status":"closed","template":"","meta":{"footnotes":""},"class_list":["post-4722","page","type-page","status-publish","hentry"],"_links":{"self":[{"href":"https:\/\/cai6.tachibana-u.ac.jp\/kyudo\/index.php?rest_route=\/wp\/v2\/pages\/4722","targetHints":{"allow":["GET"]}}],"collection":[{"href":"https:\/\/cai6.tachibana-u.ac.jp\/kyudo\/index.php?rest_route=\/wp\/v2\/pages"}],"about":[{"href":"https:\/\/cai6.tachibana-u.ac.jp\/kyudo\/index.php?rest_route=\/wp\/v2\/types\/page"}],"author":[{"embeddable":true,"href":"https:\/\/cai6.tachibana-u.ac.jp\/kyudo\/index.php?rest_route=\/wp\/v2\/users\/1"}],"replies":[{"embeddable":true,"href":"https:\/\/cai6.tachibana-u.ac.jp\/kyudo\/index.php?rest_route=%2Fwp%2Fv2%2Fcomments&post=4722"}],"version-history":[{"count":3,"href":"https:\/\/cai6.tachibana-u.ac.jp\/kyudo\/index.php?rest_route=\/wp\/v2\/pages\/4722\/revisions"}],"predecessor-version":[{"id":4732,"href":"https:\/\/cai6.tachibana-u.ac.jp\/kyudo\/index.php?rest_route=\/wp\/v2\/pages\/4722\/revisions\/4732"}],"up":[{"embeddable":true,"href":"https:\/\/cai6.tachibana-u.ac.jp\/kyudo\/index.php?rest_route=\/wp\/v2\/pages\/4668"}],"wp:attachment":[{"href":"https:\/\/cai6.tachibana-u.ac.jp\/kyudo\/index.php?rest_route=%2Fwp%2Fv2%2Fmedia&parent=4722"}],"curies":[{"name":"wp","href":"https:\/\/api.w.org\/{rel}","templated":true}]}}