{"id":4633,"date":"2021-09-24T11:35:47","date_gmt":"2021-09-24T02:35:47","guid":{"rendered":"https:\/\/cai6.tachibana-u.ac.jp\/kyudo\/?page_id=4633"},"modified":"2021-10-24T21:18:32","modified_gmt":"2021-10-24T12:18:32","slug":"%e3%83%aa%e3%83%bc%e3%82%b0%e6%88%a6%e3%80%80%ef%bc%88%e7%94%b7%e5%ad%90%ef%bc%89","status":"publish","type":"page","link":"https:\/\/cai6.tachibana-u.ac.jp\/kyudo\/?page_id=4633","title":{"rendered":"\u30ea\u30fc\u30b0\u6226\u3000\uff08\u7537\u5b50\uff09"},"content":{"rendered":"\n<p>\uff19\u6708\uff11\uff19\u65e5\u3000\u30ea\u30fc\u30b0\u6226\u3000\u7b2c\u4e00\u6226\u3000\u5bfe\u95a2\u897f\u5b66\u9662\u5927\u5b66\u3000\u3000<br>\u30ea\u30e2\u30fc\u30c8\u8a66\u5408<\/p>\n\n\n\n<hr class=\"wp-block-separator\"\/>\n\n\n\n<p>\u3000\u95a2\u897f\u5b66\u9662\u5927\u5b66\u3000119\u4e2d\u3000\u3000\u4eac\u90fd\u6a58\u5927\u5b66\u3000128\u4e2d<\/p>\n\n\n\n<table class=\"wp-block-table alignwide has-fixed-layout is-style-regular\"><tbody><tr><td>\u6e05\u6c34\u7fd4\u592a\uff08\u4e09\uff09<\/td><td>\u25cb\u00d7\u25cb\u00d7<\/td><td>\u25cb\u25cb\u25cb\u25cb<\/td><td> \u25cb\u25cb\u25cb\u25cb <\/td><td>\u25cb\u25cb\u25cb\u25cb <\/td><td>\u25cb\u25cb\u25cb\u25cb <\/td><td>18<\/td><td>61<br><\/td><\/tr><tr><td>\u5cb8\u91ce\u822a\u54c9\uff08\u56db\uff09<\/td><td>\u00d7\u25cb\u00d7\u25cb<\/td><td>\u25cb\u25cb\u25cb\u25cb <\/td><td> \u25cb\u25cb\u25cb\u00d7<\/td><td>\u25cb\u25cb\u25cb\u00d7<\/td><td> \u25cb\u25cb\u25cb\u00d7<\/td><td>16<\/td><\/tr><tr><td>\u5c0f\u63a0\u592a\u5730\uff08\u4e8c\uff09<\/td><td>\u00d7\u25cb\u00d7\u25cb<\/td><td>\u25cb\u25cb\u00d7\u00d7<\/td><td>\u5c0f\u5c71\u3000\u25cb\u25cb\u00d7\u25cb<\/td><td>\u25cb\u00d7\u25cb\u00d7<\/td><td>\u00d7\u00d7\u25cb\u25cb<\/td><td>11<\/td><\/tr><tr><td>\u4e0a\u7530\u672a\u6765\u4eba\uff08\u56db\uff09<\/td><td>\u25cb\u25cb\u00d7\u25cb<\/td><td>\u25cb\u25cb\u25cb\u25cb <\/td><td> \u25cb\u25cb\u25cb\u25cb <\/td><td>\u25cb\u25cb\u25cb\u25cb<\/td><td>\u00d7\u25cb\u00d7\u25cb<\/td><td>17<\/td><\/tr><\/tbody><\/table>\n\n\n\n<table class=\"wp-block-table alignwide has-fixed-layout is-style-regular\"><tbody><tr><td>\u65b0\u5c71\u7ae0\u592a\u90ce\uff08\u4e00\uff09<\/td><td>\u25cb\u25cb\u25cb\u25cb<\/td><td>\u25cb\u25cb\u25cb\u25cb<\/td><td>\u25cb\u25cb\u25cb\u00d7<\/td><td> \u25cb\u25cb\u25cb\u25cb <\/td><td>\u25cb\u25cb\u25cb\u00d7<\/td><td>18<\/td><td>67<br><\/td><\/tr><tr><td>\u677e\u5c71\u5353\u751f\uff08\u4e8c\uff09<\/td><td>\u25cb\u00d7\u25cb\u25cb<\/td><td>\u25cb\u25cb\u25cb\u25cb<\/td><td>\u25cb\u25cb\u25cb\u25cb<\/td><td>\u25cb\u25cb\u25cb\u00d7<\/td><td>\u25cb\u25cb\u00d7\u25cb<\/td><td>17<\/td><\/tr><tr><td>\u90e1\u5805\u4e8c\u90ce\uff08\u4e09\uff09<\/td><td> \u25cb\u25cb\u25cb\u25cb <\/td><td>\u00d7\u00d7\u25cb\u25cb<\/td><td>\u25cb\u00d7\u25cb\u25cb<\/td><td>\u25cb\u00d7\u00d7\u25cb<\/td><td>\u25cb\u00d7\u25cb\u25cb<\/td><td>14<\/td><\/tr><tr><td> \u4e09\u8c37\u5149\u6689 \uff08\u56db\uff09<\/td><td>\u25cb\u25cb\u00d7\u25cb<\/td><td>\u25cb\u25cb\u25cb\u00d7<\/td><td> \u25cb\u25cb\u25cb\u25cb <\/td><td> \u25cb\u25cb\u25cb\u25cb <\/td><td> \u25cb\u25cb\u25cb\u25cb <\/td><td>18<\/td><\/tr><\/tbody><\/table>\n\n\n\n<hr class=\"wp-block-separator\"\/>\n\n\n<p>\uff19\u6708\uff12\uff16\u65e5\u3000\u30ea\u30fc\u30b0\u6226\u3000\u7b2c\uff12\u6226\u3000\u5bfe\u8fd1\u757f\u5927\u5b66\u3000\u3000<br>\u30ea\u30e2\u30fc\u30c8\u8a66\u5408<!--StartFragment--><\/p>\n\n\n<p>\u8fd1\u757f\u5927\u5b66\u3000124\u4e2d\u3000\u4eac\u90fd\u6a58\u5927\u5b66\u3000128\u4e2d<\/p>\n\n\n\n<table class=\"wp-block-table alignwide has-fixed-layout is-style-regular\"><tbody><tr><td>\u6e05\u6c34\u7fd4\u592a\uff08\u4e09\uff09<\/td><td>\u25cb\u25cb\u25cb\u25cb<\/td><td>\u25cb\u25cb\u25cb\u25cb<\/td><td> \u25cb\u25cb\u00d7\u00d7<\/td><td>\u25cb\u25cb\u25cb\u25cb <\/td><td>\u25cb\u25cb\u25cb\u25cb <\/td><td>18<\/td><td>62<br><\/td><\/tr><tr><td>\u5cb8\u91ce\u822a\u54c9\uff08\u56db\uff09<\/td><td>\u00d7\u25cb\u00d7\u25cb<\/td><td>\u25cb\u25cb\u00d7\u00d7<\/td><td> \u5c0f\u63a0\u00d7\u25cb\u00d7\u25cb<\/td><td>\u25cb\u25cb\u25cb\u00d7<\/td><td> \u25cb\u25cb\u25cb\u25cb<\/td><td>13<\/td><\/tr><tr><td>\u5c0f\u5c71\u5bdb\u81f3\uff08\u56db\uff09<\/td><td>\u00d7\u25cb\u00d7\u25cb<\/td><td>\u25cb\u25cb\u25cb\u25cb<\/td><td>\u25cb\u25cb\u25cb\u00d7<\/td><td>\u25cb\u25cb\u25cb\u00d7<\/td><td>\u25cb\u00d7\u25cb\u00d7<\/td><td>14<\/td><\/tr><tr><td>\u4e0a\u7530\u672a\u6765\u4eba\uff08\u56db\uff09<\/td><td>\u25cb\u25cb\u00d7\u25cb<\/td><td>\u25cb\u25cb\u25cb\u25cb <\/td><td> \u25cb\u25cb\u25cb\u25cb <\/td><td>\u25cb\u25cb\u25cb\u25cb<\/td><td>\u25cb\u00d7\u00d7\u25cb<\/td><td>17<\/td><\/tr><\/tbody><\/table>\n\n\n\n<table class=\"wp-block-table alignwide has-fixed-layout is-style-regular\"><tbody><tr><td>\u65b0\u5c71\u7ae0\u592a\u90ce\uff08\u4e00\uff09<\/td><td>\u25cb\u25cb\u25cb\u25cb<\/td><td>\u25cb\u00d7\u00d7\u25cb<\/td><td>\u25cb\u25cb\u25cb\u25cb<\/td><td> \u25cb\u25cb\u25cb\u25cb <\/td><td>\u25cb\u25cb\u25cb\u00d7<\/td><td>17<\/td><td>66<br><\/td><\/tr><tr><td>\u690d\u6751\u4fee\u53f2\uff08\u4e8c\uff09<\/td><td>\u25cb\u25cb\u25cb\u25cb<\/td><td>\u25cb\u25cb\u25cb\u25cb<\/td><td>\u25cb\u00d7\u00d7\u00d7<\/td><td>\u00d7\u00d7\u00d7\u25cb<\/td><td>\u677e\u5c71\u25cb\u25cb\u25cb\u25cb<\/td><td>14<\/td><\/tr><tr><td>\u90e1\u5805\u4e8c\u90ce\uff08\u4e09\uff09<\/td><td> \u25cb\u00d7\u25cb\u25cb <\/td><td>\u25cb\u25cb\u25cb\u00d7<\/td><td>\u25cb\u25cb\u25cb\u25cb<\/td><td>\u25cb\u25cb\u00d7\u25cb<\/td><td>\u25cb\u25cb\u25cb\u25cb<\/td><td>17<\/td><\/tr><tr><td> \u4e09\u8c37\u5149\u6689 \uff08\u56db\uff09<\/td><td>\u25cb\u25cb\u25cb\u25cb<\/td><td>\u25cb\u25cb\u25cb\u25cb<\/td><td> \u00d7\u25cb\u25cb\u25cb <\/td><td> \u25cb\u25cb\u25cb\u25cb <\/td><td> \u25cb\u25cb\u00d7\u25cb <\/td><td>18<\/td><\/tr><\/tbody><\/table>\n\n\n<p><!--EndFragment--><\/p>\n<p>\uff11\uff10\u6708\uff13\u65e5\u3000\u30ea\u30fc\u30b0\u6226\u3000\u7b2c\uff13\u6226\u3000\u5bfe\u5929\u7406\u5927\u5b66\u3000\u3000<br>\u30ea\u30e2\u30fc\u30c8\u8a66\u5408<\/p>\n\n\n<p> \u5929\u7406\u5927\u5b66\u3000106\u4e2d\u3000\u4eac\u90fd\u6a58\u5927\u5b66\u3000116\u4e2d <\/p>\n\n\n\n<table class=\"wp-block-table\"><tbody><tr><td>\u6e05\u6c34\u7fd4\u592a\uff08\u4e09\uff09<\/td><td>\u25cb\u00d7\u25cb\u25cb<\/td><td>\u25cb\u25cb\u25cb\u00d7<\/td><td> \u25cb\u25cb\u25cb\u25cb<\/td><td>\u25cb\u25cb\u00d7\u25cb <\/td><td>\u25cb\u00d7\u00d7\u25cb <\/td><td>15<\/td><td>53<\/td><\/tr><tr><td>\u5cb8\u91ce\u822a\u54c9\uff08\u56db\uff09<\/td><td>\u25cb\u25cb\u25cb\u25cb<\/td><td>\u00d7\u00d7\u25cb\u00d7<\/td><td> \u9ce5\u5c45\u00d7\u25cb\u00d7\u25cb<\/td><td>\u00d7\u00d7\u25cb\u25cb<\/td><td> \u25cb\u00d7\u00d7\u00d7<\/td><td>11<\/td><\/tr><tr><td>\u5317\u5ddd\u745b\u7409\uff08\u4e8c\uff09<\/td><td>\u25cb\u25cb\u25cb\u25cb<\/td><td>\u25cb\u00d7\u25cb\u25cb<\/td><td>\u00d7\u25cb\u25cb\u00d7<\/td><td>\u00d7\u25cb\u00d7\u25cb<\/td><td>\u6cb3\u53e3\u00d7\u00d7\u00d7\u00d7<\/td><td>11<\/td><\/tr><tr><td>\u4e0a\u7530\u672a\u6765\u4eba\uff08\u56db\uff09<\/td><td>\u25cb\u25cb\u25cb\u25cb<\/td><td>\u25cb\u25cb\u25cb\u25cb <\/td><td> \u00d7\u00d7\u25cb\u25cb <\/td><td>\u25cb\u25cb\u25cb\u00d7<\/td><td>\u25cb\u25cb\u00d7\u25cb<\/td><td>16<\/td><\/tr><\/tbody><\/table>\n\n\n\n<table class=\"wp-block-table\"><tbody><tr><td>\u65b0\u5c71\u7ae0\u592a\u90ce\uff08\u4e00\uff09<\/td><td>\u25cb\u25cb\u25cb\u00d7<\/td><td>\u25cb\u25cb\u00d7\u25cb<\/td><td>\u25cb\u25cb\u00d7\u25cb<\/td><td> \u25cb\u25cb\u25cb\u25cb <\/td><td>\u25cb\u25cb\u25cb\u25cb<\/td><td>17<\/td><td>63<br><\/td><\/tr><tr><td>\u5c0f\u5c71\u5bdb\u81f3\uff08\u56db\uff09<\/td><td>\u00d7\u25cb\u25cb\u25cb<\/td><td>\u25cb\u25cb\u25cb\u00d7<\/td><td>\u00d7\u00d7\u25cb\u25cb<\/td><td>\u25cb\u00d7\u00d7\u25cb<\/td><td>\u6d6e\u7530\u00d7\u25cb\u25cb\u00d7<\/td><td>12<\/td><\/tr><tr><td>\u90e1\u5805\u4e8c\u90ce\uff08\u4e09\uff09<\/td><td> \u00d7\u25cb\u25cb\u25cb<\/td><td>\u25cb\u25cb\u25cb\u25cb<\/td><td>\u25cb\u00d7\u25cb\u25cb<\/td><td>\u25cb\u25cb\u00d7\u25cb<\/td><td>\u00d7\u25cb\u25cb\u00d7<\/td><td>15<\/td><\/tr><tr><td> \u4e09\u8c37\u5149\u6689\uff08\u56db\uff09<\/td><td>\u25cb\u25cb\u25cb\u25cb<\/td><td>\u25cb\u25cb\u25cb\u25cb<\/td><td> \u25cb\u25cb\u25cb\u25cb <\/td><td> \u25cb\u25cb\u00d7\u25cb <\/td><td> \u25cb\u25cb\u25cb\u25cb <\/td><td>19<\/td><\/tr><\/tbody><\/table>\n\n\n\n<p>\uff11\uff10\u6708\uff11\uff17\u65e5\u3000\u30ea\u30fc\u30b0\u6226\u3000\u7b2c\uff14\u6226\u3000\u5bfe\u95a2\u897f\u5927\u5b66\u3000\u3000<br>\u30ea\u30e2\u30fc\u30c8\u8a66\u5408  <br><\/p>\n\n\n\n<p>\n\n\u95a2\u897f\u5927\u5b66\u3000127\u4e2d\u3000\u4eac\u90fd\u6a58\u5927\u5b66\u3000119\u4e2d\n\n<\/p>\n\n\n\n<table class=\"wp-block-table\"><tbody><tr><td>\u6e05\u6c34\u7fd4\u592a\uff08\u4e09\uff09<\/td><td>\u00d7\u25cb\u25cb\u25cb<\/td><td>\u25cb\u25cb\u25cb\u25cb<\/td><td> \u25cb\u25cb\u25cb\u25cb<\/td><td>\u25cb\u25cb\u25cb\u00d7 <\/td><td>\u00d7\u00d7\u00d7\u25cb <\/td><td>15<\/td><td>58<\/td><\/tr><tr><td>\u5317\u5ddd\u745b\u7409\uff08\u4e8c\uff09<\/td><td>\u25cb\u00d7\u00d7\u25cb<\/td><td>\u25cb\u25cb\u00d7\u00d7<\/td><td> \u677e\u5c71\u00d7\u25cb\u00d7\u00d7<\/td><td>\u00d7\u00d7\u00d7\u25cb<\/td><td> \u5c0f\u690b\u25cb\u00d7\u25cb\u00d7<\/td><td>8<\/td><\/tr><tr><td>\u6d6e\u7530\u548c\u54c9\uff08\u56db\uff09<\/td><td>\u00d7\u25cb\u25cb\u25cb<\/td><td>\u25cb\u25cb\u25cb\u25cb<\/td><td>\u25cb\u25cb\u25cb\u25cb<\/td><td>\u25cb\u25cb\u25cb\u25cb<\/td><td>\u25cb\u25cb\u25cb\u25cb<\/td><td>19<\/td><\/tr><tr><td>\u4e0a\u7530\u672a\u6765\u4eba\uff08\u56db\uff09<\/td><td>\u25cb\u00d7\u25cb\u25cb<\/td><td>\u00d7\u25cb\u25cb\u25cb <\/td><td> \u00d7\u25cb\u25cb\u25cb <\/td><td>\u25cb\u25cb\u25cb\u25cb<\/td><td>\u25cb\u00d7\u25cb\u25cb<\/td><td>16<\/td><\/tr><\/tbody><\/table>\n\n\n\n<table class=\"wp-block-table\"><tbody><tr><td>\u65b0\u5c71\u7ae0\u592a\u90ce\uff08\u4e00\uff09<\/td><td>\u25cb\u25cb\u00d7\u25cb<\/td><td>\u25cb\u25cb\u25cb\u25cb<\/td><td>\u25cb\u00d7\u25cb\u25cb<\/td><td> \u25cb\u25cb\u25cb\u25cb <\/td><td>\u25cb\u25cb\u25cb\u00d7<\/td><td>17<\/td><td>61<br><\/td><\/tr><tr><td>\u690d\u6751\u4fee\u53f2\uff08\u4e8c\uff09<\/td><td>\u00d7\u25cb\u25cb\u25cb<\/td><td>\u00d7\u25cb\u00d7\u25cb<\/td><td>\u25cb\u00d7\u25cb\u25cb<\/td><td>\u25cb\u00d7\u25cb\u25cb<\/td><td>\u25cb\u25cb\u25cb\u00d7<\/td><td>14<\/td><\/tr><tr><td>\u90e1\u5805\u4e8c\u90ce\uff08\u4e09\uff09<\/td><td> \u25cb\u25cb\u25cb\u25cb<\/td><td>\u25cb\u25cb\u25cb\u00d7<\/td><td>\u25cb\u25cb\u00d7\u25cb<\/td><td>\u25cb\u25cb\u25cb\u25cb<\/td><td>\u00d7\u00d7\u25cb\u00d7<\/td><td>15<\/td><\/tr><tr><td> \u4e09\u8c37\u5149\u6689\uff08\u56db\uff09<\/td><td>\u00d7\u00d7\u25cb\u00d7<\/td><td>\u25cb\u25cb\u25cb\u00d7<\/td><td> \u25cb\u25cb\u25cb\u25cb <\/td><td> \u25cb\u25cb\u25cb\u25cb <\/td><td> \u00d7\u25cb\u25cb\u25cb <\/td><td>15<\/td><\/tr><\/tbody><\/table>\n\n\n\n<p> \uff11\uff10\u6708\uff12\uff14\u65e5\u3000\u30ea\u30fc\u30b0\u6226\u3000\u9806\u4f4d\u6c7a\u5b9a\u6226\u3000\u5bfe\u95a2\u897f\u5927\u5b66\u3000\u5bfe\u95a2\u897f\u5b66\u9662\u5927\u5b66\u3000<br>\u30ea\u30e2\u30fc\u30c8\u8a66\u5408 <\/p>\n\n\n\n<p>\u95a2\u897f\u5927\u5b66\u3000117\u4e2d\u3000\u95a2\u897f\u5b66\u9662\u5927\u5b66120\u4e2d\u3000\u4eac\u90fd\u6a58\u5927\u5b66\u3000121\u4e2d  <\/p>\n\n\n\n<table class=\"wp-block-table\"><tbody><tr><td>\u6e05\u6c34\u7fd4\u592a\uff08\u4e09\uff09<\/td><td>\u25cb\u25cb\u25cb\u25cb<\/td><td>\u25cb\u25cb\u25cb\u25cb<\/td><td> \u00d7\u25cb\u25cb\u00d7<\/td><td>\u25cb\u00d7\u25cb\u25cb<\/td><td>\u25cb\u25cb\u00d7\u25cb <\/td><td>16<\/td><td>57<\/td><\/tr><tr><td>\u5c0f\u5c71\u5bdb\u81f3\uff08\u56db\uff09<\/td><td>\u00d7\u00d7\u25cb\u25cb<\/td><td>\u00d7\u00d7\u25cb\u00d7<\/td><td> \u5317\u5ddd\u00d7\u25cb\u25cb\u00d7<\/td><td>\u25cb\u25cb\u25cb\u25cb<\/td><td>\u00d7\u00d7\u25cb\u25cb<\/td><td>11<\/td><\/tr><tr><td>\u677e\u5c71\u5353\u751f\uff08\u4e8c\uff09<\/td><td>\u25cb\u25cb\u00d7\u25cb<\/td><td>\u25cb\u25cb\u25cb\u25cb<\/td><td>\u00d7\u25cb\u25cb\u25cb<\/td><td>\u25cb\u00d7\u25cb\u25cb<\/td><td>\u25cb\u00d7\u25cb\u25cb<\/td><td>16<\/td><\/tr><tr><td>\u6d6e\u7530\u548c\u54c9\uff08\u56db\uff09<\/td><td>\u25cb\u00d7\u00d7\u25cb<\/td><td>\u25cb\u00d7\u00d7\u25cb <\/td><td> \u25cb\u25cb\u25cb\u25cb <\/td><td>\u00d7\u25cb\u25cb\u25cb<\/td><td>\u25cb\u25cb\u25cb\u00d7<\/td><td>14<\/td><\/tr><\/tbody><\/table>\n\n\n\n<table class=\"wp-block-table\"><tbody><tr><td>\u65b0\u5c71\u7ae0\u592a\u90ce\uff08\u4e00\uff09<\/td><td>\u00d7\u25cb\u25cb\u25cb<\/td><td>\u25cb\u25cb\u25cb\u25cb<\/td><td>\u25cb\u25cb\u25cb\u25cb<\/td><td> \u25cb\u25cb\u25cb\u25cb <\/td><td>\u25cb\u25cb\u25cb\u25cb<\/td><td>19<\/td><td>64<br><\/td><\/tr><tr><td>\u6ff1\u5d0e\u65fa\u4ecb\uff08\u4e00\uff09<\/td><td>\u00d7\u25cb\u25cb\u25cb<\/td><td>\u00d7\u25cb\u25cb\u25cb<\/td><td>\u25cb\u25cb\u25cb\u00d7<\/td><td>\u25cb\u00d7\u25cb\u00d7<\/td><td>\u25cb\u25cb\u00d7\u25cb<\/td><td>14<\/td><\/tr><tr><td>\u90e1\u5805\u4e8c\u90ce\uff08\u4e09\uff09<\/td><td> \u25cb\u25cb\u25cb\u25cb<\/td><td>\u25cb\u25cb\u25cb\u25cb<\/td><td>\u25cb\u25cb\u25cb\u25cb<\/td><td>\u25cb\u25cb\u25cb\u00d7<\/td><td>\u25cb\u00d7\u25cb\u00d7<\/td><td>17<\/td><\/tr><tr><td> \u4e09\u8c37\u5149\u6689\uff08\u56db\uff09<\/td><td>\u25cb\u00d7\u25cb\u25cb<\/td><td>\u25cb\u25cb\u00d7\u25cb<\/td><td> \u25cb\u00d7\u25cb\u00d7 <\/td><td> \u00d7\u25cb\u25cb\u00d7 <\/td><td> \u25cb\u25cb\u25cb\u25cb <\/td><td>14<\/td><\/tr><\/tbody><\/table>\n\n\n\n<p><br><\/p>\n","protected":false},"excerpt":{"rendered":"<p>\uff19\u6708\uff11\uff19\u65e5\u3000\u30ea\u30fc\u30b0\u6226\u3000\u7b2c\u4e00\u6226\u3000\u5bfe\u95a2\u897f\u5b66\u9662\u5927\u5b66\u3000\u3000\u30ea\u30e2\u30fc\u30c8\u8a66\u5408 \u3000\u95a2\u897f\u5b66\u9662\u5927\u5b66\u3000119\u4e2d\u3000\u3000\u4eac\u90fd\u6a58\u5927\u5b66\u3000128\u4e2d \u6e05\u6c34\u7fd4\u592a\uff08\u4e09\uff09 \u25cb\u00d7\u25cb\u00d7 \u25cb\u25cb\u25cb\u25cb \u25cb\u25cb\u25cb\u25cb \u25cb\u25cb\u25cb\u25cb \u25cb\u25cb\u25cb\u25cb 18 61 \u5cb8\u91ce\u822a\u54c9\uff08\u56db\uff09 \u00d7\u25cb\u00d7\u25cb \u25cb\u25cb &hellip; <a href=\"https:\/\/cai6.tachibana-u.ac.jp\/kyudo\/?page_id=4633\" class=\"more-link\">\u7d9a\u304d\u3092\u8aad\u3080 <span class=\"screen-reader-text\">\u30ea\u30fc\u30b0\u6226\u3000\uff08\u7537\u5b50\uff09<\/span> <span class=\"meta-nav\">&rarr;<\/span><\/a><\/p>\n","protected":false},"author":1,"featured_media":0,"parent":4408,"menu_order":5,"comment_status":"closed","ping_status":"closed","template":"","meta":{"footnotes":""},"class_list":["post-4633","page","type-page","status-publish","hentry"],"_links":{"self":[{"href":"https:\/\/cai6.tachibana-u.ac.jp\/kyudo\/index.php?rest_route=\/wp\/v2\/pages\/4633","targetHints":{"allow":["GET"]}}],"collection":[{"href":"https:\/\/cai6.tachibana-u.ac.jp\/kyudo\/index.php?rest_route=\/wp\/v2\/pages"}],"about":[{"href":"https:\/\/cai6.tachibana-u.ac.jp\/kyudo\/index.php?rest_route=\/wp\/v2\/types\/page"}],"author":[{"embeddable":true,"href":"https:\/\/cai6.tachibana-u.ac.jp\/kyudo\/index.php?rest_route=\/wp\/v2\/users\/1"}],"replies":[{"embeddable":true,"href":"https:\/\/cai6.tachibana-u.ac.jp\/kyudo\/index.php?rest_route=%2Fwp%2Fv2%2Fcomments&post=4633"}],"version-history":[{"count":20,"href":"https:\/\/cai6.tachibana-u.ac.jp\/kyudo\/index.php?rest_route=\/wp\/v2\/pages\/4633\/revisions"}],"predecessor-version":[{"id":4694,"href":"https:\/\/cai6.tachibana-u.ac.jp\/kyudo\/index.php?rest_route=\/wp\/v2\/pages\/4633\/revisions\/4694"}],"up":[{"embeddable":true,"href":"https:\/\/cai6.tachibana-u.ac.jp\/kyudo\/index.php?rest_route=\/wp\/v2\/pages\/4408"}],"wp:attachment":[{"href":"https:\/\/cai6.tachibana-u.ac.jp\/kyudo\/index.php?rest_route=%2Fwp%2Fv2%2Fmedia&parent=4633"}],"curies":[{"name":"wp","href":"https:\/\/api.w.org\/{rel}","templated":true}]}}