{"id":3879,"date":"2020-12-02T10:55:04","date_gmt":"2020-12-02T01:55:04","guid":{"rendered":"https:\/\/cai6.tachibana-u.ac.jp\/kyudo\/?page_id=3879"},"modified":"2020-12-02T10:55:04","modified_gmt":"2020-12-02T01:55:04","slug":"%e5%85%a8%e6%97%a5%e6%9c%ac%e5%ad%a6%e7%94%9f%e5%bc%93%e9%81%93%e9%81%b8%e6%89%8b%e6%a8%a9%e5%a4%a7%e4%bc%9a%ef%bc%88%e3%82%a4%e3%83%b3%e3%82%ab%e3%83%ac%ef%bc%89","status":"publish","type":"page","link":"https:\/\/cai6.tachibana-u.ac.jp\/kyudo\/?page_id=3879","title":{"rendered":"\u5168\u65e5\u672c\u5b66\u751f\u5f13\u9053\u9078\u624b\u6a29\u5927\u4f1a\uff08\u30a4\u30f3\u30ab\u30ec\uff09"},"content":{"rendered":"<p>&nbsp;<\/p>\n<p>&nbsp;<\/p>\n<p>&nbsp;<\/p>\n<p><b>11\u670829\u65e5\u3000\u65bc:\u30b5\u30f3\u30fb\u30d3\u30ec\u30c3\u30b8\u8fd1\u6c5f\u516b\u5e61<\/b><\/p>\n<hr size=\"1\" width=\"70%\" \/>\n<p><span style=\"font-size: x-large;\"><br \/>\n<b>\u56e3\u4f53\uff08\u8fd1\u7684\uff09<\/b><br \/>\n<\/span><\/p>\n<hr size=\"1\" width=\"70%\" \/>\n<p><b>\u7537\u5b50\u56e3\u4f53<\/b><\/p>\n<table style=\"height: 206px;\" border=\"1\" width=\"603\">\n<tbody>\n<tr>\n<td>\u4e2d\u6751\u3000\u900f\u4e5f\uff08\u56db\uff09<\/td>\n<td>\u25cb\u25cb\u25cb\u25cb<\/td>\n<td colspan=\"2\">\u7686<\/td>\n<td rowspan=\"5\">18<\/td>\n<\/tr>\n<tr>\n<td>\u526f\u7530\u3000\u8846\u58eb\uff08\u56db\uff09<\/td>\n<td>\u25cb\u25cb\u25cb\u00d7<\/td>\n<td colspan=\"2\">3<\/td>\n<td rowspan=\"5\">18<\/td>\n<\/tr>\n<tr>\n<td>\u90e1\u3000\u5805\u4e8c\u90ce\uff08\u4e8c\uff09<\/td>\n<td>\u25cb\u00d7\u25cb\u25cb<\/td>\n<td colspan=\"2\">3<\/td>\n<\/tr>\n<tr>\n<td>\u4e09\u8c37\u3000\u5149\u8f1d\uff08\u4e09\uff09<\/td>\n<td>\u25cb\u25cb\u25cb\u25cb<\/td>\n<td colspan=\"2\">\u7686<\/td>\n<\/tr>\n<tr>\n<td>\u5c0f\u6839\u7530\u3000\u5bdb\u592a\uff08\u56db\uff09<\/td>\n<td>\u25cb\u25cb\u25cb\u25cb<\/td>\n<td colspan=\"2\">\u7686<\/td>\n<\/tr>\n<\/tbody>\n<\/table>\n<p><b>\u6c7a\u52dd\u9032\u51fa<\/b><\/p>\n<p>&nbsp;<\/p>\n<p><b>\u5973\u5b50\u56e3\u4f53<\/b><\/p>\n<table border=\"1\">\n<tbody>\n<tr>\n<td>\u85cf\u5185\u3000\u4fdd\u4e43\u52a0\uff08\u4e8c\uff09<\/td>\n<td>\u25cb\u25cb\u25cb\u25cb<\/td>\n<td colspan=\"2\">\u7686<\/td>\n<td rowspan=\"3\">8<\/td>\n<\/tr>\n<tr>\n<td>\u5c71\u5f62\u3000\u7a93\u5b50\uff08\u56db\uff09<\/td>\n<td>\u25cb\u25cb\u25cb\u25cb<\/td>\n<td colspan=\"2\">\u7686<\/td>\n<\/tr>\n<tr>\n<td>\u5c71\u6839\u306a\u3064\u307f\uff08\u4e09\uff09<\/td>\n<td>\u00d7\u00d7\u00d7\u00d7<\/td>\n<td colspan=\"2\">\u6b8b<\/td>\n<\/tr>\n<\/tbody>\n<\/table>\n<p><strong>\u4e88\u9078\u6557\u9000<\/strong><\/p>\n","protected":false},"excerpt":{"rendered":"<p>&nbsp; &nbsp; &nbsp; 11\u670829\u65e5\u3000\u65bc:\u30b5\u30f3\u30fb\u30d3\u30ec\u30c3\u30b8\u8fd1\u6c5f\u516b\u5e61 \u56e3\u4f53\uff08\u8fd1\u7684\uff09 \u7537\u5b50\u56e3\u4f53 \u4e2d\u6751\u3000\u900f\u4e5f\uff08\u56db\uff09 \u25cb\u25cb\u25cb\u25cb \u7686 18 \u526f\u7530\u3000\u8846\u58eb\uff08\u56db\uff09 \u25cb\u25cb\u25cb\u00d7 3 18 \u90e1\u3000\u5805\u4e8c\u90ce\uff08\u4e8c\uff09 \u25cb\u00d7\u25cb\u25cb 3 \u4e09\u8c37 &hellip; <a href=\"https:\/\/cai6.tachibana-u.ac.jp\/kyudo\/?page_id=3879\" class=\"more-link\">\u7d9a\u304d\u3092\u8aad\u3080 <span class=\"screen-reader-text\">\u5168\u65e5\u672c\u5b66\u751f\u5f13\u9053\u9078\u624b\u6a29\u5927\u4f1a\uff08\u30a4\u30f3\u30ab\u30ec\uff09<\/span> <span class=\"meta-nav\">&rarr;<\/span><\/a><\/p>\n","protected":false},"author":1,"featured_media":0,"parent":3781,"menu_order":2,"comment_status":"closed","ping_status":"closed","template":"","meta":{"footnotes":""},"class_list":["post-3879","page","type-page","status-publish","hentry"],"_links":{"self":[{"href":"https:\/\/cai6.tachibana-u.ac.jp\/kyudo\/index.php?rest_route=\/wp\/v2\/pages\/3879","targetHints":{"allow":["GET"]}}],"collection":[{"href":"https:\/\/cai6.tachibana-u.ac.jp\/kyudo\/index.php?rest_route=\/wp\/v2\/pages"}],"about":[{"href":"https:\/\/cai6.tachibana-u.ac.jp\/kyudo\/index.php?rest_route=\/wp\/v2\/types\/page"}],"author":[{"embeddable":true,"href":"https:\/\/cai6.tachibana-u.ac.jp\/kyudo\/index.php?rest_route=\/wp\/v2\/users\/1"}],"replies":[{"embeddable":true,"href":"https:\/\/cai6.tachibana-u.ac.jp\/kyudo\/index.php?rest_route=%2Fwp%2Fv2%2Fcomments&post=3879"}],"version-history":[{"count":2,"href":"https:\/\/cai6.tachibana-u.ac.jp\/kyudo\/index.php?rest_route=\/wp\/v2\/pages\/3879\/revisions"}],"predecessor-version":[{"id":3881,"href":"https:\/\/cai6.tachibana-u.ac.jp\/kyudo\/index.php?rest_route=\/wp\/v2\/pages\/3879\/revisions\/3881"}],"up":[{"embeddable":true,"href":"https:\/\/cai6.tachibana-u.ac.jp\/kyudo\/index.php?rest_route=\/wp\/v2\/pages\/3781"}],"wp:attachment":[{"href":"https:\/\/cai6.tachibana-u.ac.jp\/kyudo\/index.php?rest_route=%2Fwp%2Fv2%2Fmedia&parent=3879"}],"curies":[{"name":"wp","href":"https:\/\/api.w.org\/{rel}","templated":true}]}}