{"id":3611,"date":"2019-09-12T14:41:29","date_gmt":"2019-09-12T05:41:29","guid":{"rendered":"https:\/\/cai6.tachibana-u.ac.jp\/kyudo\/?page_id=3611"},"modified":"2019-11-01T14:37:04","modified_gmt":"2019-11-01T05:37:04","slug":"%e3%83%aa%e3%83%bc%e3%82%b0%e6%88%a6%ef%bc%88%e5%a5%b3%e5%ad%90%ef%bc%89","status":"publish","type":"page","link":"https:\/\/cai6.tachibana-u.ac.jp\/kyudo\/?page_id=3611","title":{"rendered":"\u30ea\u30fc\u30b0\u6226\uff08\u5973\u5b50\uff09"},"content":{"rendered":"<p>\uff19\u6708\uff18\u65e5\u3000\u30ea\u30fc\u30b0\u6226\u3000\u7b2c\u4e00\u6226\u3000\u5bfe\u4f5b\u6559\u5927\u5b66<br \/>\n\u65bc\u3000\u9f8d\u8c37\u5927\u5b66<\/p>\n<hr size=\"1\" width=\"70%\" \/>\n<p>\u5148\u653b\u3000\u4eac\u90fd\u6a58\u5927\u5b66\u300063\u4e2d\u3000\u5f8c\u653b\u3000\u4f5b\u6559\u5927\u5b66\u300039\u4e2d<\/p>\n<table width=\"756\">\n<tbody>\n<tr>\n<td width=\"207\">\u5c71\u6839\u3000\u306a\u3064\u307f\uff08\u4e8c\uff09<\/td>\n<td width=\"72\">\u25cb\u25cb\u25cb\u00d7<\/td>\n<td width=\"72\">\u25cb\u25cb\u25cb\u25cb<\/td>\n<td width=\"72\">\u25cb\u00d7\u25cb\u25cb<\/td>\n<td width=\"94\">\u25cb\u25cb\u00d7\u25cb<\/td>\n<td width=\"95\">\u25cb\u25cb\u25cb\u25cb<\/td>\n<td width=\"72\">17<\/td>\n<td rowspan=\"4\" width=\"72\">63<\/td>\n<\/tr>\n<tr>\n<td>\u5e83\u702c\u3000\u611b\u4f73\uff08\u56db\uff09<\/td>\n<td>\u25cb\u25cb\u25cb\u00d7<\/td>\n<td>\u00d7\u25cb\u25cb\u25cb<\/td>\n<td>\u00d7\u25cb\u00d7\u25cb<\/td>\n<td>\u25cb\u25cb\u25cb\u25cb<\/td>\n<td>\u25cb\u25cb\u00d7\u25cb<\/td>\n<td>15<\/td>\n<\/tr>\n<tr>\n<td>\u4e09\u6d66\u3000\u831c\uff08\u56db\uff09<\/td>\n<td>\u25cb\u25cb\u00d7\u25cb<\/td>\n<td>\u00d7\u25cb\u25cb\u25cb<\/td>\n<td width=\"104\">\u00d7\u25cb\u25cb\u25cb<\/td>\n<td>\u00d7\u25cb\u00d7\u25cb<\/td>\n<td>\u5ca1\u5d0e\u00d7\u00d7\u00d7\u00d7<\/td>\n<td>11<\/td>\n<\/tr>\n<tr>\n<td>\u5c71\u5f62\u3000\u7a93\u5b50\uff08\u4e09\uff09<\/td>\n<td>\u25cb\u25cb\u25cb\u25cb<\/td>\n<td>\u25cb\u25cb\u25cb\u25cb<\/td>\n<td>\u25cb\u25cb\u25cb\u25cb<\/td>\n<td>\u25cb\u25cb\u25cb\u25cb<\/td>\n<td>\u25cb\u25cb\u25cb\u25cb<\/td>\n<td>\u7686<\/td>\n<\/tr>\n<\/tbody>\n<\/table>\n<hr size=\"1\" width=\"70%\" \/>\n<p>\uff19\u6708\uff11\uff15\u65e5\u3000\u30ea\u30fc\u30b0\u6226\u3000\u7b2c\u4e8c\u6226\u3000\u5bfe\u540c\u5fd7\u793e\u5927\u5b66<br \/>\n\u65bc\u3000\u4eac\u90fd\u6a58\u5927\u5b66<\/p>\n<hr size=\"1\" width=\"70%\" \/>\n<p>\u5148\u653b\u3000\u540c\u5fd7\u793e\u5927\u5b66\u300057\u4e2d\u3000\u5f8c\u653b\u3000\u4eac\u90fd\u6a58\u5927\u5b66\u300057\u4e2d<\/p>\n<table width=\"756\">\n<tbody>\n<tr>\n<td width=\"207\">\u5c71\u6839\u3000\u306a\u3064\u307f\uff08\u4e8c\uff09<\/td>\n<td width=\"72\">\u25cb\u25cb\u25cb\u25cb<\/td>\n<td width=\"72\">\u00d7\u25cb\u00d7\u25cb<\/td>\n<td width=\"72\">\u25cb\u25cb\u00d7\u25cb<\/td>\n<td width=\"94\">\u00d7\u00d7\u25cb\u25cb<\/td>\n<td width=\"95\">\u00d7\u00d7\u00d7\u00d7<\/td>\n<td width=\"72\">11<\/td>\n<td rowspan=\"4\" width=\"72\">57<\/td>\n<\/tr>\n<tr>\n<td>\u5e83\u702c\u3000\u611b\u4f73\uff08\u56db\uff09<\/td>\n<td>\u00d7\u00d7\u00d7\u25cb<\/td>\n<td>\u25cb\u25cb\u00d7\u25cb<\/td>\n<td>\u25cb\u25cb\u25cb\u00d7<\/td>\n<td>\u25cb\u25cb\u25cb\u25cb<\/td>\n<td>\u25cb\u25cb\u25cb\u00d7<\/td>\n<td>14<\/td>\n<\/tr>\n<tr>\n<td>\u5ca1\u5d0e\u3000\u7a7a\u307b\u306e\uff08\u4e00\uff09<\/td>\n<td>\u25cb\u25cb\u25cb\u25cb<\/td>\n<td>\u00d7\u25cb\u25cb\u25cb<\/td>\n<td width=\"104\">\u25cb\u25cb\u00d7\u25cb<\/td>\n<td>\u25cb\u25cb\u25cb\u25cb<\/td>\n<td>\u25cb\u25cb\u25cb\u25cb<\/td>\n<td>18<\/td>\n<\/tr>\n<tr>\n<td>\u5c71\u5f62\u3000\u7a93\u5b50\uff08\u4e09\uff09<\/td>\n<td>\u00d7\u25cb\u25cb\u25cb<\/td>\n<td>\u00d7\u25cb\u00d7\u25cb<\/td>\n<td>\u25cb\u00d7\u25cb\u25cb<\/td>\n<td>\u25cb\u25cb\u25cb\u25cb<\/td>\n<td>\u00d7\u00d7\u25cb\u25cb<\/td>\n<td>14<\/td>\n<\/tr>\n<\/tbody>\n<\/table>\n<p>\u540c\u4e2d\u4e00\u624b\u7af6\u5c04<\/p>\n<p>\u5148\u653b\u3000\u4eac\u90fd\u6a58\u5927\u5b667\u4e2d\u3000\u5f8c\u653b\u3000\u540c\u5fd7\u793e\u5927\u5b666\u4e2d<\/p>\n<table width=\"737\">\n<tbody>\n<tr>\n<td width=\"188\">\u85cf\u5185\u3000\u4fdd\u4e43\u52a0\uff08\u4e00\uff09<\/td>\n<td width=\"72\">\u25cb\u25cb<\/td>\n<td width=\"72\">\u7686<\/td>\n<td rowspan=\"4\" width=\"72\">7<\/td>\n<\/tr>\n<tr>\n<td>\u5e83\u702c\u3000\u611b\u4f73\uff08\u56db\uff09<\/td>\n<td>\u25cb\u00d7<\/td>\n<td>1<\/td>\n<\/tr>\n<tr>\n<td>\u5ca1\u5d0e\u3000\u7a7a\u307b\u306e\uff08\u4e00\uff09<\/td>\n<td>\u25cb\u25cb<\/td>\n<td>\u7686<\/td>\n<\/tr>\n<tr>\n<td>\u5c71\u5f62\u3000\u7a93\u5b50\uff08\u4e09\uff09<\/td>\n<td>\u25cb\u25cb<\/td>\n<td>\u7686<\/td>\n<\/tr>\n<\/tbody>\n<\/table>\n<hr size=\"1\" width=\"70%\" \/>\n<p>\uff19\u6708\uff12\uff19\u65e5\u3000\u30ea\u30fc\u30b0\u6226\u3000\u7b2c\u56db\u6226\u3000\u5bfe\u9f8d\u8c37\u5927\u5b66<br \/>\n\u65bc\u3000\u540c\u5fd7\u793e\u5927\u5b66<\/p>\n<hr size=\"1\" width=\"70%\" \/>\n<p>\u5148\u653b\u3000\u4eac\u90fd\u6a58\u5927\u5b66\u300060\u4e2d\u3000\u5f8c\u653b\u3000\u9f8d\u8c37\u5927\u5b66\u300051\u4e2d<\/p>\n<table width=\"756\">\n<tbody>\n<tr>\n<td width=\"207\">\u5c71\u6839\u3000\u306a\u3064\u307f\uff08\u4e8c\uff09<\/td>\n<td width=\"72\">\u25cb\u00d7\u25cb\u25cb<\/td>\n<td width=\"72\">\u25cb\u00d7\u25cb\u25cb<\/td>\n<td width=\"72\">\u25cb\u00d7\u00d7\u25cb<\/td>\n<td width=\"94\">\u00d7\u25cb\u00d7\u25cb<\/td>\n<td width=\"95\">\u85cf\u5185\u25cb\u25cb\u25cb\u00d7<\/td>\n<td width=\"72\">13<\/td>\n<td rowspan=\"4\" width=\"72\">60<\/td>\n<\/tr>\n<tr>\n<td>\u5e83\u702c\u3000\u611b\u4f73\uff08\u56db\uff09<\/td>\n<td>\u25cb\u25cb\u00d7\u00d7<\/td>\n<td>\u25cb\u25cb\u00d7\u25cb<\/td>\n<td>\u25cb\u25cb\u25cb\u25cb<\/td>\n<td>\u25cb\u25cb\u25cb\u25cb<\/td>\n<td>\u00d7\u25cb\u25cb\u25cb<\/td>\n<td>16<\/td>\n<\/tr>\n<tr>\n<td>\u5ca1\u5d0e\u3000\u7a7a\u307b\u306e\uff08\u4e00\uff09<\/td>\n<td>\u00d7\u25cb\u25cb\u00d7<\/td>\n<td>\u00d7\u25cb\u25cb\u00d7<\/td>\n<td width=\"104\">\u25cb\u25cb\u25cb\u00d7<\/td>\n<td>\u25cb\u25cb\u25cb\u25cb<\/td>\n<td>\u25cb\u25cb\u25cb\u25cb<\/td>\n<td>15<\/td>\n<\/tr>\n<tr>\n<td>\u5c71\u5f62\u3000\u7a93\u5b50\uff08\u4e09\uff09<\/td>\n<td>\u25cb\u25cb\u25cb\u25cb<\/td>\n<td>\u25cb\u25cb\u25cb\u00d7<\/td>\n<td>\u25cb\u25cb\u25cb\u00d7<\/td>\n<td>\u25cb\u25cb\u25cb\u25cb<\/td>\n<td>\u00d7\u25cb\u25cb\u00d7<\/td>\n<td>16<\/td>\n<\/tr>\n<\/tbody>\n<\/table>\n<hr size=\"1\" width=\"70%\" \/>\n<p>\uff11\uff10\u6708\uff16\u65e5\u3000\u30ea\u30fc\u30b0\u6226\u3000\u7b2c\u4e94\u6226\u3000\u5bfe\u7acb\u547d\u9928\u5927\u5b66<br \/>\n\u65bc\u3000\u7acb\u547d\u9928\u5927\u5b66<\/p>\n<hr size=\"1\" width=\"70%\" \/>\n<p>\u5148\u653b\u3000\u7acb\u547d\u9928\u5927\u5b66\u300047\u4e2d\u3000\u5f8c\u653b\u3000\u4eac\u90fd\u6a58\u5927\u5b66\u300051\u4e2d<\/p>\n<table width=\"756\">\n<tbody>\n<tr>\n<td width=\"207\">\u5c71\u6839\u3000\u306a\u3064\u307f\uff08\u4e8c\uff09<\/td>\n<td width=\"72\">\u00d7\u25cb\u25cb\u25cb<\/td>\n<td width=\"72\">\u00d7\u25cb\u00d7\u25cb<\/td>\n<td width=\"72\">\u25cb\u00d7\u00d7\u25cb<\/td>\n<td width=\"94\">\u25cb\u25cb\u25cb\u25cb<\/td>\n<td width=\"95\">\u25cb\u00d7\u25cb\u25cb<\/td>\n<td width=\"72\">14<\/td>\n<td rowspan=\"4\" width=\"72\">51<\/td>\n<\/tr>\n<tr>\n<td>\u5e83\u702c\u3000\u611b\u4f73\uff08\u56db\uff09<\/td>\n<td>\u25cb\u25cb\u00d7\u25cb<\/td>\n<td>\u00d7\u00d7\u25cb\u25cb<\/td>\n<td>\u00d7\u00d7\u00d7\u00d7<\/td>\n<td>\u25cb\u00d7\u25cb\u00d7<\/td>\n<td>\u25cb\u00d7\u25cb\u25cb<\/td>\n<td>10<\/td>\n<\/tr>\n<tr>\n<td>\u5ca1\u5d0e\u3000\u7a7a\u307b\u306e\uff08\u4e00\uff09<\/td>\n<td>\u00d7\u25cb\u25cb\u25cb<\/td>\n<td>\u00d7\u25cb\u00d7\u25cb<\/td>\n<td width=\"104\">\u25cb\u25cb\u00d7\u25cb<\/td>\n<td>\u00d7\u25cb\u00d7\u25cb<\/td>\n<td>\u25cb\u00d7\u25cb\u25cb<\/td>\n<td>13<\/td>\n<\/tr>\n<tr>\n<td>\u5c71\u5f62\u3000\u7a93\u5b50\uff08\u4e09\uff09<\/td>\n<td>\u25cb\u25cb\u25cb\u00d7<\/td>\n<td>\u25cb\u25cb\u25cb\u25cb<\/td>\n<td>\u00d7\u25cb\u25cb\u00d7<\/td>\n<td>\u00d7\u25cb\u25cb\u00d7<\/td>\n<td>\u00d7\u25cb\u25cb\u25cb<\/td>\n<td>14<\/td>\n<\/tr>\n<\/tbody>\n<\/table>\n<p>&nbsp;<\/p>\n<hr size=\"1\" width=\"70%\" \/>\n<p>\uff11\uff10\u6708\uff12\uff17\u65e5\u3000\u30ea\u30fc\u30b0\u6226\u3000\u5165\u66ff\u6226\u3000\u5bfe\u7532\u5357\u5927\u5b66<br \/>\n\u65bc\u3000\u95a2\u897f\u5927\u5b66<\/p>\n<hr size=\"1\" width=\"70%\" \/>\n<p>\u5148\u653b\u3000\u4eac\u90fd\u6a58\u5927\u5b66\u300052\u4e2d\u3000\u5f8c\u653b\u3000\u7532\u5357\u5927\u5b66\u300055\u4e2d<\/p>\n<table width=\"756\">\n<tbody>\n<tr>\n<td width=\"207\">\u5c71\u6839\u3000\u306a\u3064\u307f\uff08\u4e8c\uff09<\/td>\n<td width=\"72\">\u00d7\u00d7\u25cb\u25cb<\/td>\n<td width=\"72\">\u00d7\u25cb\u25cb\u25cb<\/td>\n<td width=\"72\">\u25cb\u25cb\u25cb\u00d7<\/td>\n<td width=\"94\">\u00d7\u25cb\u25cb\u25cb<\/td>\n<td width=\"95\">\u00d7\u25cb\u25cb\u00d7<\/td>\n<td width=\"72\">13<\/td>\n<td rowspan=\"4\" width=\"72\">52<\/td>\n<\/tr>\n<tr>\n<td>\u5e83\u702c\u3000\u611b\u4f73\uff08\u56db\uff09<\/td>\n<td>\u25cb\u25cb\u25cb\u00d7<\/td>\n<td>\u00d7\u25cb\u25cb\u25cb<\/td>\n<td>\u25cb\u25cb\u25cb\u25cb<\/td>\n<td>\u00d7\u25cb\u00d7\u25cb<\/td>\n<td>\u25cb\u25cb\u25cb\u00d7<\/td>\n<td>15<\/td>\n<\/tr>\n<tr>\n<td>\u5ca1\u5d0e\u3000\u7a7a\u307b\u306e\uff08\u4e00\uff09<\/td>\n<td>\u00d7\u25cb\u25cb\u00d7<\/td>\n<td>\u25cb\u00d7\u25cb\u00d7<\/td>\n<td width=\"104\">\u25cb\u25cb\u00d7\u00d7<\/td>\n<td>\u85cf\u5185\u00d7\u25cb\u25cb\u25cb<\/td>\n<td>\u25cb\u25cb\u25cb\u00d7<\/td>\n<td>12<\/td>\n<\/tr>\n<tr>\n<td>\u5c71\u5f62\u3000\u7a93\u5b50\uff08\u4e09\uff09<\/td>\n<td>\u25cb\u25cb\u25cb\u00d7<\/td>\n<td>\u25cb\u00d7\u25cb\u25cb<\/td>\n<td>\u00d7\u00d7\u00d7\u25cb<\/td>\n<td>\u25cb\u25cb\u00d7\u25cb<\/td>\n<td>\u00d7\u25cb\u00d7\u25cb<\/td>\n<td>12<\/td>\n<\/tr>\n<\/tbody>\n<\/table>\n","protected":false},"excerpt":{"rendered":"<p>\uff19\u6708\uff18\u65e5\u3000\u30ea\u30fc\u30b0\u6226\u3000\u7b2c\u4e00\u6226\u3000\u5bfe\u4f5b\u6559\u5927\u5b66 \u65bc\u3000\u9f8d\u8c37\u5927\u5b66 \u5148\u653b\u3000\u4eac\u90fd\u6a58\u5927\u5b66\u300063\u4e2d\u3000\u5f8c\u653b\u3000\u4f5b\u6559\u5927\u5b66\u300039\u4e2d \u5c71\u6839\u3000\u306a\u3064\u307f\uff08\u4e8c\uff09 \u25cb\u25cb\u25cb\u00d7 \u25cb\u25cb\u25cb\u25cb \u25cb\u00d7\u25cb\u25cb \u25cb\u25cb\u00d7\u25cb \u25cb\u25cb\u25cb\u25cb 17 63 \u5e83\u702c\u3000\u611b\u4f73\uff08\u56db\uff09 \u25cb\u25cb\u25cb\u00d7 \u00d7\u25cb\u25cb &hellip; <a href=\"https:\/\/cai6.tachibana-u.ac.jp\/kyudo\/?page_id=3611\" class=\"more-link\">\u7d9a\u304d\u3092\u8aad\u3080 <span class=\"screen-reader-text\">\u30ea\u30fc\u30b0\u6226\uff08\u5973\u5b50\uff09<\/span> <span class=\"meta-nav\">&rarr;<\/span><\/a><\/p>\n","protected":false},"author":1,"featured_media":0,"parent":3313,"menu_order":7,"comment_status":"closed","ping_status":"closed","template":"","meta":{"footnotes":""},"class_list":["post-3611","page","type-page","status-publish","hentry"],"_links":{"self":[{"href":"https:\/\/cai6.tachibana-u.ac.jp\/kyudo\/index.php?rest_route=\/wp\/v2\/pages\/3611","targetHints":{"allow":["GET"]}}],"collection":[{"href":"https:\/\/cai6.tachibana-u.ac.jp\/kyudo\/index.php?rest_route=\/wp\/v2\/pages"}],"about":[{"href":"https:\/\/cai6.tachibana-u.ac.jp\/kyudo\/index.php?rest_route=\/wp\/v2\/types\/page"}],"author":[{"embeddable":true,"href":"https:\/\/cai6.tachibana-u.ac.jp\/kyudo\/index.php?rest_route=\/wp\/v2\/users\/1"}],"replies":[{"embeddable":true,"href":"https:\/\/cai6.tachibana-u.ac.jp\/kyudo\/index.php?rest_route=%2Fwp%2Fv2%2Fcomments&post=3611"}],"version-history":[{"count":8,"href":"https:\/\/cai6.tachibana-u.ac.jp\/kyudo\/index.php?rest_route=\/wp\/v2\/pages\/3611\/revisions"}],"predecessor-version":[{"id":3664,"href":"https:\/\/cai6.tachibana-u.ac.jp\/kyudo\/index.php?rest_route=\/wp\/v2\/pages\/3611\/revisions\/3664"}],"up":[{"embeddable":true,"href":"https:\/\/cai6.tachibana-u.ac.jp\/kyudo\/index.php?rest_route=\/wp\/v2\/pages\/3313"}],"wp:attachment":[{"href":"https:\/\/cai6.tachibana-u.ac.jp\/kyudo\/index.php?rest_route=%2Fwp%2Fv2%2Fmedia&parent=3611"}],"curies":[{"name":"wp","href":"https:\/\/api.w.org\/{rel}","templated":true}]}}