{"id":3605,"date":"2019-09-12T14:26:38","date_gmt":"2019-09-12T05:26:38","guid":{"rendered":"https:\/\/cai6.tachibana-u.ac.jp\/kyudo\/?page_id=3605"},"modified":"2019-10-24T13:38:06","modified_gmt":"2019-10-24T04:38:06","slug":"%e3%83%aa%e3%83%bc%e3%82%b0%e6%88%a6%ef%bc%88%e7%94%b7%e5%ad%90%ef%bc%89","status":"publish","type":"page","link":"https:\/\/cai6.tachibana-u.ac.jp\/kyudo\/?page_id=3605","title":{"rendered":"\u30ea\u30fc\u30b0\u6226\uff08\u7537\u5b50\uff09"},"content":{"rendered":"<p>\uff19\u6708\uff18\u65e5\u3000\u30ea\u30fc\u30b0\u6226\u3000\u7b2c\u4e00\u6226\u3000\u5bfe\u95a2\u897f\u5927\u5b66<br \/>\n\u65bc\u3000\u95a2\u897f\u5927\u5b66<\/p>\n<hr size=\"1\" width=\"70%\" \/>\n<p>\u5148\u653b\u3000\u95a2\u897f\u5927\u5b66 128\u4e2d\u3000\u5f8c\u653b\u3000\u4eac\u90fd\u6a58\u5927\u5b66\u3000128\u4e2d<\/p>\n<p><code><\/code><\/p>\n<table width=\"737\">\n<tbody>\n<tr>\n<td width=\"188\">\u4e0a\u7c54\u3000\u53cb\u8cb4\uff08\u56db\uff09<\/td>\n<td width=\"72\">\u25cb\u25cb\u25cb\u25cb<\/td>\n<td width=\"72\">\u25cb\u25cb\u25cb\u25cb<\/td>\n<td width=\"72\">\u25cb\u25cb\u00d7\u25cb<\/td>\n<td width=\"94\">\u25cb\u25cb\u00d7\u25cb<\/td>\n<td width=\"95\">\u25cb\u25cb\u00d7\u00d7<\/td>\n<td width=\"72\">16<\/td>\n<td rowspan=\"4\" width=\"72\">59<\/td>\n<\/tr>\n<tr>\n<td>\u6c38\u5ca1\u3000\u6faa\uff08\u4e8c\uff09<\/td>\n<td>\u00d7\u25cb\u25cb\u25cb<\/td>\n<td>\u00d7\u25cb\u00d7\u25cb<\/td>\n<td>\u00d7\u25cb\u00d7\u25cb<\/td>\n<td>\u25cb\u25cb\u25cb\u25cb<\/td>\n<td>\u00d7\u00d7\u25cb\u00d7<\/td>\n<td>12<\/td>\n<\/tr>\n<tr>\n<td>\u6797\u3000\u826f\u5353\uff08\u56db\uff09<\/td>\n<td>\u25cb\u25cb\u00d7\u25cb<\/td>\n<td>\u25cb\u00d7\u00d7\u25cb<\/td>\n<td>\u25cb\u25cb\u25cb\u25cb<\/td>\n<td>\u25cb\u25cb\u25cb\u25cb<\/td>\n<td>\u00d7\u00d7\u25cb\u25cb<\/td>\n<td>15<\/td>\n<\/tr>\n<tr>\n<td>\u4e09\u8c37\u3000\u5149\u6689\uff08\u4e8c\uff09<\/td>\n<td>\u25cb\u25cb\u25cb\u00d7<\/td>\n<td>\u25cb\u00d7\u25cb\u25cb<\/td>\n<td>\u00d7\u25cb\u25cb\u25cb<\/td>\n<td>\u25cb\u25cb\u25cb\u25cb<\/td>\n<td>\u00d7\u25cb\u25cb\u25cb<\/td>\n<td>16<\/td>\n<\/tr>\n<\/tbody>\n<\/table>\n<table width=\"756\">\n<tbody>\n<tr>\n<td width=\"207\">\u4e2d\u6751\u3000\u900f\u4e5f\uff08\u4e09\uff09<\/td>\n<td width=\"72\">\u25cb\u25cb\u25cb\u25cb<\/td>\n<td width=\"72\">\u25cb\u25cb\u25cb\u25cb<\/td>\n<td width=\"72\">\u25cb\u25cb\u25cb\u25cb<\/td>\n<td width=\"94\">\u25cb\u25cb\u00d7\u25cb<\/td>\n<td width=\"95\">\u25cb\u25cb\u25cb\u25cb<\/td>\n<td width=\"72\">19<\/td>\n<td rowspan=\"4\" width=\"72\">69<\/td>\n<\/tr>\n<tr>\n<td>\u5c0f\u5ddd\u3000\u7fd4\uff08\u56db\uff09<\/td>\n<td>\u25cb\u25cb\u00d7\u25cb<\/td>\n<td>\u25cb\u25cb\u25cb\u25cb<\/td>\n<td>\u25cb\u00d7\u25cb\u00d7<\/td>\n<td>\u25cb\u25cb\u25cb\u00d7<\/td>\n<td>\u25cb\u25cb\u25cb\u25cb<\/td>\n<td>16<\/td>\n<\/tr>\n<tr>\n<td>\u526f\u7530\u3000\u8846\u58eb\uff08\u4e09\uff09<\/td>\n<td>\u25cb\u00d7\u25cb\u25cb<\/td>\n<td>\u25cb\u25cb\u25cb\u25cb<\/td>\n<td>\u25cb\u25cb\u25cb\u25cb<\/td>\n<td>\u25cb\u25cb\u25cb\u25cb<\/td>\n<td>\u25cb\u25cb\u25cb\u25cb<\/td>\n<td>19<\/td>\n<\/tr>\n<tr>\n<td>\u91d1\u5b50\u3000\u590f\u8f1d\uff08\u56db\uff09<\/td>\n<td>\u25cb\u25cb\u00d7\u00d7<\/td>\n<td>\u25cb\u25cb\u25cb\u25cb<\/td>\n<td>\u25cb\u25cb\u25cb\u00d7<\/td>\n<td>\u25cb\u00d7\u25cb\u25cb<\/td>\n<td>\u00d7\u25cb\u25cb\u25cb<\/td>\n<td>15<\/td>\n<\/tr>\n<\/tbody>\n<\/table>\n<p>\u540c\u4e2d\u4e00\u624b\u7af6\u5c04<\/p>\n<p>\u5148\u653b\u3000\u4eac\u90fd\u6a58\u5927\u5b6613\u4e2d\u3000\u5f8c\u653b\u3000\u95a2\u897f\u5927\u5b6611\u4e2d<\/p>\n<table width=\"737\">\n<tbody>\n<tr>\n<td width=\"188\">\u4e0a\u7c54\u3000\u53cb\u8cb4\uff08\u56db\uff09<\/td>\n<td width=\"72\">\u25cb\u25cb<\/td>\n<td width=\"72\">\u7686<\/td>\n<td rowspan=\"4\" width=\"72\">5<\/td>\n<\/tr>\n<tr>\n<td>\u6c38\u5ca1\u3000\u6faa\uff08\u4e8c\uff09<\/td>\n<td>\u00d7\u25cb<\/td>\n<td>1<\/td>\n<\/tr>\n<tr>\n<td>\u6797\u3000\u826f\u5353\uff08\u56db\uff09<\/td>\n<td>\u25cb\u00d7<\/td>\n<td>1<\/td>\n<\/tr>\n<tr>\n<td>\u4e09\u8c37\u3000\u5149\u6689\uff08\u4e8c\uff09<\/td>\n<td>\u25cb\u00d7<\/td>\n<td>1<\/td>\n<\/tr>\n<\/tbody>\n<\/table>\n<table width=\"756\">\n<tbody>\n<tr>\n<td width=\"207\">\u4e2d\u6751\u3000\u900f\u4e5f\uff08\u4e09\uff09<\/td>\n<td width=\"72\">\u25cb\u25cb<\/td>\n<td width=\"72\">\u7686<\/td>\n<td rowspan=\"4\" width=\"72\">8<\/td>\n<\/tr>\n<tr>\n<td>\u5c0f\u5ddd\u3000\u7fd4\uff08\u56db\uff09<\/td>\n<td>\u25cb\u25cb<\/td>\n<td>\u7686<\/td>\n<\/tr>\n<tr>\n<td>\u526f\u7530\u3000\u8846\u58eb\uff08\u4e09\uff09<\/td>\n<td>\u25cb\u25cb<\/td>\n<td>\u7686<\/td>\n<\/tr>\n<tr>\n<td>\u91d1\u5b50\u3000\u590f\u8f1d\uff08\u56db\uff09<\/td>\n<td>\u25cb\u25cb<\/td>\n<td>\u7686<\/td>\n<\/tr>\n<\/tbody>\n<\/table>\n<hr size=\"1\" width=\"70%\" \/>\n<p>\uff19\u6708\uff11\uff15\u65e5\u3000\u30ea\u30fc\u30b0\u6226\u3000\u7b2c\u4e8c\u6226\u3000\u5bfe\u5927\u962a\u7523\u696d\u5927\u5b66<br \/>\n\u65bc\u3000\u5927\u962a\u7523\u696d\u5927\u5b66<\/p>\n<hr size=\"1\" width=\"70%\" \/>\n<p>\u5148\u653b\u3000\u5927\u962a\u7523\u696d\u5927\u5b66 121\u4e2d\u3000\u5f8c\u653b\u3000\u4eac\u90fd\u6a58\u5927\u5b66\u3000126\u4e2d<\/p>\n<table width=\"737\">\n<tbody>\n<tr>\n<td width=\"188\">\u4e0a\u7c54\u3000\u53cb\u8cb4\uff08\u56db\uff09<\/td>\n<td width=\"72\">\u25cb\u25cb\u25cb\u25cb<\/td>\n<td width=\"72\">\u25cb\u25cb\u25cb\u25cb<\/td>\n<td width=\"72\">\u25cb\u25cb\u25cb\u25cb<\/td>\n<td width=\"94\">\u25cb\u25cb\u25cb\u25cb<\/td>\n<td width=\"95\">\u00d7\u25cb\u25cb\u25cb<\/td>\n<td width=\"72\">19<\/td>\n<td rowspan=\"4\" width=\"72\">66<\/td>\n<\/tr>\n<tr>\n<td>\u6c38\u5ca1\u3000\u6faa\uff08\u4e8c\uff09<\/td>\n<td>\u25cb\u25cb\u25cb\u25cb<\/td>\n<td>\u25cb\u25cb\u25cb\u25cb<\/td>\n<td>\u25cb\u25cb\u25cb\u00d7<\/td>\n<td>\u25cb\u25cb\u25cb\u25cb<\/td>\n<td>\u25cb\u25cb\u25cb\u25cb<\/td>\n<td>19<\/td>\n<\/tr>\n<tr>\n<td>\u6797\u3000\u826f\u5353\uff08\u56db\uff09<\/td>\n<td>\u00d7\u00d7\u00d7\u25cb<\/td>\n<td>\u00d7\u00d7\u00d7\u25cb<\/td>\n<td>\u795e\u5c3e\u00d7\u25cb\u00d7\u25cb<\/td>\n<td>\u25cb\u25cb\u25cb\u25cb<\/td>\n<td>\u25cb\u25cb\u25cb\u00d7<\/td>\n<td>11<\/td>\n<\/tr>\n<tr>\n<td>\u4e09\u8c37\u3000\u5149\u6689\uff08\u4e8c\uff09<\/td>\n<td>\u25cb\u25cb\u25cb\u25cb<\/td>\n<td>\u25cb\u25cb\u25cb\u25cb<\/td>\n<td>\u25cb\u25cb\u00d7\u00d7<\/td>\n<td>\u25cb\u25cb\u25cb\u25cb<\/td>\n<td>\u25cb\u25cb\u00d7\u25cb<\/td>\n<td>17<\/td>\n<\/tr>\n<\/tbody>\n<\/table>\n<table width=\"756\">\n<tbody>\n<tr>\n<td width=\"207\">\u4e2d\u6751\u3000\u900f\u4e5f\uff08\u4e09\uff09<\/td>\n<td width=\"72\">\u25cb\u25cb\u25cb\u25cb<\/td>\n<td width=\"72\">\u25cb\u25cb\u25cb\u25cb<\/td>\n<td width=\"72\">\u25cb\u25cb\u25cb\u00d7<\/td>\n<td width=\"94\">\u25cb\u25cb\u25cb\u25cb<\/td>\n<td width=\"95\">\u25cb\u25cb\u25cb\u25cb<\/td>\n<td width=\"72\">19<\/td>\n<td rowspan=\"4\" width=\"72\">60<\/td>\n<\/tr>\n<tr>\n<td>\u5c0f\u5ddd\u3000\u7fd4\uff08\u56db\uff09<\/td>\n<td>\u25cb\u00d7\u25cb\u25cb<\/td>\n<td>\u00d7\u25cb\u00d7\u25cb<\/td>\n<td>\u25cb\u25cb\u00d7\u00d7<\/td>\n<td>\u25cb\u00d7\u25cb\u25cb<\/td>\n<td>\u00d7\u00d7\u25cb\u25cb<\/td>\n<td>12<\/td>\n<\/tr>\n<tr>\n<td>\u526f\u7530\u3000\u8846\u58eb\uff08\u4e09\uff09<\/td>\n<td>\u25cb\u25cb\u25cb\u25cb<\/td>\n<td>\u25cb\u25cb\u25cb\u25cb<\/td>\n<td>\u00d7\u25cb\u00d7\u25cb<\/td>\n<td>\u00d7\u00d7\u25cb\u25cb<\/td>\n<td>\u25cb\u25cb\u00d7\u25cb<\/td>\n<td>15<\/td>\n<\/tr>\n<tr>\n<td>\u91d1\u5b50\u3000\u590f\u8f1d\uff08\u56db\uff09<\/td>\n<td>\u00d7\u25cb\u25cb\u25cb<\/td>\n<td>\u25cb\u25cb\u25cb\u25cb<\/td>\n<td>\u00d7\u00d7\u25cb\u25cb<\/td>\n<td>\u00d7\u25cb\u00d7\u00d7<\/td>\n<td>\u25cb\u25cb\u25cb\u25cb<\/td>\n<td>14<\/td>\n<\/tr>\n<\/tbody>\n<\/table>\n<hr size=\"1\" width=\"70%\" \/>\n<p>\uff19\u6708\uff12\uff12\u65e5\u3000\u30ea\u30fc\u30b0\u6226\u3000\u7b2c\u4e09\u6226\u3000\u5bfe\u5929\u7406\u5927\u5b66<br \/>\n\u65bc\u3000\u4eac\u90fd\u6a58\u5927\u5b66<\/p>\n<hr size=\"1\" width=\"70%\" \/>\n<p>\u5148\u653b\u3000\u5929\u7406\u5927\u5b66 114\u4e2d\u3000\u5f8c\u653b\u3000\u4eac\u90fd\u6a58\u5927\u5b66\u3000134\u4e2d<\/p>\n<table width=\"737\">\n<tbody>\n<tr>\n<td width=\"188\">\u4e0a\u7c54\u3000\u53cb\u8cb4\uff08\u56db\uff09<\/td>\n<td width=\"72\">\u25cb\u25cb\u25cb\u25cb<\/td>\n<td width=\"72\">\u25cb\u25cb\u25cb\u25cb<\/td>\n<td width=\"72\">\u25cb\u25cb\u25cb\u25cb<\/td>\n<td width=\"94\">\u25cb\u25cb\u25cb\u25cb<\/td>\n<td width=\"95\">\u25cb\u00d7\u25cb\u25cb<\/td>\n<td width=\"72\">19<\/td>\n<td rowspan=\"4\" width=\"72\">72<\/td>\n<\/tr>\n<tr>\n<td>\u90e1\u3000\u5805\u4e8c\u90ce\uff08\u4e00\uff09<\/td>\n<td>\u25cb\u25cb\u25cb\u25cb<\/td>\n<td>\u25cb\u25cb\u25cb\u25cb<\/td>\n<td>\u25cb\u25cb\u00d7\u25cb<\/td>\n<td>\u25cb\u25cb\u25cb\u25cb<\/td>\n<td>\u25cb\u25cb\u25cb\u25cb<\/td>\n<td>19<\/td>\n<\/tr>\n<tr>\n<td>\u5c0f\u5c71\u3000\u5bdb\u81f3\uff08\u4e8c\uff09<\/td>\n<td>\u25cb\u25cb\u25cb\u25cb<\/td>\n<td>\u25cb\u25cb\u25cb\u25cb<\/td>\n<td>\u25cb\u00d7\u25cb\u25cb<\/td>\n<td>\u00d7\u25cb\u25cb\u25cb<\/td>\n<td>\u25cb\u25cb\u25cb\u25cb<\/td>\n<td>18<\/td>\n<\/tr>\n<tr>\n<td>\u4e09\u8c37\u3000\u5149\u6689\uff08\u4e8c\uff09<\/td>\n<td>\u25cb\u00d7\u25cb\u25cb<\/td>\n<td>\u25cb\u25cb\u25cb\u25cb<\/td>\n<td>\u00d7\u25cb\u25cb\u25cb<\/td>\n<td>\u25cb\u00d7\u00d7\u25cb<\/td>\n<td>\u25cb\u25cb\u25cb\u25cb<\/td>\n<td>16<\/td>\n<\/tr>\n<\/tbody>\n<\/table>\n<table width=\"756\">\n<tbody>\n<tr>\n<td width=\"207\">\u4e2d\u6751\u3000\u900f\u4e5f\uff08\u4e09\uff09<\/td>\n<td width=\"72\">\u25cb\u25cb\u25cb\u25cb<\/td>\n<td width=\"72\">\u25cb\u25cb\u00d7\u25cb<\/td>\n<td width=\"72\">\u25cb\u25cb\u25cb\u25cb<\/td>\n<td width=\"94\">\u25cb\u25cb\u25cb\u25cb<\/td>\n<td width=\"95\">\u25cb\u25cb\u25cb\u25cb<\/td>\n<td width=\"72\">19<\/td>\n<td rowspan=\"4\" width=\"72\">62<\/td>\n<\/tr>\n<tr>\n<td>\u5c0f\u5ddd\u3000\u7fd4\uff08\u56db\uff09<\/td>\n<td>\u00d7\u25cb\u00d7\u25cb<\/td>\n<td>\u25cb\u25cb\u00d7\u25cb<\/td>\n<td>\u25cb\u00d7\u25cb\u00d7<\/td>\n<td>\u00d7\u25cb\u00d7\u25cb<\/td>\n<td>\u00d7\u00d7\u00d7\u25cb<\/td>\n<td>10<\/td>\n<\/tr>\n<tr>\n<td>\u526f\u7530\u3000\u8846\u58eb\uff08\u4e09\uff09<\/td>\n<td>\u25cb\u25cb\u00d7\u25cb<\/td>\n<td>\u25cb\u00d7\u25cb\u25cb<\/td>\n<td>\u25cb\u25cb\u00d7\u00d7<\/td>\n<td>\u25cb\u00d7\u25cb\u00d7<\/td>\n<td>\u25cb\u25cb\u25cb\u25cb<\/td>\n<td>14<\/td>\n<\/tr>\n<tr>\n<td>\u91d1\u5b50\u3000\u590f\u8f1d\uff08\u56db\uff09<\/td>\n<td>\u25cb\u25cb\u25cb\u25cb<\/td>\n<td>\u25cb\u25cb\u25cb\u25cb<\/td>\n<td>\u25cb\u25cb\u25cb\u25cb<\/td>\n<td>\u25cb\u25cb\u25cb\u25cb<\/td>\n<td>\u25cb\u25cb\u00d7\u25cb<\/td>\n<td>19<\/td>\n<\/tr>\n<\/tbody>\n<\/table>\n<hr size=\"1\" width=\"70%\" \/>\n<p>\uff11\uff10\u6708\uff16\u65e5\u3000\u30ea\u30fc\u30b0\u6226\u3000\u7b2c\u4e94\u6226\u3000\u5bfe\u7acb\u547d\u9928\u5927\u5b66<br \/>\n\u65bc\u3000\u540c\u5fd7\u793e\u5927\u5b66<\/p>\n<hr size=\"1\" width=\"70%\" \/>\n<p>\u5148\u653b\u3000\u4eac\u90fd\u6a58\u5927\u5b66 123\u4e2d\u3000\u5f8c\u653b\u3000\u7acb\u547d\u9928\u5927\u5b66\u3000126\u4e2d<\/p>\n<table width=\"737\">\n<tbody>\n<tr>\n<td width=\"188\">\u4e0a\u7c54\u3000\u53cb\u8cb4\uff08\u56db\uff09<\/td>\n<td width=\"72\">\u25cb\u25cb\u25cb\u25cb<\/td>\n<td width=\"72\">\u25cb\u00d7\u00d7\u25cb<\/td>\n<td width=\"72\">\u25cb\u25cb\u25cb\u25cb<\/td>\n<td width=\"94\">\u25cb\u25cb\u00d7\u25cb<\/td>\n<td width=\"95\">\u25cb\u25cb\u25cb\u25cb<\/td>\n<td width=\"72\">17<\/td>\n<td rowspan=\"4\" width=\"72\">57<\/td>\n<\/tr>\n<tr>\n<td>\u90e1\u3000\u5805\u4e8c\u90ce\uff08\u4e00\uff09<\/td>\n<td>\u25cb\u25cb\u25cb\u25cb<\/td>\n<td>\u25cb\u25cb\u25cb\u00d7<\/td>\n<td>\u25cb\u25cb\u00d7\u25cb<\/td>\n<td>\u25cb\u25cb\u25cb\u25cb<\/td>\n<td>\u00d7\u25cb\u00d7\u25cb<\/td>\n<td>16<\/td>\n<\/tr>\n<tr>\n<td>\u5c0f\u5c71\u3000\u5bdb\u81f3\uff08\u4e8c\uff09<\/td>\n<td>\u25cb\u25cb\u25cb\u00d7<\/td>\n<td>\u25cb\u25cb\u00d7\u25cb<\/td>\n<td>\u00d7\u25cb\u25cb\u25cb<\/td>\n<td>\u25cb\u00d7\u25cb\u25cb<\/td>\n<td>\u00d7\u00d7\u25cb\u00d7<\/td>\n<td>13<\/td>\n<\/tr>\n<tr>\n<td>\u4e09\u8c37\u3000\u5149\u6689\uff08\u4e8c\uff09<\/td>\n<td>\u25cb\u00d7\u25cb\u25cb<\/td>\n<td>\u25cb\u25cb\u00d7\u25cb<\/td>\n<td>\u00d7\u25cb\u00d7\u25cb<\/td>\n<td>\u00d7\u25cb\u00d7\u00d7<\/td>\n<td>\u795e\u5c3e\u00d7\u00d7\u25cb\u25cb<\/td>\n<td>11<\/td>\n<\/tr>\n<\/tbody>\n<\/table>\n<table width=\"756\">\n<tbody>\n<tr>\n<td width=\"207\">\u4e2d\u6751\u3000\u900f\u4e5f\uff08\u4e09\uff09<\/td>\n<td width=\"72\">\u25cb\u25cb\u25cb\u25cb<\/td>\n<td width=\"72\">\u25cb\u25cb\u25cb\u25cb<\/td>\n<td width=\"72\">\u25cb\u00d7\u00d7\u25cb<\/td>\n<td width=\"94\">\u25cb\u25cb\u25cb\u25cb<\/td>\n<td width=\"95\">\u25cb\u25cb\u25cb\u25cb<\/td>\n<td width=\"72\">18<\/td>\n<td rowspan=\"4\" width=\"72\">66<\/td>\n<\/tr>\n<tr>\n<td>\u5c0f\u5ddd\u3000\u7fd4\uff08\u56db\uff09<\/td>\n<td>\u00d7\u25cb\u25cb\u25cb<\/td>\n<td>\u25cb\u25cb\u25cb\u25cb<\/td>\n<td>\u00d7\u25cb\u25cb\u25cb<\/td>\n<td>\u25cb\u25cb\u25cb\u25cb<\/td>\n<td>\u25cb\u25cb\u25cb\u00d7<\/td>\n<td>17<\/td>\n<\/tr>\n<tr>\n<td>\u6c38\u5ca1\u3000\u6faa\uff08\u4e8c\uff09<\/td>\n<td>\u25cb\u00d7\u25cb\u25cb<\/td>\n<td>\u00d7\u25cb\u25cb\u25cb<\/td>\n<td>\u25cb\u25cb\u25cb\u25cb<\/td>\n<td>\u25cb\u00d7\u00d7\u25cb<\/td>\n<td>\u00d7\u25cb\u25cb\u25cb<\/td>\n<td>15<\/td>\n<\/tr>\n<tr>\n<td>\u91d1\u5b50\u3000\u590f\u8f1d\uff08\u56db\uff09<\/td>\n<td>\u00d7\u25cb\u00d7\u25cb<\/td>\n<td>\u25cb\u25cb\u25cb\u25cb<\/td>\n<td>\u25cb\u25cb\u25cb\u25cb<\/td>\n<td>\u25cb\u25cb\u00d7\u25cb<\/td>\n<td>\u25cb\u00d7\u25cb\u25cb<\/td>\n<td>16<\/td>\n<\/tr>\n<\/tbody>\n<\/table>\n<hr size=\"1\" width=\"70%\" \/>\n<p>\uff11\uff10\u6708\uff12\uff10\u65e5\u3000\u30ea\u30fc\u30b0\u6226\u3000\u9806\u4f4d\u6c7a\u5b9a\u6226\u3000\u5bfe\u95a2\u897f\u5927\u5b66<br \/>\n\u65bc\u3000\u5927\u962a\u5927\u5b66<\/p>\n<hr size=\"1\" width=\"70%\" \/>\n<p>\u5148\u653b\u3000\u95a2\u897f\u5927\u5b66 133\u4e2d\u3000\u5f8c\u653b\u3000\u4eac\u90fd\u6a58\u5927\u5b66\u3000122\u4e2d<\/p>\n<p><code><\/code><\/p>\n<table width=\"737\">\n<tbody>\n<tr>\n<td width=\"188\">\u4e0a\u7c54\u3000\u53cb\u8cb4\uff08\u56db\uff09<\/td>\n<td width=\"72\">\u00d7\u25cb\u25cb\u25cb<\/td>\n<td width=\"72\">\u25cb\u25cb\u25cb\u25cb<\/td>\n<td width=\"72\">\u25cb\u25cb\u25cb\u25cb<\/td>\n<td width=\"94\">\u25cb\u00d7\u25cb\u25cb<\/td>\n<td width=\"95\">\u00d7\u00d7\u25cb\u25cb<\/td>\n<td width=\"72\">16<\/td>\n<td rowspan=\"4\" width=\"72\">63<\/td>\n<\/tr>\n<tr>\n<td>\u6797\u3000\u826f\u5353\uff08\u56db\uff09<\/td>\n<td>\u25cb\u00d7\u00d7\u25cb<\/td>\n<td>\u25cb\u25cb\u00d7\u25cb<\/td>\n<td>\u25cb\u00d7\u25cb\u00d7<\/td>\n<td>\u25cb\u25cb\u25cb\u25cb<\/td>\n<td>\u00d7\u25cb\u25cb\u25cb<\/td>\n<td>14<\/td>\n<\/tr>\n<tr>\n<td>\u4e09\u8c37\u3000\u5149\u6689\uff08\u4e8c\uff09<\/td>\n<td>\u25cb\u00d7\u25cb\u25cb<\/td>\n<td>\u25cb\u00d7\u25cb\u25cb<\/td>\n<td>\u00d7\u25cb\u00d7\u25cb<\/td>\n<td>\u25cb\u25cb\u25cb\u25cb<\/td>\n<td>\u25cb\u25cb\u25cb\u00d7<\/td>\n<td>15<\/td>\n<\/tr>\n<tr>\n<td>\u5ddd\u68ee\u3000\u592a\u90ce\uff08\u56db\uff09<\/td>\n<td>\u25cb\u25cb\u25cb\u25cb<\/td>\n<td>\u00d7\u25cb\u25cb\u25cb<\/td>\n<td>\u25cb\u25cb\u25cb\u25cb<\/td>\n<td>\u00d7\u25cb\u25cb\u25cb<\/td>\n<td>\u25cb\u25cb\u25cb\u25cb<\/td>\n<td>18<\/td>\n<\/tr>\n<\/tbody>\n<\/table>\n<table width=\"756\">\n<tbody>\n<tr>\n<td width=\"207\">\u4e2d\u6751\u3000\u900f\u4e5f\uff08\u4e09\uff09<\/td>\n<td width=\"72\">\u25cb\u00d7\u25cb\u25cb<\/td>\n<td width=\"72\">\u25cb\u00d7\u25cb\u25cb<\/td>\n<td width=\"72\">\u25cb\u25cb\u25cb\u25cb<\/td>\n<td width=\"94\">\u25cb\u00d7\u00d7\u25cb<\/td>\n<td width=\"95\">\u25cb\u25cb\u00d7\u00d7<\/td>\n<td width=\"72\">14<\/td>\n<td rowspan=\"4\" width=\"72\">59<\/td>\n<\/tr>\n<tr>\n<td>\u5c0f\u5ddd\u3000\u7fd4\uff08\u56db\uff09<\/td>\n<td>\u25cb\u00d7\u25cb\u25cb<\/td>\n<td>\u00d7\u00d7\u25cb\u25cb<\/td>\n<td>\u25cb\u25cb\u25cb\u00d7<\/td>\n<td>\u00d7\u25cb\u25cb\u25cb<\/td>\n<td>\u25cb\u25cb\u25cb\u25cb<\/td>\n<td>15<\/td>\n<\/tr>\n<tr>\n<td>\u5c0f\u6839\u7530\u3000\u5bdb\u592a\uff08\u4e09\uff09<\/td>\n<td>\u25cb\u00d7\u25cb\u25cb<\/td>\n<td>\u25cb\u25cb\u25cb\u25cb<\/td>\n<td>\u25cb\u25cb\u25cb\u25cb<\/td>\n<td>\u25cb\u00d7\u00d7\u25cb<\/td>\n<td>\u25cb\u25cb\u00d7\u00d7<\/td>\n<td>15<\/td>\n<\/tr>\n<tr>\n<td>\u91d1\u5b50\u3000\u590f\u8f1d\uff08\u56db\uff09<\/td>\n<td>\u25cb\u25cb\u25cb\u25cb<\/td>\n<td>\u25cb\u00d7\u00d7\u25cb<\/td>\n<td>\u00d7\u25cb\u25cb\u25cb<\/td>\n<td>\u00d7\u25cb\u25cb\u25cb<\/td>\n<td>\u00d7\u25cb\u25cb\u25cb<\/td>\n<td>15<\/td>\n<\/tr>\n<\/tbody>\n<\/table>\n","protected":false},"excerpt":{"rendered":"<p>\uff19\u6708\uff18\u65e5\u3000\u30ea\u30fc\u30b0\u6226\u3000\u7b2c\u4e00\u6226\u3000\u5bfe\u95a2\u897f\u5927\u5b66 \u65bc\u3000\u95a2\u897f\u5927\u5b66 \u5148\u653b\u3000\u95a2\u897f\u5927\u5b66 128\u4e2d\u3000\u5f8c\u653b\u3000\u4eac\u90fd\u6a58\u5927\u5b66\u3000128\u4e2d \u4e0a\u7c54\u3000\u53cb\u8cb4\uff08\u56db\uff09 \u25cb\u25cb\u25cb\u25cb \u25cb\u25cb\u25cb\u25cb \u25cb\u25cb\u00d7\u25cb \u25cb\u25cb\u00d7\u25cb \u25cb\u25cb\u00d7\u00d7 16 59 \u6c38\u5ca1\u3000\u6faa\uff08\u4e8c\uff09 \u00d7\u25cb\u25cb\u25cb \u00d7\u25cb\u00d7 &hellip; <a href=\"https:\/\/cai6.tachibana-u.ac.jp\/kyudo\/?page_id=3605\" class=\"more-link\">\u7d9a\u304d\u3092\u8aad\u3080 <span class=\"screen-reader-text\">\u30ea\u30fc\u30b0\u6226\uff08\u7537\u5b50\uff09<\/span> <span class=\"meta-nav\">&rarr;<\/span><\/a><\/p>\n","protected":false},"author":1,"featured_media":0,"parent":3313,"menu_order":6,"comment_status":"closed","ping_status":"closed","template":"","meta":{"footnotes":""},"class_list":["post-3605","page","type-page","status-publish","hentry"],"_links":{"self":[{"href":"https:\/\/cai6.tachibana-u.ac.jp\/kyudo\/index.php?rest_route=\/wp\/v2\/pages\/3605","targetHints":{"allow":["GET"]}}],"collection":[{"href":"https:\/\/cai6.tachibana-u.ac.jp\/kyudo\/index.php?rest_route=\/wp\/v2\/pages"}],"about":[{"href":"https:\/\/cai6.tachibana-u.ac.jp\/kyudo\/index.php?rest_route=\/wp\/v2\/types\/page"}],"author":[{"embeddable":true,"href":"https:\/\/cai6.tachibana-u.ac.jp\/kyudo\/index.php?rest_route=\/wp\/v2\/users\/1"}],"replies":[{"embeddable":true,"href":"https:\/\/cai6.tachibana-u.ac.jp\/kyudo\/index.php?rest_route=%2Fwp%2Fv2%2Fcomments&post=3605"}],"version-history":[{"count":11,"href":"https:\/\/cai6.tachibana-u.ac.jp\/kyudo\/index.php?rest_route=\/wp\/v2\/pages\/3605\/revisions"}],"predecessor-version":[{"id":3662,"href":"https:\/\/cai6.tachibana-u.ac.jp\/kyudo\/index.php?rest_route=\/wp\/v2\/pages\/3605\/revisions\/3662"}],"up":[{"embeddable":true,"href":"https:\/\/cai6.tachibana-u.ac.jp\/kyudo\/index.php?rest_route=\/wp\/v2\/pages\/3313"}],"wp:attachment":[{"href":"https:\/\/cai6.tachibana-u.ac.jp\/kyudo\/index.php?rest_route=%2Fwp%2Fv2%2Fmedia&parent=3605"}],"curies":[{"name":"wp","href":"https:\/\/api.w.org\/{rel}","templated":true}]}}