{"id":3603,"date":"2019-09-12T13:58:26","date_gmt":"2019-09-12T04:58:26","guid":{"rendered":"https:\/\/cai6.tachibana-u.ac.jp\/kyudo\/?page_id=3603"},"modified":"2019-09-12T13:58:26","modified_gmt":"2019-09-12T04:58:26","slug":"%e5%85%a8%e6%97%a5%e6%9c%ac%e5%ad%a6%e7%94%9f%e5%bc%93%e9%81%93%e9%81%b8%e6%89%8b%e6%a8%a9%e5%a4%a7%e4%bc%9a%ef%bc%88%e3%82%a4%e3%83%b3%e3%82%ab%e3%83%ac%ef%bc%89","status":"publish","type":"page","link":"https:\/\/cai6.tachibana-u.ac.jp\/kyudo\/?page_id=3603","title":{"rendered":"\u5168\u65e5\u672c\u5b66\u751f\u5f13\u9053\u9078\u624b\u6a29\u5927\u4f1a\uff08\u30a4\u30f3\u30ab\u30ec\uff09"},"content":{"rendered":"<p>\u8fd1\u7684\u5927\u4f1a\u3000\uff18\u6708\uff11\uff14\u65e5\uff08\u6c34\uff09\uff5e\uff11\uff17\u65e5\uff08\u571f\uff09<br \/>\n\u65bc\u3000\u30b0\u30ea\u30fc\u30f3\u30a2\u30ea\u30fc\u30ca\u795e\u6238<br \/>\n\u9060\u7684\u5927\u4f1a\u3000\uff18\u6708\uff11\uff17\u65e5\uff08\u571f\uff09<br \/>\n\u65bc\u3000\u795e\u6238\u7dcf\u5408\u904b\u52d5\u516c\u5712\u30e6\u30cb\u30d0\u30fc\u8a18\u5ff5\u7af6\u6280\u5834<\/p>\n<hr size=\"1\" width=\"70%\" \/>\n<p>\u7537\u5b50\u56e3\u4f53<\/p>\n<p>\u4eac\u90fd\u6a58\u5927\u5b66\u3000\u4e88\u9078\u6557\u9000<\/p>\n<table width=\"334\">\n<tbody>\n<tr>\n<td width=\"118\"><\/td>\n<td width=\"72\">\u4e88\u9078<\/td>\n<\/tr>\n<tr>\n<td>\u4e0a\u7c54\u3000\u53cb\u8cb4\uff08\u56db\uff09<\/td>\n<td>\u00d7\u00d7\u00d7\u25cb<\/td>\n<\/tr>\n<tr>\n<td>\u5ddd\u68ee\u3000\u592a\u90ce\uff08\u56db\uff09<\/td>\n<td>\u00d7\u00d7\u25cb\u25cb<\/td>\n<\/tr>\n<tr>\n<td>\u4e2d\u6751\u3000\u900f\u4e5f\uff08\u4e09\uff09<\/td>\n<td>\u00d7\u25cb\u25cb\u00d7<\/td>\n<\/tr>\n<tr>\n<td>\u4e09\u8c37\u3000\u5149\u8f1d\uff08\u4e8c\uff09<\/td>\n<td>\u25cb\u25cb\u25cb\u25cb<\/td>\n<\/tr>\n<tr>\n<td>\u91d1\u5b50\u3000\u590f\u6689\uff08\u56db\uff09<\/td>\n<td>\u25cb\u00d7\u00d7\u25cb<\/td>\n<\/tr>\n<tr>\n<td>\u5408\u8a08<\/td>\n<td>\uff11\uff11\u4e2d<\/td>\n<\/tr>\n<\/tbody>\n<\/table>\n<p>\u5973\u5b50\u56e3\u4f53<\/p>\n<p>\u4eac\u90fd\u6a58\u5927\u5b66\u3000\u4e88\u9078\u6557\u9000<\/p>\n<table width=\"334\">\n<tbody>\n<tr>\n<td width=\"118\"><\/td>\n<td width=\"72\">\u4e88\u9078<\/td>\n<\/tr>\n<tr>\n<td>\u5e83\u702c\u3000\u611b\u4f73\uff08\u4e09\uff09<\/td>\n<td>\u25cb\u00d7\u00d7\u25cb<\/td>\n<\/tr>\n<tr>\n<td>\u5ca1\u5d0e\u3000\u7a7a\u307b\u306e\uff08\u4e00\uff09<\/td>\n<td>\u25cb\u25cb\u00d7\u00d7<\/td>\n<\/tr>\n<tr>\n<td>\u5c71\u5f62\u3000\u7a93\u5b50\uff08\u4e09\uff09<\/td>\n<td>\u25cb\u25cb\u00d7\u00d7<\/td>\n<\/tr>\n<tr>\n<td>\u5408\u8a08<\/td>\n<td>\uff16\u4e2d<\/td>\n<\/tr>\n<\/tbody>\n<\/table>\n","protected":false},"excerpt":{"rendered":"<p>\u8fd1\u7684\u5927\u4f1a\u3000\uff18\u6708\uff11\uff14\u65e5\uff08\u6c34\uff09\uff5e\uff11\uff17\u65e5\uff08\u571f\uff09 \u65bc\u3000\u30b0\u30ea\u30fc\u30f3\u30a2\u30ea\u30fc\u30ca\u795e\u6238 \u9060\u7684\u5927\u4f1a\u3000\uff18\u6708\uff11\uff17\u65e5\uff08\u571f\uff09 \u65bc\u3000\u795e\u6238\u7dcf\u5408\u904b\u52d5\u516c\u5712\u30e6\u30cb\u30d0\u30fc\u8a18\u5ff5\u7af6\u6280\u5834 \u7537\u5b50\u56e3\u4f53 \u4eac\u90fd\u6a58\u5927\u5b66\u3000\u4e88\u9078\u6557\u9000 \u4e88\u9078 \u4e0a\u7c54\u3000\u53cb\u8cb4\uff08\u56db\uff09 \u00d7\u00d7\u00d7\u25cb \u5ddd\u68ee\u3000\u592a\u90ce\uff08\u56db\uff09  &hellip; <a href=\"https:\/\/cai6.tachibana-u.ac.jp\/kyudo\/?page_id=3603\" class=\"more-link\">\u7d9a\u304d\u3092\u8aad\u3080 <span class=\"screen-reader-text\">\u5168\u65e5\u672c\u5b66\u751f\u5f13\u9053\u9078\u624b\u6a29\u5927\u4f1a\uff08\u30a4\u30f3\u30ab\u30ec\uff09<\/span> <span class=\"meta-nav\">&rarr;<\/span><\/a><\/p>\n","protected":false},"author":1,"featured_media":0,"parent":3313,"menu_order":5,"comment_status":"closed","ping_status":"closed","template":"","meta":{"footnotes":""},"class_list":["post-3603","page","type-page","status-publish","hentry"],"_links":{"self":[{"href":"https:\/\/cai6.tachibana-u.ac.jp\/kyudo\/index.php?rest_route=\/wp\/v2\/pages\/3603","targetHints":{"allow":["GET"]}}],"collection":[{"href":"https:\/\/cai6.tachibana-u.ac.jp\/kyudo\/index.php?rest_route=\/wp\/v2\/pages"}],"about":[{"href":"https:\/\/cai6.tachibana-u.ac.jp\/kyudo\/index.php?rest_route=\/wp\/v2\/types\/page"}],"author":[{"embeddable":true,"href":"https:\/\/cai6.tachibana-u.ac.jp\/kyudo\/index.php?rest_route=\/wp\/v2\/users\/1"}],"replies":[{"embeddable":true,"href":"https:\/\/cai6.tachibana-u.ac.jp\/kyudo\/index.php?rest_route=%2Fwp%2Fv2%2Fcomments&post=3603"}],"version-history":[{"count":1,"href":"https:\/\/cai6.tachibana-u.ac.jp\/kyudo\/index.php?rest_route=\/wp\/v2\/pages\/3603\/revisions"}],"predecessor-version":[{"id":3604,"href":"https:\/\/cai6.tachibana-u.ac.jp\/kyudo\/index.php?rest_route=\/wp\/v2\/pages\/3603\/revisions\/3604"}],"up":[{"embeddable":true,"href":"https:\/\/cai6.tachibana-u.ac.jp\/kyudo\/index.php?rest_route=\/wp\/v2\/pages\/3313"}],"wp:attachment":[{"href":"https:\/\/cai6.tachibana-u.ac.jp\/kyudo\/index.php?rest_route=%2Fwp%2Fv2%2Fmedia&parent=3603"}],"curies":[{"name":"wp","href":"https:\/\/api.w.org\/{rel}","templated":true}]}}