{"id":3511,"date":"2019-03-26T15:26:02","date_gmt":"2019-03-26T06:26:02","guid":{"rendered":"https:\/\/cai6.tachibana-u.ac.jp\/kyudo\/?page_id=3511"},"modified":"2019-04-17T09:48:59","modified_gmt":"2019-04-17T00:48:59","slug":"%e6%96%b0%e4%ba%ba%e6%88%a6-2","status":"publish","type":"page","link":"https:\/\/cai6.tachibana-u.ac.jp\/kyudo\/?page_id=3511","title":{"rendered":"\u65b0\u4eba\u6226"},"content":{"rendered":"<p><strong>3\u670824\u65e5\uff08\u65e5\uff09\u3000\u65b0\u4eba\u6226\u7b2c2\u56de\u6226\u5bfe\uff1a\u5929\u7406\u5927\u5b66\u3000\u65bc\uff1a\u5929\u7406\u5927\u5b66<\/strong><\/p>\n<hr size=\"1\" width=\"70%\" \/>\n<p>\u5148\u653b\u3000\u5929\u7406\u5927\u5b6641\u4e2d\u3000\u5f8c\u653b\u3000\u4eac\u90fd\u6a58\u5927\u5b6653\u4e2d<\/p>\n<p>&nbsp;<\/p>\n<table style=\"height: 263px;\" border=\"1\" width=\"603\">\n<tbody>\n<tr>\n<td>\u85e4\u6751\u3000\u594e\u592a\uff08\u4e09\uff09<\/td>\n<td>\u25cb\u00d7\u25cb\u25cb<\/td>\n<td>\u25cb\u00d7\u25cb\u00d7<\/td>\n<td>\u25cb\u25cb\u00d7\u00d7<\/td>\n<td colspan=\"2\">7<\/td>\n<td rowspan=\"6\">53<\/td>\n<\/tr>\n<tr>\n<td>\u6c38\u5ca1\u3000\u6faa\uff08\u4e8c\uff09<\/td>\n<td>\u25cb\u25cb\u00d7\u25cb<\/td>\n<td>\u25cb\u25cb\u25cb\u00d7<\/td>\n<td>\u25cb\u25cb\u00d7\u25cb<\/td>\n<td colspan=\"2\">9<\/td>\n<\/tr>\n<tr>\n<td>\u6cb3\u53e3\u3000\u7fd4\uff08\u4e8c\uff09<\/td>\n<td>\u25cb\u25cb\u25cb\u00d7<\/td>\n<td>\u00d7\u00d7\u25cb\u25cb<\/td>\n<td>\u00d7\u25cb\u25cb\u25cb<\/td>\n<td colspan=\"2\">8<\/td>\n<\/tr>\n<tr>\n<td>\u795e\u5c3e\u3000\u512a\u4ecb\uff08\u4e09\uff09<\/td>\n<td>\u25cb\u25cb\u25cb\u00d7<\/td>\n<td>\u25cb\u25cb\u25cb\u00d7<\/td>\n<td>\u25cb\u25cb\u00d7\u25cb<\/td>\n<td colspan=\"2\">9<\/td>\n<\/tr>\n<tr>\n<td>\u5c0f\u5c71\u3000\u5bdb\u81f3\uff08\u4e8c\uff09<\/td>\n<td>\u25cb\u25cb\u00d7\u25cb<\/td>\n<td>\u25cb\u00d7\u25cb\u25cb<\/td>\n<td>\u25cb\u25cb\u25cb\u00d7<\/td>\n<td colspan=\"2\">9<\/td>\n<\/tr>\n<tr>\n<td>\u5c0f\u6839\u7530\u3000\u5bdb\u592a\uff08\u4e09\uff09<\/td>\n<td>\u25cb\u25cb\u25cb\u25cb<\/td>\n<td>\u00d7\u25cb\u25cb\u25cb<\/td>\n<td>\u25cb\u25cb\u25cb\u25cb<\/td>\n<td colspan=\"2\">11<\/td>\n<\/tr>\n<\/tbody>\n<\/table>\n<p><!--more--><\/p>\n<p><strong>3<\/strong><strong>\u670831\u65e5\uff08\u65e5\uff09\u3000\u65b0\u4eba\u6226\u7b2c3\u56de\u6226\u5bfe\uff1a\u548c\u6b4c\u5c71\u5927\u5b66\u3000\u65bc\uff1a\u548c\u6b4c\u5c71\u5927\u5b66<\/strong><\/p>\n<hr size=\"1\" width=\"70%\" \/>\n<p>\u5148\u653b\u3000\u548c\u6b4c\u5c71\u5927\u5b6641\u4e2d\u3000\u5f8c\u653b\u3000\u4eac\u90fd\u6a58\u5927\u5b6656\u4e2d<\/p>\n<p>&nbsp;<\/p>\n<table border=\"1\">\n<tbody>\n<tr>\n<td>\u85e4\u6751\u3000\u594e\u592a\uff08\u4e09\uff09<\/td>\n<td>\u00d7\u00d7\u25cb\u25cb<\/td>\n<td>\u25cb\u25cb\u00d7\u25cb<\/td>\n<td>\u25cb\u25cb\u00d7\u25cb<\/td>\n<td colspan=\"2\">8<\/td>\n<td rowspan=\"6\">56<\/td>\n<\/tr>\n<tr>\n<td>\u6c38\u5ca1\u3000\u6faa\uff08\u4e8c\uff09<\/td>\n<td>\u25cb\u25cb\u25cb\u25cb<\/td>\n<td>\u25cb\u25cb\u25cb\u25cb<\/td>\n<td>\u25cb\u25cb\u25cb\u25cb<\/td>\n<td colspan=\"2\">\u7686<\/td>\n<\/tr>\n<tr>\n<td>\u4e0a\u7530\u3000\u672a\u6765\u4eba\uff08\u4e8c\uff09<\/td>\n<td>\u00d7\u25cb\u25cb\u25cb<\/td>\n<td>\u25cb\u00d7\u25cb\u25cb<\/td>\n<td>\u25cb\u25cb\u00d7\u25cb<\/td>\n<td colspan=\"2\">9<\/td>\n<\/tr>\n<tr>\n<td>\u6cb3\u53e3\u3000\u7fd4\uff08\u4e8c\uff09<\/td>\n<td>\u25cb\u25cb\u25cb\u25cb<\/td>\n<td>\u25cb\u25cb\u25cb\u25cb<\/td>\n<td>\u25cb\u25cb\u25cb\u00d7<\/td>\n<td colspan=\"2\">11<\/td>\n<\/tr>\n<tr>\n<td>\u795e\u5c3e\u3000\u512a\u4ecb\uff08\u4e09\uff09<\/td>\n<td>\u00d7\u00d7\u25cb\u25cb<\/td>\n<td>\u25cb\u00d7\u25cb\u25cb<\/td>\n<td>\u25cb\u25cb\u00d7\u00d7<\/td>\n<td colspan=\"2\">7<\/td>\n<\/tr>\n<tr>\n<td>\u5c0f\u6839\u7530\u3000\u5bdb\u592a\uff08\u4e09\uff09<\/td>\n<td>\u25cb\u25cb\u25cb\u25cb<\/td>\n<td>\u00d7\u00d7\u25cb\u00d7<\/td>\n<td>\u25cb\u25cb\u25cb\u25cb<\/td>\n<td colspan=\"2\">9<\/td>\n<\/tr>\n<\/tbody>\n<\/table>\n<hr size=\"1\" width=\"70%\" \/>\n<p><strong>\u00a0<\/strong><\/p>\n<p><!--more--><\/p>\n<p><strong>4\u67087\u65e5\uff08\u65e5\uff09\u3000\u65b0\u4eba\u6226\u30d6\u30ed\u30c3\u30af\u5185\u6c7a\u52dd\u5bfe\uff1a\u95a2\u897f\u5927\u5b66\u3000\u65bc\uff1a\u5927\u962a\u5e02\u7acb\u5927\u5b66<\/strong><\/p>\n<hr size=\"1\" width=\"70%\" \/>\n<p>\u5148\u653b\u3000\u95a2\u897f\u5927\u5b6686\u4e2d\u3000\u5f8c\u653b\u3000\u4eac\u90fd\u6a58\u5927\u5b6686\u4e2d<\/p>\n<p>&nbsp;<\/p>\n<table style=\"height: 237px;\" border=\"1\" width=\"606\">\n<tbody>\n<tr>\n<td>\u85e4\u6751\u3000\u594e\u592a\uff08\u4e09\uff09<\/td>\n<td>\u25cb\u25cb\u25cb\u25cb<\/td>\n<td>\u00d7\u25cb\u00d7\u25cb<\/td>\n<td>\u00d7\u25cb\u25cb\u00d7<\/td>\n<td>\u00d7\u25cb\u25cb\u00d7<\/td>\n<td>\u00d7\u25cb\u00d7\u25cb<\/td>\n<td colspan=\"2\">12<\/td>\n<td rowspan=\"6\">86<\/td>\n<\/tr>\n<tr>\n<td>\u6c38\u5ca1\u3000\u6faa\uff08\u4e8c\uff09<\/td>\n<td>\u25cb\u25cb\u25cb\u25cb<\/td>\n<td>\u25cb\u25cb\u25cb\u25cb<\/td>\n<td>\u25cb\u00d7\u25cb\u25cb<\/td>\n<td>\u25cb\u25cb\u25cb\u00d7<\/td>\n<td>\u00d7\u25cb\u00d7\u00d7<\/td>\n<td colspan=\"2\">15<\/td>\n<\/tr>\n<tr>\n<td>\u5c71\u6839\u3000\u306a\u3064\u307f\uff08\u4e8c\uff09<\/td>\n<td>\u25cb\u25cb\u25cb\u00d7<\/td>\n<td>\u25cb\u00d7\u25cb\u25cb<\/td>\n<td>\u00d7\u25cb\u25cb\u00d7<\/td>\n<td>\u25cb\u00d7\u00d7\u25cb<\/td>\n<td>\u25cb\u25cb\u25cb\u25cb<\/td>\n<td colspan=\"2\">14<\/td>\n<\/tr>\n<tr>\n<td>\u6cb3\u53e3\u3000\u7fd4\uff08\u4e8c\uff09<\/td>\n<td>\u00d7\u00d7\u00d7\u00d7<\/td>\n<td>\u25cb\u25cb\u25cb\u25cb<\/td>\n<td>\u00d7\u25cb\u25cb\u00d7<\/td>\n<td>\u25cb\u25cb\u25cb\u25cb<\/td>\n<td>\u25cb\u00d7\u25cb\u25cb<\/td>\n<td colspan=\"2\">13<\/td>\n<\/tr>\n<tr>\n<td>\u795e\u5c3e\u3000\u512a\u4ecb\uff08\u4e09\uff09<\/td>\n<td>\u25cb\u25cb\u25cb\u25cb<\/td>\n<td>\u25cb\u00d7\u25cb\u25cb<\/td>\n<td>\u25cb\u00d7\u25cb\u25cb<\/td>\n<td>\u25cb\u25cb\u25cb\u25cb<\/td>\n<td>\u25cb\u25cb\u25cb\u00d7<\/td>\n<td colspan=\"2\">17<\/td>\n<\/tr>\n<tr>\n<td>\u5c0f\u6839\u7530\u3000\u5bdb\u592a\uff08\u4e09\uff09<\/td>\n<td>\u00d7\u25cb\u00d7\u00d7<\/td>\n<td>\u25cb\u25cb\u25cb\u25cb<\/td>\n<td>\u25cb\u00d7\u25cb\u25cb<\/td>\n<td>\u25cb\u00d7\u25cb\u25cb<\/td>\n<td>\u25cb\u25cb\u25cb\u25cb<\/td>\n<td colspan=\"2\">15<\/td>\n<\/tr>\n<\/tbody>\n<\/table>\n<p>\u540c\u4e2d\u4e00\u624b\u7af6\u5c04<\/p>\n<p>\u5148\u653b\u3000\u95a2\u897f\u5927\u5b666\u4e2d\u3000\u5f8c\u653b\u3000\u4eac\u90fd\u6a58\u5927\u5b6610\u4e2d<\/p>\n<table style=\"height: 1px;\" border=\"1\" width=\"300\">\n<tbody>\n<tr>\n<td>\u85e4\u6751\u3000\u594e\u592a\uff08\u4e09\uff09<\/td>\n<td>\u25cb \u00a0\u25cb<\/td>\n<td colspan=\"2\">\u7686<\/td>\n<td rowspan=\"6\">10<\/td>\n<\/tr>\n<tr>\n<td>\u6c38\u5ca1\u3000\u6faa\uff08\u4e8c\uff09<\/td>\n<td>\u25cb \u00a0\u25cb<\/td>\n<td colspan=\"2\">\u7686<\/td>\n<\/tr>\n<tr>\n<td>\u5c71\u6839\u3000\u306a\u3064\u307f\uff08\u4e8c\uff09<\/td>\n<td>\u25cb \u00a0\u25cb<\/td>\n<td colspan=\"2\">\u7686<\/td>\n<\/tr>\n<tr>\n<td>\u6cb3\u53e3\u3000\u7fd4\uff08\u4e8c\uff09<\/td>\n<td>\u25cb \u25cb<\/td>\n<td colspan=\"2\">\u7686<\/td>\n<\/tr>\n<tr>\n<td>\u795e\u5c3e\u3000\u512a\u4ecb\uff08\u4e09\uff09<\/td>\n<td>\u25cb \u00a0\u00d7<\/td>\n<td colspan=\"2\">1<\/td>\n<\/tr>\n<tr>\n<td>\u5c0f\u6839\u7530\u3000\u5bdb\u592a\uff08\u4e09\uff09<\/td>\n<td>\u25cb \u00a0\u00d7<\/td>\n<td colspan=\"2\">1<\/td>\n<\/tr>\n<\/tbody>\n<\/table>\n<p>&nbsp;<\/p>\n<p><!--more--><\/p>\n<p><strong>4\u670814\u65e5\uff08\u65e5\uff09\u3000\u65b0\u4eba\u6226\u6c7a\u52dd\u5bfe\uff1a\u5927\u962a\u7d4c\u6e08\u5927\u5b66\u3000\u9f8d\u8c37\u5927\u5b66\u3000\u65bc\uff1a\u4eac\u90fd\u5927\u5b66<\/strong><\/p>\n<hr size=\"1\" width=\"70%\" \/>\n<p>\u5148\u653b\u3000\u5927\u962a\u7d4c\u6e08\u5927\u5b6685\u4e2d\u3000\u4e2d\u653b\u3000\u4eac\u90fd\u6a58\u5927\u5b6688\u4e2d\u3000\u5f8c\u653b\u3000\u9f8d\u8c37\u5927\u5b6669\u4e2d<\/p>\n<p>\u512a\u52dd<\/p>\n<table border=\"1\">\n<tbody>\n<tr>\n<td>\u85e4\u6751\u3000\u594e\u592a\uff08\u4e09\uff09<\/td>\n<td>\u25cb\u25cb\u25cb\u25cb<\/td>\n<td>\u00d7\u25cb\u00d7\u25cb<\/td>\n<td>\u25cb\u25cb\u00d7\u25cb<\/td>\n<td>\u25cb\u00d7\u25cb\u00d7<\/td>\n<td>\u25cb\u00d7\u00d7\u00d7<\/td>\n<td colspan=\"2\">12<\/td>\n<td rowspan=\"6\">88<\/td>\n<\/tr>\n<tr>\n<td>\u6c38\u5ca1\u3000\u6faa\uff08\u4e8c\uff09<\/td>\n<td>\u25cb\u25cb\u25cb\u25cb<\/td>\n<td>\u25cb\u25cb\u25cb\u25cb<\/td>\n<td>\u25cb\u00d7\u25cb\u25cb<\/td>\n<td>\u25cb\u25cb\u00d7\u25cb<\/td>\n<td>\u25cb\u25cb\u25cb\u25cb<\/td>\n<td colspan=\"2\">18<\/td>\n<\/tr>\n<tr>\n<td>\u4e0a\u7530\u3000\u672a\u6765\u4eba\uff08\u4e8c\uff09<\/td>\n<td>\u25cb\u00d7\u00d7\u00d7<\/td>\n<td>\u00d7\u25cb\u25cb\u25cb<\/td>\n<td>\u00d7\u25cb\u25cb\u25cb<\/td>\n<td>\u25cb\u25cb\u25cb\u00d7<\/td>\n<td>\u25cb\u25cb\u25cb\u25cb<\/td>\n<td colspan=\"2\">14<\/td>\n<\/tr>\n<tr>\n<td>\u5c71\u6839\u3000\u306a\u3064\u307f\uff08\u4e8c\uff09<\/td>\n<td>\u25cb\u25cb\u25cb\u25cb<\/td>\n<td>\u00d7\u25cb\u25cb\u00d7<\/td>\n<td>\u00d7\u25cb\u00d7\u25cb<\/td>\n<td>\u25cb\u00d7\u25cb\u25cb<\/td>\n<td>\u25cb\u00d7\u25cb\u00d7<\/td>\n<td colspan=\"2\">13<\/td>\n<\/tr>\n<tr>\n<td>\u795e\u5c3e\u3000\u512a\u4ecb\uff08\u4e09\uff09<\/td>\n<td>\u25cb\u25cb\u25cb\u00d7<\/td>\n<td>\u25cb\u25cb\u25cb\u25cb<\/td>\n<td>\u25cb\u25cb\u25cb\u25cb<\/td>\n<td>\u00d7\u25cb\u00d7\u25cb<\/td>\n<td>\u25cb\u25cb\u25cb\u25cb<\/td>\n<td colspan=\"2\">17<\/td>\n<\/tr>\n<tr>\n<td>\u5c0f\u6839\u7530\u3000\u5bdb\u592a\uff08\u4e09\uff09<\/td>\n<td>\u25cb\u25cb\u25cb\u00d7<\/td>\n<td>\u00d7\u25cb\u00d7\u25cb<\/td>\n<td>\u25cb\u25cb\u00d7\u25cb<\/td>\n<td>\u25cb\u25cb\u00d7\u25cb<\/td>\n<td>\u25cb\u25cb\u25cb\u00d7<\/td>\n<td colspan=\"2\">14<\/td>\n<\/tr>\n<\/tbody>\n<\/table>\n","protected":false},"excerpt":{"rendered":"<p>3\u670824\u65e5\uff08\u65e5\uff09\u3000\u65b0\u4eba\u6226\u7b2c2\u56de\u6226\u5bfe\uff1a\u5929\u7406\u5927\u5b66\u3000\u65bc\uff1a\u5929\u7406\u5927\u5b66 \u5148\u653b\u3000\u5929\u7406\u5927\u5b6641\u4e2d\u3000\u5f8c\u653b\u3000\u4eac\u90fd\u6a58\u5927\u5b6653\u4e2d &nbsp; \u85e4\u6751\u3000\u594e\u592a\uff08\u4e09\uff09 \u25cb\u00d7\u25cb\u25cb \u25cb\u00d7\u25cb\u00d7 \u25cb\u25cb\u00d7\u00d7 7 53 \u6c38\u5ca1\u3000\u6faa\uff08\u4e8c\uff09 \u25cb\u25cb\u00d7\u25cb \u25cb\u25cb\u25cb\u00d7 \u25cb\u25cb\u00d7 &hellip; <a href=\"https:\/\/cai6.tachibana-u.ac.jp\/kyudo\/?page_id=3511\" class=\"more-link\">\u7d9a\u304d\u3092\u8aad\u3080 <span class=\"screen-reader-text\">\u65b0\u4eba\u6226<\/span> <span class=\"meta-nav\">&rarr;<\/span><\/a><\/p>\n","protected":false},"author":1,"featured_media":0,"parent":3313,"menu_order":1,"comment_status":"closed","ping_status":"closed","template":"","meta":{"footnotes":""},"class_list":["post-3511","page","type-page","status-publish","hentry"],"_links":{"self":[{"href":"https:\/\/cai6.tachibana-u.ac.jp\/kyudo\/index.php?rest_route=\/wp\/v2\/pages\/3511","targetHints":{"allow":["GET"]}}],"collection":[{"href":"https:\/\/cai6.tachibana-u.ac.jp\/kyudo\/index.php?rest_route=\/wp\/v2\/pages"}],"about":[{"href":"https:\/\/cai6.tachibana-u.ac.jp\/kyudo\/index.php?rest_route=\/wp\/v2\/types\/page"}],"author":[{"embeddable":true,"href":"https:\/\/cai6.tachibana-u.ac.jp\/kyudo\/index.php?rest_route=\/wp\/v2\/users\/1"}],"replies":[{"embeddable":true,"href":"https:\/\/cai6.tachibana-u.ac.jp\/kyudo\/index.php?rest_route=%2Fwp%2Fv2%2Fcomments&post=3511"}],"version-history":[{"count":7,"href":"https:\/\/cai6.tachibana-u.ac.jp\/kyudo\/index.php?rest_route=\/wp\/v2\/pages\/3511\/revisions"}],"predecessor-version":[{"id":3526,"href":"https:\/\/cai6.tachibana-u.ac.jp\/kyudo\/index.php?rest_route=\/wp\/v2\/pages\/3511\/revisions\/3526"}],"up":[{"embeddable":true,"href":"https:\/\/cai6.tachibana-u.ac.jp\/kyudo\/index.php?rest_route=\/wp\/v2\/pages\/3313"}],"wp:attachment":[{"href":"https:\/\/cai6.tachibana-u.ac.jp\/kyudo\/index.php?rest_route=%2Fwp%2Fv2%2Fmedia&parent=3511"}],"curies":[{"name":"wp","href":"https:\/\/api.w.org\/{rel}","templated":true}]}}