{"id":3288,"date":"2018-09-11T15:38:14","date_gmt":"2018-09-11T06:38:14","guid":{"rendered":"https:\/\/cai6.tachibana-u.ac.jp\/kyudo\/?page_id=3288"},"modified":"2018-12-05T11:06:14","modified_gmt":"2018-12-05T02:06:14","slug":"%e3%83%aa%e3%83%bc%e3%82%b0%e6%88%a6%e5%a5%b3%e5%ad%90","status":"publish","type":"page","link":"https:\/\/cai6.tachibana-u.ac.jp\/kyudo\/?page_id=3288","title":{"rendered":"\u30ea\u30fc\u30b0\u6226(\u5973\u5b50)"},"content":{"rendered":"<p>\uff19\u6708\uff19\u65e5\u3000\u30ea\u30fc\u30b0\u6226\u3000\u7b2c\u4e00\u6226\u3000\u5bfe\u95a2\u897f\u5927\u5b66<br \/>\n\u65bc\u3000\u5929\u7406\u5927\u5b66<\/p>\n<hr size=\"1\" width=\"70%\" \/>\n<p>\u5148\u653b\u3000\u4eac\u90fd\u6a58\u5927\u5b66\u300054\u4e2d\u3000\u5f8c\u653b\u3000\u95a2\u897f\u5927\u5b66\u300064\u4e2d<\/p>\n<table width=\"756\">\n<tbody>\n<tr>\n<td width=\"207\">\u5927\u829d\u3000\u51ac\u83ef\uff08\u4e09\uff09<\/td>\n<td width=\"72\">\u25cb\u25cb\u00d7\u25cb<\/td>\n<td width=\"72\">\u25cb\u00d7\u00d7\u00d7<\/td>\n<td width=\"72\">\u00d7\u00d7\u25cb\u25cb<\/td>\n<td width=\"94\">\u25cb\u25cb\u00d7\u25cb<\/td>\n<td width=\"95\">\u25cb\u00d7\u25cb\u25cb<\/td>\n<td width=\"72\">12<\/td>\n<td rowspan=\"4\" width=\"72\">54<\/td>\n<\/tr>\n<tr>\n<td>\u5c71\u5f62\u3000\u7a93\u5b50\uff08\u4e8c\uff09<\/td>\n<td>\u25cb\u25cb\u25cb\u25cb<\/td>\n<td>\u00d7\u25cb\u25cb\u25cb<\/td>\n<td>\u25cb\u00d7\u25cb\u25cb<\/td>\n<td>\u25cb\u25cb\u25cb\u00d7<\/td>\n<td>\u25cb\u25cb\u25cb\u25cb<\/td>\n<td>17<\/td>\n<\/tr>\n<tr>\n<td>\u5c71\u6839\u3000\u306a\u3064\u307f\uff08\u4e00\uff09<\/td>\n<td>\u00d7\u00d7\u00d7\u25cb<\/td>\n<td>\u00d7\u25cb\u00d7\u00d7<\/td>\n<td width=\"104\">\u4e09\u6d66\u25cb\u00d7\u25cb\u25cb<\/td>\n<td>\u25cb\u25cb\u25cb\u25cb<\/td>\n<td>\u00d7\u00d7\u00d7\u00d7<\/td>\n<td>9<\/td>\n<\/tr>\n<tr>\n<td>\u5e83\u702c\u3000\u611b\u4f73\uff08\u4e09\uff09<\/td>\n<td>\u25cb\u00d7\u25cb\u25cb<\/td>\n<td>\u25cb\u00d7\u25cb\u25cb<\/td>\n<td>\u25cb\u00d7\u25cb\u25cb<\/td>\n<td>\u25cb\u25cb\u25cb\u25cb<\/td>\n<td>\u00d7\u25cb\u25cb\u25cb<\/td>\n<td>16<\/td>\n<\/tr>\n<\/tbody>\n<\/table>\n<p>&nbsp;<\/p>\n<hr size=\"1\" width=\"70%\" \/>\n<p>\uff19\u6708\uff11\uff16\u65e5\u3000\u30ea\u30fc\u30b0\u6226\u3000\u7b2c\u4e8c\u6226\u3000\u5bfe\u548c\u6b4c\u5c71\u5927\u5b66<br \/>\n\u65bc\u3000\u4eac\u90fd\u6a58\u5927\u5b66<\/p>\n<hr size=\"1\" width=\"70%\" \/>\n<p>\u5148\u653b\u3000\u548c\u6b4c\u5c71\u5927\u5b66\u300039\u4e2d\u3000\u5f8c\u653b\u3000\u4eac\u90fd\u6a58\u5927\u5b66\u300062\u4e2d<\/p>\n<table width=\"756\">\n<tbody>\n<tr>\n<td width=\"207\">\u5c71\u5f62\u3000\u7a93\u5b50\uff08\u4e8c\uff09<\/td>\n<td width=\"72\">\u00d7\u00d7\u25cb\u25cb<\/td>\n<td width=\"72\">\u25cb\u25cb\u25cb\u25cb<\/td>\n<td width=\"72\">\u25cb\u25cb\u25cb\u25cb<\/td>\n<td width=\"94\">\u25cb\u25cb\u25cb\u25cb<\/td>\n<td width=\"95\">\u25cb\u25cb\u25cb\u00d7<\/td>\n<td width=\"72\">17<\/td>\n<td rowspan=\"4\" width=\"72\">62<\/td>\n<\/tr>\n<tr>\n<td>\u6a4b\u672c\u3000\u9ebb\u8863\uff08\u4e8c\uff09<\/td>\n<td>\u25cb\u25cb\u25cb\u25cb<\/td>\n<td>\u25cb\u00d7\u25cb\u25cb<\/td>\n<td>\u25cb\u25cb\u25cb\u25cb<\/td>\n<td>\u25cb\u25cb\u25cb\u25cb<\/td>\n<td>\u00d7\u00d7\u25cb\u25cb<\/td>\n<td>17<\/td>\n<\/tr>\n<tr>\n<td>\u5e83\u702c\u3000\u611b\u4f73\uff08\u4e09\uff09<\/td>\n<td>\u25cb\u25cb\u25cb\u25cb<\/td>\n<td>\u25cb\u25cb\u25cb\u25cb<\/td>\n<td>\u25cb\u25cb\u00d7\u00d7<\/td>\n<td>\u25cb\u00d7\u25cb\u25cb<\/td>\n<td>\u00d7\u00d7\u25cb\u25cb<\/td>\n<td>15<\/td>\n<\/tr>\n<tr>\n<td>\u5927\u829d\u3000\u51ac\u83ef\uff08\u4e09\uff09<\/td>\n<td>\u25cb\u25cb\u25cb\u25cb<\/td>\n<td>\u25cb\u25cb\u00d7\u00d7<\/td>\n<td>\u25cb\u00d7\u00d7\u25cb<\/td>\n<td>\u25cb\u00d7\u25cb\u00d7<\/td>\n<td width=\"104\">\u4e09\u6d66\u25cb\u25cb\u25cb\u00d7<\/td>\n<td>13<\/td>\n<\/tr>\n<\/tbody>\n<\/table>\n<p>\uff11\uff10\u6708\uff17\u65e5\u3000\u30ea\u30fc\u30b0\u6226\u3000\u7b2c\u4e94\u6226\u3000\u5bfe\u5927\u962a\u7d4c\u6e08\u5927\u5b66<br \/>\n\u65bc\u3000\u5927\u962a\u7d4c\u6e08\u5927\u5b66<\/p>\n<hr size=\"1\" width=\"70%\" \/>\n<p>\u5148\u653b\u3000\u5927\u962a\u7d4c\u6e08\u5927\u5b66\u300065\u4e2d\u3000\u5f8c\u653b\u3000\u4eac\u90fd\u6a58\u5927\u5b66\u300050\u4e2d<\/p>\n<table width=\"756\">\n<tbody>\n<tr>\n<td width=\"207\">\u77f3\u7530\u3000\u5f69\u590f\uff08\u4e00\uff09<\/td>\n<td width=\"72\">\u25cb\u25cb\u25cb\u25cb<\/td>\n<td width=\"72\">\u00d7\u25cb\u25cb\u25cb<\/td>\n<td width=\"72\">\u25cb\u00d7\u25cb\u25cb<\/td>\n<td width=\"94\">\u25cb\u25cb\u00d7\u25cb<\/td>\n<td width=\"95\">\u00d7\u00d7\u25cb\u25cb<\/td>\n<td width=\"72\">15<\/td>\n<td rowspan=\"4\" width=\"72\">50<\/td>\n<\/tr>\n<tr>\n<td>\u6a4b\u672c\u3000\u9ebb\u8863\uff08\u4e8c\uff09<\/td>\n<td>\u00d7\u00d7\u25cb\u25cb<\/td>\n<td>\u25cb\u25cb\u00d7\u25cb<\/td>\n<td>\u00d7\u25cb\u25cb\u25cb<\/td>\n<td>\u25cb\u25cb\u00d7\u25cb<\/td>\n<td>\u00d7\u00d7\u25cb\u25cb<\/td>\n<td>13<\/td>\n<\/tr>\n<tr>\n<td>\u5927\u829d\u3000\u51ac\u83ef\uff08\u4e09\uff09<\/td>\n<td>\u25cb\u25cb\u00d7\u25cb<\/td>\n<td>\u00d7\u00d7\u25cb\u25cb<\/td>\n<td width=\"104\">\u5c71\u5f62\u25cb\u25cb\u00d7\u25cb<\/td>\n<td>\u25cb\u25cb\u00d7\u00d7<\/td>\n<td>\u00d7\u25cb\u00d7\u00d7<\/td>\n<td>11<\/td>\n<\/tr>\n<tr>\n<td>\u4e09\u6d66\u3000\u831c\uff08\u4e09\uff09<\/td>\n<td>\u25cb\u00d7\u25cb\u00d7<\/td>\n<td>\u00d7\u25cb\u25cb\u25cb<\/td>\n<td>\u25cb\u25cb\u00d7\u00d7<\/td>\n<td>\u25cb\u00d7\u00d7\u25cb<\/td>\n<td width=\"104\">\u5c71\u6839\u00d7\u25cb\u25cb\u00d7<\/td>\n<td>11<\/td>\n<\/tr>\n<\/tbody>\n<\/table>\n<p>&nbsp;<\/p>\n<hr size=\"1\" width=\"70%\" \/>\n<p>\uff11\uff10\u6708\uff11\uff14\u65e5\u3000\u30ea\u30fc\u30b0\u6226\u3000\u7b2c\u516d\u6226\u3000\u5bfe\u5929\u7406\u5927\u5b66<br \/>\n\u65bc\u3000\u548c\u6b4c\u5c71\u5927\u5b66<\/p>\n<hr size=\"1\" width=\"70%\" \/>\n<p>\u5148\u653b\u3000\u5929\u7406\u5927\u5b66\u300058\u4e2d\u3000\u5f8c\u653b\u3000\u4eac\u90fd\u6a58\u5927\u5b66\u300049\u4e2d<\/p>\n<table width=\"756\">\n<tbody>\n<tr>\n<td width=\"207\">\u4e09\u6d66\u3000\u831c\uff08\u4e09\uff09<\/td>\n<td width=\"72\">\u00d7\u00d7\u00d7\u25cb<\/td>\n<td width=\"72\">\u00d7\u25cb\u25cb\u25cb<\/td>\n<td width=\"72\">\u25cb\u25cb\u00d7\u25cb<\/td>\n<td width=\"94\">\u00d7\u25cb\u25cb\u25cb<\/td>\n<td width=\"95\">\u00d7\u00d7\u25cb\u25cb<\/td>\n<td width=\"72\">12<\/td>\n<td rowspan=\"4\" width=\"72\">49<\/td>\n<\/tr>\n<tr>\n<td>\u6a4b\u672c\u3000\u9ebb\u8863\uff08\u4e8c\uff09<\/td>\n<td>\u25cb\u25cb\u25cb\u25cb<\/td>\n<td>\u00d7\u00d7\u25cb\u00d7<\/td>\n<td>\u00d7\u25cb\u25cb\u00d7<\/td>\n<td width=\"104\">\u5c71\u5f62\u25cb\u00d7\u25cb\u25cb<\/td>\n<td>\u00d7\u00d7\u00d7\u25cb<\/td>\n<td>11<\/td>\n<\/tr>\n<tr>\n<td>\u5c71\u6839\u3000\u306a\u3064\u307f\uff08\u4e00\uff09<\/td>\n<td>\u00d7\u25cb\u25cb\u00d7<\/td>\n<td>\u25cb\u00d7\u00d7\u00d7<\/td>\n<td>\u25cb\u00d7\u25cb\u25cb<\/td>\n<td>\u25cb\u00d7\u25cb\u00d7<\/td>\n<td width=\"104\">\u5e83\u702c\u25cb\u25cb\u25cb\u25cb<\/td>\n<td>12<\/td>\n<\/tr>\n<tr>\n<td>\u5927\u829d\u3000\u51ac\u83ef\uff08\u4e09\uff09<\/td>\n<td>\u25cb\u25cb\u25cb\u00d7<\/td>\n<td>\u25cb\u25cb\u00d7\u25cb<\/td>\n<td>\u25cb\u25cb\u25cb\u25cb<\/td>\n<td>\u25cb\u00d7\u00d7\u25cb<\/td>\n<td>\u25cb\u00d7\u00d7\u25cb<\/td>\n<td>14<\/td>\n<\/tr>\n<\/tbody>\n<\/table>\n<p>&nbsp;<\/p>\n<hr size=\"1\" width=\"70%\" \/>\n<p>\uff11\uff10\u6708\uff12\uff18\u65e5\u3000\u30ea\u30fc\u30b0\u6226\u3000\u5165\u308c\u66ff\u3048\u6226\u6226\u3000\u5bfe\u95a2\u897f\u5b66\u9662\u5927\u5b66<br \/>\n\u65bc\u3000\u5927\u962a\u7d4c\u6e08\u5927\u5b66<\/p>\n<hr size=\"1\" width=\"70%\" \/>\n<p>\u5148\u653b\u3000\u95a2\u897f\u5b66\u9662\u5927\u5b66\u300056\u4e2d\u3000\u5f8c\u653b\u3000\u4eac\u90fd\u6a58\u5927\u5b66\u300055\u4e2d<\/p>\n<table width=\"756\">\n<tbody>\n<tr>\n<td width=\"207\">\u5c71\u5f62\u3000\u7a93\u5b50\uff08\u4e8c\uff09<\/td>\n<td width=\"72\">\u25cb\u25cb\u25cb\u25cb<\/td>\n<td width=\"72\">\u00d7\u00d7\u25cb\u25cb<\/td>\n<td width=\"72\">\u00d7\u25cb\u25cb\u00d7<\/td>\n<td width=\"94\">\u00d7\u25cb\u25cb\u25cb<\/td>\n<td width=\"95\">\u00d7\u25cb\u00d7\u25cb<\/td>\n<td width=\"72\">13<\/td>\n<td rowspan=\"4\" width=\"72\">55<\/td>\n<\/tr>\n<tr>\n<td>\u77f3\u7530\u3000\u5f69\u590f\uff08\u4e00\uff09<\/td>\n<td>\u00d7\u00d7\u00d7\u00d7<\/td>\n<td>\u25cb\u00d7\u00d7\u25cb<\/td>\n<td width=\"104\">\u4e09\u6d66\u00d7\u00d7\u25cb\u25cb<\/td>\n<td>\u25cb\u25cb\u00d7\u25cb<\/td>\n<td>\u25cb\u25cb\u25cb\u00d7<\/td>\n<td>10<\/td>\n<\/tr>\n<tr>\n<td>\u5e83\u702c\u3000\u611b\u4f73\uff08\u4e09\uff09<\/td>\n<td>\u25cb\u00d7\u25cb\u25cb<\/td>\n<td>\u25cb\u25cb\u25cb\u25cb<\/td>\n<td>\u25cb\u25cb\u25cb\u25cb<\/td>\n<td>\u25cb\u25cb\u00d7\u00d7<\/td>\n<td>\u00d7\u25cb\u25cb\u00d7<\/td>\n<td>15<\/td>\n<\/tr>\n<tr>\n<td>\u5927\u829d\u3000\u51ac\u83ef\uff08\u4e09\uff09<\/td>\n<td>\u25cb\u00d7\u25cb\u25cb<\/td>\n<td>\u25cb\u25cb\u00d7\u00d7<\/td>\n<td>\u25cb\u25cb\u25cb\u25cb<\/td>\n<td>\u25cb\u25cb\u25cb\u25cb<\/td>\n<td>\u25cb\u25cb\u25cb\u25cb<\/td>\n<td>17<\/td>\n<\/tr>\n<\/tbody>\n<\/table>\n<p>&nbsp;<\/p>\n<hr size=\"1\" width=\"70%\" \/>\n","protected":false},"excerpt":{"rendered":"<p>\uff19\u6708\uff19\u65e5\u3000\u30ea\u30fc\u30b0\u6226\u3000\u7b2c\u4e00\u6226\u3000\u5bfe\u95a2\u897f\u5927\u5b66 \u65bc\u3000\u5929\u7406\u5927\u5b66 \u5148\u653b\u3000\u4eac\u90fd\u6a58\u5927\u5b66\u300054\u4e2d\u3000\u5f8c\u653b\u3000\u95a2\u897f\u5927\u5b66\u300064\u4e2d \u5927\u829d\u3000\u51ac\u83ef\uff08\u4e09\uff09 \u25cb\u25cb\u00d7\u25cb \u25cb\u00d7\u00d7\u00d7 \u00d7\u00d7\u25cb\u25cb \u25cb\u25cb\u00d7\u25cb \u25cb\u00d7\u25cb\u25cb 12 54 \u5c71\u5f62\u3000\u7a93\u5b50\uff08\u4e8c\uff09 \u25cb\u25cb\u25cb\u25cb \u00d7\u25cb\u25cb\u25cb &hellip; <a href=\"https:\/\/cai6.tachibana-u.ac.jp\/kyudo\/?page_id=3288\" class=\"more-link\">\u7d9a\u304d\u3092\u8aad\u3080 <span class=\"screen-reader-text\">\u30ea\u30fc\u30b0\u6226(\u5973\u5b50)<\/span> <span class=\"meta-nav\">&rarr;<\/span><\/a><\/p>\n","protected":false},"author":1,"featured_media":0,"parent":3019,"menu_order":7,"comment_status":"closed","ping_status":"closed","template":"","meta":{"footnotes":""},"class_list":["post-3288","page","type-page","status-publish","hentry"],"_links":{"self":[{"href":"https:\/\/cai6.tachibana-u.ac.jp\/kyudo\/index.php?rest_route=\/wp\/v2\/pages\/3288","targetHints":{"allow":["GET"]}}],"collection":[{"href":"https:\/\/cai6.tachibana-u.ac.jp\/kyudo\/index.php?rest_route=\/wp\/v2\/pages"}],"about":[{"href":"https:\/\/cai6.tachibana-u.ac.jp\/kyudo\/index.php?rest_route=\/wp\/v2\/types\/page"}],"author":[{"embeddable":true,"href":"https:\/\/cai6.tachibana-u.ac.jp\/kyudo\/index.php?rest_route=\/wp\/v2\/users\/1"}],"replies":[{"embeddable":true,"href":"https:\/\/cai6.tachibana-u.ac.jp\/kyudo\/index.php?rest_route=%2Fwp%2Fv2%2Fcomments&post=3288"}],"version-history":[{"count":10,"href":"https:\/\/cai6.tachibana-u.ac.jp\/kyudo\/index.php?rest_route=\/wp\/v2\/pages\/3288\/revisions"}],"predecessor-version":[{"id":3362,"href":"https:\/\/cai6.tachibana-u.ac.jp\/kyudo\/index.php?rest_route=\/wp\/v2\/pages\/3288\/revisions\/3362"}],"up":[{"embeddable":true,"href":"https:\/\/cai6.tachibana-u.ac.jp\/kyudo\/index.php?rest_route=\/wp\/v2\/pages\/3019"}],"wp:attachment":[{"href":"https:\/\/cai6.tachibana-u.ac.jp\/kyudo\/index.php?rest_route=%2Fwp%2Fv2%2Fmedia&parent=3288"}],"curies":[{"name":"wp","href":"https:\/\/api.w.org\/{rel}","templated":true}]}}