{"id":2606,"date":"2017-10-31T16:38:06","date_gmt":"2017-10-31T07:38:06","guid":{"rendered":"https:\/\/cai6.tachibana-u.ac.jp\/kyudo\/?page_id=2606"},"modified":"2017-11-07T01:25:39","modified_gmt":"2017-11-06T16:25:39","slug":"%e3%83%aa%e3%83%bc%e3%82%b0%e6%88%a6%ef%bc%88%e5%a5%b3%e5%ad%90%ef%bc%89","status":"publish","type":"page","link":"https:\/\/cai6.tachibana-u.ac.jp\/kyudo\/?page_id=2606","title":{"rendered":"\u30ea\u30fc\u30b0\u6226\uff08\u5973\u5b50\uff09"},"content":{"rendered":"<p>\uff19\u6708\uff11\uff10\u65e5\u3000\u30ea\u30fc\u30b0\u6226\u3000\u7b2c\u4e00\u6226\u3000\u5bfe\u8fd1\u757f\u5927\u5b66<br \/>\n\u65bc\u3000\u95a2\u897f\u5927\u5b66<\/p>\n<hr size=\"1\" width=\"70%\" \/>\n<p>\u5148\u653b\u3000\u8fd1\u757f\u5927\u5b66\u300050\u4e2d\u3000\u5f8c\u653b\u3000\u4eac\u90fd\u6a58\u5927\u5b66\u300062\u4e2d<\/p>\n<table width=\"756\">\n<tbody>\n<tr>\n<td width=\"207\">\u548c\u7530\u3000\u771f\u5f13\uff08\u56db\uff09<\/td>\n<td width=\"72\">\u00d7\u00d7\u00d7\u00d7<\/td>\n<td width=\"72\">\u25cb\u25cb\u00d7\u25cb<\/td>\n<td width=\"72\">\u25cb\u25cb\u25cb\u25cb<\/td>\n<td width=\"94\">\u00d7\u25cb\u25cb\u25cb<\/td>\n<td width=\"95\">\u25cb\u25cb\u25cb\u25cb<\/td>\n<td width=\"72\">14<\/td>\n<td rowspan=\"4\" width=\"72\">62<\/td>\n<\/tr>\n<tr>\n<td>\u5c71\u5f62\u3000\u7a93\u5b50\uff08\u4e00\uff09<\/td>\n<td>\u00d7\u25cb\u25cb\u25cb<\/td>\n<td>\u25cb\u25cb\u25cb\u25cb<\/td>\n<td>\u00d7\u25cb\u25cb\u25cb<\/td>\n<td>\u25cb\u25cb\u25cb\u25cb<\/td>\n<td>\u25cb\u00d7\u25cb\u00d7<\/td>\n<td>16<\/td>\n<\/tr>\n<tr>\n<td>\u6a4b\u672c\u3000\u9ebb\u8863\uff08\u4e00\uff09<\/td>\n<td>\u25cb\u25cb\u25cb\u25cb<\/td>\n<td>\u25cb\u00d7\u25cb\u00d7<\/td>\n<td>\u25cb\u25cb\u25cb\u00d7<\/td>\n<td>\u25cb\u25cb\u25cb\u25cb<\/td>\n<td>\u00d7\u25cb\u25cb\u25cb<\/td>\n<td>16<\/td>\n<\/tr>\n<tr>\n<td>\u677e\u5c71\u3000\u7d75\u672a\u90a3\uff08\u56db\uff09<\/td>\n<td>\u25cb\u25cb\u25cb\u25cb<\/td>\n<td>\u25cb\u25cb\u25cb\u00d7<\/td>\n<td>\u00d7\u25cb\u25cb\u25cb<\/td>\n<td>\u00d7\u25cb\u25cb\u25cb<\/td>\n<td>\u25cb\u00d7\u25cb\u25cb<\/td>\n<td>16<\/td>\n<\/tr>\n<\/tbody>\n<\/table>\n<p>&nbsp;<\/p>\n<hr size=\"1\" width=\"70%\" \/>\n<p>\uff19\u6708\uff12\uff14\u65e5\u3000\u30ea\u30fc\u30b0\u6226\u3000\u7b2c\u4e09\u6226\u3000\u5bfe\u95a2\u897f\u5927\u5b66<br \/>\n\u65bc\u3000\u95a2\u897f\u5927\u5b66<\/p>\n<hr size=\"1\" width=\"70%\" \/>\n<p>\u5148\u653b\u3000\u4eac\u90fd\u6a58\u5927\u5b66\u300063\u4e2d\u3000\u5f8c\u653b\u3000\u95a2\u897f\u5927\u5b66\u300065\u4e2d<\/p>\n<table width=\"814\">\n<tbody>\n<tr>\n<td width=\"223\">\u5927\u829d\u3000\u51ac\u83ef\uff08\u4e8c\uff09<\/td>\n<td width=\"72\">\u25cb\u25cb\u00d7\u25cb<\/td>\n<td width=\"72\">\u00d7\u00d7\u25cb\u00d7<\/td>\n<td width=\"104\">\u6a4b\u672c\u25cb\u25cb\u25cb\u25cb<\/td>\n<td width=\"104\">\u25cb\u25cb\u25cb\u00d7<\/td>\n<td width=\"95\">\u25cb\u25cb\u25cb\u25cb<\/td>\n<td width=\"72\">15<\/td>\n<td rowspan=\"4\" width=\"72\">63<\/td>\n<\/tr>\n<tr>\n<td>\u5c71\u5f62\u3000\u7a93\u5b50\uff08\u4e00\uff09<\/td>\n<td>\u00d7\u25cb\u25cb\u25cb<\/td>\n<td>\u25cb\u25cb\u25cb\u00d7<\/td>\n<td>\u25cb\u25cb\u25cb\u25cb<\/td>\n<td>\u25cb\u25cb\u25cb\u00d7<\/td>\n<td>\u25cb\u25cb\u25cb\u25cb<\/td>\n<td>17<\/td>\n<\/tr>\n<tr>\n<td>\u548c\u7530\u3000\u771f\u5f13\uff08\u56db\uff09<\/td>\n<td>\u25cb\u25cb\u00d7\u25cb<\/td>\n<td>\u25cb\u25cb\u25cb\u25cb<\/td>\n<td>\u00d7\u00d7\u25cb\u25cb<\/td>\n<td>\u25cb\u25cb\u25cb\u25cb<\/td>\n<td>\u25cb\u00d7\u25cb\u25cb<\/td>\n<td>16<\/td>\n<\/tr>\n<tr>\n<td>\u677e\u5c71\u3000\u7d75\u672a\u90a3\uff08\u56db\uff09<\/td>\n<td>\u25cb\u25cb\u00d7\u25cb<\/td>\n<td>\u25cb\u25cb\u00d7\u25cb<\/td>\n<td>\u00d7\u25cb\u25cb\u25cb<\/td>\n<td>\u25cb\u25cb\u00d7\u25cb<\/td>\n<td>\u00d7\u25cb\u25cb\u25cb<\/td>\n<td>15<\/td>\n<\/tr>\n<\/tbody>\n<\/table>\n<hr size=\"1\" width=\"70%\" \/>\n<p>\uff11\uff10\u6708\uff11\u65e5\u3000\u30ea\u30fc\u30b0\u6226\u3000\u7b2c\u56db\u6226\u3000\u5bfe\u5927\u962a\u7d4c\u6e08\u5927\u5b66<br \/>\n\u65bc\u3000\u5927\u962a\u7d4c\u6e08\u5927\u5b66<\/p>\n<hr size=\"1\" width=\"70%\" \/>\n<p>\u5148\u653b\u3000\u4eac\u90fd\u6a58\u5927\u5b66\u300072\u4e2d\u3000\u5f8c\u653b\u3000\u5927\u962a\u7d4c\u6e08\u5927\u5b66\u300065\u4e2d<\/p>\n<table width=\"814\">\n<tbody>\n<tr>\n<td width=\"223\">\u68ee\u5c71\u3000\u8309\u512a\uff08\u56db\uff09<\/td>\n<td width=\"72\">\u25cb\u25cb\u25cb\u25cb<\/td>\n<td width=\"72\">\u25cb\u25cb\u25cb\u00d7<\/td>\n<td width=\"104\">\u25cb\u25cb\u25cb\u25cb<\/td>\n<td width=\"104\">\u25cb\u25cb\u25cb\u25cb<\/td>\n<td width=\"95\">\u25cb\u25cb\u25cb\u25cb<\/td>\n<td width=\"72\">19<\/td>\n<td rowspan=\"4\" width=\"72\">72<\/td>\n<\/tr>\n<tr>\n<td>\u4e09\u6d66\u3000\u831c\uff08\u4e8c\uff09<\/td>\n<td>\u00d7\u25cb\u25cb\u00d7<\/td>\n<td>\u25cb\u25cb\u25cb\u25cb<\/td>\n<td>\u25cb\u25cb\u25cb\u25cb<\/td>\n<td>\u25cb\u25cb\u25cb\u25cb<\/td>\n<td>\u25cb\u25cb\u25cb\u25cb<\/td>\n<td>18<\/td>\n<\/tr>\n<tr>\n<td>\u548c\u7530\u3000\u771f\u5f13\uff08\u56db\uff09<\/td>\n<td>\u25cb\u25cb\u25cb\u25cb<\/td>\n<td>\u00d7\u00d7\u25cb\u25cb<\/td>\n<td>\u25cb\u25cb\u00d7\u25cb<\/td>\n<td>\u25cb\u25cb\u25cb\u25cb<\/td>\n<td>\u25cb\u00d7\u25cb\u25cb<\/td>\n<td>16<\/td>\n<\/tr>\n<tr>\n<td>\u677e\u5c71\u3000\u7d75\u672a\u90a3\uff08\u56db\uff09<\/td>\n<td>\u25cb\u25cb\u25cb\u25cb<\/td>\n<td>\u25cb\u25cb\u25cb\u25cb<\/td>\n<td>\u25cb\u25cb\u25cb\u25cb<\/td>\n<td>\u25cb\u25cb\u25cb\u25cb<\/td>\n<td>\u25cb\u25cb\u25cb\u00d7<\/td>\n<td>19<\/td>\n<\/tr>\n<\/tbody>\n<\/table>\n<hr size=\"1\" width=\"70%\" \/>\n<p>\uff11\uff10\u6708\uff11\uff15\u65e5\u3000\u30ea\u30fc\u30b0\u6226\u3000\u7b2c\u516d\u6226\u3000\u5bfe\u548c\u6b4c\u5c71\u5927\u5b66<br \/>\n\u65bc\u3000\u8fd1\u757f\u5927\u5b66<\/p>\n<hr size=\"1\" width=\"70%\" \/>\n<p>\u5148\u653b\u3000\u4eac\u90fd\u6a58\u5927\u5b66\u300062\u4e2d\u3000\u5f8c\u653b\u3000\u548c\u6b4c\u5c71\u5927\u5b66\u300054\u4e2d<\/p>\n<table width=\"814\">\n<tbody>\n<tr>\n<td width=\"223\">\u68ee\u5c71\u3000\u8309\u512a\uff08\u56db\uff09<\/td>\n<td width=\"72\">\u00d7\u25cb\u25cb\u25cb<\/td>\n<td width=\"72\">\u00d7\u25cb\u00d7\u25cb<\/td>\n<td width=\"104\">\u25cb\u00d7\u25cb\u25cb<\/td>\n<td width=\"104\">\u25cb\u25cb\u25cb\u25cb<\/td>\n<td width=\"95\">\u25cb\u25cb\u00d7\u25cb<\/td>\n<td width=\"72\">15<\/td>\n<td rowspan=\"4\" width=\"72\">62<\/td>\n<\/tr>\n<tr>\n<td>\u4e09\u6d66\u3000\u831c\uff08\u4e8c\uff09<\/td>\n<td>\u25cb\u25cb\u00d7\u25cb<\/td>\n<td>\u25cb\u00d7\u25cb\u25cb<\/td>\n<td>\u00d7\u25cb\u25cb\u25cb<\/td>\n<td>\u25cb\u00d7\u25cb\u25cb<\/td>\n<td>\u25cb\u25cb\u25cb\u25cb<\/td>\n<td>16<\/td>\n<\/tr>\n<tr>\n<td>\u548c\u7530\u3000\u771f\u5f13\uff08\u56db\uff09<\/td>\n<td>\u25cb\u00d7\u25cb\u25cb<\/td>\n<td>\u25cb\u25cb\u25cb\u00d7<\/td>\n<td>\u25cb\u00d7\u25cb\u00d7<\/td>\n<td>\u25cb\u00d7\u25cb\u25cb<\/td>\n<td>\u00d7\u00d7\u00d7\u25cb<\/td>\n<td>12<\/td>\n<\/tr>\n<tr>\n<td>\u677e\u5c71\u3000\u7d75\u672a\u90a3\uff08\u56db\uff09<\/td>\n<td>\u25cb\u25cb\u25cb\u25cb<\/td>\n<td>\u25cb\u25cb\u25cb\u25cb<\/td>\n<td>\u25cb\u25cb\u25cb\u25cb<\/td>\n<td>\u25cb\u25cb\u00d7\u25cb<\/td>\n<td>\u25cb\u25cb\u25cb\u25cb<\/td>\n<td>19<\/td>\n<\/tr>\n<\/tbody>\n<\/table>\n<hr size=\"1\" width=\"70%\" \/>\n<p>\uff11\uff10\u6708\uff12\uff19\u65e5\u3000\u30ea\u30fc\u30b0\u6226\u3000\u9806\u4f4d\u6c7a\u5b9a\u6226<br \/>\n\u5bfe\u3000\u5927\u962a\u7d4c\u6e08\u5927\u5b66\u3000\u95a2\u897f\u5927\u5b66<br \/>\n\u65bc\u3000\u95a2\u897f\u5b66\u9662\u5927\u5b66<\/p>\n<hr size=\"1\" width=\"70%\" \/>\n<p>\u5148\u653b\u3000\u4eac\u90fd\u6a58\u5927\u5b66\u300065\u4e2d\u3000\u4e2d\u653b\u3000\u95a2\u897f\u5927\u5b66\u300057\u4e2d\u3000\u5f8c\u653b\u3000\u5927\u962a\u7d4c\u6e08\u5927\u5b6667\u4e2d<\/p>\n<table width=\"829\">\n<tbody>\n<tr>\n<td width=\"223\">\u68ee\u5c71\u3000\u8309\u512a\uff08\u56db\uff09<\/td>\n<td width=\"72\">\u00d7\u25cb\u25cb\u25cb<\/td>\n<td width=\"72\">\u00d7\u25cb\u25cb\u25cb<\/td>\n<td width=\"104\">\u25cb\u25cb\u25cb\u25cb<\/td>\n<td width=\"104\">\u25cb\u00d7\u00d7\u25cb<\/td>\n<td width=\"110\">\u25cb\u25cb\u00d7\u25cb<\/td>\n<td width=\"72\">15<\/td>\n<td rowspan=\"4\" width=\"72\">65<\/td>\n<\/tr>\n<tr>\n<td>\u4e09\u6d66\u3000\u831c\uff08\u4e8c\uff09<\/td>\n<td>\u25cb\u25cb\u25cb\u25cb<\/td>\n<td>\u00d7\u25cb\u25cb\u25cb<\/td>\n<td>\u00d7\u00d7\u25cb\u25cb<\/td>\n<td>\u00d7\u25cb\u00d7\u25cb<\/td>\n<td>\u6a4b\u672c\u25cb\u25cb\u25cb\u25cb<\/td>\n<td>15<\/td>\n<\/tr>\n<tr>\n<td>\u5927\u829d\u3000\u51ac\u83ef\uff08\u4e8c\uff09<\/td>\n<td>\u25cb\u25cb\u25cb\u00d7<\/td>\n<td>\u25cb\u25cb\u00d7\u25cb<\/td>\n<td>\u25cb\u00d7\u25cb\u25cb<\/td>\n<td>\u25cb\u25cb\u25cb\u25cb<\/td>\n<td>\u25cb\u00d7\u25cb\u25cb<\/td>\n<td>16<\/td>\n<\/tr>\n<tr>\n<td>\u677e\u5c71\u3000\u7d75\u672a\u90a3\uff08\u56db\uff09<\/td>\n<td>\u25cb\u25cb\u25cb\u25cb<\/td>\n<td>\u25cb\u25cb\u25cb\u25cb<\/td>\n<td>\u25cb\u25cb\u25cb\u25cb<\/td>\n<td>\u25cb\u25cb\u25cb\u00d7<\/td>\n<td>\u25cb\u25cb\u25cb\u25cb<\/td>\n<td>19<\/td>\n<\/tr>\n<\/tbody>\n<\/table>\n","protected":false},"excerpt":{"rendered":"<p>\uff19\u6708\uff11\uff10\u65e5\u3000\u30ea\u30fc\u30b0\u6226\u3000\u7b2c\u4e00\u6226\u3000\u5bfe\u8fd1\u757f\u5927\u5b66 \u65bc\u3000\u95a2\u897f\u5927\u5b66 \u5148\u653b\u3000\u8fd1\u757f\u5927\u5b66\u300050\u4e2d\u3000\u5f8c\u653b\u3000\u4eac\u90fd\u6a58\u5927\u5b66\u300062\u4e2d \u548c\u7530\u3000\u771f\u5f13\uff08\u56db\uff09 \u00d7\u00d7\u00d7\u00d7 \u25cb\u25cb\u00d7\u25cb \u25cb\u25cb\u25cb\u25cb \u00d7\u25cb\u25cb\u25cb \u25cb\u25cb\u25cb\u25cb 14 62 \u5c71\u5f62\u3000\u7a93\u5b50\uff08\u4e00\uff09 \u00d7\u25cb\u25cb\u25cb \u25cb\u25cb\u25cb &hellip; <a href=\"https:\/\/cai6.tachibana-u.ac.jp\/kyudo\/?page_id=2606\" class=\"more-link\">\u7d9a\u304d\u3092\u8aad\u3080 <span class=\"screen-reader-text\">\u30ea\u30fc\u30b0\u6226\uff08\u5973\u5b50\uff09<\/span> <span class=\"meta-nav\">&rarr;<\/span><\/a><\/p>\n","protected":false},"author":1,"featured_media":0,"parent":1665,"menu_order":8,"comment_status":"closed","ping_status":"closed","template":"","meta":{"footnotes":""},"class_list":["post-2606","page","type-page","status-publish","hentry"],"_links":{"self":[{"href":"https:\/\/cai6.tachibana-u.ac.jp\/kyudo\/index.php?rest_route=\/wp\/v2\/pages\/2606","targetHints":{"allow":["GET"]}}],"collection":[{"href":"https:\/\/cai6.tachibana-u.ac.jp\/kyudo\/index.php?rest_route=\/wp\/v2\/pages"}],"about":[{"href":"https:\/\/cai6.tachibana-u.ac.jp\/kyudo\/index.php?rest_route=\/wp\/v2\/types\/page"}],"author":[{"embeddable":true,"href":"https:\/\/cai6.tachibana-u.ac.jp\/kyudo\/index.php?rest_route=\/wp\/v2\/users\/1"}],"replies":[{"embeddable":true,"href":"https:\/\/cai6.tachibana-u.ac.jp\/kyudo\/index.php?rest_route=%2Fwp%2Fv2%2Fcomments&post=2606"}],"version-history":[{"count":5,"href":"https:\/\/cai6.tachibana-u.ac.jp\/kyudo\/index.php?rest_route=\/wp\/v2\/pages\/2606\/revisions"}],"predecessor-version":[{"id":2634,"href":"https:\/\/cai6.tachibana-u.ac.jp\/kyudo\/index.php?rest_route=\/wp\/v2\/pages\/2606\/revisions\/2634"}],"up":[{"embeddable":true,"href":"https:\/\/cai6.tachibana-u.ac.jp\/kyudo\/index.php?rest_route=\/wp\/v2\/pages\/1665"}],"wp:attachment":[{"href":"https:\/\/cai6.tachibana-u.ac.jp\/kyudo\/index.php?rest_route=%2Fwp%2Fv2%2Fmedia&parent=2606"}],"curies":[{"name":"wp","href":"https:\/\/api.w.org\/{rel}","templated":true}]}}