{"id":2604,"date":"2017-10-31T16:37:23","date_gmt":"2017-10-31T07:37:23","guid":{"rendered":"https:\/\/cai6.tachibana-u.ac.jp\/kyudo\/?page_id=2604"},"modified":"2017-11-07T00:16:16","modified_gmt":"2017-11-06T15:16:16","slug":"%e3%83%aa%e3%83%bc%e3%82%b0%e6%88%a6%ef%bc%88%e7%94%b7%e5%ad%90%ef%bc%89","status":"publish","type":"page","link":"https:\/\/cai6.tachibana-u.ac.jp\/kyudo\/?page_id=2604","title":{"rendered":"\u30ea\u30fc\u30b0\u6226\uff08\u7537\u5b50\uff09"},"content":{"rendered":"<p>\uff19\u6708\uff11\uff10\u65e5\u3000\u30ea\u30fc\u30b0\u6226\u3000\u7b2c\u4e00\u6226\u3000\u5bfe\u7acb\u547d\u9928\u5927\u5b66<br \/>\n\u65bc\u3000\u4eac\u90fd\u6a58\u5927\u5b66<\/p>\n<hr size=\"1\" width=\"70%\" \/>\n<p>\u5148\u653b\u3000\u7acb\u547d\u9928\u5927\u5b66 144\u4e2d\u3000\u5f8c\u653b\u3000\u4eac\u90fd\u6a58\u5927\u5b66\u3000127\u4e2d<\/p>\n<table width=\"737\">\n<tbody>\n<tr>\n<td width=\"188\">\u4e0a\u7c54\u3000\u53cb\u8cb4\uff08\u4e8c\uff09<\/td>\n<td width=\"72\">\u25cb\u25cb\u25cb\u25cb<\/td>\n<td width=\"72\">\u25cb\u25cb\u25cb\u25cb<\/td>\n<td width=\"72\">\u25cb\u25cb\u25cb\u25cb<\/td>\n<td width=\"94\">\u00d7\u25cb\u25cb\u25cb<\/td>\n<td width=\"95\">\u25cb\u25cb\u25cb\u25cb<\/td>\n<td width=\"72\">19<\/td>\n<td rowspan=\"4\" width=\"72\">67<\/td>\n<\/tr>\n<tr>\n<td>\u5c0f\u5ddd\u3000\u7fd4\uff08\u4e8c\uff09<\/td>\n<td>\u25cb\u00d7\u25cb\u25cb<\/td>\n<td>\u25cb\u25cb\u25cb\u00d7<\/td>\n<td>\u25cb\u25cb\u25cb\u25cb<\/td>\n<td>\u25cb\u25cb\u25cb\u25cb<\/td>\n<td>\u00d7\u25cb\u25cb\u25cb<\/td>\n<td>17<\/td>\n<\/tr>\n<tr>\n<td>\u5ddd\u6751\u3000\u6674\u5e0c\uff08\u4e09\uff09<\/td>\n<td>\u00d7\u25cb\u25cb\u25cb<\/td>\n<td>\u25cb\u00d7\u25cb\u25cb<\/td>\n<td>\u25cb\u00d7\u25cb\u25cb<\/td>\n<td>\u25cb\u25cb\u25cb\u00d7<\/td>\n<td>\u526f\u7530\u25cb\u25cb\u25cb\u00d7<\/td>\n<td>15<\/td>\n<\/tr>\n<tr>\n<td>\u91d1\u5b50\u3000\u590f\u6689\uff08\u4e8c\uff09<\/td>\n<td>\u25cb\u25cb\u00d7\u00d7<\/td>\n<td>\u00d7\u25cb\u25cb\u25cb<\/td>\n<td>\u00d7\u25cb\u25cb\u25cb<\/td>\n<td>\u25cb\u25cb\u25cb\u25cb<\/td>\n<td>\u25cb\u25cb\u25cb\u25cb<\/td>\n<td>16<\/td>\n<\/tr>\n<\/tbody>\n<\/table>\n<table width=\"756\">\n<tbody>\n<tr>\n<td width=\"207\">\u4e2d\u6751\u3000\u900f\u4e5f\uff08\u4e00\uff09<\/td>\n<td width=\"72\">\u25cb\u25cb\u25cb\u25cb<\/td>\n<td width=\"72\">\u25cb\u25cb\u00d7\u25cb<\/td>\n<td width=\"72\">\u25cb\u25cb\u00d7\u00d7<\/td>\n<td width=\"94\">\u25cb\u25cb\u25cb\u25cb<\/td>\n<td width=\"95\">\u25cb\u00d7\u25cb\u25cb<\/td>\n<td width=\"72\">16<\/td>\n<td rowspan=\"4\" width=\"72\">60<\/td>\n<\/tr>\n<tr>\n<td>\u4e94\u5341\u5d50\u3000\u5f18\u5927\uff08\u4e09\uff09<\/td>\n<td>\u25cb\u00d7\u25cb\u25cb<\/td>\n<td>\u25cb\u25cb\u25cb\u25cb<\/td>\n<td>\u25cb\u25cb\u25cb\u25cb<\/td>\n<td>\u25cb\u00d7\u25cb\u25cb<\/td>\n<td>\u25cb\u25cb\u00d7\u00d7<\/td>\n<td>16<\/td>\n<\/tr>\n<tr>\n<td>\u4e2d\u6751\u3000\u826f\u592a\uff08\u4e09\uff09<\/td>\n<td>\u00d7\u25cb\u25cb\u00d7<\/td>\n<td>\u25cb\u00d7\u25cb\u25cb<\/td>\n<td>\u25cb\u25cb\u00d7\u25cb<\/td>\n<td>\u5c0f\u5009\u00d7\u00d7\u25cb\u25cb<\/td>\n<td>\u00d7\u00d7\u25cb\u25cb<\/td>\n<td>12<\/td>\n<\/tr>\n<tr>\n<td>\u6797\u3000\u826f\u5353\uff08\u4e8c\uff09<\/td>\n<td>\u25cb\u25cb\u00d7\u25cb<\/td>\n<td>\u25cb\u25cb\u25cb\u25cb<\/td>\n<td>\u25cb\u25cb\u00d7\u25cb<\/td>\n<td>\u25cb\u25cb\u25cb\u25cb<\/td>\n<td>\u25cb\u00d7\u00d7\u25cb<\/td>\n<td>16<\/td>\n<\/tr>\n<\/tbody>\n<\/table>\n<p>&nbsp;<\/p>\n<hr size=\"1\" width=\"70%\" \/>\n<p>\uff19\u6708\uff12\uff17\u65e5\u3000\u30ea\u30fc\u30b0\u6226\u3000\u7b2c\u4e09\u6226\u3000\u5bfe\u95a2\u897f\u5b66\u9662\u5927\u5b66<br \/>\n\u65bc\u3000\u95a2\u897f\u5b66\u9662\u5927\u5b66<\/p>\n<hr size=\"1\" width=\"70%\" \/>\n<p>\u5148\u653b\u3000\u4eac\u90fd\u6a58\u5927\u5b66\u3000136\u4e2d\u3000\u5f8c\u653b\u3000\u95a2\u897f\u5b66\u9662\u5927\u5b66\u3000124\u4e2d<\/p>\n<table width=\"756\">\n<tbody>\n<tr>\n<td width=\"207\">\u4e0a\u7c54\u3000\u53cb\u8cb4\uff08\u4e8c\uff09<\/td>\n<td width=\"72\">\u25cb\u25cb\u25cb\u25cb<\/td>\n<td width=\"72\">\u25cb\u25cb\u25cb\u25cb<\/td>\n<td width=\"72\">\u25cb\u25cb\u25cb\u25cb<\/td>\n<td width=\"94\">\u25cb\u25cb\u25cb\u25cb<\/td>\n<td width=\"95\">\u00d7\u25cb\u25cb\u25cb<\/td>\n<td width=\"72\">19<\/td>\n<td rowspan=\"4\" width=\"72\">65<\/td>\n<\/tr>\n<tr>\n<td>\u5c0f\u5ddd\u3000\u7fd4\uff08\u4e8c\uff09<\/td>\n<td>\u00d7\u25cb\u25cb\u00d7<\/td>\n<td>\u25cb\u25cb\u25cb\u25cb<\/td>\n<td>\u25cb\u25cb\u25cb\u25cb<\/td>\n<td>\u25cb\u25cb\u25cb\u25cb<\/td>\n<td>\u00d7\u25cb\u25cb\u25cb<\/td>\n<td>17<\/td>\n<\/tr>\n<tr>\n<td>\u6797\u3000\u826f\u5353\uff08\u4e8c\uff09<\/td>\n<td>\u25cb\u00d7\u25cb\u25cb<\/td>\n<td>\u25cb\u25cb\u25cb\u25cb<\/td>\n<td>\u25cb\u25cb\u25cb\u25cb<\/td>\n<td>\u25cb\u00d7\u25cb\u25cb<\/td>\n<td>\u25cb\u25cb\u25cb\u25cb<\/td>\n<td>18<\/td>\n<\/tr>\n<tr>\n<td>\u91d1\u5b50\u3000\u590f\u6689\uff08\u4e8c\uff09<\/td>\n<td>\u25cb\u25cb\u00d7\u25cb<\/td>\n<td>\u25cb\u00d7\u25cb\u25cb<\/td>\n<td>\u00d7\u00d7\u00d7\u00d7<\/td>\n<td>\u00d7\u25cb\u00d7\u25cb<\/td>\n<td>\u25cb\u25cb\u00d7\u25cb<\/td>\n<td>11<\/td>\n<\/tr>\n<\/tbody>\n<\/table>\n<table width=\"756\">\n<tbody>\n<tr>\n<td width=\"207\">\u4e2d\u6751\u3000\u900f\u4e5f\uff08\u4e00\uff09<\/td>\n<td width=\"72\">\u00d7\u25cb\u25cb\u25cb<\/td>\n<td width=\"72\">\u25cb\u25cb\u25cb\u25cb<\/td>\n<td width=\"72\">\u25cb\u25cb\u25cb\u25cb<\/td>\n<td width=\"94\">\u25cb\u25cb\u25cb\u25cb<\/td>\n<td width=\"95\">\u25cb\u25cb\u25cb\u25cb<\/td>\n<td width=\"72\">19<\/td>\n<td rowspan=\"4\" width=\"72\">71<\/td>\n<\/tr>\n<tr>\n<td>\u4e94\u5341\u5d50\u3000\u5f18\u5927\uff08\u4e09\uff09<\/td>\n<td>\u25cb\u25cb\u25cb\u25cb<\/td>\n<td>\u25cb\u00d7\u25cb\u00d7<\/td>\n<td>\u25cb\u25cb\u25cb\u25cb<\/td>\n<td>\u00d7\u25cb\u25cb\u25cb<\/td>\n<td>\u25cb\u25cb\u25cb\u25cb<\/td>\n<td>17<\/td>\n<\/tr>\n<tr>\n<td>\u4e2d\u6751\u3000\u826f\u592a\uff08\u4e09\uff09<\/td>\n<td>\u25cb\u25cb\u25cb\u25cb<\/td>\n<td>\u25cb\u00d7\u25cb\u25cb<\/td>\n<td>\u25cb\u25cb\u00d7\u25cb<\/td>\n<td>\u25cb\u25cb\u25cb\u25cb<\/td>\n<td>\u25cb\u25cb\u25cb\u25cb<\/td>\n<td>18<\/td>\n<\/tr>\n<tr>\n<td>\u5c0f\u5009\u3000\u50da\u4ecb\uff08\u56db\uff09<\/td>\n<td>\u25cb\u25cb\u00d7\u25cb<\/td>\n<td>\u25cb\u25cb\u25cb\u25cb<\/td>\n<td>\u25cb\u25cb\u25cb\u00d7<\/td>\n<td>\u25cb\u25cb\u25cb\u25cb<\/td>\n<td>\u25cb\u00d7\u25cb\u25cb<\/td>\n<td>17<\/td>\n<\/tr>\n<\/tbody>\n<\/table>\n<hr size=\"1\" width=\"70%\" \/>\n<p>\uff11\uff10\u6708\uff18\u65e5\u3000\u30ea\u30fc\u30b0\u6226\u3000\u7b2c\u4e94\u6226\u3000\u5bfe\u5929\u7406\u5927\u5b66<br \/>\n\u65bc\u3000\u5929\u7406\u5927\u5b66<\/p>\n<hr size=\"1\" width=\"70%\" \/>\n<p>\u5148\u653b\u3000\u4eac\u90fd\u6a58\u5927\u5b66\u3000131\u4e2d\u3000\u5f8c\u653b\u3000\u5929\u7406\u5927\u5b66\u3000126\u4e2d<\/p>\n<table width=\"756\">\n<tbody>\n<tr>\n<td width=\"207\">\u4e0a\u7c54\u3000\u53cb\u8cb4\uff08\u4e8c\uff09<\/td>\n<td width=\"72\">\u25cb\u25cb\u00d7\u25cb<\/td>\n<td width=\"72\">\u25cb\u25cb\u25cb\u00d7<\/td>\n<td width=\"72\">\u25cb\u25cb\u25cb\u25cb<\/td>\n<td width=\"94\">\u25cb\u25cb\u25cb\u25cb<\/td>\n<td width=\"95\">\u25cb\u00d7\u25cb\u25cb<\/td>\n<td width=\"72\">17<\/td>\n<td rowspan=\"4\" width=\"72\">68<\/td>\n<\/tr>\n<tr>\n<td>\u5c0f\u5ddd\u3000\u7fd4\uff08\u4e8c\uff09<\/td>\n<td>\u25cb\u25cb\u25cb\u25cb<\/td>\n<td>\u25cb\u25cb\u25cb\u00d7<\/td>\n<td>\u25cb\u25cb\u25cb\u25cb<\/td>\n<td>\u25cb\u25cb\u00d7\u25cb<\/td>\n<td>\u25cb\u25cb\u25cb\u25cb<\/td>\n<td>18<\/td>\n<\/tr>\n<tr>\n<td>\u6797\u3000\u826f\u5353\uff08\u4e8c\uff09<\/td>\n<td>\u25cb\u25cb\u25cb\u25cb<\/td>\n<td>\u25cb\u25cb\u25cb\u25cb<\/td>\n<td>\u25cb\u25cb\u25cb\u25cb<\/td>\n<td>\u25cb\u25cb\u25cb\u25cb<\/td>\n<td>\u25cb\u25cb\u25cb\u25cb<\/td>\n<td>\u7686<\/td>\n<\/tr>\n<tr>\n<td>\u91d1\u5b50\u3000\u590f\u6689\uff08\u4e8c\uff09<\/td>\n<td>\u25cb\u25cb\u25cb\u25cb<\/td>\n<td>\u00d7\u25cb\u25cb\u00d7<\/td>\n<td>\u25cb\u25cb\u25cb\u00d7<\/td>\n<td>\u25cb\u00d7\u00d7\u25cb<\/td>\n<td>\u25cb\u25cb\u00d7\u00d7<\/td>\n<td>13<\/td>\n<\/tr>\n<\/tbody>\n<\/table>\n<table width=\"756\">\n<tbody>\n<tr>\n<td width=\"207\">\u4e2d\u6751\u3000\u900f\u4e5f\uff08\u4e00\uff09<\/td>\n<td width=\"72\">\u25cb\u25cb\u25cb\u00d7<\/td>\n<td width=\"72\">\u25cb\u25cb\u25cb\u00d7<\/td>\n<td width=\"72\">\u25cb\u25cb\u25cb\u25cb<\/td>\n<td width=\"94\">\u25cb\u25cb\u25cb\u25cb<\/td>\n<td width=\"95\">\u25cb\u25cb\u25cb\u25cb<\/td>\n<td width=\"72\">18<\/td>\n<td rowspan=\"4\" width=\"72\">63<\/td>\n<\/tr>\n<tr>\n<td>\u526f\u7530\u3000\u8846\u58eb\uff08\u4e8c\uff09<\/td>\n<td>\u25cb\u25cb\u25cb\u00d7<\/td>\n<td>\u25cb\u25cb\u00d7\u25cb<\/td>\n<td>\u25cb\u25cb\u00d7\u25cb<\/td>\n<td>\u25cb\u00d7\u25cb\u25cb<\/td>\n<td>\u25cb\u25cb\u25cb\u00d7<\/td>\n<td>15<\/td>\n<\/tr>\n<tr>\n<td>\u4e2d\u6751\u3000\u826f\u592a\uff08\u4e09\uff09<\/td>\n<td>\u25cb\u25cb\u25cb\u00d7<\/td>\n<td>\u25cb\u25cb\u00d7\u25cb<\/td>\n<td>\u25cb\u25cb\u25cb\u25cb<\/td>\n<td>\u25cb\u00d7\u25cb\u25cb<\/td>\n<td>\u25cb\u25cb\u25cb\u25cb<\/td>\n<td>17<\/td>\n<\/tr>\n<tr>\n<td>\u5c0f\u5009\u3000\u50da\u4ecb\uff08\u56db\uff09<\/td>\n<td>\u00d7\u00d7\u25cb\u00d7<\/td>\n<td>\u25cb\u00d7\u25cb\u25cb<\/td>\n<td>\u25cb\u25cb\u00d7\u25cb<\/td>\n<td>\u25cb\u25cb\u25cb\u25cb<\/td>\n<td>\u25cb\u00d7\u00d7\u25cb<\/td>\n<td>13<\/td>\n<\/tr>\n<\/tbody>\n<\/table>\n<hr size=\"1\" width=\"70%\" \/>\n<p>\uff11\uff10\u6708\uff11\uff15\u65e5\u3000\u30ea\u30fc\u30b0\u6226\u3000\u7b2c\u516d\u6226\u3000\u5bfe\u8fd1\u757f\u5927\u5b66<br \/>\n\u65bc\u3000\u795e\u6238\u5e02\u5916\u56fd\u8a9e\u5927\u5b66<\/p>\n<hr size=\"1\" width=\"70%\" \/>\n<p>\u5148\u653b\u3000\u8fd1\u757f\u5927\u5b66\u3000124\u4e2d\u3000\u5f8c\u653b\u3000\u4eac\u90fd\u6a58\u5927\u5b66\u3000123\u4e2d<\/p>\n<table width=\"756\">\n<tbody>\n<tr>\n<td width=\"207\">\u4e0a\u7c54\u3000\u53cb\u8cb4\uff08\u4e8c\uff09<\/td>\n<td width=\"72\">\u25cb\u25cb\u25cb\u25cb<\/td>\n<td width=\"72\">\u25cb\u25cb\u25cb\u25cb<\/td>\n<td width=\"72\">\u00d7\u25cb\u00d7\u25cb<\/td>\n<td width=\"94\">\u25cb\u25cb\u25cb\u25cb<\/td>\n<td width=\"95\">\u25cb\u25cb\u25cb\u25cb<\/td>\n<td width=\"72\">18<\/td>\n<td rowspan=\"4\" width=\"72\">63<\/td>\n<\/tr>\n<tr>\n<td>\u5c0f\u5ddd\u3000\u7fd4\uff08\u4e8c\uff09<\/td>\n<td>\u25cb\u25cb\u25cb\u25cb<\/td>\n<td>\u25cb\u25cb\u25cb\u00d7<\/td>\n<td>\u00d7\u00d7\u25cb\u25cb<\/td>\n<td>\u25cb\u25cb\u25cb\u00d7<\/td>\n<td>\u00d7\u25cb\u00d7\u25cb<\/td>\n<td>14<\/td>\n<\/tr>\n<tr>\n<td>\u91d1\u5b50\u3000\u590f\u6689\uff08\u4e8c\uff09<\/td>\n<td>\u00d7\u25cb\u25cb\u25cb<\/td>\n<td>\u25cb\u25cb\u00d7\u00d7<\/td>\n<td>\u25cb\u25cb\u25cb\u25cb<\/td>\n<td>\u25cb\u25cb\u25cb\u25cb<\/td>\n<td>\u25cb\u25cb\u25cb\u25cb<\/td>\n<td>17<\/td>\n<\/tr>\n<tr>\n<td>\u6797\u3000\u826f\u5353\uff08\u4e8c\uff09<\/td>\n<td>\u25cb\u00d7\u00d7\u25cb<\/td>\n<td>\u00d7\u25cb\u25cb\u25cb<\/td>\n<td>\u25cb\u25cb\u25cb\u25cb<\/td>\n<td>\u25cb\u25cb\u25cb\u00d7<\/td>\n<td>\u00d7\u00d7\u25cb\u25cb<\/td>\n<td>14<\/td>\n<\/tr>\n<\/tbody>\n<\/table>\n<table width=\"756\">\n<tbody>\n<tr>\n<td width=\"207\">\u4e2d\u6751\u3000\u900f\u4e5f\uff08\u4e00\uff09<\/td>\n<td width=\"72\">\u25cb\u00d7\u25cb\u25cb<\/td>\n<td width=\"72\">\u25cb\u25cb\u25cb\u25cb<\/td>\n<td width=\"72\">\u25cb\u00d7\u25cb\u25cb<\/td>\n<td width=\"94\">\u25cb\u25cb\u00d7\u25cb<\/td>\n<td width=\"95\">\u25cb\u25cb\u25cb\u25cb<\/td>\n<td width=\"72\">17<\/td>\n<td rowspan=\"4\" width=\"72\">60<\/td>\n<\/tr>\n<tr>\n<td>\u5cf6\u672c\u3000\u6dbc\uff08\u56db\uff09<\/td>\n<td>\u25cb\u25cb\u25cb\u25cb<\/td>\n<td>\u25cb\u25cb\u25cb\u25cb<\/td>\n<td>\u25cb\u00d7\u25cb\u25cb<\/td>\n<td>\u00d7\u25cb\u00d7\u00d7<\/td>\n<td>\u25cb\u00d7\u00d7\u25cb<\/td>\n<td>14<\/td>\n<\/tr>\n<tr>\n<td>\u85e4\u6751\u3000\u594e\u592a\uff08\u4e00\uff09<\/td>\n<td>\u25cb\u25cb\u25cb\u00d7<\/td>\n<td>\u25cb\u25cb\u25cb\u00d7<\/td>\n<td>\u25cb\u25cb\u25cb\u25cb<\/td>\n<td>\u25cb\u25cb\u25cb\u25cb<\/td>\n<td>\u25cb\u25cb\u25cb\u25cb<\/td>\n<td>18<\/td>\n<\/tr>\n<tr>\n<td>\u5c0f\u5009\u3000\u50da\u4ecb\uff08\u56db\uff09<\/td>\n<td>\u00d7\u00d7\u25cb\u00d7<\/td>\n<td>\u25cb\u25cb\u25cb\u00d7<\/td>\n<td>\u25cb\u00d7\u00d7\u25cb<\/td>\n<td>\u25cb\u25cb\u25cb\u00d7<\/td>\n<td>\u25cb\u00d7\u00d7\u25cb<\/td>\n<td>11<\/td>\n<\/tr>\n<\/tbody>\n<\/table>\n<p>&nbsp;<\/p>\n","protected":false},"excerpt":{"rendered":"<p>\uff19\u6708\uff11\uff10\u65e5\u3000\u30ea\u30fc\u30b0\u6226\u3000\u7b2c\u4e00\u6226\u3000\u5bfe\u7acb\u547d\u9928\u5927\u5b66 \u65bc\u3000\u4eac\u90fd\u6a58\u5927\u5b66 \u5148\u653b\u3000\u7acb\u547d\u9928\u5927\u5b66 144\u4e2d\u3000\u5f8c\u653b\u3000\u4eac\u90fd\u6a58\u5927\u5b66\u3000127\u4e2d \u4e0a\u7c54\u3000\u53cb\u8cb4\uff08\u4e8c\uff09 \u25cb\u25cb\u25cb\u25cb \u25cb\u25cb\u25cb\u25cb \u25cb\u25cb\u25cb\u25cb \u00d7\u25cb\u25cb\u25cb \u25cb\u25cb\u25cb\u25cb 19 67 \u5c0f\u5ddd\u3000\u7fd4\uff08\u4e8c\uff09 \u25cb\u00d7\u25cb\u25cb &hellip; <a href=\"https:\/\/cai6.tachibana-u.ac.jp\/kyudo\/?page_id=2604\" class=\"more-link\">\u7d9a\u304d\u3092\u8aad\u3080 <span class=\"screen-reader-text\">\u30ea\u30fc\u30b0\u6226\uff08\u7537\u5b50\uff09<\/span> <span class=\"meta-nav\">&rarr;<\/span><\/a><\/p>\n","protected":false},"author":1,"featured_media":0,"parent":1665,"menu_order":7,"comment_status":"closed","ping_status":"closed","template":"","meta":{"footnotes":""},"class_list":["post-2604","page","type-page","status-publish","hentry"],"_links":{"self":[{"href":"https:\/\/cai6.tachibana-u.ac.jp\/kyudo\/index.php?rest_route=\/wp\/v2\/pages\/2604","targetHints":{"allow":["GET"]}}],"collection":[{"href":"https:\/\/cai6.tachibana-u.ac.jp\/kyudo\/index.php?rest_route=\/wp\/v2\/pages"}],"about":[{"href":"https:\/\/cai6.tachibana-u.ac.jp\/kyudo\/index.php?rest_route=\/wp\/v2\/types\/page"}],"author":[{"embeddable":true,"href":"https:\/\/cai6.tachibana-u.ac.jp\/kyudo\/index.php?rest_route=\/wp\/v2\/users\/1"}],"replies":[{"embeddable":true,"href":"https:\/\/cai6.tachibana-u.ac.jp\/kyudo\/index.php?rest_route=%2Fwp%2Fv2%2Fcomments&post=2604"}],"version-history":[{"count":11,"href":"https:\/\/cai6.tachibana-u.ac.jp\/kyudo\/index.php?rest_route=\/wp\/v2\/pages\/2604\/revisions"}],"predecessor-version":[{"id":2623,"href":"https:\/\/cai6.tachibana-u.ac.jp\/kyudo\/index.php?rest_route=\/wp\/v2\/pages\/2604\/revisions\/2623"}],"up":[{"embeddable":true,"href":"https:\/\/cai6.tachibana-u.ac.jp\/kyudo\/index.php?rest_route=\/wp\/v2\/pages\/1665"}],"wp:attachment":[{"href":"https:\/\/cai6.tachibana-u.ac.jp\/kyudo\/index.php?rest_route=%2Fwp%2Fv2%2Fmedia&parent=2604"}],"curies":[{"name":"wp","href":"https:\/\/api.w.org\/{rel}","templated":true}]}}