{"id":2598,"date":"2017-10-31T16:33:06","date_gmt":"2017-10-31T07:33:06","guid":{"rendered":"https:\/\/cai6.tachibana-u.ac.jp\/kyudo\/?page_id=2598"},"modified":"2017-11-01T16:39:11","modified_gmt":"2017-11-01T07:39:11","slug":"%e9%96%a2%e8%a5%bf%e5%ad%a6%e7%94%9f%e5%bc%93%e9%81%93%e9%81%b8%e6%89%8b%e6%a8%a9%e5%a4%a7%e4%bc%9a","status":"publish","type":"page","link":"https:\/\/cai6.tachibana-u.ac.jp\/kyudo\/?page_id=2598","title":{"rendered":"\u95a2\u897f\u5b66\u751f\u5f13\u9053\u9078\u624b\u6a29\u5927\u4f1a"},"content":{"rendered":"<p>\uff16\u6708\uff11\uff10\u65e5\uff08\u571f\uff09\u30fb\uff11\uff11\u65e5\uff08\u65e5\uff09<br \/>\n\u65bc\u3000\u30b0\u30ea\u30fc\u30f3\u30a2\u30ea\u30fc\u30ca\u795e\u6238<\/p>\n<hr size=\"1\" width=\"70%\" \/>\n<p>\u7537\u5b50\u56e3\u4f53<\/p>\n<p>\u4eac\u90fd\u6a58A\u3000\u6c7a\u52dd\u30c8\u30fc\u30ca\u30e1\u30f3\u30c8\uff11\u56de\u6226\u6557\u9000<\/p>\n<table width=\"266\">\n<tbody>\n<tr>\n<td width=\"122\"><\/td>\n<td width=\"72\">\u4e88\u9078<\/td>\n<td width=\"72\">\u4e00\u56de\u6226<\/td>\n<\/tr>\n<tr>\n<td>\u4e94\u5341\u5d50\u3000\u5f18\u5927\uff08\u4e09\uff09<\/td>\n<td>\u25cb\u25cb\u25cb\u00d7<\/td>\n<td>\u00d7\u25cb\u00d7\u25cb<\/td>\n<\/tr>\n<tr>\n<td>\u4e0a\u7c54\u3000\u53cb\u8cb4\uff08\u4e8c\uff09<\/td>\n<td>\u25cb\u25cb\u25cb\u25cb<\/td>\n<td>\u25cb\u25cb\u00d7\u25cb<\/td>\n<\/tr>\n<tr>\n<td>\u5c0f\u5ddd\u3000\u7fd4\uff08\u4e8c\uff09<\/td>\n<td>\u25cb\u00d7\u25cb\u25cb<\/td>\n<td>\u00d7\u00d7\u25cb\u25cb<\/td>\n<\/tr>\n<tr>\n<td>\u91d1\u5b50\u3000\u590f\u6689\uff08\u4e8c\uff09<\/td>\n<td>\u25cb\u25cb\u25cb\u25cb<\/td>\n<td>\u25cb\u00d7\u25cb\u00d7<\/td>\n<\/tr>\n<tr>\n<td>\u4e2d\u6751\u3000\u826f\u592a\uff08\u4e09\uff09<\/td>\n<td>\u25cb\u25cb\u25cb\u00d7<\/td>\n<td>\u00d7\u00d7\u25cb\u00d7<\/td>\n<\/tr>\n<tr>\n<td>\u5408\u8a08<\/td>\n<td>\uff11\uff17\u4e2d<\/td>\n<td>\uff11\uff10\u4e2d<\/td>\n<\/tr>\n<tr>\n<td>\u76f8\u624b\u6821<\/td>\n<td><\/td>\n<td>\uff11\uff11\u4e2d<\/td>\n<\/tr>\n<\/tbody>\n<\/table>\n<p>\u4eac\u90fd\u6a58B\u3000\u4e88\u9078\u6557\u9000<\/p>\n<table style=\"height: 319px;\" width=\"605\">\n<tbody>\n<tr>\n<td width=\"122\"><\/td>\n<td width=\"72\">\u4e88\u9078<\/td>\n<\/tr>\n<tr>\n<td>\u5c0f\u5009\u3000\u50da\u4ecb\uff08\u56db\uff09<\/td>\n<td>\u25cb\u00d7\u25cb\u25cb<\/td>\n<\/tr>\n<tr>\n<td>\u85e4\u6751\u3000\u594e\u592a\uff08\u4e00\uff09<\/td>\n<td>\u25cb\u00d7\u00d7\u25cb<\/td>\n<\/tr>\n<tr>\n<td>\u6797\u3000\u826f\u5353\uff08\u4e8c\uff09<\/td>\n<td>\u00d7\u25cb\u00d7\u25cb<\/td>\n<\/tr>\n<tr>\n<td>\u4e2d\u7530\u3000\u5927\u8cb4\uff08\u4e8c\uff09<\/td>\n<td>\u25cb\u25cb\u25cb\u00d7<\/td>\n<\/tr>\n<tr>\n<td>\u5cf6\u672c\u3000\u6dbc\uff08\u56db\uff09<\/td>\n<td>\u25cb\u00d7\u25cb\u25cb<\/td>\n<\/tr>\n<tr>\n<td>\u5408\u8a08<\/td>\n<td>\uff11\uff13\u4e2d<\/td>\n<\/tr>\n<\/tbody>\n<\/table>\n<p>\u4eac\u90fd\u6a58C\u3000\u4e09\u4f4d\u6c7a\u5b9a\u6226\u6557\u9000<\/p>\n<table width=\"491\">\n<tbody>\n<tr>\n<td width=\"122\"><\/td>\n<td width=\"72\">\u4e88\u9078<\/td>\n<td width=\"72\">\u4e00\u56de\u6226<\/td>\n<td width=\"72\">\u4e8c\u56de\u6226<\/td>\n<td width=\"72\">\u4e09\u56de\u6226<\/td>\n<td width=\"81\">\u4e09\u4f4d\u6c7a\u5b9a\u6226<\/td>\n<\/tr>\n<tr>\n<td>\u5ddd\u6751\u3000\u6674\u5e0c\uff08\u4e09\uff09<\/td>\n<td>\u25cb\u25cb\u25cb\u25cb<\/td>\n<td>\u00d7\u25cb\u25cb\u25cb<\/td>\n<td>\u00d7\u25cb\u00d7\u00d7<\/td>\n<td>\u00d7\u25cb\u25cb\u25cb<\/td>\n<td>\u25cb\u00d7\u25cb\u00d7<\/td>\n<\/tr>\n<tr>\n<td>\u4e2d\u6751\u3000\u900f\u4e5f\uff08\u4e00\uff09<\/td>\n<td>\u00d7\u00d7\u25cb\u00d7<\/td>\n<td>\u25cb\u25cb\u25cb\u25cb<\/td>\n<td>\u00d7\u25cb\u25cb\u25cb<\/td>\n<td>\u25cb\u25cb\u25cb\u00d7<\/td>\n<td>\u25cb\u25cb\u25cb\u25cb<\/td>\n<\/tr>\n<tr>\n<td>\u7530\u4e2d\u3000\u592a\u5fd7\uff08\u4e8c\uff09<\/td>\n<td>\u25cb\u00d7\u25cb\u00d7<\/td>\n<td>\u25cb\u25cb\u25cb\u25cb<\/td>\n<td>\u00d7\u25cb\u00d7\u00d7<\/td>\n<td>\u25cb\u00d7\u25cb\u00d7<\/td>\n<td>\u25cb\u25cb\u00d7\u00d7<\/td>\n<\/tr>\n<tr>\n<td>\u526f\u7530\u3000\u8846\u58eb\uff08\u4e00\uff09<\/td>\n<td>\u25cb\u25cb\u25cb\u00d7<\/td>\n<td>\u25cb\u00d7\u25cb\u25cb<\/td>\n<td>\u25cb\u25cb\u25cb\u25cb<\/td>\n<td>\u00d7\u25cb\u25cb\u00d7<\/td>\n<td>\u25cb\u25cb\u25cb\u25cb<\/td>\n<\/tr>\n<tr>\n<td>\u91d1\u6a4b\u3000\u9686\u5fd7\uff08\u4e09\uff09<\/td>\n<td>\u25cb\u25cb\u25cb\u25cb<\/td>\n<td>\u25cb\u00d7\u25cb\u00d7<\/td>\n<td>\u25cb\u25cb\u00d7\u25cb<\/td>\n<td>\u25cb\u25cb\u25cb\u25cb<\/td>\n<td>\u00d7\u00d7\u00d7\u25cb<\/td>\n<\/tr>\n<tr>\n<td>\u5408\u8a08<\/td>\n<td>\uff11\uff14\u4e2d<\/td>\n<td>\uff11\uff16\u4e2d<\/td>\n<td>\uff11\uff12\u4e2d<\/td>\n<td>\uff11\uff14\u4e2d<\/td>\n<td>\uff11\uff13\u4e2d<\/td>\n<\/tr>\n<tr>\n<td>\u76f8\u624b\u6821<\/td>\n<td><\/td>\n<td>\uff11\uff10\u4e2d<\/td>\n<td>\uff11\uff11\u4e2d<\/td>\n<td>\uff11\uff15\u4e2d<\/td>\n<td>\uff11\uff15\u4e2d<\/td>\n<\/tr>\n<\/tbody>\n<\/table>\n<p>\u5973\u5b50\u56e3\u4f53<\/p>\n<p>\u4eac\u90fd\u6a58A\u3000\u4e88\u9078\u6557\u9000<\/p>\n<table width=\"194\">\n<tbody>\n<tr>\n<td width=\"122\"><\/td>\n<td width=\"72\">\u4e88\u9078<\/td>\n<\/tr>\n<tr>\n<td>\u7af9\u4e2d\u3000\u521d\u97f3\uff08\u4e8c\uff09<\/td>\n<td>\u00d7\u25cb\u25cb\u25cb<\/td>\n<\/tr>\n<tr>\n<td>\u85ea\u3000\u7d17\u5f25\u4f73\uff08\u4e09\uff09<\/td>\n<td>\u25cb\u00d7\u00d7\u00d7<\/td>\n<\/tr>\n<tr>\n<td>\u5c0f\u897f\u3000\u512a\u590f\uff08\u4e8c\uff09<\/td>\n<td>\u00d7\u00d7\u00d7\u25cb<\/td>\n<\/tr>\n<tr>\n<td>\u5408\u8a08<\/td>\n<td>\uff15\u4e2d<\/td>\n<\/tr>\n<\/tbody>\n<\/table>\n<p>\u4eac\u90fd\u6a58B\u3000\u6c7a\u52dd\u30c8\u30fc\u30ca\u30e1\u30f3\u30c8\uff11\u56de\u6226\u6557\u9000<\/p>\n<table width=\"266\">\n<tbody>\n<tr>\n<td width=\"122\"><\/td>\n<td width=\"72\">\u4e88\u9078<\/td>\n<td width=\"72\">\u4e00\u56de\u6226<\/td>\n<\/tr>\n<tr>\n<td>\u4e09\u6d66\u3000\u831c\uff08\u4e8c\uff09<\/td>\n<td>\u25cb\u25cb\u25cb\u25cb<\/td>\n<td>\u00d7\u00d7\u00d7\u25cb<\/td>\n<\/tr>\n<tr>\n<td>\u5c71\u5f62\u3000\u7a93\u5b50\uff08\u4e00\uff09<\/td>\n<td>\u25cb\u00d7\u25cb\u25cb<\/td>\n<td>\u00d7\u25cb\u25cb\u00d7<\/td>\n<\/tr>\n<tr>\n<td>\u5e83\u702c\u3000\u611b\u4f73\uff08\u4e8c\uff09<\/td>\n<td>\u00d7\u25cb\u00d7\u00d7<\/td>\n<td>\u00d7\u00d7\u25cb\u25cb<\/td>\n<\/tr>\n<tr>\n<td>\u5408\u8a08<\/td>\n<td>\uff18\u4e2d<\/td>\n<td>\uff15\u4e2d<\/td>\n<\/tr>\n<tr>\n<td>\u76f8\u624b\u6821<\/td>\n<td><\/td>\n<td>\uff18\u4e2d<\/td>\n<\/tr>\n<\/tbody>\n<\/table>\n<p>\u4eac\u90fd\u6a58C\u3000\u6c7a\u52dd\u30c8\u30fc\u30ca\u30e1\u30f3\u30c8\uff12\u56de\u6226\u6557\u9000<\/p>\n<table width=\"338\">\n<tbody>\n<tr>\n<td width=\"122\"><\/td>\n<td width=\"72\">\u4e88\u9078<\/td>\n<td width=\"72\">\u4e00\u56de\u6226<\/td>\n<td width=\"72\">\u4e8c\u56de\u6226<\/td>\n<\/tr>\n<tr>\n<td>\u68ee\u5c71\u3000\u8309\u512a\uff08\u56db\uff09<\/td>\n<td>\u00d7\u25cb\u25cb\u00d7<\/td>\n<td>\u00d7\u25cb\u25cb\u00d7<\/td>\n<td>\u25cb\u00d7\u25cb\u25cb<\/td>\n<\/tr>\n<tr>\n<td>\u5927\u829d\u3000\u51ac\u83ef\uff08\u4e8c\uff09<\/td>\n<td>\u25cb\u25cb\u25cb\u25cb<\/td>\n<td>\u25cb\u25cb\u00d7\u25cb<\/td>\n<td>\u25cb\u00d7\u25cb\u00d7<\/td>\n<\/tr>\n<tr>\n<td>\u677e\u5c71\u3000\u7d75\u672a\u90a3\uff08\u56db\uff09<\/td>\n<td>\u25cb\u00d7\u25cb\u25cb<\/td>\n<td>\u25cb\u25cb\u25cb\u25cb<\/td>\n<td>\u00d7\u00d7\u25cb\u25cb<\/td>\n<\/tr>\n<tr>\n<td>\u5408\u8a08<\/td>\n<td>\uff19\u4e2d<\/td>\n<td>\uff19\u4e2d<\/td>\n<td>\uff17\u4e2d<\/td>\n<\/tr>\n<tr>\n<td>\u76f8\u624b\u6821<\/td>\n<td><\/td>\n<td>\uff16\u4e2d<\/td>\n<td>\uff19\u4e2d<\/td>\n<\/tr>\n<\/tbody>\n<\/table>\n<p>\u500b\u4eba\u5165\u8cde\u8005<\/p>\n<p>\u7537\u5b50\u3000\u512a\u52dd\u3000\u4e0a\u7c54\u3000\u53cb\u8cb4\uff08\u4e8c\uff09<\/p>\n","protected":false},"excerpt":{"rendered":"<p>\uff16\u6708\uff11\uff10\u65e5\uff08\u571f\uff09\u30fb\uff11\uff11\u65e5\uff08\u65e5\uff09 \u65bc\u3000\u30b0\u30ea\u30fc\u30f3\u30a2\u30ea\u30fc\u30ca\u795e\u6238 \u7537\u5b50\u56e3\u4f53 \u4eac\u90fd\u6a58A\u3000\u6c7a\u52dd\u30c8\u30fc\u30ca\u30e1\u30f3\u30c8\uff11\u56de\u6226\u6557\u9000 \u4e88\u9078 \u4e00\u56de\u6226 \u4e94\u5341\u5d50\u3000\u5f18\u5927\uff08\u4e09\uff09 \u25cb\u25cb\u25cb\u00d7 \u00d7\u25cb\u00d7\u25cb \u4e0a\u7c54\u3000\u53cb\u8cb4\uff08\u4e8c\uff09 \u25cb\u25cb\u25cb\u25cb \u25cb\u25cb\u00d7\u25cb \u5c0f\u5ddd\u3000\u7fd4\uff08\u4e8c\uff09 \u25cb\u00d7\u25cb &hellip; <a href=\"https:\/\/cai6.tachibana-u.ac.jp\/kyudo\/?page_id=2598\" class=\"more-link\">\u7d9a\u304d\u3092\u8aad\u3080 <span class=\"screen-reader-text\">\u95a2\u897f\u5b66\u751f\u5f13\u9053\u9078\u624b\u6a29\u5927\u4f1a<\/span> <span class=\"meta-nav\">&rarr;<\/span><\/a><\/p>\n","protected":false},"author":1,"featured_media":0,"parent":1665,"menu_order":4,"comment_status":"closed","ping_status":"closed","template":"","meta":{"footnotes":""},"class_list":["post-2598","page","type-page","status-publish","hentry"],"_links":{"self":[{"href":"https:\/\/cai6.tachibana-u.ac.jp\/kyudo\/index.php?rest_route=\/wp\/v2\/pages\/2598","targetHints":{"allow":["GET"]}}],"collection":[{"href":"https:\/\/cai6.tachibana-u.ac.jp\/kyudo\/index.php?rest_route=\/wp\/v2\/pages"}],"about":[{"href":"https:\/\/cai6.tachibana-u.ac.jp\/kyudo\/index.php?rest_route=\/wp\/v2\/types\/page"}],"author":[{"embeddable":true,"href":"https:\/\/cai6.tachibana-u.ac.jp\/kyudo\/index.php?rest_route=\/wp\/v2\/users\/1"}],"replies":[{"embeddable":true,"href":"https:\/\/cai6.tachibana-u.ac.jp\/kyudo\/index.php?rest_route=%2Fwp%2Fv2%2Fcomments&post=2598"}],"version-history":[{"count":3,"href":"https:\/\/cai6.tachibana-u.ac.jp\/kyudo\/index.php?rest_route=\/wp\/v2\/pages\/2598\/revisions"}],"predecessor-version":[{"id":2612,"href":"https:\/\/cai6.tachibana-u.ac.jp\/kyudo\/index.php?rest_route=\/wp\/v2\/pages\/2598\/revisions\/2612"}],"up":[{"embeddable":true,"href":"https:\/\/cai6.tachibana-u.ac.jp\/kyudo\/index.php?rest_route=\/wp\/v2\/pages\/1665"}],"wp:attachment":[{"href":"https:\/\/cai6.tachibana-u.ac.jp\/kyudo\/index.php?rest_route=%2Fwp%2Fv2%2Fmedia&parent=2598"}],"curies":[{"name":"wp","href":"https:\/\/api.w.org\/{rel}","templated":true}]}}