{"id":200,"date":"2016-05-26T02:42:22","date_gmt":"2016-05-25T17:42:22","guid":{"rendered":"https:\/\/cai6.tachibana-u.ac.jp\/kyudo\/?page_id=200"},"modified":"2016-10-16T07:44:04","modified_gmt":"2016-10-15T22:44:04","slug":"%e6%96%b0%e4%ba%ba%e6%88%a6","status":"publish","type":"page","link":"https:\/\/cai6.tachibana-u.ac.jp\/kyudo\/?page_id=200","title":{"rendered":"\u65b0\u4eba\u6226"},"content":{"rendered":"<hr size=\"1\" width=\"70%\" \/>\n<p><span style=\"font-size: x-large;\"><br \/>\n<b>3\u670820\u65e5\uff08\u65e5\uff09\u3000\u65b0\u4eba\u6226\u7b2c\uff11\u56de\u6226\u5bfe\uff1a\u5927\u962a\u5e9c\u7acb\u5927\u5b66\u3000\u65bc\uff1a\u5927\u962a\u5e9c\u7acb\u5927\u5b66<\/b><br \/>\n<\/span><\/p>\n<hr size=\"1\" width=\"70%\" \/>\n<p>\u5148\u653b\u3000\u4eac\u90fd\u6a58\u5927\u5b6642\u4e2d\u3000\u5f8c\u653b\u3000\u5927\u962a\u5e9c\u7acb\u5927\u5b6641\u4e2d<\/p>\n<table border=\"1\">\n<tbody>\n<tr>\n<td>\u4e2d\u6751\u3000\u826f\u592a\uff08\u4e8c\uff09<\/td>\n<td>\u25cb\u25cb\u25cb\u25cb<\/td>\n<td>\u00d7\u25cb\u25cb\u25cb<\/td>\n<td>\u25cb\u25cb\u25cb\u25cb<\/td>\n<td colspan=\"2\">11<\/td>\n<td rowspan=\"6\">42<\/td>\n<\/tr>\n<tr>\n<td>\u7d3a\u8c37\u3000\u601c\u751f\uff08\u4e8c\uff09<\/td>\n<td>\u00d7\u25cb\u25cb\u25cb<\/td>\n<td>\u00d7\u25cb\u25cb\u25cb<\/td>\n<td>\u00d7\u25cb\u00d7\u00d7<\/td>\n<td colspan=\"2\">7<\/td>\n<\/tr>\n<tr>\n<td>\u6cb3\u5185\u3000\u7406\u7d17\uff08\u4e09\uff09<\/td>\n<td>\u25cb\u00d7\u25cb\u25cb<\/td>\n<td>\u00d7\u25cb\u00d7\u25cb<\/td>\n<td>\u25cb\u00d7\u00d7\u00d7<\/td>\n<td colspan=\"2\">6<\/td>\n<\/tr>\n<tr>\n<td>\u690d\u677e\u3000\u7531\u60df\uff08\u4e8c\uff09<\/td>\n<td>\u00d7\u00d7\u25cb\u00d7<\/td>\n<td>\u00d7\u00d7\u25cb\u25cb<\/td>\n<td>\u00d7\u00d7\u00d7\u25cb<\/td>\n<td colspan=\"2\">4<\/td>\n<\/tr>\n<tr>\n<td>\u91d1\u6a4b\u3000\u9686\u5fd7\uff08\u4e8c\uff09<\/td>\n<td>\u25cb\u00d7\u25cb\u00d7<\/td>\n<td>\u25cb\u25cb\u00d7\u25cb<\/td>\n<td>\u25cb\u25cb\u25cb\u25cb<\/td>\n<td colspan=\"2\">9<\/td>\n<\/tr>\n<tr>\n<td>\u68ee\u5c71\u3000\u8309\u512a\uff08\u4e09\uff09<\/td>\n<td>\u00d7\u25cb\u00d7\u25cb<\/td>\n<td>\u00d7\u00d7\u00d7\u25cb<\/td>\n<td>\u25cb\u00d7\u00d7\u25cb<\/td>\n<td colspan=\"2\">5<\/td>\n<\/tr>\n<\/tbody>\n<\/table>\n<hr size=\"1\" width=\"70%\" \/>\n<p><span style=\"font-size: x-large;\"><br \/>\n<b>3\u670827\u65e5\uff08\u65e5\uff09\u3000\u65b0\u4eba\u6226\u7b2c\uff12\u6226<br \/>\n\u5bfe\uff1a\u795e\u6238\u5e02\u5916\u56fd\u8a9e\u5927\u5b66\u3000\u65bc\uff1a\u4eac\u90fd\u6a58\u5927\u5b66<\/b><br \/>\n<\/span><\/p>\n<hr size=\"1\" width=\"70%\" \/>\n<p>\u5148\u653b\u3000\u4eac\u90fd\u6a58\u5927\u5b6639\u4e2d\u3000\u5f8c\u653b\u3000\u795e\u6238\u5e02\u5916\u56fd\u8a9e\u5927\u5b6626\u4e2d<\/p>\n<table border=\"1\">\n<tbody>\n<tr>\n<td>\u4e2d\u6751\u3000\u826f\u592a\uff08\u4e8c\uff09<\/td>\n<td>\u25cb\u00d7\u25cb\u25cb<\/td>\n<td>\u25cb\u00d7\u00d7\u00d7<\/td>\n<td>\u25cb\u00d7\u25cb\u25cb<\/td>\n<td colspan=\"2\">7<\/td>\n<td rowspan=\"6\">39<\/td>\n<\/tr>\n<tr>\n<td>\u771e\u7af9\u3000\u4e07\u8449\uff08\u4e09\uff09<\/td>\n<td>\u25cb\u00d7\u25cb\u25cb<\/td>\n<td>\u00d7\u00d7\u00d7\u00d7<\/td>\n<td><span style=\"font-size: xx-small;\">\u6cb3<br \/>\n\u5185<\/span>\u25cb\u00d7\u00d7\u00d7<\/td>\n<td colspan=\"2\">4<\/td>\n<\/tr>\n<tr>\n<td>\u5c71\u672c\u3000\u6731\u8389\uff08\u4e8c\uff09<\/td>\n<td>\u25cb\u00d7\u00d7\u00d7<\/td>\n<td>\u25cb\u25cb\u00d7\u00d7<\/td>\n<td>\u25cb\u00d7\u25cb\u00d7<\/td>\n<td colspan=\"2\">5<\/td>\n<\/tr>\n<tr>\n<td>\u677e\u672c\u3000\u7406\u6075\uff08\u4e8c\uff09<\/td>\n<td>\u25cb\u25cb\u25cb\u25cb<\/td>\n<td>\u25cb\u00d7\u25cb\u25cb<\/td>\n<td>\u25cb\u25cb\u00d7\u00d7<\/td>\n<td colspan=\"2\">9<\/td>\n<\/tr>\n<tr>\n<td>\u91d1\u6a4b\u3000\u9686\u5fd7\uff08\u4e8c\uff09<\/td>\n<td>\u00d7\u00d7\u00d7\u00d7<\/td>\n<td>\u25cb\u00d7\u00d7\u25cb<\/td>\n<td>\u00d7\u25cb\u25cb\u00d7<\/td>\n<td colspan=\"2\">4<\/td>\n<\/tr>\n<tr>\n<td>\u68ee\u5c71\u3000\u8309\u512a\uff08\u4e09\uff09<\/td>\n<td>\u00d7\u25cb\u25cb\u25cb<\/td>\n<td>\u25cb\u25cb\u25cb\u25cb<\/td>\n<td>\u25cb\u25cb\u00d7\u25cb<\/td>\n<td colspan=\"2\">10<\/td>\n<\/tr>\n<\/tbody>\n<\/table>\n<hr size=\"1\" width=\"70%\" \/>\n<p><span style=\"font-size: x-large;\"><br \/>\n<b>4\u67083\u65e5\uff08\u65e5\uff09\u3000\u65b0\u4eba\u6226\u7b2c3\u6226<br \/>\n\u5bfe\uff1a\u95a2\u897f\u5927\u5b66\u3000\u65bc\uff1a\u95a2\u897f\u5927\u5b66<\/b><br \/>\n<\/span><\/p>\n<hr size=\"1\" width=\"70%\" \/>\n<p>\u5148\u653b\u3000\u95a2\u897f\u5927\u5b6653\u4e2d\u3000\u5f8c\u653b\u3000\u4eac\u90fd\u6a58\u5927\u5b6644\u4e2d<\/p>\n<table border=\"1\">\n<tbody>\n<tr>\n<td>\u4e2d\u6751\u3000\u826f\u592a\uff08\u4e8c\uff09<\/td>\n<td>\u25cb\u25cb\u00d7\u25cb<\/td>\n<td>\u25cb\u25cb\u25cb\u25cb<\/td>\n<td>\u25cb\u00d7\u25cb\u25cb<\/td>\n<td colspan=\"2\">10<\/td>\n<td rowspan=\"6\">44<\/td>\n<\/tr>\n<tr>\n<td>\u4e0a\u7c54\u3000\u53cb\u8cb4\uff08\u4e00\uff09<\/td>\n<td>\u25cb\u00d7\u25cb\u25cb<\/td>\n<td>\u25cb\u25cb\u00d7\u25cb<\/td>\n<td>\u00d7\u00d7\u25cb\u25cb<\/td>\n<td colspan=\"2\">8<\/td>\n<\/tr>\n<tr>\n<td>\u4e2d\u7530\u3000\u5927\u8cb4\uff08\u4e00\uff09<\/td>\n<td>\u25cb\u00d7\u00d7\u25cb<\/td>\n<td>\u00d7\u25cb\u00d7\u00d7<\/td>\n<td><span style=\"font-size: xx-small;\">\u5927<br \/>\n\u829d<\/span>\u00d7\u25cb\u00d7\u25cb<\/td>\n<td colspan=\"2\">5<\/td>\n<\/tr>\n<tr>\n<td>\u5c0f\u897f\u3000\u512a\u590f\uff08\u4e00\uff09<\/td>\n<td>\u00d7\u00d7\u25cb\u00d7<\/td>\n<td><span style=\"font-size: xx-small;\">\u91d1<br \/>\n\u6a4b<\/span>\u00d7\u00d7\u25cb\u00d7<\/td>\n<td><span style=\"font-size: xx-small;\">\u5e83<br \/>\n\u702c<\/span>\u00d7\u25cb\u25cb\u25cb<\/td>\n<td colspan=\"2\">5<\/td>\n<\/tr>\n<tr>\n<td>\u91d1\u5b50\u3000\u590f\u6689\uff08\u4e00\uff09<\/td>\n<td>\u25cb\u25cb\u25cb\u25cb<\/td>\n<td>\u25cb\u25cb\u25cb\u00d7<\/td>\n<td>\u25cb\u00d7\u25cb\u25cb<\/td>\n<td colspan=\"2\">10<\/td>\n<\/tr>\n<tr>\n<td>\u68ee\u5c71\u3000\u8309\u512a\uff08\u4e09\uff09<\/td>\n<td>\u25cb\u00d7\u00d7\u00d7<\/td>\n<td>\u25cb\u25cb\u00d7\u00d7<\/td>\n<td>\u25cb\u25cb\u00d7\u25cb<\/td>\n<td colspan=\"2\">6<\/td>\n<\/tr>\n<\/tbody>\n<\/table>\n","protected":false},"excerpt":{"rendered":"<p>3\u670820\u65e5\uff08\u65e5\uff09\u3000\u65b0\u4eba\u6226\u7b2c\uff11\u56de\u6226\u5bfe\uff1a\u5927\u962a\u5e9c\u7acb\u5927\u5b66\u3000\u65bc\uff1a\u5927\u962a\u5e9c\u7acb\u5927\u5b66 \u5148\u653b\u3000\u4eac\u90fd\u6a58\u5927\u5b6642\u4e2d\u3000\u5f8c\u653b\u3000\u5927\u962a\u5e9c\u7acb\u5927\u5b6641\u4e2d \u4e2d\u6751\u3000\u826f\u592a\uff08\u4e8c\uff09 \u25cb\u25cb\u25cb\u25cb \u00d7\u25cb\u25cb\u25cb \u25cb\u25cb\u25cb\u25cb 11 42 \u7d3a\u8c37\u3000\u601c\u751f\uff08\u4e8c\uff09 \u00d7\u25cb\u25cb\u25cb \u00d7\u25cb\u25cb\u25cb \u00d7\u25cb &hellip; <a href=\"https:\/\/cai6.tachibana-u.ac.jp\/kyudo\/?page_id=200\" class=\"more-link\">\u7d9a\u304d\u3092\u8aad\u3080 <span class=\"screen-reader-text\">\u65b0\u4eba\u6226<\/span> <span class=\"meta-nav\">&rarr;<\/span><\/a><\/p>\n","protected":false},"author":1,"featured_media":0,"parent":186,"menu_order":1,"comment_status":"closed","ping_status":"open","template":"","meta":{"footnotes":""},"class_list":["post-200","page","type-page","status-publish","hentry"],"_links":{"self":[{"href":"https:\/\/cai6.tachibana-u.ac.jp\/kyudo\/index.php?rest_route=\/wp\/v2\/pages\/200","targetHints":{"allow":["GET"]}}],"collection":[{"href":"https:\/\/cai6.tachibana-u.ac.jp\/kyudo\/index.php?rest_route=\/wp\/v2\/pages"}],"about":[{"href":"https:\/\/cai6.tachibana-u.ac.jp\/kyudo\/index.php?rest_route=\/wp\/v2\/types\/page"}],"author":[{"embeddable":true,"href":"https:\/\/cai6.tachibana-u.ac.jp\/kyudo\/index.php?rest_route=\/wp\/v2\/users\/1"}],"replies":[{"embeddable":true,"href":"https:\/\/cai6.tachibana-u.ac.jp\/kyudo\/index.php?rest_route=%2Fwp%2Fv2%2Fcomments&post=200"}],"version-history":[{"count":7,"href":"https:\/\/cai6.tachibana-u.ac.jp\/kyudo\/index.php?rest_route=\/wp\/v2\/pages\/200\/revisions"}],"predecessor-version":[{"id":1569,"href":"https:\/\/cai6.tachibana-u.ac.jp\/kyudo\/index.php?rest_route=\/wp\/v2\/pages\/200\/revisions\/1569"}],"up":[{"embeddable":true,"href":"https:\/\/cai6.tachibana-u.ac.jp\/kyudo\/index.php?rest_route=\/wp\/v2\/pages\/186"}],"wp:attachment":[{"href":"https:\/\/cai6.tachibana-u.ac.jp\/kyudo\/index.php?rest_route=%2Fwp%2Fv2%2Fmedia&parent=200"}],"curies":[{"name":"wp","href":"https:\/\/api.w.org\/{rel}","templated":true}]}}