{"id":198,"date":"2016-05-26T02:40:59","date_gmt":"2016-05-25T17:40:59","guid":{"rendered":"https:\/\/cai6.tachibana-u.ac.jp\/kyudo\/?page_id=198"},"modified":"2016-10-15T17:01:35","modified_gmt":"2016-10-15T08:01:35","slug":"%e6%96%b0%e4%ba%ba%e6%88%a6%e7%b7%b4%e7%bf%92%e8%a9%a6%e5%90%88","status":"publish","type":"page","link":"https:\/\/cai6.tachibana-u.ac.jp\/kyudo\/?page_id=198","title":{"rendered":"\u65b0\u4eba\u6226\u7df4\u7fd2\u8a66\u5408"},"content":{"rendered":"<hr size=\"1\" width=\"70%\" \/>\n<p><span style=\"font-size: x-large;\"><br \/>\n<b>2\u670822\u65e5\uff08\u65e5\uff09\u3000\u65b0\u4eba\u6226\u7df4\u7fd2\u8a66\u5408<br \/>\n\u5bfe\uff1a\u95a2\u897f\u5927\u5b66\u3000\u65bc\uff1a\u4eac\u90fd\u6a58\u5927\u5b66<\/b><br \/>\n<\/span><\/p>\n<hr size=\"1\" width=\"70%\" \/>\n<p>\u5148\u653b\u3000\u4eac\u90fd\u6a58\u5927\u5b6646\u4e2d\u3000\u5f8c\u653b\u3000\u95a2\u897f\u5927\u5b6643\u4e2d<\/p>\n<table border=\"1\">\n<tbody>\n<tr>\n<td>\u4e2d\u6751\u3000\u826f\u592a\uff08\u4e8c\uff09<\/td>\n<td>\u25cb\u25cb\u25cb\u25cb<\/td>\n<td>\u25cb\u00d7\u25cb\u25cb<\/td>\n<td>\u25cb\u25cb\u25cb\u25cb<\/td>\n<td colspan=\"2\">11<\/td>\n<td rowspan=\"6\">46<\/td>\n<\/tr>\n<tr>\n<td>\u66fd\u6211\u90e8\u3000\u7531\u611b\uff08\u4e8c\uff09<\/td>\n<td>\u25cb\u25cb\u25cb\u00d7<\/td>\n<td>\u25cb\u25cb\u25cb\u25cb<\/td>\n<td>\u25cb\u25cb\u25cb\u25cb<\/td>\n<td colspan=\"2\">11<\/td>\n<\/tr>\n<tr>\n<td>\u5ca1\u7530\u3000\u5948\u5df1\uff08\u4e09\uff09<\/td>\n<td>\u00d7\u00d7\u25cb\u00d7<\/td>\n<td>\u25cb\u00d7\u00d7\u00d7<\/td>\n<td><span style=\"font-size: xx-small;\">\u6cb3<br \/>\n\u5185<\/span>\u00d7\u25cb\u00d7\u25cb<\/td>\n<td colspan=\"2\">4<\/td>\n<\/tr>\n<tr>\n<td>\u690d\u677e\u3000\u7531\u60df\uff08\u4e8c\uff09<\/td>\n<td>\u00d7\u25cb\u25cb\u00d7<\/td>\n<td>\u25cb\u00d7\u25cb\u25cb<\/td>\n<td>\u25cb\u25cb\u00d7\u25cb<\/td>\n<td colspan=\"2\">8<\/td>\n<\/tr>\n<tr>\n<td>\u5c71\u672c\u3000\u6731\u8389\uff08\u4e8c\uff09<\/td>\n<td>\u25cb\u00d7\u00d7\u00d7<\/td>\n<td>\u00d7\u25cb\u00d7\u25cb<\/td>\n<td><span style=\"font-size: xx-small;\">\u677e<br \/>\n\u672c<\/span>\u00d7\u25cb\u00d7\u00d7<\/td>\n<td colspan=\"2\">4<\/td>\n<\/tr>\n<tr>\n<td>\u91d1\u6a4b\u3000\u9686\u5fd7\uff08\u4e8c\uff09<\/td>\n<td>\u00d7\u00d7\u25cb\u25cb<\/td>\n<td>\u25cb\u25cb\u25cb\u00d7<\/td>\n<td>\u00d7\u25cb\u25cb\u25cb<\/td>\n<td colspan=\"2\">8<\/td>\n<\/tr>\n<\/tbody>\n<\/table>\n<hr size=\"1\" width=\"70%\" \/>\n<p><span style=\"font-size: x-large;\"><br \/>\n<b>2\u670827\u65e5\uff08\u65e5\uff09\u3000\u65b0\u4eba\u6226\u7df4\u7fd2\u8a66\u5408\u3000\u5348\u524d\u3000<br \/>\n \u5bfe\uff1a\u5927\u962a\u7523\u696d\u5927\u5b66\u3000\u65bc\uff1a\u4eac\u90fd\u6a58\u5927\u5b66<\/b><br \/>\n<\/span><\/p>\n<hr size=\"1\" width=\"70%\" \/>\n<p>\u5148\u653b\u3000\u5927\u962a\u7523\u696d\u5927\u5b6643\u4e2d\u3000\u5f8c\u653b\u3000\u4eac\u90fd\u6a58\u5927\u5b6649\u4e2d<\/p>\n<table border=\"1\">\n<tbody>\n<tr>\n<td>\u4e2d\u6751\u3000\u826f\u592a\uff08\u4e8c\uff09<\/td>\n<td>\u25cb\u25cb\u25cb\u25cb<\/td>\n<td>\u25cb\u00d7\u25cb\u25cb<\/td>\n<td>\u25cb\u25cb\u25cb\u25cb<\/td>\n<td colspan=\"2\">11<\/td>\n<td rowspan=\"6\">49<\/td>\n<\/tr>\n<tr>\n<td>\u66fd\u6211\u90e8\u3000\u7531\u611b\uff08\u4e8c\uff09<\/td>\n<td>\u25cb\u25cb\u25cb\u25cb<\/td>\n<td>\u25cb\u25cb\u25cb\u00d7<\/td>\n<td>\u00d7\u25cb\u25cb\u25cb<\/td>\n<td colspan=\"2\">10<\/td>\n<\/tr>\n<tr>\n<td>\u85ea\u3000\u6c99\u5f25\u4f73\uff08\u4e8c\uff09<\/td>\n<td>\u00d7\u25cb\u00d7\u00d7<\/td>\n<td><span style=\"font-size: xx-small;\">\u5ca1<br \/>\n\u7530<\/span>\u00d7\u25cb\u00d7\u00d7<\/td>\n<td><span style=\"font-size: xx-small;\">\u6cb3<br \/>\n\u5185<\/span>\u25cb\u00d7\u25cb\u00d7<\/td>\n<td colspan=\"2\">4<\/td>\n<\/tr>\n<tr>\n<td>\u677e\u672c\u3000\u7406\u6075\uff08\u4e8c\uff09<\/td>\n<td>\u25cb\u25cb\u00d7\u00d7<\/td>\n<td><span style=\"font-size: xx-small;\">\u5c71<br \/>\n\u672c<\/span>\u00d7\u25cb\u25cb\u25cb<\/td>\n<td>\u00d7\u00d7\u25cb\u00d7<\/td>\n<td colspan=\"2\">6<\/td>\n<\/tr>\n<tr>\n<td>\u690d\u677e\u3000\u7531\u60df\uff08\u4e8c\uff09<\/td>\n<td>\u25cb\u25cb\u00d7\u25cb<\/td>\n<td>\u25cb\u00d7\u25cb\u25cb<\/td>\n<td>\u25cb\u25cb\u25cb\u00d7<\/td>\n<td colspan=\"2\">9<\/td>\n<\/tr>\n<tr>\n<td>\u91d1\u6a4b\u3000\u9686\u5fd7\uff08\u4e8c\uff09<\/td>\n<td>\u25cb\u25cb\u25cb\u25cb<\/td>\n<td>\u25cb\u25cb\u25cb\u00d7<\/td>\n<td>\u00d7\u00d7\u25cb\u25cb<\/td>\n<td colspan=\"2\">9<\/td>\n<\/tr>\n<\/tbody>\n<\/table>\n<hr size=\"1\" width=\"70%\" \/>\n<p><span style=\"font-size: x-large;\"><br \/>\n<b>2\u670827\u65e5\uff08\u65e5\uff09\u3000\u65b0\u4eba\u6226\u7df4\u7fd2\u8a66\u5408\u3000\u5348\u5f8c\u3000<br \/>\n \u5bfe\uff1a\u5927\u962a\u7523\u696d\u5927\u5b66\u3000\u65bc\uff1a\u4eac\u90fd\u6a58\u5927\u5b66<\/b><br \/>\n<\/span><\/p>\n<hr size=\"1\" width=\"70%\" \/>\n<p>\u5148\u653b\u3000\u5927\u962a\u7523\u696d\u5927\u5b6648\u4e2d\u3000\u5f8c\u653b\u3000\u4eac\u90fd\u6a58\u5927\u5b6647\u4e2d<\/p>\n<table border=\"1\">\n<tbody>\n<tr>\n<td>\u4e2d\u6751\u3000\u826f\u592a\uff08\u4e8c\uff09<\/td>\n<td>\u25cb\u25cb\u25cb\u25cb<\/td>\n<td>\u25cb\u25cb\u00d7\u00d7<\/td>\n<td>\u25cb\u25cb\u00d7\u25cb<\/td>\n<td colspan=\"2\">9<\/td>\n<td rowspan=\"6\">47<\/td>\n<\/tr>\n<tr>\n<td>\u66fd\u6211\u90e8\u3000\u7531\u611b\uff08\u4e8c\uff09<\/td>\n<td>\u00d7\u25cb\u25cb\u00d7<\/td>\n<td>\u25cb\u25cb\u25cb\u00d7<\/td>\n<td>\u25cb\u25cb\u00d7\u00d7<\/td>\n<td colspan=\"2\">7<\/td>\n<\/tr>\n<tr>\n<td>\u85ea\u3000\u6c99\u5f25\u4f73\uff08\u4e8c\uff09<\/td>\n<td>\u00d7\u00d7\u25cb\u00d7<\/td>\n<td><span style=\"font-size: xx-small;\">\u6cb3<br \/>\n\u5185<\/span>\u25cb\u25cb\u00d7\u00d7<\/td>\n<td>\u00d7\u00d7\u00d7\u25cb<\/td>\n<td colspan=\"2\">4<\/td>\n<\/tr>\n<tr>\n<td>\u677e\u672c\u3000\u7406\u6075\uff08\u4e8c\uff09<\/td>\n<td>\u25cb\u00d7\u25cb\u25cb<\/td>\n<td>\u25cb\u25cb\u00d7\u25cb<\/td>\n<td>\u25cb\u00d7\u25cb\u25cb<\/td>\n<td colspan=\"2\">9<\/td>\n<\/tr>\n<tr>\n<td>\u690d\u677e\u3000\u7531\u60df\uff08\u4e8c\uff09<\/td>\n<td>\u25cb\u00d7\u00d7\u25cb<\/td>\n<td>\u25cb\u25cb\u25cb\u00d7<\/td>\n<td>\u25cb\u25cb\u25cb\u25cb<\/td>\n<td colspan=\"2\">9<\/td>\n<\/tr>\n<tr>\n<td>\u91d1\u6a4b\u3000\u9686\u5fd7\uff08\u4e8c\uff09<\/td>\n<td>\u25cb\u00d7\u25cb\u25cb<\/td>\n<td>\u25cb\u25cb\u00d7\u25cb<\/td>\n<td>\u25cb\u25cb\u25cb\u00d7<\/td>\n<td colspan=\"2\">9<\/td>\n<\/tr>\n<\/tbody>\n<\/table>\n<hr size=\"1\" width=\"70%\" \/>\n<p><span style=\"font-size: x-large;\"><br \/>\n<b>3\u67086\u65e5\uff08\u65e5\uff09\u3000\u65b0\u4eba\u6226\u7df4\u7fd2\u8a66\u5408<br \/>\n\u3000\u5bfe\uff1a\u9f8d\u8c37\u5927\u5b66\u3000\u65bc\uff1a\u9f8d\u8c37\u5927\u5b66<\/b><br \/>\n<\/span><\/p>\n<hr size=\"1\" width=\"70%\" \/>\n<p>\u5148\u653b\u3000\u9f8d\u8c37\u5927\u5b6630\u4e2d\u3000\u5f8c\u653b\u3000\u4eac\u90fd\u6a58\u5927\u5b6657\u4e2d<\/p>\n<table border=\"1\">\n<tbody>\n<tr>\n<td>\u4e2d\u6751\u3000\u826f\u592a\uff08\u4e8c\uff09<\/td>\n<td>\u25cb\u25cb\u25cb\u25cb<\/td>\n<td>\u25cb\u25cb\u25cb\u25cb<\/td>\n<td>\u25cb\u25cb\u25cb\u00d7<\/td>\n<td colspan=\"2\">11<\/td>\n<td rowspan=\"6\">57<\/td>\n<\/tr>\n<tr>\n<td>\u5c71\u672c\u3000\u6731\u8389\uff08\u4e8c\uff09<\/td>\n<td>\u00d7\u00d7\u25cb\u00d7<\/td>\n<td>\u25cb\u25cb\u25cb\u00d7<\/td>\n<td>\u25cb\u25cb\u25cb\u25cb<\/td>\n<td colspan=\"2\">8<\/td>\n<\/tr>\n<tr>\n<td>\u7d3a\u8c37\u3000\u601c\u751f\uff08\u4e8c\uff09<\/td>\n<td>\u25cb\u25cb\u25cb\u25cb<\/td>\n<td>\u25cb\u00d7\u25cb\u00d7<\/td>\n<td>\u25cb\u25cb\u00d7\u25cb<\/td>\n<td colspan=\"2\">9<\/td>\n<\/tr>\n<tr>\n<td>\u690d\u677e\u3000\u7531\u60df\uff08\u4e8c\uff09<\/td>\n<td>\u25cb\u00d7\u25cb\u00d7<\/td>\n<td>\u25cb\u00d7\u25cb\u25cb<\/td>\n<td>\u25cb\u25cb\u25cb\u25cb<\/td>\n<td colspan=\"2\">9<\/td>\n<\/tr>\n<tr>\n<td>\u68ee\u5c71\u3000\u8309\u512a\uff08\u4e09\uff09<\/td>\n<td>\u25cb\u25cb\u25cb\u25cb<\/td>\n<td>\u00d7\u00d7\u25cb\u25cb<\/td>\n<td>\u25cb\u25cb\u25cb\u25cb<\/td>\n<td colspan=\"2\">10<\/td>\n<\/tr>\n<tr>\n<td>\u91d1\u6a4b\u3000\u9686\u5fd7\uff08\u4e8c\uff09<\/td>\n<td>\u25cb\u25cb\u25cb\u25cb<\/td>\n<td>\u25cb\u00d7\u25cb\u25cb<\/td>\n<td>\u00d7\u25cb\u25cb\u25cb<\/td>\n<td colspan=\"2\">10<\/td>\n<\/tr>\n<\/tbody>\n<\/table>\n<hr size=\"1\" width=\"70%\" \/>\n<p><span style=\"font-size: x-large;\"><br \/>\n<b>3\u670816\u65e5\uff08\u65e5\uff09\u3000\u65b0\u4eba\u6226\u7df4\u7fd2\u8a66\u5408<br \/>\n\u5bfe\uff1a\u4eac\u90fd\u7523\u696d\u5927\u5b66\u3000\u65bc\uff1a\u4eac\u90fd\u7523\u696d\u5927\u5b66<\/b><br \/>\n<\/span><\/p>\n<hr size=\"1\" width=\"70%\" \/>\n<p>\u5148\u653b\u3000\u4eac\u90fd\u7523\u696d\u5927\u5b6637\u4e2d\u3000\u5f8c\u653b\u3000\u4eac\u90fd\u6a58\u5927\u5b6647\u4e2d<\/p>\n<table border=\"1\">\n<tbody>\n<tr>\n<td>\u4e2d\u6751\u3000\u826f\u592a\uff08\u4e8c\uff09<\/td>\n<td>\u25cb\u25cb\u25cb\u25cb<\/td>\n<td>\u25cb\u25cb\u25cb\u25cb<\/td>\n<td>\u00d7\u25cb\u25cb\u25cb<\/td>\n<td colspan=\"2\">11<\/td>\n<td rowspan=\"6\">48<\/td>\n<\/tr>\n<tr>\n<td>\u677e\u672c\u3000\u7406\u6075\uff08\u4e8c\uff09<\/td>\n<td>\u00d7\u25cb\u25cb\u25cb<\/td>\n<td>\u25cb\u00d7\u25cb\u00d7<\/td>\n<td>\u25cb\u00d7\u00d7\u25cb<\/td>\n<td colspan=\"2\">7<\/td>\n<\/tr>\n<tr>\n<td>\u6cb3\u5185\u3000\u7406\u7d17\uff08\u4e09\uff09<\/td>\n<td>\u00d7\u25cb\u25cb\u25cb<\/td>\n<td>\u00d7\u00d7\u00d7\u25cb<\/td>\n<td>\u25cb\u00d7\u00d7\u25cb<\/td>\n<td colspan=\"2\">6<\/td>\n<\/tr>\n<tr>\n<td>\u690d\u677e\u3000\u7531\u60df\uff08\u4e8c\uff09<\/td>\n<td>\u25cb\u25cb\u00d7\u25cb<\/td>\n<td>\u00d7\u25cb\u25cb\u00d7<\/td>\n<td>\u25cb\u00d7\u25cb\u00d7<\/td>\n<td colspan=\"2\">7<\/td>\n<\/tr>\n<tr>\n<td>\u91d1\u6a4b\u3000\u9686\u5fd7\uff08\u4e8c\uff09<\/td>\n<td>\u25cb\u00d7\u00d7\u00d7<\/td>\n<td>\u25cb\u25cb\u25cb\u25cb<\/td>\n<td>\u25cb\u00d7\u25cb\u00d7<\/td>\n<td colspan=\"2\">7<\/td>\n<\/tr>\n<tr>\n<td>\u68ee\u5c71\u3000\u8309\u512a\uff08\u4e09\uff09<\/td>\n<td>\u00d7\u00d7\u25cb\u25cb<\/td>\n<td>\u25cb\u25cb\u25cb\u25cb<\/td>\n<td>\u25cb\u25cb\u25cb\u25cb<\/td>\n<td colspan=\"2\">10<\/td>\n<\/tr>\n<\/tbody>\n<\/table>\n","protected":false},"excerpt":{"rendered":"<p>2\u670822\u65e5\uff08\u65e5\uff09\u3000\u65b0\u4eba\u6226\u7df4\u7fd2\u8a66\u5408 \u5bfe\uff1a\u95a2\u897f\u5927\u5b66\u3000\u65bc\uff1a\u4eac\u90fd\u6a58\u5927\u5b66 \u5148\u653b\u3000\u4eac\u90fd\u6a58\u5927\u5b6646\u4e2d\u3000\u5f8c\u653b\u3000\u95a2\u897f\u5927\u5b6643\u4e2d \u4e2d\u6751\u3000\u826f\u592a\uff08\u4e8c\uff09 \u25cb\u25cb\u25cb\u25cb \u25cb\u00d7\u25cb\u25cb \u25cb\u25cb\u25cb\u25cb 11 46 \u66fd\u6211\u90e8\u3000\u7531\u611b\uff08\u4e8c\uff09 \u25cb\u25cb\u25cb\u00d7 \u25cb\u25cb\u25cb\u25cb \u25cb\u25cb\u25cb\u25cb  &hellip; <a href=\"https:\/\/cai6.tachibana-u.ac.jp\/kyudo\/?page_id=198\" class=\"more-link\">\u7d9a\u304d\u3092\u8aad\u3080 <span class=\"screen-reader-text\">\u65b0\u4eba\u6226\u7df4\u7fd2\u8a66\u5408<\/span> <span class=\"meta-nav\">&rarr;<\/span><\/a><\/p>\n","protected":false},"author":1,"featured_media":0,"parent":186,"menu_order":0,"comment_status":"closed","ping_status":"open","template":"","meta":{"footnotes":""},"class_list":["post-198","page","type-page","status-publish","hentry"],"_links":{"self":[{"href":"https:\/\/cai6.tachibana-u.ac.jp\/kyudo\/index.php?rest_route=\/wp\/v2\/pages\/198","targetHints":{"allow":["GET"]}}],"collection":[{"href":"https:\/\/cai6.tachibana-u.ac.jp\/kyudo\/index.php?rest_route=\/wp\/v2\/pages"}],"about":[{"href":"https:\/\/cai6.tachibana-u.ac.jp\/kyudo\/index.php?rest_route=\/wp\/v2\/types\/page"}],"author":[{"embeddable":true,"href":"https:\/\/cai6.tachibana-u.ac.jp\/kyudo\/index.php?rest_route=\/wp\/v2\/users\/1"}],"replies":[{"embeddable":true,"href":"https:\/\/cai6.tachibana-u.ac.jp\/kyudo\/index.php?rest_route=%2Fwp%2Fv2%2Fcomments&post=198"}],"version-history":[{"count":12,"href":"https:\/\/cai6.tachibana-u.ac.jp\/kyudo\/index.php?rest_route=\/wp\/v2\/pages\/198\/revisions"}],"predecessor-version":[{"id":1565,"href":"https:\/\/cai6.tachibana-u.ac.jp\/kyudo\/index.php?rest_route=\/wp\/v2\/pages\/198\/revisions\/1565"}],"up":[{"embeddable":true,"href":"https:\/\/cai6.tachibana-u.ac.jp\/kyudo\/index.php?rest_route=\/wp\/v2\/pages\/186"}],"wp:attachment":[{"href":"https:\/\/cai6.tachibana-u.ac.jp\/kyudo\/index.php?rest_route=%2Fwp%2Fv2%2Fmedia&parent=198"}],"curies":[{"name":"wp","href":"https:\/\/api.w.org\/{rel}","templated":true}]}}