{"id":1705,"date":"2017-05-07T19:45:23","date_gmt":"2017-05-07T10:45:23","guid":{"rendered":"https:\/\/cai6.tachibana-u.ac.jp\/kyudo\/?page_id=1705"},"modified":"2017-11-01T15:43:28","modified_gmt":"2017-11-01T06:43:28","slug":"%e4%ba%ac%e9%81%b8","status":"publish","type":"page","link":"https:\/\/cai6.tachibana-u.ac.jp\/kyudo\/?page_id=1705","title":{"rendered":"\u4eac\u9078"},"content":{"rendered":"<p>\uff15\u6708\uff16\u65e5\uff08\u571f\uff09<br \/>\n\u65bc\u3000\u4eac\u90fd\u5e02\u6b66\u9053\u30bb\u30f3\u30bf\u30fc<\/p>\n<hr size=\"1\" width=\"70%\" \/>\n<p>\u7537\u5b50\u56e3\u4f53<br \/>\n\u4eac\u90fd\u6a58A\u3000\u6e96\u512a\u52dd<\/p>\n<table style=\"height: 319px;\" width=\"587\">\n<tbody>\n<tr>\n<td width=\"142\"><\/td>\n<td width=\"72\">\u4e88\u9078<\/td>\n<td width=\"74\">\u4e00\u56de\u6226<\/td>\n<td width=\"74\">\u4e8c\u56de\u6226<\/td>\n<td width=\"72\">\u6c7a\u52dd<\/td>\n<\/tr>\n<tr>\n<td>\u4e0a\u7c54\u3000\u53cb\u8cb4\uff08\u4e8c\uff09<\/td>\n<td>\u25cb\u25cb\u25cb\u25cb<\/td>\n<td>\u25cb\u25cb\u25cb\u25cb<\/td>\n<td>\u25cb\u25cb\u25cb\u25cb<\/td>\n<td>\u25cb\u25cb\u25cb\u25cb<\/td>\n<\/tr>\n<tr>\n<td>\u4e94\u5341\u5d50\u3000\u5f18\u5927\uff08\u4e09\uff09<\/td>\n<td>\u25cb\u00d7\u25cb\u25cb<\/td>\n<td>\u25cb\u25cb\u25cb\u25cb<\/td>\n<td>\u25cb\u25cb\u25cb\u25cb<\/td>\n<td>\u25cb\u00d7\u25cb\u25cb<\/td>\n<\/tr>\n<tr>\n<td>\u5c0f\u5ddd\u3000\u7fd4\uff08\u4e8c\uff09<\/td>\n<td>\u25cb\u25cb\u25cb\u25cb<\/td>\n<td>\u25cb\u25cb\u25cb\u25cb<\/td>\n<td>\u25cb\u25cb\u25cb\u25cb<\/td>\n<td>\u25cb\u25cb\u25cb\u25cb<\/td>\n<\/tr>\n<tr>\n<td>\u91d1\u5b50\u3000\u590f\u6689\uff08\u4e8c\uff09<\/td>\n<td>\u25cb\u25cb\u00d7\u00d7<\/td>\n<td>\u25cb\u25cb\u00d7\u25cb<\/td>\n<td>\u00d7\u25cb\u00d7\u00d7<\/td>\n<td>\u25cb\u25cb\u25cb\u25cb<\/td>\n<\/tr>\n<tr>\n<td>\u4e2d\u6751\u3000\u826f\u592a\uff08\u4e09\uff09<\/td>\n<td>\u00d7\u00d7\u00d7\u25cb<\/td>\n<td>\u25cb\u00d7\u25cb\u25cb<\/td>\n<td>\u25cb\u00d7\u00d7\u25cb<\/td>\n<td>\u25cb\u00d7\u25cb\u25cb<\/td>\n<\/tr>\n<tr>\n<td>\u5408\u8a08<\/td>\n<td>14\u4e2d<\/td>\n<td>18\u4e2d<\/td>\n<td>15\u4e2d<\/td>\n<td>18\u4e2d<\/td>\n<\/tr>\n<tr>\n<td>\u76f8\u624b\u6821<\/td>\n<td><\/td>\n<td>9\u4e2d<\/td>\n<td>13\u4e2d<\/td>\n<td>19\u4e2d<\/td>\n<\/tr>\n<\/tbody>\n<\/table>\n<p>\u4eac\u90fd\u6a58B\u3000\u6c7a\u52dd\u30c8\u30fc\u30ca\u30e1\u30f3\u30c8\u4e00\u56de\u6226\u6557\u9000<\/p>\n<table style=\"height: 321px;\" width=\"527\">\n<tbody>\n<tr>\n<td width=\"142\"><\/td>\n<td width=\"72\">\u4e88\u9078<\/td>\n<td width=\"74\">\u4e00\u56de\u6226<\/td>\n<\/tr>\n<tr>\n<td>\u5c0f\u5009\u3000\u50da\u4ecb\uff08\u56db\uff09<\/td>\n<td>\u25cb\u25cb\u25cb\u25cb<\/td>\n<td>\u00d7\u25cb\u00d7\u00d7<\/td>\n<\/tr>\n<tr>\n<td>\u5c0f\u6839\u7530\u3000\u5bdb\u592a\uff08\u4e00\uff09<\/td>\n<td>\u25cb\u25cb\u25cb\u00d7<\/td>\n<td>\u25cb\u25cb\u00d7\u00d7<\/td>\n<\/tr>\n<tr>\n<td>\u6797\u3000\u826f\u5353\uff08\u4e8c\uff09<\/td>\n<td>\u25cb\u25cb\u25cb\u25cb<\/td>\n<td>\u25cb\u00d7\u00d7\u00d7<\/td>\n<\/tr>\n<tr>\n<td>\u4e2d\u7530\u3000\u5927\u8cb4\uff08\u4e8c\uff09<\/td>\n<td>\u25cb\u25cb\u25cb\u00d7<\/td>\n<td>\u00d7\u00d7\u25cb\u25cb<\/td>\n<\/tr>\n<tr>\n<td>\u5cf6\u672c\u3000\u6dbc\uff08\u56db\uff09<\/td>\n<td>\u00d7\u00d7\u25cb\u25cb<\/td>\n<td>\u00d7\u25cb\u25cb\u25cb<\/td>\n<\/tr>\n<tr>\n<td>\u5408\u8a08<\/td>\n<td>16\u4e2d<\/td>\n<td>9\u4e2d<\/td>\n<\/tr>\n<tr>\n<td>\u76f8\u624b\u6821<\/td>\n<td><\/td>\n<td>18\u4e2d<\/td>\n<\/tr>\n<\/tbody>\n<\/table>\n<p>\u5973\u5b50\u56e3\u4f53<br \/>\n\u4eac\u90fd\u6a58A\u3000\u6c7a\u52dd\u30c8\u30fc\u30ca\u30e1\u30f3\u30c8\u4e00\u56de\u6226\u6557\u9000<\/p>\n<table width=\"288\">\n<tbody>\n<tr>\n<td width=\"142\"><\/td>\n<td width=\"72\">\u4e88\u9078<\/td>\n<td width=\"74\">\u4e00\u56de\u6226<\/td>\n<\/tr>\n<tr>\n<td>\u8336\u6728\u3000\u8475\uff08\u56db\uff09<\/td>\n<td>\u00d7\u00d7\u00d7\u00d7<\/td>\n<td>\u00d7\u00d7\u00d7\u00d7<\/td>\n<\/tr>\n<tr>\n<td>\u5e83\u702c\u3000\u611b\u4f73\uff08\u4e8c\uff09<\/td>\n<td>\u25cb\u25cb\u00d7\u00d7<\/td>\n<td>\u00d7\u00d7\u00d7\u25cb<\/td>\n<\/tr>\n<tr>\n<td>\u548c\u7530\u3000\u771f\u5f13\uff08\u56db\uff09<\/td>\n<td>\u25cb\u25cb\u25cb\u25cb<\/td>\n<td>\u00d7\u25cb\u00d7\u25cb<\/td>\n<\/tr>\n<tr>\n<td>\u5408\u8a08<\/td>\n<td>6\u4e2d<\/td>\n<td>3\u4e2d<\/td>\n<\/tr>\n<tr>\n<td>\u76f8\u624b\u6821<\/td>\n<td><\/td>\n<td>4\u4e2d<\/td>\n<\/tr>\n<\/tbody>\n<\/table>\n<p>\u4eac\u90fd\u6a58B\u3000\u6e96\u512a\u52dd<\/p>\n<table width=\"530\">\n<tbody>\n<tr>\n<td width=\"124\"><\/td>\n<td width=\"72\">\u4e88\u9078<\/td>\n<td width=\"72\">\uff12\u56de\u6226<\/td>\n<td width=\"72\">\u6c7a\u52dd<\/td>\n<td width=\"97\">\u540c\u4e2d\u4e00\u624b\u7af6\u5c04<\/td>\n<td width=\"93\">\u540c\u4e2d\uff11\u672c\u7af6\u5c04<\/td>\n<\/tr>\n<tr>\n<td>\u68ee\u5c71\u3000\u8309\u512a\uff08\u56db\uff09<\/td>\n<td>\u00d7\u25cb\u25cb\u25cb<\/td>\n<td>\u25cb\u25cb\u25cb\u25cb<\/td>\n<td>\u25cb\u25cb\u25cb\u25cb<\/td>\n<td>\u00d7\u25cb<\/td>\n<td>\u00d7<\/td>\n<\/tr>\n<tr>\n<td>\u5927\u829d\u3000\u51ac\u83ef\uff08\u4e8c\uff09<\/td>\n<td>\u25cb\u25cb\u25cb\u25cb<\/td>\n<td>\u00d7\u25cb\u25cb\u25cb<\/td>\n<td>\u00d7\u25cb\u00d7\u25cb<\/td>\n<td>\u25cb\u25cb<\/td>\n<td>\u25cb<\/td>\n<\/tr>\n<tr>\n<td>\u677e\u5c71\u3000\u7d75\u672a\u90a3\uff08\u56db\uff09<\/td>\n<td>\u25cb\u00d7\u25cb\u25cb<\/td>\n<td>\u00d7\u25cb\u00d7\u25cb<\/td>\n<td>\u25cb\u00d7\u25cb\u25cb<\/td>\n<td>\u25cb\u25cb<\/td>\n<td>\u25cb<\/td>\n<\/tr>\n<tr>\n<td>\u5408\u8a08<\/td>\n<td>\uff11\uff10\u4e2d<\/td>\n<td>\uff19\u4e2d<\/td>\n<td>\uff19\u4e2d<\/td>\n<td>\uff15\u4e2d<\/td>\n<td>\uff12\u4e2d<\/td>\n<\/tr>\n<tr>\n<td>\u76f8\u624b\u6821<\/td>\n<td><\/td>\n<td>\uff16\u4e2d<\/td>\n<td>\uff19\u4e2d<\/td>\n<td>\uff15\u4e2d<\/td>\n<td>\uff13\u4e2d<\/td>\n<\/tr>\n<\/tbody>\n<\/table>\n<p>\u500b\u4eba\u5165\u8cde\u8005<\/p>\n<p>\u7537\u5b50\u3000\uff15\u4f4d\u3000\u4e0a\u7c54\u3000\u53cb\u8cb4\uff08\u4e8c\uff09<\/p>\n<p>\u5973\u5b50\u3000\u512a\u52dd\u3000\u5927\u829d\u3000\u51ac\u83ef\uff08\u4e8c\uff09<\/p>\n<p>\u6e96\u512a\u52dd\u3000\u548c\u7530\u3000\u771f\u5f13\uff08\u56db\uff09<\/p>\n","protected":false},"excerpt":{"rendered":"<p>\uff15\u6708\uff16\u65e5\uff08\u571f\uff09 \u65bc\u3000\u4eac\u90fd\u5e02\u6b66\u9053\u30bb\u30f3\u30bf\u30fc \u7537\u5b50\u56e3\u4f53 \u4eac\u90fd\u6a58A\u3000\u6e96\u512a\u52dd \u4e88\u9078 \u4e00\u56de\u6226 \u4e8c\u56de\u6226 \u6c7a\u52dd \u4e0a\u7c54\u3000\u53cb\u8cb4\uff08\u4e8c\uff09 \u25cb\u25cb\u25cb\u25cb \u25cb\u25cb\u25cb\u25cb \u25cb\u25cb\u25cb\u25cb \u25cb\u25cb\u25cb\u25cb \u4e94\u5341\u5d50\u3000\u5f18\u5927\uff08\u4e09\uff09 \u25cb\u00d7\u25cb\u25cb \u25cb\u25cb\u25cb\u25cb \u25cb\u25cb\u25cb\u25cb \u25cb\u00d7\u25cb\u25cb \u5c0f\u5ddd\u3000 &hellip; <a href=\"https:\/\/cai6.tachibana-u.ac.jp\/kyudo\/?page_id=1705\" class=\"more-link\">\u7d9a\u304d\u3092\u8aad\u3080 <span class=\"screen-reader-text\">\u4eac\u9078<\/span> <span class=\"meta-nav\">&rarr;<\/span><\/a><\/p>\n","protected":false},"author":1,"featured_media":0,"parent":1665,"menu_order":3,"comment_status":"closed","ping_status":"closed","template":"","meta":{"footnotes":""},"class_list":["post-1705","page","type-page","status-publish","hentry"],"_links":{"self":[{"href":"https:\/\/cai6.tachibana-u.ac.jp\/kyudo\/index.php?rest_route=\/wp\/v2\/pages\/1705","targetHints":{"allow":["GET"]}}],"collection":[{"href":"https:\/\/cai6.tachibana-u.ac.jp\/kyudo\/index.php?rest_route=\/wp\/v2\/pages"}],"about":[{"href":"https:\/\/cai6.tachibana-u.ac.jp\/kyudo\/index.php?rest_route=\/wp\/v2\/types\/page"}],"author":[{"embeddable":true,"href":"https:\/\/cai6.tachibana-u.ac.jp\/kyudo\/index.php?rest_route=\/wp\/v2\/users\/1"}],"replies":[{"embeddable":true,"href":"https:\/\/cai6.tachibana-u.ac.jp\/kyudo\/index.php?rest_route=%2Fwp%2Fv2%2Fcomments&post=1705"}],"version-history":[{"count":7,"href":"https:\/\/cai6.tachibana-u.ac.jp\/kyudo\/index.php?rest_route=\/wp\/v2\/pages\/1705\/revisions"}],"predecessor-version":[{"id":2610,"href":"https:\/\/cai6.tachibana-u.ac.jp\/kyudo\/index.php?rest_route=\/wp\/v2\/pages\/1705\/revisions\/2610"}],"up":[{"embeddable":true,"href":"https:\/\/cai6.tachibana-u.ac.jp\/kyudo\/index.php?rest_route=\/wp\/v2\/pages\/1665"}],"wp:attachment":[{"href":"https:\/\/cai6.tachibana-u.ac.jp\/kyudo\/index.php?rest_route=%2Fwp%2Fv2%2Fmedia&parent=1705"}],"curies":[{"name":"wp","href":"https:\/\/api.w.org\/{rel}","templated":true}]}}