{"id":1570,"date":"2016-10-16T07:55:08","date_gmt":"2016-10-15T22:55:08","guid":{"rendered":"https:\/\/cai6.tachibana-u.ac.jp\/kyudo\/?page_id=1570"},"modified":"2016-10-21T04:18:34","modified_gmt":"2016-10-20T19:18:34","slug":"%e3%83%aa%e3%83%bc%e3%82%b0%e6%88%a6%e7%b7%b4%e7%bf%92%e8%a9%a6%e5%90%88%e5%a5%b3%e5%ad%90","status":"publish","type":"page","link":"https:\/\/cai6.tachibana-u.ac.jp\/kyudo\/?page_id=1570","title":{"rendered":"\u30ea\u30fc\u30b0\u6226\u7df4\u7fd2\u8a66\u5408(\u5973\u5b50)"},"content":{"rendered":"<hr size=\"1\" width=\"70%\" \/>\n<p><span style=\"font-size: x-large;\"><br \/>\n<b>4\u670817\u65e5\uff08\u65e5\uff09\u3000\u30ea\u30fc\u30b0\u6226\u7df4\u7fd2\u8a66\u5408\u3000\u5348\u524d\u3000\u5bfe\uff1a\u5927\u962a\u82b8\u8853\u5927\u5b66\u3000\u65bc\uff1a\u4eac\u90fd\u6a58\u5927\u5b66<\/b><br \/>\n<\/span><\/p>\n<hr size=\"1\" width=\"70%\" \/>\n<p>\u5148\u653b\u3000\u4eac\u90fd\u6a58\u5927\u5b6657\u4e2d\u3000\u5f8c\u653b\u3000\u5927\u962a\u82b8\u8853\u5927\u5b6648\u4e2d<\/p>\n<table border=\"1\">\n<tbody>\n<tr>\n<td>\u8336\u6728\u3000\u8475\uff08\u4e09\uff09<\/td>\n<td>\u00d7\u25cb\u25cb\u25cb<\/td>\n<td>\u25cb\u25cb\u25cb\u25cb<\/td>\n<td>\u00d7\u25cb\u25cb\u25cb<\/td>\n<td>\u25cb\u25cb\u00d7\u25cb<\/td>\n<td>\u00d7\u25cb\u00d7\u00d7<\/td>\n<td colspan=\"2\">17<\/td>\n<td rowspan=\"6\">57<\/td>\n<\/tr>\n<tr>\n<td>\u690d\u677e\u3000\u7531\u60df\uff08\u4e8c\uff09<\/td>\n<td>\u25cb\u00d7\u25cb\u00d7<\/td>\n<td>\u00d7\u00d7\u25cb\u25cb<\/td>\n<td><span style=\"font-size: xx-small;\">\u5c0f<br \/>\n\u897f<\/span>\u00d7\u25cb\u25cb\u25cb<\/td>\n<td>\u00d7\u00d7\u00d7\u25cb<\/td>\n<td><span style=\"font-size: xx-small;\">\u5e83<br \/>\n\u702c<\/span>\u00d7\u25cb\u25cb\u25cb<\/td>\n<td colspan=\"2\">11<\/td>\n<\/tr>\n<tr>\n<td>\u677e\u672c\u3000\u7406\u6075\uff08\u4e8c\uff09<\/td>\n<td>\u25cb\u00d7\u25cb\u00d7<\/td>\n<td>\u00d7\u25cb\u25cb\u25cb<\/td>\n<td>\u25cb\u25cb\u00d7\u25cb<\/td>\n<td>\u25cb\u25cb\u00d7\u25cb<\/td>\n<td>\u00d7\u25cb\u25cb\u25cb<\/td>\n<td colspan=\"2\">14<\/td>\n<\/tr>\n<tr>\n<td>\u68ee\u5c71\u3000\u8309\u512a\uff08\u4e09\uff09<\/td>\n<td>\u25cb\u25cb\u25cb\u00d7<\/td>\n<td>\u25cb\u25cb\u00d7\u00d7<\/td>\n<td>\u25cb\u25cb\u25cb\u25cb<\/td>\n<td>\u25cb\u00d7\u25cb\u25cb<\/td>\n<td>\u25cb\u25cb\u25cb\u00d7<\/td>\n<td colspan=\"2\">15<\/td>\n<\/tr>\n<\/tbody>\n<\/table>\n<p><size=\"1\" width=\"70%\" \/><\/p>\n<p><span style=\"font-size: x-large;\"><br \/>\n<b>4\u670817\u65e5\uff08\u65e5\uff09\u3000\u30ea\u30fc\u30b0\u6226\u7df4\u7fd2\u8a66\u5408\u3000\u5348\u5f8c\u3000\u5bfe\uff1a\u5927\u962a\u82b8\u8853\u5927\u5b66\u3000\u65bc\uff1a\u4eac\u90fd\u6a58\u5927\u5b66<\/b><br \/>\n<\/span><\/p>\n<hr size=\"1\" width=\"70%\" \/>\n<p>\u5148\u653b\u3000\u5927\u962a\u82b8\u8853\u5927\u5b6633\u4e2d\u3000\u5f8c\u653b\u3000\u4eac\u90fd\u6a58\u5927\u5b6637\u4e2d<\/p>\n<p>\u3089<\/p>\n<table border=\"1\">\n<tbody>\n<tr>\n<td>\u548c\u7530\u3000\u771f\u5f13\uff08\u4e09\uff09<\/td>\n<td>\u25cb\u00d7\u25cb\u00d7<\/td>\n<td>\u00d7\u25cb\u00d7\u00d7<\/td>\n<td><span style=\"font-size: xx-small;\">\u771e<br \/>\n\u7af9<\/span>\u00d7\u00d7\u00d7\u00d7<\/td>\n<td>td\u00d7\u00d7\u25cb\u00d7<\/td>\n<td><span style=\"font-size: xx-small;\">\u6cb3<br \/>\n\u5185<\/span>\u00d7\u00d7\u00d7\u00d7<\/td>\n<td colspan=\"2\">4<\/td>\n<td rowspan=\"6\">37<\/td>\n<\/tr>\n<tr>\n<td>\u85ea\u3000\u6c99\u5f25\u4f73\uff08\u4e8c\uff09<\/td>\n<td>\u00d7\u00d7\u00d7\u00d7<\/td>\n<td>\u00d7\u00d7\u00d7\u00d7<\/td>\n<td><span style=\"font-size: xx-small;\">\u4e09<br \/>\n\u6d66<\/span>\u25cb\u25cb\u25cb\u00d7<\/td>\n<td>\u00d7\u00d7\u25cb\u00d7<\/td>\n<td>\u25cb\u00d7\u00d7\u25cb<\/td>\n<td colspan=\"2\">9<\/td>\n<\/tr>\n<tr>\n<td>\u5927\u829d\u3000\u51ac\u83ef\uff08\u4e00\uff09<\/td>\n<td>\u25cb\u00d7\u25cb\u00d7<\/td>\n<td>\u25cb\u25cb\u25cb\u00d7<\/td>\n<td>\u25cb\u00d7\u00d7\u00d7<\/td>\n<td>\u00d7\u00d7\u25cb\u00d7<\/td>\n<td>\u25cb\u00d7\u00d7\u25cb<\/td>\n<td colspan=\"2\">9<\/td>\n<\/tr>\n<tr>\n<td>\u677e\u5c71\u3000\u7d75\u672a\u90a3\uff08\u4e09\uff09<\/td>\n<td>\u00d7\u25cb\u25cb\u25cb<\/td>\n<td>\u25cb\u25cb\u25cb\u25cb<\/td>\n<td>\u25cb\u25cb\u25cb\u25cb<\/td>\n<td>\u25cb\u25cb\u25cb\u00d7<\/td>\n<td>\u25cb\u25cb\u25cb\u25cb<\/td>\n<td colspan=\"2\">18<\/td>\n<\/tr>\n<\/tbody>\n<\/table>\n<p><size=\"1\" width=\"70%\" \/><\/p>\n<p><span style=\"font-size: x-large;\"><br \/>\n<b>5\u670829\u65e5\uff08\u65e5\uff09\u3000\u30ea\u30fc\u30b0\u6226\u7df4\u7fd2\u8a66\u5408\u3000\u5bfe\uff1a\u95a2\u897f\u5927\u5b66\u3000\u5bfe\uff1a\u5927\u962a\u7d4c\u6e08\u5927\u5b66\u3000\u65bc\uff1a\u5927\u962a\u7d4c\u6e08\u5927\u5b66<\/b><br \/>\n<\/span><\/p>\n<hr size=\"1\" width=\"70%\" \/>\n<p>\u5148\u653b\u3000\u95a2\u897f\u5927\u5b6658\u4e2d\u3000\u4e2d\u653b\u3000\u5927\u962a\u7d4c\u6e08\u5927\u5b66\u300061\u4e2d\u3000\u5f8c\u653b\u3000\u4eac\u90fd\u6a58\u5927\u5b6658\u4e2d<\/p>\n<table border=\"1\">\n<tbody>\n<tr>\n<td>\u8336\u6728\u3000\u8475\uff08\u4e09\uff09<\/td>\n<td>\u00d7\u25cb\u25cb\u25cb<\/td>\n<td>\u25cb\u25cb\u25cb\u25cb<\/td>\n<td>\u25cb\u25cb\u25cb\u00d7<\/td>\n<td>\u00d7\u25cb\u00d7\u25cb<\/td>\n<td>\u3007\u3007\u3007\u00d7<\/td>\n<td colspan=\"2\">15<\/td>\n<td rowspan=\"6\">58<\/td>\n<\/tr>\n<tr>\n<td>\u548c\u7530\u3000\u771f\u5f13\uff08\u4e09\uff09<\/td>\n<td>\u00d7\u00d7\u25cb\u25cb<\/td>\n<td>\u25cb\u25cb\u25cb\u25cb<\/td>\n<td>\u00d7\u25cb\u00d7\u25cb<\/td>\n<td>\u25cb\u25cb\u00d7\u00d7<\/td>\n<td><span style=\"font-size: xx-small;\">\u771e<br \/>\n\u7af9<\/span>\u25cb\u25cb\u25cb\u00d7<\/td>\n<td colspan=\"2\">13<\/td>\n<\/tr>\n<tr>\n<td>\u68ee\u5c71\u3000\u8309\u512a\uff08\u4e09\uff09<\/td>\n<td>\u25cb\u25cb\u00d7\u00d7<\/td>\n<td>\u25cb\u25cb\u25cb\u25cb<\/td>\n<td>\u25cb\u25cb\u25cb\u25cb<\/td>\n<td>\u25cb\u25cb\u25cb\u25cb<\/td>\n<td>\u00d7\u25cb\u00d7\u00d7<\/td>\n<td colspan=\"2\">15<\/td>\n<\/tr>\n<tr>\n<td>\u677e\u5c71\u3000\u7d75\u672a\u90a3\uff08\u4e09\uff09<\/td>\n<td>\u25cb\u25cb\u25cb\u00d7<\/td>\n<td>\u25cb\u25cb\u25cb\u00d7<\/td>\n<td>\u25cb\u25cb\u25cb\u25cb<\/td>\n<td>\u25cb\u00d7\u25cb\u25cb<\/td>\n<td><span style=\"font-size: xx-small;\">\u6cb3<br \/>\n\u5185<\/span>\u00d7\u00d7\u25cb\u25cb<\/td>\n<td colspan=\"2\">15<\/td>\n<\/tr>\n<\/tbody>\n<\/table>\n<p><span style=\"font-size: x-large;\"><br \/>\n<b>5\u670829\u65e5\uff08\u65e5\uff09\u3000\u30ea\u30fc\u30b0\u6226\u7df4\u7fd2\u8a66\u5408\u3000\u5bfe\uff1a\u95a2\u897f\u5927\u5b66\u3000\u65bc\uff1a\u5927\u962a\u7d4c\u6e08\u5927\u5b66\u3000\u540c\u4e2d\u7af6\u5c04<\/b><br \/>\n<\/span><\/p>\n<hr size=\"1\" width=\"70%\" \/>\n<p>\u5148\u653b\u3000\u5927\u962a\u7d4c\u6e08\u5927\u5b66\u30007\u4e2d\u3000\u5f8c\u653b\u3000\u4eac\u90fd\u6a58\u5927\u5b66 5\u4e2d<\/p>\n<table border=\"1\">\n<tbody>\n<tr>\n<td>\u8336\u6728\u3000\u8475\uff08\u4e09\uff09<\/td>\n<td>\u25cb\u00d7<\/td>\n<td colspan=\"2\">1<\/td>\n<td rowspan=\"6\">5<\/td>\n<\/tr>\n<tr>\n<td>\u771e\u7af9\u3000\u4e07\u8449\uff08\u4e09\uff09<\/td>\n<td>\u00d7\u00d7<\/td>\n<td colspan=\"2\">\u6b8b<\/td>\n<\/tr>\n<tr>\n<td>\u68ee\u5c71\u3000\u8309\u512a\uff08\u4e09\uff09<\/td>\n<td>\u25cb\u25cb<\/td>\n<td colspan=\"2\">\u7686<\/td>\n<\/tr>\n<tr>\n<td>\u6cb3\u5185\u3000\u7406\u7d17\uff08\u4e09\uff09<\/td>\n<td>\u25cb\u25cb<\/td>\n<td colspan=\"2\">\u7686<\/td>\n<\/tr>\n<\/tbody>\n<\/table>\n<p><span style=\"font-size: x-large;\"><br \/>\n<b>6\u67085\u65e5\uff08\u65e5\uff09\u3000\u30ea\u30fc\u30b0\u6226\u7df4\u7fd2\u8a66\u5408\u3000\u5bfe\uff1a\u9f8d\u8c37\u5927\u5b66\u3000\u65bc\uff1a\u9f8d\u8c37\u5927\u5b66<\/b><br \/>\n<\/span><\/p>\n<hr size=\"1\" width=\"70%\" \/>\n<p>\u5148\u653b\u3000\u4eac\u90fd\u6a58\u5927\u5b6655\u4e2d\u3000\u5f8c\u653b\u3000\u9f8d\u8c37\u5927\u5b6646\u4e2d<\/p>\n<table border=\"1\">\n<tbody>\n<tr>\n<td>\u8336\u6728\u3000\u8475\uff08\u4e09\uff09<\/td>\n<td>\u25cb\u25cb\u25cb\u25cb<\/td>\n<td>\u25cb\u25cb\u25cb\u25cb<\/td>\n<td>\u00d7\u25cb\u25cb\u25cb<\/td>\n<td>\u25cb\u25cb\u25cb\u00d7<\/td>\n<td>\u25cb\u00d7\u25cb\u00d7<\/td>\n<td colspan=\"2\">16<\/td>\n<td rowspan=\"6\">55<\/td>\n<\/tr>\n<tr>\n<td>\u677e\u672c\u3000\u7406\u6075\uff08\u4e8c\uff09<\/td>\n<td>\u25cb\u25cb\u25cb\u25cb<\/td>\n<td>\u25cb\u25cb\u00d7\u00d7<\/td>\n<td>\u25cb\u00d7\u25cb\u25cb<\/td>\n<td>\u25cb\u25cb\u25cb\u00d7<\/td>\n<td>\u25cb\u25cb\u25cb\u25cb<\/td>\n<td colspan=\"2\">16<\/td>\n<\/tr>\n<tr>\n<td>\u6cb3\u5185\u3000\u7406\u7d17\uff08\u4e09\uff09<\/td>\n<td>\u25cb\u25cb\u25cb\u25cb<\/td>\n<td>\u25cb\u25cb\u00d7\u25cb<\/td>\n<td>\u00d7\u00d7\u25cb\u00d7<\/td>\n<td>\u00d7\u00d7\u00d7\u00d7<\/td>\n<td><span style=\"font-size: xx-small;\">\u4e09<br \/>\n\u6d66\u00d7\u00d7\u00d7\u00d7<\/span><\/td>\n<td colspan=\"2\">8<\/td>\n<\/tr>\n<tr>\n<td>\u677e\u5c71\u3000\u7d75\u672a\u90a3\uff08\u4e09\uff09<\/td>\n<td>\u00d7\u25cb\u25cb\u25cb<\/td>\n<td>\u00d7\u25cb\u25cb\u25cb<\/td>\n<td>\u00d7\u25cb\u00d7\u25cb<\/td>\n<td>\u25cb\u25cb\u25cb\u00d7<\/td>\n<td>\u25cb\u25cb\u25cb\u25cb<\/td>\n<td colspan=\"2\">15<\/td>\n<\/tr>\n<\/tbody>\n<\/table>\n<p><span style=\"font-size: x-large;\"><br \/>\n<b>8\u670821\u65e5\uff08\u65e5\uff09\u3000\u30ea\u30fc\u30b0\u6226\u7df4\u7fd2\u8a66\u5408\u3000\u5bfe\uff1a\u95a2\u897f\u5927\u5b66\u3000\u65bc\uff1a\u4eac\u90fd\u6a58\u5927\u5b66<\/b><br \/>\n<\/span><\/p>\n<hr size=\"1\" width=\"70%\" \/>\n<p>\u5148\u653b\u3000\u95a2\u897f\u5927\u5b6663\u4e2d\u3000\u5f8c\u653b\u3000\u4eac\u90fd\u6a58\u5927\u5b6649\u4e2d<\/p>\n<table border=\"1\">\n<tbody>\n<tr>\n<td>\u8336\u6728\u3000\u8475\uff08\u4e09\uff09<\/td>\n<td>\u00d7\u25cb\u00d7\u00d7<\/td>\n<td>\u00d7\u25cb\u25cb\u25cb<\/td>\n<td>\u25cb\u25cb\u25cb\u25cb<\/td>\n<td>\u25cb\u25cb\u25cb\u25cb<\/td>\n<td>\u25cb\u00d7\u00d7\u00d7<\/td>\n<td colspan=\"2\">13<\/td>\n<td rowspan=\"6\">49<\/td>\n<\/tr>\n<tr>\n<td>\u548c\u7530\u3000\u771f\u5f13\uff08\u4e09\uff09<\/td>\n<td>\u00d7\u25cb\u25cb\u25cb<\/td>\n<td>\u00d7\u00d7\u00d7\u00d7<\/td>\n<td>\u25cb\u25cb\u00d7\u00d7<\/td>\n<td><span style=\"font-size: xx-small;\">\u677e<br \/>\n\u672c\u25cb\u25cb\u25cb\u25cb<\/span><\/td>\n<td>\u25cb\u00d7\u25cb\u00d7<\/td>\n<td colspan=\"2\">11<\/td>\n<\/tr>\n<tr>\n<td>\u68ee\u5c71\u3000\u8309\u512a\uff08\u4e09\uff09<\/td>\n<td>\u00d7\u25cb\u25cb\u25cb<\/td>\n<td>\u00d7\u00d7\u00d7\u00d7<\/td>\n<td>\u00d7\u25cb\u25cb\u25cb<\/td>\n<td>\u25cb\u00d7\u25cb\u00d7<\/td>\n<td>\u00d7\u00d7\u25cb\u25cb<\/td>\n<td colspan=\"2\">10<\/td>\n<\/tr>\n<tr>\n<td>\u677e\u5c71\u3000\u7d75\u672a\u90a3\uff08\u4e09\uff09<\/td>\n<td>\u00d7\u25cb\u25cb\u25cb<\/td>\n<td>\u25cb\u25cb\u25cb\u25cb<\/td>\n<td>\u25cb\u25cb\u00d7\u25cb<\/td>\n<td>\u00d7\u25cb\u25cb\u25cb<\/td>\n<td>\u25cb\u25cb\u00d7\u00d7<\/td>\n<td colspan=\"2\">15<\/td>\n<\/tr>\n<\/tbody>\n<\/table>\n<p><span style=\"font-size: x-large;\"><br \/>\n<b>8\u670821\u65e5\uff08\u65e5\uff09\u3000\u30ea\u30fc\u30b0\u6226\u7df4\u7fd2\u8a66\u5408\u3000\u5348\u5f8c\u3000\u5bfe\uff1a\u95a2\u897f\u5927\u5b66\u3000\u65bc\uff1a\u4eac\u90fd\u6a58\u5927\u5b66<\/b><br \/>\n<\/span><\/p>\n<hr size=\"1\" width=\"70%\" \/>\n<p>\u5148\u653b\u3000\u4eac\u90fd\u6a58\u5927\u5b6648\u4e2d\u3000\u5f8c\u653b\u3000\u95a2\u897f\u5927\u5b6655\u4e2d<\/p>\n<table border=\"1\">\n<tbody>\n<tr>\n<td>\u8336\u6728\u3000\u8475\uff08\u4e09\uff09<\/td>\n<td>\u00d7\u25cb\u25cb\u25cb<\/td>\n<td>\u00d7\u25cb\u00d7\u00d7<\/td>\n<td>\u25cb\u25cb\u25cb\u25cb<\/td>\n<td>\u25cb\u25cb\u25cb\u25cb<\/td>\n<td>\u00d7\u25cb\u00d7\u25cb<\/td>\n<td colspan=\"2\">14<\/td>\n<td rowspan=\"6\">48<\/td>\n<\/tr>\n<tr>\n<td>\u677e\u672c\u3000\u7406\u6075\uff08\u4e8c\uff09<\/td>\n<td>\u25cb\u00d7\u25cb\u25cb<\/td>\n<td>\u00d7\u00d7\u25cb\u00d7<\/td>\n<td>\u25cb\u25cb\u25cb\u25cb<\/td>\n<td>\u00d7\u25cb\u25cb\u25cb<\/td>\n<td>\u00d7\u00d7\u25cb\u00d7<\/td>\n<td colspan=\"2\">12<\/td>\n<\/tr>\n<tr>\n<td>\u548c\u7530\u3000\u771f\u5f13\uff08\u4e09\uff09<\/td>\n<td>\u25cb\u25cb\u00d7\u25cb<\/td>\n<td>\u25cb\u00d7\u25cb\u00d7<\/td>\n<td>\u25cb\u00d7\u25cb\u00d7<\/td>\n<td>\u00d7\u00d7\u00d7\u25cb<\/td>\n<td>\u00d7\u25cb\u00d7\u25cb<\/td>\n<td colspan=\"2\">10<\/td>\n<\/tr>\n<tr>\n<td>\u68ee\u5c71\u3000\u8309\u512a\uff08\u4e09\uff09<\/td>\n<td>\u25cb\u00d7\u25cb\u25cb<\/td>\n<td>\u25cb\u25cb\u25cb\u25cb<\/td>\n<td>\u00d7\u00d7\u00d7\u00d7<\/td>\n<td><span style=\"font-size: xx-small;\">\u677e<br \/>\n\u5c71<\/span>\u25cb\u00d7\u25cb\u25cb<\/td>\n<td>\u00d7\u25cb\u00d7\u25cb<\/td>\n<td colspan=\"2\">12<\/td>\n<\/tr>\n<\/tbody>\n<\/table>\n","protected":false},"excerpt":{"rendered":"<p>4\u670817\u65e5\uff08\u65e5\uff09\u3000\u30ea\u30fc\u30b0\u6226\u7df4\u7fd2\u8a66\u5408\u3000\u5348\u524d\u3000\u5bfe\uff1a\u5927\u962a\u82b8\u8853\u5927\u5b66\u3000\u65bc\uff1a\u4eac\u90fd\u6a58\u5927\u5b66 \u5148\u653b\u3000\u4eac\u90fd\u6a58\u5927\u5b6657\u4e2d\u3000\u5f8c\u653b\u3000\u5927\u962a\u82b8\u8853\u5927\u5b6648\u4e2d \u8336\u6728\u3000\u8475\uff08\u4e09\uff09 \u00d7\u25cb\u25cb\u25cb \u25cb\u25cb\u25cb\u25cb \u00d7\u25cb\u25cb\u25cb \u25cb\u25cb\u00d7\u25cb \u00d7\u25cb\u00d7\u00d7 17 57 \u690d\u677e\u3000\u7531\u60df\uff08\u4e8c\uff09 &hellip; <a href=\"https:\/\/cai6.tachibana-u.ac.jp\/kyudo\/?page_id=1570\" class=\"more-link\">\u7d9a\u304d\u3092\u8aad\u3080 <span class=\"screen-reader-text\">\u30ea\u30fc\u30b0\u6226\u7df4\u7fd2\u8a66\u5408(\u5973\u5b50)<\/span> <span class=\"meta-nav\">&rarr;<\/span><\/a><\/p>\n","protected":false},"author":1,"featured_media":0,"parent":186,"menu_order":0,"comment_status":"closed","ping_status":"open","template":"","meta":{"footnotes":""},"class_list":["post-1570","page","type-page","status-publish","hentry"],"_links":{"self":[{"href":"https:\/\/cai6.tachibana-u.ac.jp\/kyudo\/index.php?rest_route=\/wp\/v2\/pages\/1570","targetHints":{"allow":["GET"]}}],"collection":[{"href":"https:\/\/cai6.tachibana-u.ac.jp\/kyudo\/index.php?rest_route=\/wp\/v2\/pages"}],"about":[{"href":"https:\/\/cai6.tachibana-u.ac.jp\/kyudo\/index.php?rest_route=\/wp\/v2\/types\/page"}],"author":[{"embeddable":true,"href":"https:\/\/cai6.tachibana-u.ac.jp\/kyudo\/index.php?rest_route=\/wp\/v2\/users\/1"}],"replies":[{"embeddable":true,"href":"https:\/\/cai6.tachibana-u.ac.jp\/kyudo\/index.php?rest_route=%2Fwp%2Fv2%2Fcomments&post=1570"}],"version-history":[{"count":7,"href":"https:\/\/cai6.tachibana-u.ac.jp\/kyudo\/index.php?rest_route=\/wp\/v2\/pages\/1570\/revisions"}],"predecessor-version":[{"id":1577,"href":"https:\/\/cai6.tachibana-u.ac.jp\/kyudo\/index.php?rest_route=\/wp\/v2\/pages\/1570\/revisions\/1577"}],"up":[{"embeddable":true,"href":"https:\/\/cai6.tachibana-u.ac.jp\/kyudo\/index.php?rest_route=\/wp\/v2\/pages\/186"}],"wp:attachment":[{"href":"https:\/\/cai6.tachibana-u.ac.jp\/kyudo\/index.php?rest_route=%2Fwp%2Fv2%2Fmedia&parent=1570"}],"curies":[{"name":"wp","href":"https:\/\/api.w.org\/{rel}","templated":true}]}}