{"id":1547,"date":"2016-10-15T02:20:28","date_gmt":"2016-10-14T17:20:28","guid":{"rendered":"https:\/\/cai6.tachibana-u.ac.jp\/kyudo\/?page_id=1547"},"modified":"2016-10-15T16:19:28","modified_gmt":"2016-10-15T07:19:28","slug":"%e3%83%aa%e3%83%bc%e3%82%b0%e6%88%a6%e7%b7%b4%e7%bf%92%e8%a9%a6%e5%90%88%e7%94%b7%e5%ad%90","status":"publish","type":"page","link":"https:\/\/cai6.tachibana-u.ac.jp\/kyudo\/?page_id=1547","title":{"rendered":"\u30ea\u30fc\u30b0\u6226\u7df4\u7fd2\u8a66\u5408(\u7537\u5b50)"},"content":{"rendered":"<hr size=\"1\" width=\"70%\" \/>\n<p><span style=\"font-size: x-large;\"><br \/>\n<b>4\u670817\u65e5\uff08\u65e5\uff09\u3000\u30ea\u30fc\u30b0\u6226\u7df4\u7fd2\u8a66\u5408\u3000\u5bfe\uff1a\u6843\u5c71\u5b66\u9662\u5927\u5b66\u3000\u65bc\uff1a\u6843\u5c71\u5b66\u9662\u5927\u5b66<\/b><br \/>\n<\/span><\/p>\n<hr size=\"1\" width=\"70%\" \/>\n<p>\u5148\u653b\u3000\u4eac\u90fd\u6a58\u5927\u5b66108\u4e2d\u3000\u5f8c\u653b\u3000\u6843\u5c71\u5b66\u9662\u5927\u5b6694\u4e2d<\/p>\n<table border=\"1\">\n<tbody>\n<tr>\n<td>\u5c0f\u5ddd\u3000\u7fd4\uff08\u4e00\uff09<\/td>\n<td>\u25cb\u25cb\u25cb\u00d7<\/td>\n<td>\u25cb\u25cb\u00d7\u00d7<\/td>\n<td>\u25cb\u25cb\u25cb\u00d7<\/td>\n<td>\u25cb\u25cb\u00d7\u25cb<\/td>\n<td>\u25cb\u25cb\u00d7\u25cb<\/td>\n<td colspan=\"2\">14<\/td>\n<td rowspan=\"6\">51<\/td>\n<\/tr>\n<tr>\n<td>\u4e2d\u7530\u3000\u5927\u8cb4\uff08\u4e00\uff09<\/td>\n<td>\u00d7\u00d7\u25cb\u25cb<\/td>\n<td>\u00d7\u25cb\u00d7\u25cb<\/td>\n<td>\u25cb\u00d7\u00d7\u25cb<\/td>\n<td>\u00d7\u00d7\u00d7\u25cb<\/td>\n<td><span style=\"font-size: xx-small;\">\u7530<br \/>\n\u4e2d<\/span>\u00d7\u25cb\u25cb\u25cb<\/td>\n<td colspan=\"2\">10<\/td>\n<\/tr>\n<tr>\n<td>\u5ddd\u6751\u3000\u6674\u5e0c\uff08\u4e8c\uff09<\/td>\n<td>\u00d7\u25cb\u25cb\u25cb<\/td>\n<td>\u25cb\u25cb\u00d7\u25cb<\/td>\n<td>\u25cb\u00d7\u00d7\u25cb<\/td>\n<td>\u25cb\u25cb\u00d7\u00d7<\/td>\n<td>\u25cb\u00d7\u25cb\u25cb<\/td>\n<td colspan=\"2\">13<\/td>\n<\/tr>\n<tr>\n<td>\u4e2d\u6751\u3000\u826f\u592a\uff08\u4e8c\uff09<\/td>\n<td>\u00d7\u00d7\u25cb\u25cb<\/td>\n<td>\u00d7\u25cb\u00d7\u00d7<\/td>\n<td>\u25cb\u25cb\u00d7\u25cb<\/td>\n<td>\u25cb\u25cb\u25cb\u25cb<\/td>\n<td>\u25cb\u25cb\u25cb\u25cb<\/td>\n<td colspan=\"2\">14<\/td>\n<\/tr>\n<\/tbody>\n<\/table>\n<table border=\"1\">\n<tbody>\n<tr>\n<td>\u6797\u3000\u826f\u5353\uff08\u4e00\uff09<\/td>\n<td>\u00d7\u00d7\u00d7\u25cb<\/td>\n<td>\u00d7\u00d7\u00d7\u25cb<\/td>\n<td>\u00d7\u00d7\u25cb\u00d7<\/td>\n<td><span style=\"font-size: xx-small;\">\u5ddd<br \/>\n\u68ee<\/span>\u00d7\u25cb\u00d7\u00d7<\/td>\n<td>\u25cb\u00d7\u00d7\u00d7<\/td>\n<td colspan=\"2\">5<\/td>\n<td rowspan=\"6\">57<\/td>\n<\/tr>\n<tr>\n<td>\u4e0a\u85ea\u3000\u53cb\u8cb4 (\u4e00)<\/td>\n<td>\u25cb\u25cb\u00d7\u25cb<\/td>\n<td>\u25cb\u25cb\u25cb\u25cb<\/td>\n<td>\u00d7\u25cb\u25cb\u25cb<\/td>\n<td>\u25cb\u00d7\u25cb\u25cb<\/td>\n<td>\u00d7\u25cb\u25cb\u25cb<\/td>\n<td colspan=\"2\">16<\/td>\n<\/tr>\n<tr>\n<td>\u91d1\u5b50\u3000\u590f\u6689 (\u4e00)<\/td>\n<td>\u25cb\u25cb\u25cb\u25cb<\/td>\n<td>\u25cb\u25cb\u25cb\u25cb<\/td>\n<td>\u25cb\u00d7\u25cb\u00d7<\/td>\n<td>\u25cb\u25cb\u25cb\u25cb<\/td>\n<td>\u25cb\u25cb\u25cb\u25cb<\/td>\n<td colspan=\"2\">18<\/td>\n<\/tr>\n<tr>\n<td>\u4e0b\u53f8\u3000\u60c7\u592a\uff08\u56db\uff09<\/td>\n<td>\u25cb\u25cb\u25cb\u25cb<\/td>\n<td>\u25cb\u25cb\u00d7\u25cb<\/td>\n<td>\u25cb\u25cb\u25cb\u25cb<\/td>\n<td>\u25cb\u00d7\u25cb\u25cb<\/td>\n<td>\u25cb\u25cb\u25cb\u25cb<\/td>\n<td colspan=\"2\">18<\/td>\n<\/tr>\n<\/tbody>\n<\/table>\n<p>&nbsp;<\/p>\n<hr size=\"1\" width=\"70%\" \/>\n<p><span style=\"font-size: x-large;\"><br \/>\n<b>8\u670821\u65e5\uff08\u65e5\uff09\u3000\u30ea\u30fc\u30b0\u6226\u7df4\u7fd2\u8a66\u5408\u3000\u5bfe\uff1a\u7acb\u547d\u9928\u5927\u5b66\u3000\u65bc\uff1a\u7acb\u547d\u9928\u5927\u5b66<\/b><br \/>\n<\/span><\/p>\n<hr size=\"1\" width=\"70%\" \/>\n<p>\u5148\u653b\u3000\u4eac\u90fd\u6a58\u5927\u5b66116\u4e2d\u3000\u5f8c\u653b\u3000\u7acb\u547d\u9928\u5927\u5b66139\u4e2d<\/p>\n<table border=\"1\">\n<tbody>\n<tr>\n<td>\u4e0a\u85ea\u3000\u53cb\u8cb4\uff08\u4e00\uff09<\/td>\n<td>\u25cb\u25cb\u25cb\u25cb<\/td>\n<td>\u25cb\u25cb\u25cb\u25cb<\/td>\n<td>\u25cb\u25cb\u25cb\u25cb<\/td>\n<td>\u25cb\u25cb\u25cb\u25cb<\/td>\n<td>\u25cb\u25cb\u25cb\u25cb<\/td>\n<td colspan=\"2\">\u7686<\/td>\n<td rowspan=\"6\">63<\/td>\n<\/tr>\n<tr>\n<td>\u5ddd\u6751\u3000\u6674\u5e0c\uff08\u4e8c\uff09<\/td>\n<td>\u00d7\u25cb\u25cb\u25cb<\/td>\n<td>\u25cb\u25cb\u25cb\u25cb<\/td>\n<td>\u25cb\u25cb\u25cb\u00d7<\/td>\n<td>\u25cb\u25cb\u00d7\u25cb<\/td>\n<td>\u25cb\u00d7\u00d7\u25cb<\/td>\n<td colspan=\"2\">15<\/td>\n<\/tr>\n<tr>\n<td>\u9577\u8c37\u5ddd\u3000\u4f38\u609f\uff08\u4e09\uff09<\/td>\n<td>\u25cb\u25cb\u25cb\u00d7<\/td>\n<td>\u25cb\u25cb\u25cb\u25cb<\/td>\n<td>\u25cb\u25cb\u25cb\u00d7<\/td>\n<td>\u25cb\u25cb\u00d7\u25cb<\/td>\n<td>\u25cb\u00d7\u00d7\u25cb<\/td>\n<td colspan=\"2\">11<\/td>\n<\/tr>\n<tr>\n<td>\u91d1\u5b50\u3000\u590f\u6689\uff08\u4e00\uff09<\/td>\n<td>\u25cb\u25cb\u00d7\u25cb<\/td>\n<td>\u00d7\u25cb\u25cb\u25cb<\/td>\n<td>\u25cb\u25cb\u25cb\u25cb<\/td>\n<td>\u25cb\u25cb\u25cb\u25cb<\/td>\n<td>\u25cb\u00d7\u25cb\u25cb<\/td>\n<td colspan=\"2\">17<\/td>\n<\/tr>\n<\/tbody>\n<\/table>\n<table border=\"1\">\n<tbody>\n<tr>\n<td>\u4e2d\u6751\u3000\u826f\u592a\uff08\u4e8c\uff09<\/td>\n<td>\u25cb\u00d7\u25cb\u00d7<\/td>\n<td>\u25cb\u25cb\u25cb\u25cb<\/td>\n<td>\u00d7\u25cb\u25cb\u25cb<\/td>\n<td>\u25cb\u25cb\u00d7\u25cb<\/td>\n<td>\u00d7\u25cb\u25cb\u25cb<\/td>\n<td colspan=\"2\">15<\/td>\n<td rowspan=\"6\">53<\/td>\n<\/tr>\n<tr>\n<td>\u4e94\u5341\u5d50\u3000\u5f18\u5927 (\u4e8c)<\/td>\n<td>\u25cb\u00d7\u25cb\u00d7<\/td>\n<td>\u00d7\u00d7\u00d7\u00d7<\/td>\n<td><span style=\"font-size: xx-small;\">\u5ddd<br \/>\n\u68ee<\/span>\u25cb\u25cb\u00d7\u00d7<\/td>\n<td>\u25cb\u25cb\u25cb\u25cb<\/td>\n<td>\u00d7\u25cb\u00d7\u00d7<\/td>\n<td colspan=\"2\">9<\/td>\n<\/tr>\n<tr>\n<td>\u5c0f\u5009\u3000\u50da\u4ecb (\u4e09)<\/td>\n<td>\u25cb\u25cb\u25cb\u25cb<\/td>\n<td>\u25cb\u25cb\u25cb\u00d7<\/td>\n<td>\u00d7\u25cb\u25cb\u25cb<\/td>\n<td>\u00d7\u00d7\u00d7\u00d7<\/td>\n<td>\u00d7\u00d7\u25cb\u25cb<\/td>\n<td colspan=\"2\">12<\/td>\n<\/tr>\n<tr>\n<td>\u4e0b\u53f8\u3000\u60c7\u592a\uff08\u56db\uff09<\/td>\n<td>\u25cb\u25cb\u25cb\u25cb<\/td>\n<td>\u25cb\u25cb\u25cb\u25cb<\/td>\n<td>\u00d7\u25cb\u25cb\u25cb<\/td>\n<td>\u00d7\u25cb\u25cb\u25cb<\/td>\n<td>\u25cb\u25cb\u25cb\u00d7<\/td>\n<td colspan=\"2\">17<\/td>\n<\/tr>\n<\/tbody>\n<\/table>\n<p>&nbsp;<\/p>\n<hr size=\"1\" width=\"70%\" \/>\n<p><span style=\"font-size: x-large;\"><br \/>\n<b>8\u670826\u65e5\uff08\u65e5\uff09\u3000\u30ea\u30fc\u30b0\u6226\u7df4\u7fd2\u8a66\u5408\u3000\u5bfe\uff1a\u548c\u6b4c\u5c71\u5927\u5b66\u3000\u65bc\uff1a\u4eac\u90fd\u6a58\u5927\u5b66<\/b><br \/>\n<\/span><\/p>\n<hr size=\"1\" width=\"70%\" \/>\n<p>\u5148\u653b\u3000\u4eac\u90fd\u6a58\u5927\u5b66115\u4e2d\u3000\u5f8c\u653b\u3000\u548c\u6b4c\u5c71\u5927\u5b6686\u4e2d<\/p>\n<table border=\"1\">\n<tbody>\n<tr>\n<td>\u4e0a\u85ea\u3000\u53cb\u8cb4\uff08\u4e00\uff09<\/td>\n<td>\u25cb\u25cb\u25cb\u25cb<\/td>\n<td>\u00d7\u25cb\u25cb\u25cb<\/td>\n<td>\u25cb\u25cb\u00d7\u25cb<\/td>\n<td>\u25cb\u25cb\u25cb\u25cb<\/td>\n<td>\u25cb\u25cb\u25cb\u25cb<\/td>\n<td colspan=\"2\">18<\/td>\n<td rowspan=\"6\">64<\/td>\n<\/tr>\n<tr>\n<td>\u5ddd\u6751\u3000\u6625\u5e0c\uff08\u4e8c\uff09<\/td>\n<td>\u25cb\u25cb\u25cb\u25cb<\/td>\n<td>\u25cb\u25cb\u25cb\u25cb<\/td>\n<td>\u25cb\u00d7\u25cb\u25cb<\/td>\n<td>\u25cb\u25cb\u25cb\u00d7<\/td>\n<td><span style=\"font-size: xx-small;\">\u7530<br \/>\n\u4e2d<\/span>\u25cb\u25cb\u25cb\u00d7<\/td>\n<td colspan=\"2\">17<\/td>\n<\/tr>\n<tr>\n<td>\u5c0f\u5ddd\u3000\u7fd4\uff08\u4e00\uff09<\/td>\n<td>\u25cb\u25cb\u00d7\u00d7<\/td>\n<td>\u00d7\u25cb\u25cb\u25cb<\/td>\n<td>\u00d7\u25cb\u00d7\u00d7<\/td>\n<td><span style=\"font-size: xx-small;\">\u5ddd<br \/>\n\u68ee<\/span>\u00d7\u25cb\u00d7\u00d7<\/td>\n<td>\u25cb\u00d7\u00d7\u25cb<\/td>\n<td colspan=\"2\">9<\/td>\n<\/tr>\n<tr>\n<td>\u91d1\u5b50\u3000\u590f\u6689\uff08\u4e00\uff09<\/td>\n<td>\u25cb\u25cb\u25cb\u25cb<\/td>\n<td>\u25cb\u25cb\u25cb\u25cb<\/td>\n<td>\u25cb\u25cb\u25cb\u25cb<\/td>\n<td>\u25cb\u25cb\u25cb\u25cb<\/td>\n<td>\u25cb\u25cb\u25cb\u25cb<\/td>\n<td colspan=\"2\">\u7686<\/td>\n<\/tr>\n<\/tbody>\n<\/table>\n<table border=\"1\">\n<tbody>\n<tr>\n<td>\u4e2d\u6751\u3000\u826f\u592a\uff08\u4e8c\uff09<\/td>\n<td>\u25cb\u25cb\u00d7\u00d7<\/td>\n<td>\u25cb\u25cb\u25cb\u25cb<\/td>\n<td>\u00d7\u25cb\u25cb\u25cb<\/td>\n<td>\u25cb\u25cb\u25cb\u25cb<\/td>\n<td>\u25cb\u25cb\u00d7\u25cb<\/td>\n<td colspan=\"2\">16<\/td>\n<td rowspan=\"6\">51<\/td>\n<\/tr>\n<tr>\n<td>\u4e94\u5341\u5d50\u3000\u5f18\u5927 (\u4e8c)<\/td>\n<td>\u25cb\u25cb\u25cb\u25cb<\/td>\n<td>\u00d7\u00d7\u25cb\u00d7<\/td>\n<td>\u00d7\u25cb\u25cb\u00d7<\/td>\n<td>\u00d7\u25cb\u00d7<\/td>\n<td>\u00d7\u00d7\u25cb\u25cb<\/td>\n<td colspan=\"2\">10<\/td>\n<\/tr>\n<tr>\n<td>\u9577\u8c37\u5ddd\u3000\u4f38\u609f (\u4e09)<\/td>\n<td>\u00d7\u25cb\u25cb\u00d7<\/td>\n<td>\u00d7\u25cb\u00d7\u25cb<\/td>\n<td>\u00d7\u25cb\u00d7\u25cb<\/td>\n<td><span style=\"font-size: xx-small;\">\u5cf6<br \/>\n\u672c<\/span>\u00d7\u00d7\u25cb\u25cb<\/td>\n<td>\u00d7\u00d7\u25cb\u25cb<\/td>\n<td colspan=\"2\">10<\/td>\n<\/tr>\n<tr>\n<td>\u4e0b\u53f8\u3000\u60c7\u592a\uff08\u56db\uff09<\/td>\n<td>\u25cb\u25cb\u25cb\u25cb<\/td>\n<td>\u25cb\u25cb\u00d7\u25cb<\/td>\n<td>\u25cb\u25cb\u25cb\u00d7<\/td>\n<td>\u25cb\u00d7\u25cb\u00d7<\/td>\n<td>\u25cb\u25cb\u25cb\u00d7<\/td>\n<td colspan=\"2\">15<\/td>\n<\/tr>\n<\/tbody>\n<\/table>\n<p>&nbsp;<\/p>\n<hr size=\"1\" width=\"70%\" \/>\n<p><span style=\"font-size: x-large;\"><br \/>\n<b>9\u67084\u65e5\uff08\u65e5\uff09\u3000\u30ea\u30fc\u30b0\u6226\u7df4\u7fd2\u8a66\u5408\u3000\u5bfe\uff1a\u8fd1\u757f\u5927\u5b66\u3000\u65bc\uff1a\u8fd1\u757f\u5927\u5b66<\/b><br \/>\n<\/span><\/p>\n<hr size=\"1\" width=\"70%\" \/>\n<p>\u5148\u653b\u3000\u8fd1\u757f\u5927\u5b66126\u4e2d\u3000\u5f8c\u653b\u3000\u4eac\u90fd\u6a58\u5927\u5b66126\u4e2d<\/p>\n<table border=\"1\">\n<tbody>\n<tr>\n<td>\u4e0a\u85ea\u3000\u53cb\u8cb4\uff08\u4e00\uff09<\/td>\n<td>\u25cb\u25cb\u25cb\u25cb<\/td>\n<td>\u25cb\u25cb\u25cb\u25cb<\/td>\n<td>\u25cb\u25cb\u25cb\u25cb<\/td>\n<td>\u25cb\u25cb\u25cb\u25cb<\/td>\n<td>\u25cb\u25cb\u25cb\u25cb<\/td>\n<td colspan=\"2\">\u7686<\/td>\n<td rowspan=\"6\">66<\/td>\n<\/tr>\n<tr>\n<td>\u5cf6\u672c\u3000\u6dbc\uff08\u4e09\uff09<\/td>\n<td>\u00d7\u25cb\u25cb\u25cb<\/td>\n<td>\u25cb\u00d7\u25cb\u25cb<\/td>\n<td>\u25cb\u25cb\u25cb\u25cb<\/td>\n<td>\u25cb\u25cb\u25cb\u25cb<\/td>\n<td><span style=\"font-size: xx-small;\">\u7530<br \/>\n\u4e2d<\/span>\u25cb\u25cb\u00d7\u25cb<\/td>\n<td colspan=\"2\">17<\/td>\n<\/tr>\n<tr>\n<td>\u5ddd\u6751\u3000\u6674\u5e0c\uff08\u4e8c\uff09<\/td>\n<td>\u00d7\u25cb\u25cb\u25cb<\/td>\n<td>\u25cb\u25cb\u25cb\u00d7<\/td>\n<td>\u25cb\u25cb\u25cb\u00d7<\/td>\n<td>\u00d7\u25cb\u00d7\u25cb<\/td>\n<td>\u25cb\u25cb\u25cb\u25cb<\/td>\n<td colspan=\"2\">15<\/td>\n<\/tr>\n<tr>\n<td>\u91d1\u5b50\u3000\u590f\u6689\uff08\u4e00\uff09<\/td>\n<td>\u25cb\u25cb\u25cb\u25cb<\/td>\n<td>\u25cb\u00d7\u25cb\u25cb<\/td>\n<td>\u00d7\u25cb\u00d7\u00d7<\/td>\n<td><span style=\"font-size: xx-small;\">\u91d1<br \/>\n\u6a4b<\/span>\u25cb\u25cb\u00d7\u25cb<\/td>\n<td>\u25cb\u00d7\u25cb\u25cb<\/td>\n<td colspan=\"2\">14<\/td>\n<\/tr>\n<\/tbody>\n<\/table>\n<table border=\"1\">\n<tbody>\n<tr>\n<td>\u4e2d\u6751\u3000\u826f\u592a\uff08\u4e8c\uff09<\/td>\n<td>\u25cb\u25cb\u00d7\u00d7<\/td>\n<td>\u25cb\u00d7\u00d7\u25cb<\/td>\n<td>\u00d7\u25cb\u25cb\u25cb<\/td>\n<td>\u25cb\u25cb\u25cb\u25cb<\/td>\n<td>\u25cb\u25cb\u25cb\u00d7<\/td>\n<td colspan=\"2\">14<\/td>\n<td rowspan=\"6\">60<\/td>\n<\/tr>\n<tr>\n<td>\u9577\u8c37\u5ddd\u3000\u4f38\u609f (\u4e09)<\/td>\n<td>\u25cb\u25cb\u00d7\u00d7<\/td>\n<td>\u25cb\u00d7\u00d7\u25cb<\/td>\n<td>\u00d7\u25cb\u25cb\u25cb<\/td>\n<td>\u00d7\u25cb\u25cb\u25cb<\/td>\n<td>\u25cb\u25cb\u00d7\u25cb<\/td>\n<td colspan=\"2\">14<\/td>\n<\/tr>\n<tr>\n<td>\u5c0f\u5009\u3000\u50da\u4ecb (\u4e09)<\/td>\n<td>\u00d7\u25cb\u25cb\u25cb<\/td>\n<td>\u25cb\u25cb\u00d7\u25cb<\/td>\n<td>\u25cb\u25cb\u25cb\u25cb<\/td>\n<td>\u25cb\u25cb\u25cb\u25cb<\/td>\n<td>\u00d7\u25cb\u25cb\u00d7<\/td>\n<td colspan=\"2\">16<\/td>\n<\/tr>\n<tr>\n<td>\u4e0b\u53f8\u3000\u60c7\u592a\uff08\u56db\uff09<\/td>\n<td>\u25cb\u25cb\u25cb\u25cb<\/td>\n<td>\u25cb\u25cb\u25cb\u00d7<\/td>\n<td>\u25cb\u25cb\u00d7\u25cb<\/td>\n<td>\u25cb\u25cb\u25cb\u25cb<\/td>\n<td>\u00d7\u25cb\u00d7\u25cb<\/td>\n<td colspan=\"2\">16<\/td>\n<\/tr>\n<\/tbody>\n<\/table>\n<p>&nbsp;<\/p>\n<hr size=\"1\" width=\"70%\" \/>\n<p><span style=\"font-size: x-large;\"><br \/>\n<b>9\u67084\u65e5\uff08\u65e5\uff09\u3000\u540c\u4e2d\u7af6\u5c04\u3000\u5bfe\uff1a\u8fd1\u757f\u5927\u5b66\u3000\u65bc\uff1a\u8fd1\u757f\u5927\u5b66<\/b><br \/>\n<\/span><\/p>\n<hr size=\"1\" width=\"70%\" \/>\n<p>\u5148\u653b\u3000\u8fd1\u757f\u5927\u5b6614\u4e2d\u3000\u5f8c\u653b\u3000\u4eac\u90fd\u6a58\u5927\u5b6615\u4e2d<\/p>\n<table border=\"1\">\n<tbody>\n<tr>\n<td>\u4e0a\u85ea\u3000 \u53cb\u8cb4\uff08\u4e00\uff09<\/td>\n<td>\u25cb\u25cb<\/td>\n<td colspan=\"2\">\u7686<\/td>\n<td rowspan=\"6\">7<\/td>\n<\/tr>\n<tr>\n<td>\u5cf6\u672c\u3000 \u6dbc\uff08\u4e09\uff09<\/td>\n<td>\u25cb\u25cb<\/td>\n<td colspan=\"2\">\u7686<\/td>\n<\/tr>\n<tr>\n<td>\u5ddd\u6751\u3000 \u6674\u5e0c\uff08\u4e8c\uff09<\/td>\n<td>\u25cb\u00d7<\/td>\n<td colspan=\"2\">1<\/td>\n<\/tr>\n<tr>\n<td>\u91d1\u6a4b\u3000 \u9686\u5fd7\uff08\u4e8c\uff09<\/td>\n<td>\u25cb\u25cb<\/td>\n<td colspan=\"2\">\u7686<\/td>\n<\/tr>\n<\/tbody>\n<\/table>\n<table border=\"1\">\n<tbody>\n<tr>\n<td>\u4e2d\u6751\u3000 \u826f\u592a\uff08\u4e8c\uff09<\/td>\n<td>\u25cb\u25cb<\/td>\n<td colspan=\"2\">\u7686<\/td>\n<td rowspan=\"6\">8<\/td>\n<\/tr>\n<tr>\n<td>\u9577\u8c37\u5ddd\u3000\u4f38\u609f (\u4e09)<\/td>\n<td>\u25cb\u25cb<\/td>\n<td colspan=\"2\">\u7686<\/td>\n<\/tr>\n<tr>\n<td>\u5c0f\u5009\u3000 \u50da\u4ecb (\u4e09)<\/td>\n<td>\u25cb\u25cb<\/td>\n<td colspan=\"2\">\u7686<\/td>\n<\/tr>\n<tr>\n<td>\u4e0b\u53f8\u3000 \u60c7\u592a\uff08\u56db\uff09<\/td>\n<td>\u25cb\u25cb<\/td>\n<td colspan=\"2\">\u7686<\/td>\n<\/tr>\n<\/tbody>\n<\/table>\n<p>&nbsp;<\/p>\n","protected":false},"excerpt":{"rendered":"<p>4\u670817\u65e5\uff08\u65e5\uff09\u3000\u30ea\u30fc\u30b0\u6226\u7df4\u7fd2\u8a66\u5408\u3000\u5bfe\uff1a\u6843\u5c71\u5b66\u9662\u5927\u5b66\u3000\u65bc\uff1a\u6843\u5c71\u5b66\u9662\u5927\u5b66 \u5148\u653b\u3000\u4eac\u90fd\u6a58\u5927\u5b66108\u4e2d\u3000\u5f8c\u653b\u3000\u6843\u5c71\u5b66\u9662\u5927\u5b6694\u4e2d \u5c0f\u5ddd\u3000\u7fd4\uff08\u4e00\uff09 \u25cb\u25cb\u25cb\u00d7 \u25cb\u25cb\u00d7\u00d7 \u25cb\u25cb\u25cb\u00d7 \u25cb\u25cb\u00d7\u25cb \u25cb\u25cb\u00d7\u25cb 14 51 \u4e2d\u7530\u3000\u5927\u8cb4\uff08\u4e00\uff09  &hellip; <a href=\"https:\/\/cai6.tachibana-u.ac.jp\/kyudo\/?page_id=1547\" class=\"more-link\">\u7d9a\u304d\u3092\u8aad\u3080 <span class=\"screen-reader-text\">\u30ea\u30fc\u30b0\u6226\u7df4\u7fd2\u8a66\u5408(\u7537\u5b50)<\/span> <span class=\"meta-nav\">&rarr;<\/span><\/a><\/p>\n","protected":false},"author":1,"featured_media":0,"parent":186,"menu_order":8,"comment_status":"closed","ping_status":"open","template":"","meta":{"footnotes":""},"class_list":["post-1547","page","type-page","status-publish","hentry"],"_links":{"self":[{"href":"https:\/\/cai6.tachibana-u.ac.jp\/kyudo\/index.php?rest_route=\/wp\/v2\/pages\/1547","targetHints":{"allow":["GET"]}}],"collection":[{"href":"https:\/\/cai6.tachibana-u.ac.jp\/kyudo\/index.php?rest_route=\/wp\/v2\/pages"}],"about":[{"href":"https:\/\/cai6.tachibana-u.ac.jp\/kyudo\/index.php?rest_route=\/wp\/v2\/types\/page"}],"author":[{"embeddable":true,"href":"https:\/\/cai6.tachibana-u.ac.jp\/kyudo\/index.php?rest_route=\/wp\/v2\/users\/1"}],"replies":[{"embeddable":true,"href":"https:\/\/cai6.tachibana-u.ac.jp\/kyudo\/index.php?rest_route=%2Fwp%2Fv2%2Fcomments&post=1547"}],"version-history":[{"count":8,"href":"https:\/\/cai6.tachibana-u.ac.jp\/kyudo\/index.php?rest_route=\/wp\/v2\/pages\/1547\/revisions"}],"predecessor-version":[{"id":1556,"href":"https:\/\/cai6.tachibana-u.ac.jp\/kyudo\/index.php?rest_route=\/wp\/v2\/pages\/1547\/revisions\/1556"}],"up":[{"embeddable":true,"href":"https:\/\/cai6.tachibana-u.ac.jp\/kyudo\/index.php?rest_route=\/wp\/v2\/pages\/186"}],"wp:attachment":[{"href":"https:\/\/cai6.tachibana-u.ac.jp\/kyudo\/index.php?rest_route=%2Fwp%2Fv2%2Fmedia&parent=1547"}],"curies":[{"name":"wp","href":"https:\/\/api.w.org\/{rel}","templated":true}]}}