{"id":119,"date":"2016-05-19T17:17:00","date_gmt":"2016-05-19T08:17:00","guid":{"rendered":"https:\/\/cai6.tachibana-u.ac.jp\/kyudo\/?page_id=119"},"modified":"2016-07-21T14:24:43","modified_gmt":"2016-07-21T05:24:43","slug":"%e6%96%b0%e4%ba%ba%e6%88%a6%e7%b7%b4%e7%bf%92%e8%a9%a6%e5%90%88","status":"publish","type":"page","link":"https:\/\/cai6.tachibana-u.ac.jp\/kyudo\/?page_id=119","title":{"rendered":"\u65b0\u4eba\u6226\u7df4\u7fd2\u8a66\u5408"},"content":{"rendered":"<hr color=\"#663300\" width=\"70%\" size=1>\n<font size=5><br \/>\n<b>3\u67081\u65e5\uff08\u65e5\uff09\u3000\u65b0\u4eba\u6226\u7df4\u7fd2\u8a66\u5408\u3000\u5bfe\uff1a\u4eac\u90fd\u7523\u696d\u5927\u5b66\u3000\u65bc\uff1a\u4eac\u90fd\u6a58\u5927\u5b66<\/b><br \/>\n<\/font><\/p>\n<hr color=\"#663300\" width=\"70%\" size=1>\n<p>\n\u5148\u653b\u3000\u4eac\u90fd\u7523\u696d\u5927\u5b6644\u4e2d\u3000\u5f8c\u653b\u3000\u4eac\u90fd\u6a58\u5927\u5b6640\u4e2d<br \/>\n<\/p>\n<table border=\"1\" bordercolor=\"#663300\">\n<tr>\n<td>\n\u8336\u6728\u3000\u8475\uff08\u4e8c\uff09\n<\/td>\n<td>\u25cb\u00d7\u25cb\u25cb<\/td>\n<td colspan=\"2\">\u00d7\u25cb\u25cb\u25cb<\/td>\n<td colspan=\"2\">\u25cb\u25cb\u25cb\u25cb<\/td>\n<td colspan=\"2\">10<\/td>\n<td rowspan=\"6\">40<\/td>\n<\/tr>\n<td>\n\u5b89\u4e95\u3000\u826f\u7950\uff08\u4e09\uff09\n<\/td>\n<td>\u00d7\u25cb\u25cb\u25cb<\/td>\n<td colspan=\"2\">\u00d7\u25cb\u00d7\u25cb<\/td>\n<td colspan=\"2\">\u25cb\u00d7\u00d7\u25cb<\/td>\n<td colspan=\"2\">7<\/td>\n<\/tr>\n<td>\n\u5ca1\u7530\u3000\u5948\u5df1\uff08\u4e8c\uff09\n<\/td>\n<td>\u25cb\u25cb\u00d7\u00d7<\/td>\n<td colspan=\"2\">\u00d7\u00d7\u00d7\u00d7<\/td>\n<td colspan=\"2\">\u00d7\u00d7\u00d7\u00d7<\/td>\n<td colspan=\"2\">2<\/td>\n<\/tr>\n<td>\n\u6839\u672c\u3000\u660e\u7a42\uff08\u4e09\uff09\n<\/td>\n<td>\u00d7\u25cb\u25cb\u00d7<\/td>\n<td colspan=\"2\">\u25cb\u00d7\u25cb\u25cb<\/td>\n<td colspan=\"2\">\u00d7\u25cb\u25cb\u25cb<\/td>\n<td colspan=\"2\">8<\/td>\n<\/tr>\n<td>\n\u548c\u7530\u3000\u771f\u5f13\uff08\u4e8c\uff09\n<\/td>\n<td>\u25cb\u25cb\u25cb\u25cb<\/td>\n<td colspan=\"2\">\u25cb\u25cb\u00d7\u00d7<\/td>\n<td colspan=\"2\">\u25cb\u25cb\u00d7\u00d7<\/td>\n<td colspan=\"2\">8<\/td>\n<\/tr>\n<td>\n\u68ee\u5c71\u3000\u8309\u512a\uff08\u4e8c\uff09\n<\/td>\n<td>\u25cb\u00d7\u25cb\u25cb<\/td>\n<td colspan=\"2\">\u00d7\u00d7\u00d7\u25cb<\/td>\n<td colspan=\"2\">\u00d7\u00d7\u25cb\u00d7<\/td>\n<td colspan=\"2\">5<\/td>\n<\/table>\n<p><center><\/p>\n<hr color=\"#663300\" width=\"70%\" size=1>\n<font size=5><br \/>\n<b>3\u67083\u65e5\uff08\u706b\uff09\u3000\u65b0\u4eba\u6226\u7df4\u7fd2\u8a66\u5408\u3000\u5bfe\uff1a\u95a2\u897f\u5927\u5b66\u3000\u65bc\uff1a\u4eac\u90fd\u6a58\u5927\u5b66<\/b><br \/>\n<\/font><\/p>\n<hr color=\"#663300\" width=\"70%\" size=1>\n<p>\n\u5148\u653b\u3000\u4eac\u90fd\u6a58\u5927\u5b6644\u4e2d\u3000\u5f8c\u653b\u3000\u95a2\u897f\u5927\u5b6630\u4e2d<br \/>\n<\/p>\n<table border=\"1\" bordercolor=\"#663300\">\n<tr>\n<td>\n\u8336\u6728\u3000\u8475\uff08\u4e8c\uff09\n<\/td>\n<td>\u25cb\u25cb\u25cb\u00d7<\/td>\n<td colspan=\"2\">\u25cb\u25cb\u00d7\u25cb<\/td>\n<td colspan=\"2\">\u25cb\u25cb\u25cb\u25cb<\/td>\n<td colspan=\"2\">10<\/td>\n<td rowspan=\"6\">44<\/td>\n<\/tr>\n<td>\n\u5b89\u4e95\u3000\u826f\u7950\uff08\u4e09\uff09\n<\/td>\n<td>\u00d7\u00d7\u00d7\u25cb<\/td>\n<td colspan=\"2\">\u00d7\u00d7\u25cb\u00d7<\/td>\n<td colspan=\"2\">\u25cb\u00d7\u00d7\u25cb<\/td>\n<td colspan=\"2\">4<\/td>\n<\/tr>\n<td>\n\u548c\u7530\u3000\u771f\u5f13\uff08\u4e8c\uff09\n<\/td>\n<td>\u25cb\u25cb\u25cb\u25cb<\/td>\n<td colspan=\"2\">\u00d7\u00d7\u25cb\u25cb<\/td>\n<td colspan=\"2\">\u25cb\u00d7\u25cb\u25cb<\/td>\n<td colspan=\"2\">9<\/td>\n<\/tr>\n<td>\n\u6839\u672c\u3000\u660e\u7a42\uff08\u4e09\uff09\n<\/td>\n<td>\u00d7\u00d7\u25cb\u00d7<\/td>\n<td colspan=\"2\">\u00d7\u00d7\u00d7\u00d7<\/td>\n<td colspan=\"2\">\u00d7\u00d7\u25cb\u25cb<\/td>\n<td colspan=\"2\">3<\/td>\n<\/tr>\n<td>\n\u9ad8\u4e95\u3000\u96c4\u5927\uff08\u4e09\n<\/td>\n<td>\u25cb\u25cb\u25cb\u25cb<\/td>\n<td colspan=\"2\">\u25cb\u25cb\u25cb\u25cb<\/td>\n<td colspan=\"2\">\u00d7\u25cb\u25cb\u25cb<\/td>\n<td colspan=\"2\">11<\/td>\n<\/tr>\n<td>\n\u68ee\u5c71\u3000\u8309\u512a\uff08\u4e8c\uff09\n<\/td>\n<td>\u25cb\u00d7\u25cb\u25cb<\/td>\n<td colspan=\"2\">\u25cb\u00d7\u25cb\u25cb<\/td>\n<td colspan=\"2\">\u25cb\u00d7\u00d7\u00d7<\/td>\n<td colspan=\"2\">7<\/td>\n<\/table>\n<p><center><\/p>\n<hr color=\"#663300\" width=\"70%\" size=1>\n<font size=5><br \/>\n<b>3\u670817\u65e5\uff08\u706b\uff09\u3000\u65b0\u4eba\u6226\u7df4\u7fd2\u8a66\u5408\u3000\u5bfe\uff1a\u5929\u7406\u5927\u5b66\u3000\u65bc\uff1a\u4eac\u90fd\u6a58\u5927\u5b66<\/b><br \/>\n<\/font><\/p>\n<hr color=\"#663300\" width=\"70%\" size=1>\n<p>\n\u5148\u653b\u3000\u5929\u7406\u5927\u5b6669\u4e2d\u3000\u5f8c\u653b\u3000\u4eac\u90fd\u6a58\u5927\u5b6678\u4e2d<br \/>\n<\/p>\n<table border=\"1\" bordercolor=\"#663300\">\n<tr>\n<td>\n\u8336\u6728\u3000\u8475\uff08\u4e8c\uff09\n<\/td>\n<td>\u25cb\u00d7\u25cb\u25cb<\/td>\n<td colspan=\"2\">\u25cb\u25cb\u00d7\u25cb<\/td>\n<td colspan=\"2\">\u25cb\u25cb\u00d7\u25cb<\/td>\n<td colspan=\"2\">\u25cb\u25cb\u00d7\u00d7<\/td>\n<td colspan=\"2\">\u00d7\u25cb\u25cb\u00d7<\/td>\n<td colspan=\"2\">13<\/td>\n<\/td>\n<td rowspan=\"6\">78<\/td>\n<\/tr>\n<td>\n\u548c\u7530\u3000\u771f\u5f13\uff08\u4e8c\uff09\n<\/td>\n<td>\u25cb\u00d7\u25cb\u00d7<\/td>\n<td colspan=\"2\">\u00d7\u25cb\u25cb\u25cb<\/td>\n<td colspan=\"2\">\u25cb\u25cb\u25cb\u25cb<\/td>\n<td colspan=\"2\">\u25cb\u25cb\u00d7\u25cb<\/td>\n<td colspan=\"2\">\u25cb\u25cb\u25cb\u00d7<\/td>\n<td colspan=\"2\">15<\/td>\n<\/tr>\n<td>\n\u6cb3\u5185\u3000\u7406\u7d17\uff08\u4e8c\uff09\n<\/td>\n<td>\u25cb\u25cb\u25cb\u25cb<\/td>\n<td colspan=\"2\">\u25cb\u25cb\u25cb\u00d7<\/td>\n<td colspan=\"2\">\u25cb\u25cb\u25cb\u25cb<\/td>\n<td colspan=\"2\">\u25cb\u25cb\u25cb\u25cb<\/td>\n<td colspan=\"2\">\u25cb\u25cb\u00d7\u25cb<\/td>\n<td colspan=\"2\">18<\/td>\n<\/tr>\n<td>\n\u5ca1\u7530\u3000\u5948\u5df1\uff08\u4e8c\uff09\n<\/td>\n<td>\u00d7\u00d7\u00d7\u25cb<\/td>\n<td colspan=\"2\">\u25cb\u00d7\u25cb\u00d7<\/td>\n<td colspan=\"2\">\u25cb\u00d7\u00d7\u25cb<\/td>\n<td colspan=\"2\">\u25cb\u25cb\u25cb\u25cb<\/td>\n<td colspan=\"2\">\u00d7\u25cb\u25cb\u25cb<\/td>\n<td colspan=\"2\">12<\/td>\n<\/tr>\n<td>\n\u4eca\u7530\u3000\u58ee\u7950\uff08\u4e8c\uff09\n<\/td>\n<td>\u25cb\u00d7\u00d7\u00d7<\/td>\n<td colspan=\"2\">\u00d7\u25cb\u00d7\u25cb<\/td>\n<td colspan=\"2\">\u00d7\u25cb\u00d7\u25cb<\/td>\n<td colspan=\"2\">\u25cb\u00d7\u25cb\u00d7<\/td>\n<td colspan=\"2\">\u00d7\u25cb\u25cb\u25cb<\/td>\n<td colspan=\"2\">10<\/td>\n<\/tr>\n<td>\n\u68ee\u5c71\u3000\u8309\u512a\uff08\u4e8c\uff09\n<\/td>\n<td>\u25cb\u25cb\u25cb\u00d7<\/td>\n<td colspan=\"2\">\u25cb\u25cb\u25cb\u00d7<\/td>\n<td colspan=\"2\">\u00d7\u00d7\u00d7\u25cb<\/td>\n<td colspan=\"2\">\u00d7\u00d7\u25cb\u00d7<\/td>\n<td colspan=\"2\">\u25cb\u00d7\u25cb\u00d7<\/td>\n<td colspan=\"2\">10<\/td>\n<\/table>\n","protected":false},"excerpt":{"rendered":"<p>3\u67081\u65e5\uff08\u65e5\uff09\u3000\u65b0\u4eba\u6226\u7df4\u7fd2\u8a66\u5408\u3000\u5bfe\uff1a\u4eac\u90fd\u7523\u696d\u5927\u5b66\u3000\u65bc\uff1a\u4eac\u90fd\u6a58\u5927\u5b66 \u5148\u653b\u3000\u4eac\u90fd\u7523\u696d\u5927\u5b6644\u4e2d\u3000\u5f8c\u653b\u3000\u4eac\u90fd\u6a58\u5927\u5b6640\u4e2d \u8336\u6728\u3000\u8475\uff08\u4e8c\uff09 \u25cb\u00d7\u25cb\u25cb \u00d7\u25cb\u25cb\u25cb \u25cb\u25cb\u25cb\u25cb 10 40 \u5b89\u4e95\u3000\u826f\u7950\uff08\u4e09\uff09 \u00d7\u25cb\u25cb\u25cb \u00d7\u25cb\u00d7\u25cb \u25cb\u00d7\u00d7\u25cb &hellip; <a href=\"https:\/\/cai6.tachibana-u.ac.jp\/kyudo\/?page_id=119\" class=\"more-link\">\u7d9a\u304d\u3092\u8aad\u3080 <span class=\"screen-reader-text\">\u65b0\u4eba\u6226\u7df4\u7fd2\u8a66\u5408<\/span> <span class=\"meta-nav\">&rarr;<\/span><\/a><\/p>\n","protected":false},"author":1,"featured_media":0,"parent":154,"menu_order":9,"comment_status":"closed","ping_status":"open","template":"","meta":{"footnotes":""},"class_list":["post-119","page","type-page","status-publish","hentry"],"_links":{"self":[{"href":"https:\/\/cai6.tachibana-u.ac.jp\/kyudo\/index.php?rest_route=\/wp\/v2\/pages\/119","targetHints":{"allow":["GET"]}}],"collection":[{"href":"https:\/\/cai6.tachibana-u.ac.jp\/kyudo\/index.php?rest_route=\/wp\/v2\/pages"}],"about":[{"href":"https:\/\/cai6.tachibana-u.ac.jp\/kyudo\/index.php?rest_route=\/wp\/v2\/types\/page"}],"author":[{"embeddable":true,"href":"https:\/\/cai6.tachibana-u.ac.jp\/kyudo\/index.php?rest_route=\/wp\/v2\/users\/1"}],"replies":[{"embeddable":true,"href":"https:\/\/cai6.tachibana-u.ac.jp\/kyudo\/index.php?rest_route=%2Fwp%2Fv2%2Fcomments&post=119"}],"version-history":[{"count":4,"href":"https:\/\/cai6.tachibana-u.ac.jp\/kyudo\/index.php?rest_route=\/wp\/v2\/pages\/119\/revisions"}],"predecessor-version":[{"id":1436,"href":"https:\/\/cai6.tachibana-u.ac.jp\/kyudo\/index.php?rest_route=\/wp\/v2\/pages\/119\/revisions\/1436"}],"up":[{"embeddable":true,"href":"https:\/\/cai6.tachibana-u.ac.jp\/kyudo\/index.php?rest_route=\/wp\/v2\/pages\/154"}],"wp:attachment":[{"href":"https:\/\/cai6.tachibana-u.ac.jp\/kyudo\/index.php?rest_route=%2Fwp%2Fv2%2Fmedia&parent=119"}],"curies":[{"name":"wp","href":"https:\/\/api.w.org\/{rel}","templated":true}]}}