{"id":117,"date":"2016-05-19T17:16:03","date_gmt":"2016-05-19T08:16:03","guid":{"rendered":"https:\/\/cai6.tachibana-u.ac.jp\/kyudo\/?page_id=117"},"modified":"2016-07-12T16:46:22","modified_gmt":"2016-07-12T07:46:22","slug":"%e3%83%aa%e3%83%bc%e3%82%b0%e6%88%a6%e7%b7%b4%e7%bf%92%e8%a9%a6%e5%90%88%ef%bc%88%e7%94%b7%e5%ad%90%ef%bc%89","status":"publish","type":"page","link":"https:\/\/cai6.tachibana-u.ac.jp\/kyudo\/?page_id=117","title":{"rendered":"\u30ea\u30fc\u30b0\u6226\u7df4\u7fd2\u8a66\u5408\uff08\u7537\u5b50\uff09"},"content":{"rendered":"<hr color=\"#663300\" width=\"70%\" size=1>\n<font size=5><br \/>\n<b>5\u67086\u65e5\uff08\u6c34\uff09\u3000\u30ea\u30fc\u30b0\u6226 \u7df4\u7fd2\u8a66\u5408\u3000\u5bfe\uff1a\u7532\u5357\u5927\u5b66\u3000\u65bc\uff1a\u4eac\u90fd\u6a58\u5927\u5b66<\/b><br \/>\n<\/font><\/p>\n<hr color=\"#663300\" width=\"70%\" size=1>\n<p>\n\u5148\u653b\u3000\u7532\u5357\u5927\u5b66130\u4e2d\u3000\u5f8c\u653b\u3000\u4eac\u90fd\u6a58\u5927\u5b66133\u4e2d<br \/>\n<\/p>\n<table border=\"1\" bordercolor=\"#663300\">\n<tr>\n<td>\n\u5cf6\u672c\u3000\u3000\u3000\u6dbc\u3000(\u4e8c)\n<\/td>\n<td>\u25cb\u25cb\u25cb\u25cb<\/td>\n<td>\u25cb\u25cb\u25cb\u25cb<\/td>\n<td>\u25cb\u00d7\u25cb\u00d7<\/td>\n<td>\u25cb\u25cb\u25cb\u25cb<\/td>\n<td>\u25cb\u25cb\u25cb\u25cb<\/td>\n<td colspan=\"2\">18<\/td>\n<td rowspan=\"6\">66<\/td>\n<\/tr>\n<tr>\n<td>\n\u4e2d\u6751\u3000\u3000\u3000\u826f\u592a(\u4e00)\n<\/td>\n<td>\u25cb\u25cb\u25cb\u25cb<\/td>\n<td>\u25cb\u25cb\u00d7\u25cb<\/td>\n<td>\u25cb\u25cb\u25cb\u25cb<\/td>\n<td>\u25cb\u25cb\u25cb\u00d7<\/td>\n<td>\u25cb\u25cb\u25cb\u25cb<\/td>\n<td colspan=\"2\">18<\/td>\n<\/tr>\n<tr>\n<td>\n\u5927\u91ce\u3000\u3000\u3000\u529f\u8cb4(\u4e09)\n<\/td>\n<td>\u00d7\u00d7\u25cb\u25cb<\/td>\n<td>\u25cb\u00d7\u25cb\u25cb<\/td>\n<td>\u25cb\u25cb\u25cb\u25cb<\/td>\n<td>\u25cb\u25cb\u25cb\u25cb<\/td>\n<td>\u25cb\u25cb\u00d7\u25cb<\/td>\n<td colspan=\"2\">16<\/td>\n<\/tr>\n<tr>\n<td>\n\u9577\u8c37\u5ddd\u3000\u3000\u4f38\u609f(\u4e8c)\n<\/td>\n<td>\u25cb\u25cb\u25cb\u25cb<\/td>\n<td>\u00d7\u00d7\u25cb\u25cb<\/td>\n<td>\u00d7\u25cb\u25cb\u00d7<\/td>\n<td>\u25cb\u25cb\u00d7\u25cb<\/td>\n<td>\u00d7\u25cb\u25cb\u25cb<\/td>\n<td colspan=\"2\">14<\/td>\n<\/tr>\n<\/table>\n<table border=\"1\" bordercolor=\"#663300\">\n<tr>\n<td>\n\u6797\u3000\u3000\u3000\u6cf0\u7950(\u4e09)\n<\/td>\n<td>\u25cb\u25cb\u25cb\u25cb<\/td>\n<td>\u25cb\u25cb\u25cb\u25cb<\/td>\n<td>\u25cb\u25cb\u25cb\u25cb<\/td>\n<td>\u25cb\u25cb\u25cb\u25cb<\/td>\n<td>\u25cb\u25cb\u00d7\u25cb<\/td>\n<td colspan=\"2\">19<\/td>\n<td rowspan=\"6\">67<\/td>\n<\/tr>\n<tr>\n<td>\n\u5ddd\u6751\u3000\u3000\u6674\u5e0c(\u4e00)\n<\/td>\n<td>\u25cb\u25cb\u00d7\u25cb<\/td>\n<td>\u00d7\u00d7\u25cb\u25cb<\/td>\n<td>\u25cb\u25cb\u00d7\u25cb<\/td>\n<td>\u25cb\u25cb\u25cb\u25cb<\/td>\n<td>\u25cb\u25cb\u25cb\u25cb<\/td>\n<td colspan=\"2\">16<\/td>\n<\/tr>\n<tr>\n<td>\n\u4e94\u5341\u5d50\u3000\u5f18\u5927(\u4e00)\n<\/td>\n<td>\u25cb\u25cb\u25cb\u25cb<\/td>\n<td>\u25cb\u25cb\u25cb\u25cb<\/td>\n<td>\u25cb\u00d7\u25cb\u25cb<\/td>\n<td>\u25cb\u00d7\u25cb\u25cb<\/td>\n<td>\u00d7\u25cb\u00d7\u25cb<\/td>\n<td colspan=\"2\">16<\/td>\n<\/tr>\n<tr>\n<td>\n\u4e0b\u53f8\u3000\u3000\u60c7\u592a(\u4e09)\n<\/td>\n<td>\u25cb\u25cb\u00d7\u25cb<\/td>\n<td>\u25cb\u00d7\u25cb\u25cb<\/td>\n<td>\u25cb\u25cb\u25cb\u25cb<\/td>\n<td>\u00d7\u25cb\u25cb\u25cb<\/td>\n<td>\u25cb\u25cb\u25cb\u00d7<\/td>\n<td colspan=\"2\">16<\/td>\n<\/tr>\n<\/table>\n<p><hr color=\"#663300\" width=\"70%\" size=1>\n<font size=5><br \/>\n<b>5\u670831\u65e5\uff08\u65e5\uff09\u3000\u30ea\u30fc\u30b0\u6226 \u7df4\u7fd2\u8a66\u5408\u3000\u5bfe\uff1a\u5929\u7406\u5927\u5b66\u3000\u65bc\uff1a\u4eac\u90fd\u6a58\u5927\u5b66<\/b><br \/>\n<\/font><\/p>\n<hr color=\"#663300\" width=\"70%\" size=1>\n<p>\n\u5148\u653b\u3000\u5929\u7406\u5927\u5b66109\u4e2d\u3000\u5f8c\u653b\u3000\u4eac\u90fd\u6a58\u5927\u5b66110\u4e2d<br \/>\n<\/p>\n<table border=\"1\" bordercolor=\"#663300\">\n<tr>\n<td>\n\u5cf6\u672c\u3000\u3000\u6dbc(\u4e8c)\n<\/td>\n<td>\u25cb\u25cb\u25cb\u25cb<\/td>\n<td>\u25cb\u25cb\u25cb\u25cb<\/td>\n<td>\u25cb\u25cb\u00d7\u25cb<\/td>\n<td>\u00d7\u25cb\u00d7\u00d7<\/td>\n<td>\u25cb\u25cb\u25cb\u25cb<\/td>\n<td colspan=\"2\">17<\/td>\n<td rowspan=\"6\">60<\/td>\n<\/tr>\n<tr>\n<td>\n\u5ddd\u6751\u3000\u3000\u6674\u5e0c(\u4e00)\n<\/td>\n<td>\u25cb\u25cb\u25cb\u25cb<\/td>\n<td>\u25cb\u25cb\u25cb\u25cb<\/td>\n<td>\u25cb\u00d7\u25cb\u25cb<\/td>\n<td>\u25cb\u25cb\u25cb\u25cb<\/td>\n<td>\u25cb\u25cb\u25cb\u25cb<\/td>\n<td colspan=\"2\">19<\/td>\n<\/tr>\n<tr>\n<td>\n\u5927\u91ce\u3000\u3000\u529f\u8cb4(\u4e09)\n<\/td>\n<td>\u00d7\u25cb\u00d7\u25cb<\/td>\n<td>\u25cb\u25cb\u00d7\u25cb<\/td>\n<td>\u00d7\u25cb\u00d7\u25cb<\/td>\n<td>\u00d7\u25cb\u00d7\u00d7<\/td>\n<td>\u25cb\u00d7\u25cb\u00d7<\/td>\n<td colspan=\"2\">11<\/td>\n<\/tr>\n<tr>\n<td>\n\u9577\u8c37\u5ddd\u3000\u4f38\u609f(\u4e8c)\n<\/td>\n<td>\u00d7\u25cb\u25cb\u00d7<\/td>\n<td>\u00d7\u25cb\u00d7\u25cb<\/td>\n<td>\u25cb\u25cb\u25cb\u25cb<\/td>\n<td>\u00d7\u25cb\u25cb\u25cb<\/td>\n<td><font size=\"1\">\u91d1<br \/>\u6a4b<\/font>\u25cb\u25cb\u00d7\u25cb<\/td>\n<td colspan=\"2\">14<\/td>\n<\/tr>\n<\/table>\n<table border=\"1\" bordercolor=\"#663300\">\n<tr>\n<td>\n\u6797\u3000\u3000\u3000\u6cf0\u7950(\u4e09)\n<\/td>\n<td>\u00d7\u25cb\u25cb\u25cb<\/td>\n<td>\u00d7\u25cb\u25cb\u25cb<\/td>\n<td>\u25cb\u25cb\u25cb\u25cb<\/td>\n<td>\u25cb\u00d7\u00d7\u25cb<\/td>\n<td>\u25cb\u25cb\u00d7\u00d7<\/td>\n<td colspan=\"2\">14<\/td>\n<td rowspan=\"6\">50<\/td>\n<\/tr>\n<td>\n\u4e94\u5341\u5d50\u3000\u5f18\u5927(\u4e00)\n<\/td>\n<td>\u25cb\u25cb\u00d7\u00d7<\/td>\n<td>\u25cb\u25cb\u25cb\u00d7<\/td>\n<td>\u00d7\u00d7\u25cb\u25cb<\/td>\n<td>\u00d7\u00d7\u25cb\u00d7<\/td>\n<td><font size=\"1\">\u5b89<br \/>\u4e95<\/font>\u00d7\u00d7\u00d7\u00d7<\/td>\n<td colspan=\"2\">8<\/td>\n<\/tr>\n<tr>\n<td>\n\u9ad8\u4e95\u3000\u3000\u96c4\u5927(\u4e09)\n<\/td>\n<td>\u25cb\u25cb\u25cb\u00d7<\/td>\n<td>\u00d7\u00d7\u25cb\u00d7<\/td>\n<td><font size=\"1\">\u4e2d<br \/>\u6751<\/font>\u00d7\u00d7\u25cb\u25cb<\/td>\n<td>\u00d7\u25cb\u25cb\u25cb<\/td>\n<td>\u00d7\u00d7\u00d7\u25cb<\/td>\n<td colspan=\"2\">10<\/td>\n<\/tr>\n<tr>\n<td>\n\u4e0b\u53f8\u3000\u3000\u60c7\u592a(\u4e09)\n<\/td>\n<td>\u25cb\u25cb\u25cb\u25cb<\/td>\n<td>\u00d7\u25cb\u25cb\u25cb<\/td>\n<td>\u25cb\u25cb\u25cb\u00d7<\/td>\n<td>\u25cb\u25cb\u25cb\u25cb<\/td>\n<td>\u25cb\u25cb\u25cb\u25cb<\/td>\n<td colspan=\"2\">18<\/td>\n<\/tr>\n<\/table>\n<p><hr color=\"#663300\" width=\"70%\" size=1>\n<font size=5><br \/>\n<b>6\u670814\u65e5\uff08\u65e5\uff09\u3000\u30ea\u30fc\u30b0\u6226 \u7df4\u7fd2\u8a66\u5408\u3000\u5bfe:\u9f8d\u8c37\u5927\u5b66\u3000\u65bc\uff1a\u4eac\u90fd\u6a58\u5927\u5b66<\/b><br \/>\n<\/font><\/p>\n<hr color=\"#663300\" width=\"70%\" size=1>\n<p>\n\u5148\u653b\u3000\u4eac\u90fd\u6a58\u5927\u5b66116\u4e2d\u3000\u5f8c\u653b\u3000\u9f8d\u8c37\u5927\u5b6688\u4e2d<br \/>\n<\/p>\n<table border=\"1\" bordercolor=\"#663300\">\n<tr>\n<td>\n\u5cf6\u672c\u3000\u3000   \u6dbc(\u4e8c)\n<\/td>\n<td>\u25cb\u00d7\u25cb\u00d7<\/td>\n<td>\u25cb\u25cb\u00d7\u25cb<\/td>\n<td>\u25cb\u25cb\u25cb\u25cb<\/td>\n<td>\u25cb\u25cb\u25cb\u25cb<\/td>\n<td>\u25cb\u00d7\u25cb\u00d7<\/td>\n<td colspan=\"2\">15<\/td>\n<td rowspan=\"6\">60<\/td>\n<\/tr>\n<tr>\n<td>\n\u4e2d\u6751\u3000\u3000\u3000 \u826f\u592a(\u4e00)\n<\/td>\n<td>\u25cb\u25cb\u00d7\u00d7<\/td>\n<td>\u25cb\u25cb\u25cb\u25cb<\/td>\n<td>\u25cb\u25cb\u00d7\u25cb<\/td>\n<td>\u25cb\u25cb\u00d7\u25cb<\/td>\n<td>\u25cb\u25cb\u00d7\u00d7<\/td>\n<td colspan=\"2\">14<\/td>\n<\/tr>\n<tr>\n<td>\n\u4e94\u5341\u5d50\u3000   \u5f18\u5927(\u4e00)\n<\/td>\n<td>\u25cb\u25cb\u25cb\u00d7<\/td>\n<td>\u25cb\u25cb\u25cb\u25cb<\/td>\n<td>\u25cb\u25cb\u00d7\u25cb<\/td>\n<td>\u25cb\u25cb\u25cb\u25cb<\/td>\n<td>\u25cb\u25cb\u25cb\u00d7<\/td>\n<td colspan=\"2\">17<\/td>\n<\/tr>\n<tr>\n<td>\n\u9577\u8c37\u5ddd\u3000   \u4f38\u609f(\u4e8c)\n<\/td>\n<td>\u25cb\u25cb\u00d7\u00d7<\/td>\n<td>\u25cb\u25cb\u00d7\u00d7<\/td>\n<td>\u25cb\u25cb\u25cb\u25cb<\/td>\n<td>\u25cb\u25cb\u00d7\u25cb<\/td>\n<td>\u25cb\u25cb\u25cb\u00d7<\/td>\n<td colspan=\"2\">14<\/td>\n<\/tr>\n<\/table>\n<table border=\"1\" bordercolor=\"#663300\">\n<tr>\n<td>\n\u5927\u91ce\u3000\u3000\u3000\u529f\u8cb4(\u4e09)\n<\/td>\n<td>\u00d7\u00d7\u25cb\u25cb<\/td>\n<td>\u00d7\u25cb\u25cb\u25cb<\/td>\n<td>\u25cb\u25cb\u25cb\u25cb<\/td>\n<td><font size=\"1\">\u6797<\/font>\u25cb\u00d7\u25cb\u25cb<\/td>\n<td>\u25cb\u25cb\u25cb\u25cb<\/td>\n<td colspan=\"2\">15<\/td>\n<td rowspan=\"6\">56<\/td>\n<\/tr>\n<td>\n\u5ddd\u6751\u3000\u3000  \u6674\u5e0c(\u4e00)\n<\/td>\n<td>\u00d7\u25cb\u00d7\u25cb<\/td>\n<td>\u00d7\u25cb\u25cb\u25cb<\/td>\n<td>\u25cb\u25cb\u25cb\u00d7<\/td>\n<td>\u25cb\u25cb\u00d7\u00d7<\/td>\n<td>\u25cb\u00d7\u25cb\u25cb<\/td>\n<td colspan=\"2\">13<\/td>\n<\/tr>\n<tr>\n<td>\n\u91d1\u6a4b\u3000\u3000  \u9686\u5fd7(\u4e00)\n<\/td>\n<td>\u00d7\u25cb\u00d7\u00d7<\/td>\n<td>\u25cb\u25cb\u25cb\u00d7<\/td>\n<td>\u25cb\u25cb\u25cb\u25cb<\/td>\n<td>\u25cb\u00d7\u25cb\u25cb<\/td>\n<td>\u25cb\u25cb\u00d7\u25cb<\/td>\n<td colspan=\"2\">14<\/td>\n<\/tr>\n<tr>\n<td>\n\u5c0f\u5009\u3000\u3000  \u50da\u4ecb(\u4e8c)\n<\/td>\n<td>\u00d7\u25cb\u25cb\u25cb<\/td>\n<td>\u25cb\u25cb\u25cb\u25cb<\/td>\n<td>\u00d7\u00d7\u25cb\u25cb<\/td>\n<td>\u00d7\u00d7\u25cb\u00d7<\/td>\n<td><font size=\"1\">\u4e0b<br \/>\u53f8<\/font>\u25cb\u25cb\u25cb\u25cb<\/td>\n<td colspan=\"2\">14<\/td>\n<\/tr>\n<\/table>\n<p>\n","protected":false},"excerpt":{"rendered":"<p>5\u67086\u65e5\uff08\u6c34\uff09\u3000\u30ea\u30fc\u30b0\u6226 \u7df4\u7fd2\u8a66\u5408\u3000\u5bfe\uff1a\u7532\u5357\u5927\u5b66\u3000\u65bc\uff1a\u4eac\u90fd\u6a58\u5927\u5b66 \u5148\u653b\u3000\u7532\u5357\u5927\u5b66130\u4e2d\u3000\u5f8c\u653b\u3000\u4eac\u90fd\u6a58\u5927\u5b66133\u4e2d \u5cf6\u672c\u3000\u3000\u3000\u6dbc\u3000(\u4e8c) \u25cb\u25cb\u25cb\u25cb \u25cb\u25cb\u25cb\u25cb \u25cb\u00d7\u25cb\u00d7 \u25cb\u25cb\u25cb\u25cb \u25cb\u25cb\u25cb\u25cb 18 66 \u4e2d\u6751\u3000\u3000\u3000\u826f\u592a(\u4e00) &hellip; <a href=\"https:\/\/cai6.tachibana-u.ac.jp\/kyudo\/?page_id=117\" class=\"more-link\">\u7d9a\u304d\u3092\u8aad\u3080 <span class=\"screen-reader-text\">\u30ea\u30fc\u30b0\u6226\u7df4\u7fd2\u8a66\u5408\uff08\u7537\u5b50\uff09<\/span> <span class=\"meta-nav\">&rarr;<\/span><\/a><\/p>\n","protected":false},"author":1,"featured_media":0,"parent":154,"menu_order":8,"comment_status":"closed","ping_status":"open","template":"","meta":{"footnotes":""},"class_list":["post-117","page","type-page","status-publish","hentry"],"_links":{"self":[{"href":"https:\/\/cai6.tachibana-u.ac.jp\/kyudo\/index.php?rest_route=\/wp\/v2\/pages\/117","targetHints":{"allow":["GET"]}}],"collection":[{"href":"https:\/\/cai6.tachibana-u.ac.jp\/kyudo\/index.php?rest_route=\/wp\/v2\/pages"}],"about":[{"href":"https:\/\/cai6.tachibana-u.ac.jp\/kyudo\/index.php?rest_route=\/wp\/v2\/types\/page"}],"author":[{"embeddable":true,"href":"https:\/\/cai6.tachibana-u.ac.jp\/kyudo\/index.php?rest_route=\/wp\/v2\/users\/1"}],"replies":[{"embeddable":true,"href":"https:\/\/cai6.tachibana-u.ac.jp\/kyudo\/index.php?rest_route=%2Fwp%2Fv2%2Fcomments&post=117"}],"version-history":[{"count":2,"href":"https:\/\/cai6.tachibana-u.ac.jp\/kyudo\/index.php?rest_route=\/wp\/v2\/pages\/117\/revisions"}],"predecessor-version":[{"id":1100,"href":"https:\/\/cai6.tachibana-u.ac.jp\/kyudo\/index.php?rest_route=\/wp\/v2\/pages\/117\/revisions\/1100"}],"up":[{"embeddable":true,"href":"https:\/\/cai6.tachibana-u.ac.jp\/kyudo\/index.php?rest_route=\/wp\/v2\/pages\/154"}],"wp:attachment":[{"href":"https:\/\/cai6.tachibana-u.ac.jp\/kyudo\/index.php?rest_route=%2Fwp%2Fv2%2Fmedia&parent=117"}],"curies":[{"name":"wp","href":"https:\/\/api.w.org\/{rel}","templated":true}]}}