{"id":115,"date":"2016-05-19T17:15:41","date_gmt":"2016-05-19T08:15:41","guid":{"rendered":"https:\/\/cai6.tachibana-u.ac.jp\/kyudo\/?page_id=115"},"modified":"2016-10-15T16:21:09","modified_gmt":"2016-10-15T07:21:09","slug":"%e3%83%aa%e3%83%bc%e3%82%b0%e6%88%a6%e7%b7%b4%e7%bf%92%e8%a9%a6%e5%90%88%ef%bc%88%e5%a5%b3%e5%ad%90%ef%bc%89","status":"publish","type":"page","link":"https:\/\/cai6.tachibana-u.ac.jp\/kyudo\/?page_id=115","title":{"rendered":"\u30ea\u30fc\u30b0\u6226\u7df4\u7fd2\u8a66\u5408\uff08\u5973\u5b50\uff09"},"content":{"rendered":"<p>&nbsp;<\/p>\n<p>&nbsp;<\/p>\n<hr size=\"1\" width=\"70%\" \/>\n<p><span style=\"font-size: x-large;\"><br \/>\n<b>4\u670812\u65e5\uff08\u65e5\uff09\u3000\u30ea\u30fc\u30b0\u6226\u7df4\u7fd2\u8a66\u5408\u3000\u5bfe\uff1a\u5927\u962a\u7d4c\u6e08\u5927\u5b66\u3000\u65bc\uff1a\u4eac\u90fd\u6a58\u5927\u5b66<\/b><br \/>\n<\/span><\/p>\n<hr size=\"1\" width=\"70%\" \/>\n<p>\u5148\u653b\u3000\u5927\u962a\u7d4c\u6e08\u5927\u5b6661\u4e2d\u3000\u5f8c\u653b\u3000\u4eac\u90fd\u6a58\u5927\u5b6669\u4e2d<\/p>\n<table border=\"1\">\n<tbody>\n<tr>\n<td>\u8336\u6728\u3000\u8475\uff08\u4e8c\uff09<\/td>\n<td>\u25cb\u25cb\u25cb\u25cb<\/td>\n<td>\u25cb\u25cb\u25cb\u00d7<\/td>\n<td>\u25cb\u25cb\u25cb\u25cb<\/td>\n<td>\u25cb\u25cb\u25cb\u25cb<\/td>\n<td>\u00d7\u25cb\u25cb\u00d7<\/td>\n<td colspan=\"2\">17<\/td>\n<td rowspan=\"6\">69<\/td>\n<\/tr>\n<tr>\n<td>\u548c\u7530\u3000\u771f\u5f13\uff08\u4e8c\uff09<\/td>\n<td>\u25cb\u25cb\u25cb\u25cb<\/td>\n<td>\u25cb\u25cb\u00d7\u00d7<\/td>\n<td>\u25cb\u25cb\u25cb\u25cb<\/td>\n<td>\u25cb\u25cb\u25cb\u25cb<\/td>\n<td colspan=\"1\">\u25cb\u00d7\u25cb\u25cb<\/td>\n<td colspan=\"2\">17<\/td>\n<\/tr>\n<tr>\n<td>\u677e\u5c71\u3000\u7d75\u672a\u90a3\uff08\u4e8c\uff09<\/td>\n<td>\u25cb\u25cb\u25cb\u00d7<\/td>\n<td>\u25cb\u25cb\u25cb\u25cb<\/td>\n<td>\u25cb\u25cb\u25cb\u00d7<\/td>\n<td>\u25cb\u25cb\u25cb\u25cb<\/td>\n<td colspan=\"1\">\u25cb\u25cb\u25cb\u00d7<\/td>\n<td colspan=\"2\">17<\/td>\n<\/tr>\n<tr>\n<td>\u6d45\u91ce\u3000\u91cc\u6c5f\uff08\u56db\uff09<\/td>\n<td>\u00d7\u25cb\u25cb\u25cb<\/td>\n<td>\u25cb\u25cb\u25cb\u25cb<\/td>\n<td>\u25cb\u25cb\u25cb\u25cb<\/td>\n<td>\u25cb\u25cb\u25cb\u25cb<\/td>\n<td colspan=\"1\">\u00d7\u25cb\u25cb\u25cb<\/td>\n<td colspan=\"2\">18<\/td>\n<\/tr>\n<\/tbody>\n<\/table>\n<p>&nbsp;<\/p>\n<p>&nbsp;<\/p>\n<p>&nbsp;<\/p>\n<hr size=\"1\" width=\"70%\" \/>\n<p><span style=\"font-size: x-large;\"><br \/>\n<b>7\u670812\u65e5\uff08\u65e5\uff09\u3000\u30ea\u30fc\u30b0\u6226\u7df4\u7fd2\u8a66\u5408\u3000\u5bfe\uff1a\u5927\u962a\u7d4c\u6e08\u5927\u5b66\u3000\u65bc\uff1a\u4eac\u90fd\u6a58\u5927\u5b66<\/b><br \/>\n<\/span><\/p>\n<hr size=\"1\" width=\"70%\" \/>\n<p>\u5148\u653b\u3000\u4eac\u90fd\u6a58\u5927\u5b6659\u4e2d\u3000\u5f8c\u653b\u3000\u5927\u962a\u7d4c\u6e08\u5927\u5b6662\u4e2d<\/p>\n<table border=\"1\">\n<tbody>\n<tr>\n<td>\u8336\u6728\u3000\u8475\uff08\u4e8c\uff09<\/td>\n<td>\u25cb\u25cb\u25cb\u25cb<\/td>\n<td>\u00d7\u00d7\u25cb\u00d7<\/td>\n<td>\u00d7\u25cb\u00d7\u25cb<\/td>\n<td>\u25cb\u25cb\u00d7\u25cb<\/td>\n<td colspan=\"1\">\u25cb\u25cb\u00d7\u25cb<\/td>\n<td colspan=\"2\">18<\/td>\n<td rowspan=\"6\">59<\/td>\n<\/tr>\n<tr>\n<td>\u548c\u7530\u3000\u771f\u5f13\uff08\u4e8c\uff09<\/td>\n<td>\u25cb\u25cb\u25cb\u25cb<\/td>\n<td>\u25cb\u25cb\u25cb\u25cb<\/td>\n<td>\u00d7\u25cb\u25cb\u00d7<\/td>\n<td>\u25cb\u25cb\u00d7\u25cb<\/td>\n<td colspan=\"1\">\u00d7\u25cb\u00d7\u25cb<\/td>\n<td colspan=\"2\">15<\/td>\n<\/tr>\n<tr>\n<td>\u677e\u5c71\u3000\u7d75\u672a\u90a3\uff08\u4e8c\uff09<\/td>\n<td>\u25cb\u00d7\u25cb\u25cb<\/td>\n<td>\u25cb\u25cb\u00d7\u25cb<\/td>\n<td>\u25cb\u25cb\u00d7\u25cb<\/td>\n<td>\u25cb\u25cb\u25cb\u00d7<\/td>\n<td colspan=\"1\">\u25cb\u25cb\u25cb\u00d7<\/td>\n<td colspan=\"2\">15<\/td>\n<\/tr>\n<tr>\n<td>\u6d45\u91ce\u3000\u91cc\u6c5f\uff08\u56db\uff09<\/td>\n<td>\u25cb\u00d7\u25cb\u25cb<\/td>\n<td>\u25cb\u25cb\u25cb\u25cb<\/td>\n<td>\u00d7\u00d7\u25cb\u25cb<\/td>\n<td>\u25cb\u25cb\u25cb\u25cb<\/td>\n<td colspan=\"1\">\u00d7\u25cb\u25cb\u25cb<\/td>\n<td colspan=\"2\">16<\/td>\n<\/tr>\n<\/tbody>\n<\/table>\n<p>&nbsp;<\/p>\n<p>&nbsp;<\/p>\n<hr size=\"1\" width=\"70%\" \/>\n<p><span style=\"font-size: x-large;\"><br \/>\n<b>8\u67084\u65e5\uff08\u65e5\uff09\u3000\u30ea\u30fc\u30b0\u6226\u7df4\u7fd2\u8a66\u5408\u3000\u5bfe\uff1a\u4ecf\u6559\u5927\u5b66\u3000\u65bc\uff1a\u4eac\u90fd\u6a58\u5927\u5b66<\/b><br \/>\n<\/span><\/p>\n<hr size=\"1\" width=\"70%\" \/>\n<p>\u5148\u653b\u3000\u4eac\u90fd\u6a58\u5927\u5b6660\u4e2d\u3000\u5f8c\u653b\u3000\u4ecf\u6559\u5927\u5b6644\u4e2d<\/p>\n<table border=\"1\">\n<tbody>\n<tr>\n<td>\u8336\u6728\u3000\u8475\uff08\u4e8c\uff09<\/td>\n<td>\u25cb\u00d7\u00d7\u25cb<\/td>\n<td>\u25cb\u25cb\u00d7\u25cb<\/td>\n<td>\u25cb\u25cb\u25cb\u25cb<\/td>\n<td>\u00d7\u25cb\u25cb\u25cb<\/td>\n<td colspan=\"1\">\u25cb\u25cb\u00d7\u25cb<\/td>\n<td colspan=\"2\">15<\/td>\n<td rowspan=\"6\">60<\/td>\n<\/tr>\n<tr>\n<td>\u548c\u7530\u3000\u771f\u5f13\uff08\u4e8c\uff09<\/td>\n<td>\u00d7\u00d7\u25cb\u00d7<\/td>\n<td>\u25cb\u00d7\u25cb\u25cb<\/td>\n<td>\u25cb\u00d7\u25cb\u00d7<\/td>\n<td><span style=\"font-size: xx-small;\">\u83c5<\/span>\u25cb\u00d7\u00d7\u25cb<\/td>\n<td colspan=\"1\"><span style=\"font-size: xx-small;\">\u68ee<br \/>\n\u5c71<\/span>\u25cb\u00d7\u25cb\u00d7<\/td>\n<td colspan=\"2\">10<\/td>\n<\/tr>\n<tr>\n<td>\u677e\u5c71\u3000\u7d75\u672a\u90a3\uff08\u4e8c\uff09<\/td>\n<td>\u25cb\u00d7\u25cb\u25cb<\/td>\n<td>\u25cb\u25cb\u25cb\u25cb<\/td>\n<td>\u25cb\u00d7\u25cb\u00d7<\/td>\n<td>\u25cb\u25cb\u25cb\u00d7<\/td>\n<td colspan=\"1\">\u25cb\u25cb\u25cb\u00d7<\/td>\n<td colspan=\"2\">15<\/td>\n<\/tr>\n<tr>\n<td>\u6d45\u91ce\u3000\u91cc\u6c5f\uff08\u56db\uff09<\/td>\n<td>\u25cb\u25cb\u25cb\u25cb<\/td>\n<td>\u25cb\u25cb\u25cb\u25cb<\/td>\n<td>\u25cb\u25cb\u25cb\u25cb<\/td>\n<td>\u25cb\u25cb\u25cb\u25cb<\/td>\n<td colspan=\"1\">\u25cb\u25cb\u25cb\u25cb<\/td>\n<td colspan=\"2\">\u7686<\/td>\n<\/tr>\n<\/tbody>\n<\/table>\n<p>&nbsp;<\/p>\n<p>&nbsp;<\/p>\n<hr size=\"1\" width=\"70%\" \/>\n<p><span style=\"font-size: x-large;\"><br \/>\n<b>8\u67089\u65e5\uff08\u65e5\uff09\u3000\u30ea\u30fc\u30b0\u6226\u7df4\u7fd2\u8a66\u5408\u3000\u5bfe\uff1a\u95a2\u897f\u5927\u5b66\u3000\u65bc\uff1a\u4eac\u90fd\u6a58\u5927\u5b66<\/b><br \/>\n<\/span><\/p>\n<hr size=\"1\" width=\"70%\" \/>\n<p>\u5148\u653b\u3000\u95a2\u897f\u5927\u5b6654\u4e2d\u3000\u5f8c\u653b\u3000\u4eac\u90fd\u6a58\u5927\u5b6662\u4e2d<\/p>\n<table border=\"1\">\n<tbody>\n<tr>\n<td>\u8336\u6728\u3000\u8475\uff08\u4e8c\uff09<\/td>\n<td>\u25cb\u00d7\u00d7\u25cb<\/td>\n<td>\u00d7\u25cb\u25cb\u25cb<\/td>\n<td>\u25cb\u25cb\u00d7\u25cb<\/td>\n<td>\u00d7\u00d7\u25cb\u25cb<\/td>\n<td colspan=\"1\">\u25cb\u25cb\u25cb\u25cb<\/td>\n<td colspan=\"2\">14<\/td>\n<td rowspan=\"6\">62<\/td>\n<\/tr>\n<tr>\n<td>\u548c\u7530\u3000\u771f\u5f13\uff08\u4e8c\uff09<\/td>\n<td>\u00d7\u25cb\u25cb\u00d7<\/td>\n<td>\u25cb\u25cb\u00d7\u25cb<\/td>\n<td>\u00d7\u00d7\u25cb\u25cb<\/td>\n<td><span style=\"font-size: xx-small;\">\u66fd<br \/>\n\u6211<br \/>\n\u90e8<\/span>\u25cb\u00d7\u00d7\u00d7<\/td>\n<td colspan=\"1\"><span style=\"font-size: xx-small;\">\u68ee<br \/>\n\u5c71<\/span>\u00d7\u00d7\u00d7\u25cb<\/td>\n<td colspan=\"2\">9<\/td>\n<\/tr>\n<tr>\n<td>\u677e\u5c71\u3000\u7d75\u672a\u90a3\uff08\u4e8c\uff09<\/td>\n<td>\u25cb\u25cb\u25cb\u25cb<\/td>\n<td>\u25cb\u25cb\u25cb\u25cb<\/td>\n<td>\u25cb\u25cb\u25cb\u25cb<\/td>\n<td>\u25cb\u25cb\u25cb\u25cb<\/td>\n<td colspan=\"1\">\u25cb\u25cb\u25cb\u25cb<\/td>\n<td colspan=\"2\">\u7686<\/td>\n<\/tr>\n<tr>\n<td>\u6d45\u91ce\u3000\u91cc\u6c5f\uff08\u56db\uff09<\/td>\n<td>\u25cb\u25cb\u25cb\u25cb<\/td>\n<td>\u25cb\u25cb\u00d7\u25cb<\/td>\n<td>\u25cb\u25cb\u25cb\u25cb<\/td>\n<td>\u25cb\u25cb\u25cb\u25cb<\/td>\n<td colspan=\"1\">\u25cb\u25cb\u25cb\u25cb<\/td>\n<td colspan=\"2\">19<\/td>\n<\/tr>\n<\/tbody>\n<\/table>\n<p>&nbsp;<\/p>\n<p>&nbsp;<\/p>\n<hr size=\"1\" width=\"70%\" \/>\n<p><span style=\"font-size: x-large;\"><br \/>\n<b>8\u670825\u65e5\uff08\u706b\uff09\u3000\u30ea\u30fc\u30b0\u6226\u7df4\u7fd2\u8a66\u5408\u3000\u5bfe\uff1a\u7532\u5357\u5927\u5b66\u3000\u65bc\uff1a\u7532\u5357\u5927\u5b66<\/b><br \/>\n<\/span><\/p>\n<hr size=\"1\" width=\"70%\" \/>\n<p>\u5148\u653b\u3000\u4eac\u90fd\u6a58\u5927\u5b6659\u4e2d\u3000\u5f8c\u653b\u3000\u7532\u5357\u5927\u5b6663\u4e2d<\/p>\n<table border=\"1\">\n<tbody>\n<tr>\n<td>\u8336\u6728\u3000\u8475\uff08\u4e8c\uff09<\/td>\n<td>\u25cb\u25cb\u25cb\u00d7<\/td>\n<td>\u25cb\u25cb\u00d7\u25cb<\/td>\n<td>\u00d7\u25cb\u00d7\u25cb<\/td>\n<td>\u25cb\u25cb\u25cb\u25cb<\/td>\n<td colspan=\"1\">\u00d7\u25cb\u25cb\u00d7<\/td>\n<td colspan=\"2\">14<\/td>\n<td rowspan=\"6\">59<\/td>\n<\/tr>\n<tr>\n<td>\u548c\u7530\u3000\u771f\u5f13\uff08\u4e8c\uff09<\/td>\n<td>\u00d7\u00d7\u00d7\u25cb<\/td>\n<td>\u25cb\u25cb\u25cb\u25cb<\/td>\n<td>\u25cb\u00d7\u25cb\u25cb<\/td>\n<td>\u25cb\u25cb\u25cb\u00d7<\/td>\n<td colspan=\"1\">\u00d7\u25cb\u25cb\u25cb<\/td>\n<td colspan=\"2\">14<\/td>\n<\/tr>\n<tr>\n<td>\u677e\u5c71\u3000\u7d75\u672a\u90a3\uff08\u4e8c\uff09<\/td>\n<td>\u25cb\u25cb\u25cb\u25cb<\/td>\n<td>\u25cb\u25cb\u25cb\u25cb<\/td>\n<td>\u25cb\u25cb\u25cb\u25cb<\/td>\n<td>\u00d7\u25cb\u00d7\u25cb<\/td>\n<td colspan=\"1\">\u25cb\u25cb\u00d7\u00d7<\/td>\n<td colspan=\"2\">16<\/td>\n<\/tr>\n<tr>\n<td>\u6d45\u91ce\u3000\u91cc\u6c5f\uff08\u56db\uff09<\/td>\n<td>\u25cb\u25cb\u25cb\u25cb<\/td>\n<td>\u00d7\u25cb\u25cb\u00d7<\/td>\n<td>\u25cb\u25cb\u00d7\u25cb<\/td>\n<td>\u25cb\u00d7\u00d7\u25cb<\/td>\n<td colspan=\"1\">\u25cb\u25cb\u25cb\u25cb<\/td>\n<td colspan=\"2\">15<\/td>\n<\/tr>\n<\/tbody>\n<\/table>\n<p>&nbsp;<\/p>\n<p>&nbsp;<\/p>\n<hr size=\"1\" width=\"70%\" \/>\n<p><span style=\"font-size: x-large;\"><br \/>\n<b>9\u67084\u65e5\uff08\u65e5\uff09\u3000\u30ea\u30fc\u30b0\u6226\u7df4\u7fd2\u8a66\u5408\u3000\u5bfe\uff1a\u8fd1\u757f\u5927\u5b66\u3000\u65bc\uff1a\u8fd1\u757f\u5927\u5b66<\/b><br \/>\n<\/span><\/p>\n<hr size=\"1\" width=\"70%\" \/>\n<p>\u5148\u653b\u3000\u4eac\u90fd\u6a58\u5927\u5b6661\u4e2d\u3000\u5f8c\u653b\u3000\u8fd1\u757f\u5927\u5b6659\u4e2d<\/p>\n<table border=\"1\">\n<tbody>\n<tr>\n<td>\u8336\u6728\u3000\u8475\uff08\u4e8c\uff09<\/td>\n<td>\u25cb\u25cb\u25cb\u25cb<\/td>\n<td>\u25cb\u25cb\u25cb\u25cb<\/td>\n<td>\u00d7\u25cb\u25cb\u25cb<\/td>\n<td>\u25cb\u25cb\u25cb\u25cb<\/td>\n<td colspan=\"1\">\u25cb\u25cb\u25cb\u25cb<\/td>\n<td colspan=\"2\">19<\/td>\n<td rowspan=\"6\">61<\/td>\n<\/tr>\n<tr>\n<td>\u548c\u7530\u3000\u771f\u5f13\uff08\u4e8c\uff09<\/td>\n<td>\u25cb\u25cb\u25cb\u25cb<\/td>\n<td>\u00d7\u00d7\u00d7\u25cb<\/td>\n<td>\u25cb\u25cb\u25cb\u00d7<\/td>\n<td>\u25cb\u00d7\u25cb\u00d7<\/td>\n<td colspan=\"1\">\u00d7\u25cb\u00d7\u25cb<\/td>\n<td colspan=\"2\">12<\/td>\n<\/tr>\n<tr>\n<td>\u677e\u5c71\u3000\u7d75\u672a\u90a3\uff08\u4e8c\uff09<\/td>\n<td>\u00d7\u25cb\u00d7\u25cb<\/td>\n<td>\u25cb\u00d7\u00d7\u00d7<\/td>\n<td>\u25cb\u00d7\u25cb\u25cb<\/td>\n<td>\u25cb\u25cb\u25cb\u25cb<\/td>\n<td colspan=\"1\">\u25cb\u25cb\u00d7\u25cb<\/td>\n<td colspan=\"2\">13<\/td>\n<\/tr>\n<tr>\n<td>\u6d45\u91ce\u3000\u91cc\u6c5f\uff08\u56db\uff09<\/td>\n<td>\u25cb\u00d7\u25cb\u00d7<\/td>\n<td>\u25cb\u25cb\u25cb\u25cb<\/td>\n<td>\u25cb\u25cb\u00d7\u25cb<\/td>\n<td>\u25cb\u25cb\u25cb\u25cb<\/td>\n<td colspan=\"1\">\u25cb\u25cb\u25cb\u25cb<\/td>\n<td colspan=\"2\">17<\/td>\n<\/tr>\n<\/tbody>\n<\/table>\n<p>&nbsp;<\/p>\n<p>&nbsp;<\/p>\n","protected":false},"excerpt":{"rendered":"<p>&nbsp; &nbsp; 4\u670812\u65e5\uff08\u65e5\uff09\u3000\u30ea\u30fc\u30b0\u6226\u7df4\u7fd2\u8a66\u5408\u3000\u5bfe\uff1a\u5927\u962a\u7d4c\u6e08\u5927\u5b66\u3000\u65bc\uff1a\u4eac\u90fd\u6a58\u5927\u5b66 \u5148\u653b\u3000\u5927\u962a\u7d4c\u6e08\u5927\u5b6661\u4e2d\u3000\u5f8c\u653b\u3000\u4eac\u90fd\u6a58\u5927\u5b6669\u4e2d \u8336\u6728\u3000\u8475\uff08\u4e8c\uff09 \u25cb\u25cb\u25cb\u25cb \u25cb\u25cb\u25cb\u00d7 \u25cb\u25cb\u25cb\u25cb \u25cb\u25cb\u25cb\u25cb \u00d7\u25cb\u25cb\u00d7 17  &hellip; <a href=\"https:\/\/cai6.tachibana-u.ac.jp\/kyudo\/?page_id=115\" class=\"more-link\">\u7d9a\u304d\u3092\u8aad\u3080 <span class=\"screen-reader-text\">\u30ea\u30fc\u30b0\u6226\u7df4\u7fd2\u8a66\u5408\uff08\u5973\u5b50\uff09<\/span> <span class=\"meta-nav\">&rarr;<\/span><\/a><\/p>\n","protected":false},"author":1,"featured_media":0,"parent":154,"menu_order":8,"comment_status":"closed","ping_status":"open","template":"","meta":{"footnotes":""},"class_list":["post-115","page","type-page","status-publish","hentry"],"_links":{"self":[{"href":"https:\/\/cai6.tachibana-u.ac.jp\/kyudo\/index.php?rest_route=\/wp\/v2\/pages\/115","targetHints":{"allow":["GET"]}}],"collection":[{"href":"https:\/\/cai6.tachibana-u.ac.jp\/kyudo\/index.php?rest_route=\/wp\/v2\/pages"}],"about":[{"href":"https:\/\/cai6.tachibana-u.ac.jp\/kyudo\/index.php?rest_route=\/wp\/v2\/types\/page"}],"author":[{"embeddable":true,"href":"https:\/\/cai6.tachibana-u.ac.jp\/kyudo\/index.php?rest_route=\/wp\/v2\/users\/1"}],"replies":[{"embeddable":true,"href":"https:\/\/cai6.tachibana-u.ac.jp\/kyudo\/index.php?rest_route=%2Fwp%2Fv2%2Fcomments&post=115"}],"version-history":[{"count":3,"href":"https:\/\/cai6.tachibana-u.ac.jp\/kyudo\/index.php?rest_route=\/wp\/v2\/pages\/115\/revisions"}],"predecessor-version":[{"id":1557,"href":"https:\/\/cai6.tachibana-u.ac.jp\/kyudo\/index.php?rest_route=\/wp\/v2\/pages\/115\/revisions\/1557"}],"up":[{"embeddable":true,"href":"https:\/\/cai6.tachibana-u.ac.jp\/kyudo\/index.php?rest_route=\/wp\/v2\/pages\/154"}],"wp:attachment":[{"href":"https:\/\/cai6.tachibana-u.ac.jp\/kyudo\/index.php?rest_route=%2Fwp%2Fv2%2Fmedia&parent=115"}],"curies":[{"name":"wp","href":"https:\/\/api.w.org\/{rel}","templated":true}]}}