{"id":1111,"date":"2016-07-12T16:52:35","date_gmt":"2016-07-12T07:52:35","guid":{"rendered":"https:\/\/cai6.tachibana-u.ac.jp\/kyudo\/?page_id=1111"},"modified":"2016-07-25T15:34:34","modified_gmt":"2016-07-25T06:34:34","slug":"%e7%b7%b4%e7%bf%92%e8%a9%a6%e5%90%88%ef%bc%88%e5%a5%b3%e5%ad%90%ef%bc%89","status":"publish","type":"page","link":"https:\/\/cai6.tachibana-u.ac.jp\/kyudo\/?page_id=1111","title":{"rendered":"\u7df4\u7fd2\u8a66\u5408\uff08\u5973\u5b50\uff09"},"content":{"rendered":"<p>&nbsp;<\/p>\n<p>&nbsp;<\/p>\n<hr size=\"1\" width=\"70%\" \/>\n<p><span style=\"font-size: x-large;\"><br \/>\n<b>6\u670822\u65e5\uff08\u65e5\uff09\u3000\u30ea\u30fc\u30b0\u6226\u7df4\u7fd2\u8a66\u5408\u3000\u5bfe\uff1a\u5927\u962a\u5e02\u7acb\u5927\u5b66\u3000\u65bc\uff1a\u5927\u962a\u5e02\u7acb\u5927\u5b66<\/b><br \/>\n<\/span><\/p>\n<hr size=\"1\" width=\"70%\" \/>\n<p>\u5148\u653b\u3000\u5927\u962a\u5e02\u7acb\u5927\u5b6635\u4e2d\u3000\u5f8c\u653b\u3000\u4eac\u90fd\u6a58\u5927\u5b6665\u4e2d<\/p>\n<table border=\"1\">\n<tbody>\n<tr>\n<td>\u8336\u6728\u3000\u8475\uff08\u4e00\uff09<\/td>\n<td>\u25cb\u25cb\u25cb\u00d7<\/td>\n<td>\u25cb\u25cb\u25cb\u25cb<\/td>\n<td>\u25cb\u00d7\u00d7\u25cb<\/td>\n<td>\u25cb\u25cb\u25cb\u25cb<\/td>\n<td>\u00d7\u25cb\u25cb\u25cb<\/td>\n<td colspan=\"2\">16<\/td>\n<td rowspan=\"6\">58<\/td>\n<\/tr>\n<tr>\n<td>\u68ee\u5c71\u3000\u8309\u512a\uff08\u4e00\uff09<\/td>\n<td>\u25cb\u25cb\u25cb\u00d7<\/td>\n<td>\u25cb\u25cb\u25cb\u00d7<\/td>\n<td>\u25cb\u25cb\u00d7\u00d7<\/td>\n<td>\u25cb\u25cb\u00d7\u25cb<\/td>\n<td colspan=\"1\">\u25cb\u00d7\u25cb\u25cb<\/td>\n<td colspan=\"2\">14<\/td>\n<\/tr>\n<tr>\n<td>\u677e\u5c71\u3000\u7d75\u672a\u90a3(\u4e00\uff09<\/td>\n<td>\u25cb\u25cb\u25cb\u00d7<\/td>\n<td>\u25cb\u00d7\u25cb\u00d7<\/td>\n<td>\u25cb\u25cb\u00d7\u25cb<\/td>\n<td>\u25cb\u25cb\u25cb\u25cb<\/td>\n<td>\u25cb\u25cb\u25cb\u25cb<\/td>\n<td colspan=\"2\">16<\/td>\n<\/tr>\n<tr>\n<td>\u6d45\u91ce\u3000 \u3000\u91cc\u6c5f(\u4e09\uff09<\/td>\n<td>\u25cb\u25cb\u25cb\u25cb<\/td>\n<td>\u00d7\u25cb\u25cb\u25cb<\/td>\n<td>\u25cb\u25cb\u25cb\u25cb<\/td>\n<td>\u25cb\u25cb\u25cb\u25cb<\/td>\n<td>\u25cb\u25cb\u25cb\u25cb<\/td>\n<td colspan=\"2\">19<\/td>\n<\/tr>\n<\/tbody>\n<\/table>\n<p>&nbsp;<\/p>\n<hr size=\"1\" width=\"70%\" \/>\n<p><span style=\"font-size: x-large;\"><br \/>\n<b>9\u67087\u65e5\uff08\u65e5\uff09\u3000\u30ea\u30fc\u30b0\u6226\u7df4\u7fd2\u8a66\u5408\u3000\u5bfe\uff1a\u795e\u6238\u5e02\u5916\u56fd\u8a9e\u5927\u5b66\u3000\u65bc\uff1a\u4eac\u90fd\u6a58\u5927\u5b66<\/b><br \/>\n<\/span><\/p>\n<hr size=\"1\" width=\"70%\" \/>\n<p>\u5148\u653b\u3000\u795e\u6238\u5e02\u5916\u56fd\u8a9e\u5927\u5b6640\u4e2d\u3000\u5f8c\u653b\u3000\u4eac\u90fd\u6a58\u5927\u5b6658\u4e2d<\/p>\n<table border=\"1\">\n<tbody>\n<tr>\n<td>\u6d45\u91ce\u3000\u91cc\u6c5f\uff08\u4e09\uff09<\/td>\n<td>\u25cb\u25cb\u00d7\u25cb<\/td>\n<td>\u25cb\u25cb\u00d7\u25cb<\/td>\n<td>\u25cb\u25cb\u25cb\u25cb<\/td>\n<td>\u25cb\u25cb\u25cb\u00d7<\/td>\n<td>\u25cb\u25cb\u25cb\u00d7<\/td>\n<td colspan=\"2\">16<\/td>\n<td rowspan=\"6\">58<\/td>\n<\/tr>\n<tr>\n<td>\u68ee\u5c71\u3000\u8309\u512a\uff08\u4e00\uff09<\/td>\n<td>\u25cb\u25cb\u00d7\u25cb<\/td>\n<td>\u00d7\u00d7\u25cb\u25cb<\/td>\n<td>\u00d7\u00d7\u25cb\u25cb<\/td>\n<td>\u25cb\u25cb\u25cb\u25cb<\/td>\n<td colspan=\"1\">\u25cb\u00d7\u25cb\u25cb<\/td>\n<td colspan=\"2\">14<\/td>\n<\/tr>\n<tr>\n<td>\u677e\u5c71\u3000\u7d75\u672a\u90a3\uff08\u4e00\uff09<\/td>\n<td>\u25cb\u25cb\u00d7\u25cb<\/td>\n<td>\u25cb\u25cb\u25cb\u00d7<\/td>\n<td>\u25cb\u25cb\u25cb\u25cb<\/td>\n<td>\u25cb\u00d7\u25cb\u00d7<\/td>\n<td colspan=\"1\">\u00d7\u00d7\u25cb\u25cb<\/td>\n<td colspan=\"2\">14<\/td>\n<\/tr>\n<tr>\n<td>\u4e2d\u6751\u3000\u7460\u8863\uff08\u56db\uff09<\/td>\n<td>\u25cb\u25cb\u00d7\u25cb<\/td>\n<td>\u25cb\u25cb\u25cb\u25cb<\/td>\n<td>\u25cb\u25cb\u00d7\u00d7<\/td>\n<td>\u25cb\u25cb\u25cb\u25cb<\/td>\n<td colspan=\"1\">\u00d7\u00d7\u25cb\u00d7<\/td>\n<td colspan=\"2\">14<\/td>\n<\/tr>\n<\/tbody>\n<\/table>\n<p>&nbsp;<\/p>\n<hr size=\"1\" width=\"70%\" \/>\n<p><span style=\"font-size: x-large;\"><br \/>\n<b>9\u670811\u65e5\uff08\u6728\uff09\u3000\u30ea\u30fc\u30b0\u6226\u7df4\u7fd2\u8a66\u5408\u3000\u5bfe\uff1a\u5927\u962a\u7d4c\u6e08\u5927\u5b66\u3000\u65bc\uff1a\u5927\u962a\u7d4c\u6e08\u5927\u5b66<\/b><br \/>\n<\/span><\/p>\n<hr size=\"1\" width=\"70%\" \/>\n<p>\u5148\u653b\u3000\u5927\u962a\u7d4c\u6e08\u5927\u5b6662\u4e2d\u3000\u5f8c\u653b\u3000\u4eac\u90fd\u6a58\u5927\u5b6659\u4e2d<\/p>\n<table border=\"1\">\n<tbody>\n<tr>\n<td>\u6d45\u91ce\u3000\u91cc\u6c5f\u3000\uff08\u4e09\uff09<\/td>\n<td>\u25cb\u00d7\u00d7\u25cb<\/td>\n<td>\u25cb\u25cb\u25cb\u25cb<\/td>\n<td>\u25cb\u25cb\u25cb\u25cb<\/td>\n<td>\u25cb\u25cb\u25cb\u25cb<\/td>\n<td>\u25cb\u25cb\u00d7\u00d7<\/td>\n<td colspan=\"2\">16<\/td>\n<td rowspan=\"6\">59<\/td>\n<\/tr>\n<tr>\n<td>\u68ee\u5c71\u3000\u8309\u512a\uff08\u4e00\uff09<\/td>\n<td>\u25cb\u25cb\u25cb\u25cb<\/td>\n<td>\u00d7\u00d7\u25cb\u25cb<\/td>\n<td>\u25cb\u25cb\u25cb\u25cb<\/td>\n<td>\u00d7\u25cb\u00d7\u25cb<\/td>\n<td>\u25cb\u25cb\u25cb\u25cb<\/td>\n<td colspan=\"2\">16<\/td>\n<\/tr>\n<tr>\n<td>\u677e\u5c71\u3000\u7d75\u672a\u90a3\uff08\u4e00\uff09<\/td>\n<td>\u25cb\u25cb\u25cb\u00d7<\/td>\n<td>\u25cb\u25cb\u25cb\u25cb<\/td>\n<td>\u25cb\u00d7\u00d7\u25cb<\/td>\n<td>\u00d7\u25cb\u25cb\u25cb<\/td>\n<td>\u25cb\u25cb\u25cb\u25cb<\/td>\n<td colspan=\"2\">16<\/td>\n<\/tr>\n<tr>\n<td>\u83c5\u6cbc\u3000\u590f\u5e0c\u3000\uff08\u4e09\uff09<\/td>\n<td>\u25cb\u00d7\u00d7\u00d7<\/td>\n<td>\u25cb\u25cb\u25cb\u00d7<\/td>\n<td>\u00d7\u25cb\u25cb\u00d7<\/td>\n<td>\u25cb\u25cb\u25cb\u00d7<\/td>\n<td>\u25cb\u00d7\u25cb\u00d7<\/td>\n<td colspan=\"2\">11<\/td>\n<\/tr>\n<\/tbody>\n<\/table>\n<p>&nbsp;<\/p>\n<hr size=\"1\" width=\"70%\" \/>\n<p><span style=\"font-size: x-large;\"><br \/>\n<b>9\u670814\u65e5\uff08\u65e5\uff09\u3000\u30ea\u30fc\u30b0\u6226\u7df4\u7fd2\u8a66\u5408\u3000\u5bfe\uff1a\u7acb\u547d\u9928\u5927\u5b66\u3000\u65bc\uff1a\u7acb\u547d\u9928\u5927\u5b66<\/b><br \/>\n<\/span><br \/>\n\u5148\u653b\u3000\u7acb\u547d\u9928\u5927\u5b6665\u4e2d\u3000\u5f8c\u653b\u3000\u4eac\u90fd\u6a58\u5927\u5b6655\u4e2d<br \/>\n\u5148\u653b\u3000\u4eac\u90fd\u6a58\u5927\u5b6647\u4e2d\u3000\u5f8c\u653b\u3000\u7acb\u547d\u9928\u5927\u5b6658\u4e2d<\/p>\n<div>\n<table border=\"1\">\n<tbody>\n<tr>\n<td>\u6d45\u91ce\u3000\u91cc\u6c5f\uff08\u4e09\uff09<\/td>\n<td>\u25cb\u00d7\u00d7\u25cb<\/td>\n<td>\u25cb\u25cb\u25cb\u25cb<\/td>\n<td>\u25cb\u25cb\u25cb\u25cb<\/td>\n<td>\u25cb\u25cb\u25cb\u25cb<\/td>\n<td>\u25cb\u25cb\u25cb\u00d7<\/td>\n<td colspan=\"2\">17<\/td>\n<td rowspan=\"6\">55<\/td>\n<\/tr>\n<tr>\n<td>\u83c5\u6cbc\u3000\u590f\u5e0c\uff08\u4e09\uff09<\/td>\n<td>\u00d7\u00d7\u25cb\u00d7<\/td>\n<td>\u00d7\u00d7\u00d7\u25cb<\/td>\n<td>\u25cb\u25cb\u25cb\u00d7<\/td>\n<td>\u00d7\u00d7\u25cb\u25cb<\/td>\n<td colspan=\"1\">\u00d7\u25cb\u25cb\u25cb<\/td>\n<td colspan=\"2\">10<\/td>\n<\/tr>\n<tr>\n<td>\u677e\u5c71\u3000\u7d75\u672a\u90a3\uff08\u4e00\uff09<\/td>\n<td>\u25cb\u25cb\u00d7\u00d7<\/td>\n<td>\u25cb\u00d7\u25cb\u00d7<\/td>\n<td>\u00d7\u25cb\u00d7\u25cb<\/td>\n<td>\u25cb\u00d7\u25cb\u25cb<\/td>\n<td colspan=\"1\">\u25cb\u25cb\u25cb\u25cb<\/td>\n<td colspan=\"2\">10<\/td>\n<\/tr>\n<tr>\n<td>\u4e2d\u6751\u3000\u7460\u8863\uff08\u56db\uff09<\/td>\n<td>\u25cb\u00d7\u25cb\u25cb<\/td>\n<td>\u25cb\u25cb\u25cb\u00d7<\/td>\n<td>\u25cb\u00d7\u25cb\u00d7<\/td>\n<td>\u25cb\u25cb\u25cb\u25cb<\/td>\n<td colspan=\"1\">\u25cb\u25cb\u00d7\u25cb<\/td>\n<td colspan=\"2\">15<\/td>\n<\/tr>\n<\/tbody>\n<\/table>\n<\/div>\n<div>\n<table border=\"1\">\n<tbody>\n<tr>\n<td>\u8336\u6728\u3000\u8475\uff08\u4e00\uff09<\/td>\n<td>\u25cb\u25cb\u25cb\u25cb<\/td>\n<td>\u25cb\u00d7\u00d7\u00d7<\/td>\n<td>\u00d7\u25cb\u25cb\u00d7<\/td>\n<td>\u00d7\u00d7\u00d7\u25cb<\/td>\n<td>\u25cb\u00d7\u25cb\u00d7<\/td>\n<td colspan=\"2\">10<\/td>\n<td rowspan=\"6\">47<\/td>\n<\/tr>\n<tr>\n<td>\u548c\u7530\u3000\u771f\u5f13\uff08\u4e00\uff09<\/td>\n<td>\u00d7\u00d7\u00d7\u00d7<\/td>\n<td>\u25cb\u25cb\u25cb\u25cb<\/td>\n<td>\u25cb\u00d7\u25cb\u25cb<\/td>\n<td>\u25cb\u25cb\u00d7\u00d7<\/td>\n<td colspan=\"1\">\u25cb\u00d7\u25cb\u00d7<\/td>\n<td colspan=\"2\">11<\/td>\n<\/tr>\n<tr>\n<td>\u6d45\u91ce\u3000\u91cc\u6c5f\uff08\u4e09\uff09<\/td>\n<td>\u25cb\u25cb\u25cb\u25cb<\/td>\n<td>\u25cb\u25cb\u00d7\u25cb<\/td>\n<td>\u25cb\u25cb\u25cb\u00d7<\/td>\n<td>\u00d7\u25cb\u25cb\u25cb<\/td>\n<td colspan=\"1\">\u00d7\u25cb\u00d7\u25cb<\/td>\n<td colspan=\"2\">15<\/td>\n<\/tr>\n<tr>\n<td>\u68ee\u5c71\u3000\u8309\u512a\uff08\u4e00\uff09<\/td>\n<td>\u25cb\u25cb\u25cb\u00d7<\/td>\n<td>\u25cb\u25cb\u25cb\u00d7<\/td>\n<td>\u00d7\u00d7\u00d7\u25cb<\/td>\n<td>\u00d7\u00d7\u25cb\u00d7<\/td>\n<td colspan=\"1\">\u00d7\u25cb\u25cb\u25cb<\/td>\n<td colspan=\"2\">14<\/td>\n<\/tr>\n<\/tbody>\n<\/table>\n<\/div>\n<p><span style=\"font-size: x-large;\"><br \/>\n<b>9\u670817\u65e5\uff08\u6c34\uff09\u3000\u30ea\u30fc\u30b0\u6226\u7df4\u7fd2\u8a66\u5408\u3000\u5bfe\uff1a\u95a2\u897f\u5927\u5b66\u3000\u65bc\uff1a\u4eac\u90fd\u6a58\u5927\u5b66<\/b><br \/>\n<\/span><br \/>\n\u5148\u653b\u3000\u95a2\u897f\u5927\u5b6660\u4e2d\u3000\u5f8c\u653b\u3000\u4eac\u90fd\u6a58\u5927\u5b6644\u4e2d<br \/>\n\u5148\u653b\u3000\u4eac\u90fd\u6a58\u5927\u5b6658\u4e2d\u3000\u5f8c\u653b\u3000\u95a2\u897f\u5927\u5b6648\u4e2d<\/p>\n<div>\n<table border=\"1\">\n<tbody>\n<tr>\n<td>\u8336\u6728\u3000\u8475\uff08\u4e00\uff09<\/td>\n<td>\u00d7\u00d7\u00d7\u00d7<\/td>\n<td>\u00d7\u00d7\u00d7\u00d7<\/td>\n<td>\u25cb\u00d7\u00d7\u25cb<\/td>\n<td>\u00d7\u00d7\u00d7\u00d7<\/td>\n<td>\u25cb\u00d7\u00d7\u25cb<\/td>\n<td colspan=\"2\">4<\/td>\n<td rowspan=\"6\">44<\/td>\n<\/tr>\n<tr>\n<td>\u548c\u7530\u3000\u771f\u5f13\uff08\u4e00\uff09<\/td>\n<td>\u00d7\u00d7\u00d7\u00d7<\/td>\n<td>\u25cb\u25cb\u00d7\u25cb<\/td>\n<td>\u25cb\u00d7\u25cb\u00d7<\/td>\n<td>\u00d7\u25cb\u25cb\u25cb<\/td>\n<td colspan=\"1\">\u00d7\u25cb\u00d7\u00d7<\/td>\n<td colspan=\"2\">9<\/td>\n<\/tr>\n<tr>\n<td>\u677e\u5c71\u3000\u7d75\u672a\u90a3\uff08\u4e00\uff09<\/td>\n<td>\u25cb\u25cb\u25cb\u25cb<\/td>\n<td>\u25cb\u25cb\u25cb\u00d7<\/td>\n<td>\u25cb\u25cb\u25cb\u00d7<\/td>\n<td>\u25cb\u25cb\u25cb\u25cb<\/td>\n<td colspan=\"1\">\u25cb\u25cb\u25cb\u00d7<\/td>\n<td colspan=\"2\">17<\/td>\n<\/tr>\n<tr>\n<td>\u4e2d\u6751\u3000\u7460\u8863\uff08\u56db\uff09<\/td>\n<td>\u25cb\u25cb\u25cb\u00d7<\/td>\n<td>\u25cb\u00d7\u25cb\u25cb<\/td>\n<td>\u25cb\u00d7\u25cb\u00d7<\/td>\n<td>\u25cb\u25cb\u25cb\u00d7<\/td>\n<td colspan=\"1\">\u00d7\u25cb\u25cb\u25cb<\/td>\n<td colspan=\"2\">14<\/td>\n<\/tr>\n<\/tbody>\n<\/table>\n<\/div>\n<div>\n<table border=\"1\">\n<tbody>\n<tr>\n<td>\u68ee\u5c71\u3000\u8309\u512a\uff08\u4e00\uff09<\/td>\n<td>\u00d7\u00d7\u25cb\u00d7<\/td>\n<td>\u00d7\u25cb\u00d7\u25cb<\/td>\n<td>\u00d7\u00d7\u25cb\u00d7<\/td>\n<td>\u25cb\u00d7\u25cb\u25cb<\/td>\n<td>\u25cb\u25cb\u25cb\u25cb<\/td>\n<td colspan=\"2\">11<\/td>\n<td rowspan=\"6\">58<\/td>\n<\/tr>\n<tr>\n<td>\u548c\u7530\u3000\u771f\u5f13\uff08\u4e00\uff09<\/td>\n<td>\u25cb\u00d7\u25cb\u25cb<\/td>\n<td>\u25cb\u25cb\u25cb\u00d7<\/td>\n<td>\u25cb\u25cb\u25cb\u25cb<\/td>\n<td>\u25cb\u25cb\u25cb\u25cb<\/td>\n<td colspan=\"1\">\u25cb\u00d7\u25cb\u25cb<\/td>\n<td colspan=\"2\">17<\/td>\n<\/tr>\n<tr>\n<td>\u677e\u5c71\u3000\u7d75\u672a\u90a3\uff08\u4e00\uff09<\/td>\n<td>\u25cb\u25cb\u00d7\u25cb<\/td>\n<td>\u25cb\u25cb\u25cb\u25cb<\/td>\n<td>\u25cb\u25cb\u00d7\u25cb<\/td>\n<td>\u25cb\u00d7\u25cb\u25cb<\/td>\n<td colspan=\"1\">\u25cb\u25cb\u25cb\u25cb<\/td>\n<td colspan=\"2\">13<\/td>\n<\/tr>\n<tr>\n<td>\u83c5\u6cbc\u3000\u590f\u5e0c\uff08\u4e09\uff09<\/td>\n<td>\u25cb\u25cb\u25cb\u25cb<\/td>\n<td>\u00d7\u25cb\u25cb\u25cb<\/td>\n<td>\u00d7\u25cb\u00d7\u00d7<\/td>\n<td>\u25cb\u25cb\u00d7\u25cb<\/td>\n<td colspan=\"1\">\u00d7\u25cb\u00d7\u25cb<\/td>\n<td colspan=\"2\">13<\/td>\n<\/tr>\n<\/tbody>\n<\/table>\n<\/div>\n","protected":false},"excerpt":{"rendered":"<p>&nbsp; &nbsp; 6\u670822\u65e5\uff08\u65e5\uff09\u3000\u30ea\u30fc\u30b0\u6226\u7df4\u7fd2\u8a66\u5408\u3000\u5bfe\uff1a\u5927\u962a\u5e02\u7acb\u5927\u5b66\u3000\u65bc\uff1a\u5927\u962a\u5e02\u7acb\u5927\u5b66 \u5148\u653b\u3000\u5927\u962a\u5e02\u7acb\u5927\u5b6635\u4e2d\u3000\u5f8c\u653b\u3000\u4eac\u90fd\u6a58\u5927\u5b6665\u4e2d \u8336\u6728\u3000\u8475\uff08\u4e00\uff09 \u25cb\u25cb\u25cb\u00d7 \u25cb\u25cb\u25cb\u25cb \u25cb\u00d7\u00d7\u25cb \u25cb\u25cb\u25cb\u25cb \u00d7\u25cb\u25cb\u25cb 16 &hellip; <a href=\"https:\/\/cai6.tachibana-u.ac.jp\/kyudo\/?page_id=1111\" class=\"more-link\">\u7d9a\u304d\u3092\u8aad\u3080 <span class=\"screen-reader-text\">\u7df4\u7fd2\u8a66\u5408\uff08\u5973\u5b50\uff09<\/span> <span class=\"meta-nav\">&rarr;<\/span><\/a><\/p>\n","protected":false},"author":1,"featured_media":0,"parent":581,"menu_order":4,"comment_status":"closed","ping_status":"open","template":"","meta":{"footnotes":""},"class_list":["post-1111","page","type-page","status-publish","hentry"],"_links":{"self":[{"href":"https:\/\/cai6.tachibana-u.ac.jp\/kyudo\/index.php?rest_route=\/wp\/v2\/pages\/1111","targetHints":{"allow":["GET"]}}],"collection":[{"href":"https:\/\/cai6.tachibana-u.ac.jp\/kyudo\/index.php?rest_route=\/wp\/v2\/pages"}],"about":[{"href":"https:\/\/cai6.tachibana-u.ac.jp\/kyudo\/index.php?rest_route=\/wp\/v2\/types\/page"}],"author":[{"embeddable":true,"href":"https:\/\/cai6.tachibana-u.ac.jp\/kyudo\/index.php?rest_route=\/wp\/v2\/users\/1"}],"replies":[{"embeddable":true,"href":"https:\/\/cai6.tachibana-u.ac.jp\/kyudo\/index.php?rest_route=%2Fwp%2Fv2%2Fcomments&post=1111"}],"version-history":[{"count":15,"href":"https:\/\/cai6.tachibana-u.ac.jp\/kyudo\/index.php?rest_route=\/wp\/v2\/pages\/1111\/revisions"}],"predecessor-version":[{"id":1472,"href":"https:\/\/cai6.tachibana-u.ac.jp\/kyudo\/index.php?rest_route=\/wp\/v2\/pages\/1111\/revisions\/1472"}],"up":[{"embeddable":true,"href":"https:\/\/cai6.tachibana-u.ac.jp\/kyudo\/index.php?rest_route=\/wp\/v2\/pages\/581"}],"wp:attachment":[{"href":"https:\/\/cai6.tachibana-u.ac.jp\/kyudo\/index.php?rest_route=%2Fwp%2Fv2%2Fmedia&parent=1111"}],"curies":[{"name":"wp","href":"https:\/\/api.w.org\/{rel}","templated":true}]}}