{"id":1109,"date":"2016-07-12T16:52:07","date_gmt":"2016-07-12T07:52:07","guid":{"rendered":"https:\/\/cai6.tachibana-u.ac.jp\/kyudo\/?page_id=1109"},"modified":"2016-07-22T15:27:59","modified_gmt":"2016-07-22T06:27:59","slug":"%e3%83%aa%e3%83%bc%e3%82%b0%e6%88%a6%ef%bc%88%e7%94%b7%e5%ad%90%ef%bc%89","status":"publish","type":"page","link":"https:\/\/cai6.tachibana-u.ac.jp\/kyudo\/?page_id=1109","title":{"rendered":"\u30ea\u30fc\u30b0\u6226\uff08\u7537\u5b50\uff09"},"content":{"rendered":"<hr color=\"#663300\" width=\"70%\" size=1>\n<font size=5><br \/>\n<b>9\u670814\u65e5\uff08\u65e5\uff09\u3000\u30ea\u30fc\u30b0\u6226 \u7b2c\u4e00\u6226\u3000\u5bfe\uff1a\u8fd1\u757f\u5927\u5b66\u3000\u65bc\uff1a\u4eac\u90fd\u6a58\u5927\u5b66<\/b><br \/>\n<\/font><\/p>\n<hr color=\"#663300\" width=\"70%\" size=1>\n<p>\n\u5148\u653b\u3000\u8fd1\u757f\u5927\u5b66123\u4e2d\u3000\u5f8c\u653b\u3000\u4eac\u90fd\u6a58\u5927\u5b66117\u4e2d<br \/>\n<\/p>\n<table border=\"1\" bordercolor=\"#663300\">\n<tr>\n<td>\n\u5cf6\u672c\u3000\u3000\u6dbc\uff08\u4e00\uff09\n<\/td>\n<td>\u25cb\u25cb\u25cb\u00d7<\/td>\n<td>\u25cb\u25cb\u25cb\u25cb<\/td>\n<td>\u25cb\u25cb\u25cb\u25cb<\/td>\n<td>\u00d7\u25cb\u25cb\u25cb<\/td>\n<td>\u25cb\u00d7\u25cb\u25cb<\/td>\n<td colspan=\"2\">17<\/td>\n<td rowspan=\"6\">55<\/td>\n<\/tr>\n<tr>\n<td>\n\u9577\u8c37\u5ddd\u3000\u4f38\u609f\uff08\u4e00\uff09\n<\/td>\n<td>\u00d7\u25cb\u00d7\u00d7<\/td>\n<td>\u25cb\u25cb\u25cb\u25cb<\/td>\n<td>\u25cb\u25cb\u25cb\u25cb<\/td>\n<td>\u25cb\u25cb\u25cb\u25cb<\/td>\n<td>\u25cb\u25cb\u00d7\u25cb<\/td>\n<td colspan=\"2\">16<\/td>\n<\/tr>\n<tr>\n<td>\n\u5927\u585a\u3000\u3000\u7fd4\u5e73\uff08\u4e09\uff09\n<\/td>\n<td>\u00d7\u00d7\u25cb\u25cb<\/td>\n<td>\u25cb\u25cb\u00d7\u00d7<\/td>\n<td>\u00d7\u25cb\u25cb\u25cb<\/td>\n<td>\u00d7\u25cb\u25cb\u00d7<\/td>\n<td>\u25cb\u25cb\u00d7\u00d7<\/td>\n<td colspan=\"2\">11<\/td>\n<\/tr>\n<tr>\n<td>\n\u798f\u4e95\u3000\u3000\u4f36\uff08\u56db\uff09\n<\/td>\n<td>\u00d7\u00d7\u25cb\u25cb<\/td>\n<td>\u00d7\u00d7\u25cb\u25cb<\/td>\n<td>\u25cb\u00d7\u25cb\u25cb<\/td>\n<td>\u00d7\u25cb\u00d7\u25cb<\/td>\n<td>\u00d7\u25cb\u00d7\u25cb<\/td>\n<td colspan=\"2\">11<\/td>\n<\/tr>\n<\/table>\n<table border=\"1\" bordercolor=\"#663300\">\n<tr>\n<td>\n\u6797\u3000\u3000\u6cf0\u4f51\uff08\u4e8c\uff09\n<\/td>\n<td>\u25cb\u25cb\u25cb\u00d7<\/td>\n<td>\u25cb\u25cb\u25cb\u25cb<\/td>\n<td>\u25cb\u25cb\u25cb\u25cb<\/td>\n<td>\u00d7\u25cb\u25cb\u25cb<\/td>\n<td>\u25cb\u25cb\u25cb\u25cb<\/td>\n<td colspan=\"2\">18<\/td>\n<td rowspan=\"6\">62<\/td>\n<\/tr>\n<td>\n\u5c0f\u5009\u3000\u50da\u4ecb (\u4e00)\n<\/td>\n<td>\u25cb\u00d7\u25cb\u00d7<\/td>\n<td>\u00d7\u25cb\u25cb\u25cb<\/td>\n<td>\u00d7\u00d7\u00d7\u00d7<\/td>\n<td>\u25cb\u25cb\u25cb\u25cb<\/td>\n<td>\u25cb\u25cb\u25cb\u25cb<\/td>\n<td colspan=\"2\">13<\/td>\n<\/tr>\n<tr>\n<td>\n\u5927\u91ce\u3000\u529f\u8cb4 (\u4e8c)\n<\/td>\n<td>\u25cb\u25cb\u25cb\u25cb<\/td>\n<td>\u25cb\u25cb\u25cb\u25cb<\/td>\n<td>\u25cb\u25cb\u00d7\u25cb<\/td>\n<td>\u25cb\u25cb\u25cb\u25cb<\/td>\n<td>\u25cb\u00d7\u25cb\u25cb<\/td>\n<td colspan=\"2\">18<\/td>\n<\/tr>\n<tr>\n<td>\n\u4e0b\u53f8\u3000\u60c7\u592a\uff08\u4e8c\uff09\n<\/td>\n<td>\u00d7\u25cb\u25cb\u25cb<\/td>\n<td>\u00d7\u00d7\u25cb\u00d7<\/td>\n<td>\u25cb\u00d7\u25cb\u25cb<\/td>\n<td>\u25cb\u25cb\u25cb\u25cb<\/td>\n<td>\u25cb\u00d7\u00d7\u25cb<\/td>\n<td colspan=\"2\">13<\/td>\n<\/tr>\n<\/table>\n<p><hr color=\"#663300\" width=\"70%\" size=1>\n<font size=5><br \/>\n<b>9\u670821\u65e5\uff08\u65e5\uff09\u3000\u30ea\u30fc\u30b0\u6226 \u7b2c\u4e8c\u6226\u3000\u5bfe\uff1a\u9f8d\u8c37\u5927\u5b66\u3000\u65bc\uff1a\u4eac\u90fd\u6a58\u5927\u5b66<\/b><br \/>\n<\/font><\/p>\n<hr color=\"#663300\" width=\"70%\" size=1>\n<p>\n\u5148\u653b\u3000\u9f8d\u8c37\u5927\u5b6695\u4e2d\u3000\u5f8c\u653b\u3000\u4eac\u90fd\u6a58\u5927\u5b66121\u4e2d<br \/>\n<\/p>\n<table border=\"1\" bordercolor=\"#663300\">\n<tr>\n<td>\n\u5cf6\u672c\u3000\u3000\u6dbc\uff08\u4e00\uff09\n<\/td>\n<td>\u25cb\u25cb\u00d7\u25cb<\/td>\n<td>\u25cb\u25cb\u25cb\u25cb<\/td>\n<td>\u00d7\u25cb\u00d7\u25cb<\/td>\n<td>\u00d7\u25cb\u25cb\u25cb<\/td>\n<td>\u00d7\u00d7\u25cb\u25cb<\/td>\n<td colspan=\"2\">14<\/td>\n<td rowspan=\"6\">55<\/td>\n<\/tr>\n<tr>\n<td>\n\u9577\u8c37\u5ddd\u3000\u4f38\u609f\uff08\u4e00\uff09\n<\/td>\n<td>\u25cb\u25cb\u25cb\u00d7<\/td>\n<td>\u25cb\u25cb\u25cb\u25cb<\/td>\n<td>\u25cb\u25cb\u25cb\u25cb<\/td>\n<td>\u25cb\u25cb\u25cb\u25cb<\/td>\n<td>\u25cb\u25cb\u25cb\u25cb<\/td>\n<td colspan=\"2\">19<\/td>\n<\/tr>\n<tr>\n<td>\n\u5b89\u4e95\u3000\u3000\u826f\u7950\uff08\u4e8c\uff09\n<\/td>\n<td>\u00d7\u25cb\u25cb\u25cb<\/td>\n<td>\u25cb\u00d7\u00d7\u25cb<\/td>\n<td>\u00d7\u00d7\u00d7\u25cb<\/td>\n<td>\u00d7\u25cb\u00d7\u00d7<\/td>\n<td><font size=\"1\">\u5927<br \/>\u585a<\/font>\u00d7\u25cb\u00d7\u25cb<\/td>\n<td colspan=\"2\">9<\/td>\n<\/tr>\n<tr>\n<td>\n\u798f\u4e95\u3000\u3000\u4f36\uff08\u56db\uff09\n<\/td>\n<td>\u00d7\u25cb\u25cb\u25cb<\/td>\n<td>\u00d7\u25cb\u25cb\u25cb<\/td>\n<td>\u00d7\u00d7\u00d7\u25cb<\/td>\n<td>\u00d7\u25cb\u25cb\u25cb<\/td>\n<td>\u00d7\u25cb\u25cb\u25cb<\/td>\n<td colspan=\"2\">13<\/td>\n<\/tr>\n<\/table>\n<table border=\"1\" bordercolor=\"#663300\">\n<tr>\n<td>\n\u6797\u3000\u3000\u6cf0\u4f51\uff08\u4e8c\uff09\n<\/td>\n<td>\u25cb\u25cb\u25cb\u25cb<\/td>\n<td>\u25cb\u25cb\u25cb\u25cb<\/td>\n<td>\u25cb\u25cb\u25cb\u25cb<\/td>\n<td>\u25cb\u00d7\u25cb\u25cb<\/td>\n<td>\u25cb\u25cb\u25cb\u25cb<\/td>\n<td colspan=\"2\">19<\/td>\n<td rowspan=\"6\">66<\/td>\n<\/tr>\n<td>\n\u5c0f\u5009\u3000\u50da\u4ecb (\u4e00)\n<\/td>\n<td>\u25cb\u00d7\u25cb\u25cb<\/td>\n<td>\u25cb\u25cb\u25cb\u25cb<\/td>\n<td>\u25cb\u25cb\u00d7\u25cb<\/td>\n<td>\u00d7\u25cb\u25cb\u25cb<\/td>\n<td>\u25cb\u25cb\u25cb\u25cb<\/td>\n<td colspan=\"2\">17<\/td>\n<\/tr>\n<tr>\n<td>\n\u5927\u91ce\u3000\u529f\u8cb4 (\u4e8c)\n<\/td>\n<td>\u25cb\u25cb\u00d7\u00d7<\/td>\n<td>\u25cb\u25cb\u25cb\u25cb<\/td>\n<td>\u00d7\u25cb\u25cb\u25cb<\/td>\n<td>\u25cb\u00d7\u25cb\u00d7<\/td>\n<td>\u25cb\u25cb\u00d7\u25cb<\/td>\n<td colspan=\"2\">14<\/td>\n<\/tr>\n<tr>\n<td>\n\u4e0b\u53f8\u3000\u60c7\u592a\uff08\u4e8c\uff09\n<\/td>\n<td>\u00d7\u25cb\u00d7\u25cb<\/td>\n<td>\u25cb\u25cb\u25cb\u25cb<\/td>\n<td>\u00d7\u25cb\u25cb\u25cb<\/td>\n<td>\u25cb\u25cb\u25cb\u00d7<\/td>\n<td>\u25cb\u25cb\u25cb\u25cb<\/td>\n<td colspan=\"2\">16<\/td>\n<\/tr>\n<\/table>\n<p><hr color=\"#663300\" width=\"70%\" size=1>\n<font size=5><br \/>\n<b>10\u67085\u65e5\uff08\u65e5\uff09\u3000\u30ea\u30fc\u30b0\u6226 \u7b2c\u4e09\u6226\u3000\u5bfe\uff1a\u6843\u5c71\u5b66\u9662\u5927\u5b66\u3000\u65bc\uff1a\u6843\u5c71\u5b66\u9662\u5927\u5b66<\/b><br \/>\n<\/font><\/p>\n<hr color=\"#663300\" width=\"70%\" size=1>\n<p>\n\u5148\u653b\u3000\u4eac\u90fd\u6a58\u5927\u5b66127\u4e2d\u3000\u5f8c\u653b\u3000\u6843\u5c71\u5b66\u9662\u5927\u5b66104\u4e2d<br \/>\n<\/p>\n<table border=\"1\" bordercolor=\"#663300\">\n<tr>\n<td>\n\u5cf6\u672c\u3000\u3000\u6dbc\uff08\u4e00\uff09\n<\/td>\n<td>\u25cb\u25cb\u25cb\u25cb<\/td>\n<td>\u25cb\u25cb\u25cb\u25cb<\/td>\n<td>\u00d7\u00d7\u00d7\u25cb<\/td>\n<td>\u25cb\u25cb\u25cb\u25cb<\/td>\n<td>\u25cb\u25cb\u25cb\u00d7<\/td>\n<td colspan=\"2\">16<\/td>\n<td rowspan=\"6\">59<\/td>\n<\/tr>\n<tr>\n<td>\n\u9577\u8c37\u5ddd\u3000\u4f38\u609f\uff08\u4e00\uff09\n<\/td>\n<td>\u25cb\u25cb\u25cb\u25cb<\/td>\n<td>\u25cb\u00d7\u00d7\u25cb<\/td>\n<td>\u00d7\u25cb\u25cb\u00d7<\/td>\n<td>\u25cb\u25cb\u25cb\u25cb<\/td>\n<td>\u00d7\u25cb\u25cb\u25cb<\/td>\n<td colspan=\"2\">15<\/td>\n<\/tr>\n<tr>\n<td>\n\u5927\u585a\u3000\u3000\u7fd4\u5e73\uff08\u4e09\uff09\n<\/td>\n<td>\u00d7\u25cb\u25cb\u00d7<\/td>\n<td>\u25cb\u00d7\u00d7\u25cb<\/td>\n<td>\u25cb\u25cb\u25cb\u00d7<\/td>\n<td>\u00d7\u25cb\u25cb\u00d7<\/td>\n<td>\u00d7\u25cb\u25cb\u00d7<\/td>\n<td colspan=\"2\">11<\/td>\n<\/tr>\n<tr>\n<td>\n\u798f\u4e95\u3000\u3000\u4f36\uff08\u56db\uff09\n<\/td>\n<td>\u25cb\u25cb\u00d7\u25cb<\/td>\n<td>\u00d7\u25cb\u25cb\u25cb<\/td>\n<td>\u25cb\u25cb\u25cb\u25cb<\/td>\n<td>\u25cb\u25cb\u25cb\u25cb<\/td>\n<td>\u25cb\u25cb\u25cb\u00d7<\/td>\n<td colspan=\"2\">17<\/td>\n<\/tr>\n<\/table>\n<table border=\"1\" bordercolor=\"#663300\">\n<tr>\n<td>\n\u6797\u3000\u3000\u6cf0\u4f51\uff08\u4e8c\uff09\n<\/td>\n<td>\u25cb\u25cb\u25cb\u00d7<\/td>\n<td>\u25cb\u25cb\u25cb\u25cb<\/td>\n<td>\u25cb\u25cb\u25cb\u00d7<\/td>\n<td>\u25cb\u25cb\u25cb\u25cb<\/td>\n<td>\u25cb\u25cb\u25cb\u25cb<\/td>\n<td colspan=\"2\">18<\/td>\n<td rowspan=\"6\">68<\/td>\n<\/tr>\n<td>\n\u5c0f\u5009\u3000\u50da\u4ecb (\u4e00)\n<\/td>\n<td>\u25cb\u25cb\u25cb\u25cb<\/td>\n<td>\u25cb\u25cb\u25cb\u25cb<\/td>\n<td>\u25cb\u25cb\u25cb\u00d7<\/td>\n<td>\u00d7\u00d7\u25cb\u25cb<\/td>\n<td>\u25cb\u00d7\u25cb\u25cb<\/td>\n<td colspan=\"2\">16<\/td>\n<\/tr>\n<tr>\n<td>\n\u5927\u91ce\u3000\u529f\u8cb4 (\u4e8c)\n<\/td>\n<td>\u25cb\u25cb\u25cb\u00d7<\/td>\n<td>\u25cb\u25cb\u25cb\u25cb<\/td>\n<td>\u25cb\u00d7\u00d7\u25cb<\/td>\n<td>\u25cb\u25cb\u25cb\u25cb<\/td>\n<td>\u25cb\u25cb\u25cb\u25cb<\/td>\n<td colspan=\"2\">17<\/td>\n<\/tr>\n<tr>\n<td>\n\u4e0b\u53f8\u3000\u60c7\u592a\uff08\u4e8c\uff09\n<\/td>\n<td>\u25cb\u25cb\u00d7\u25cb<\/td>\n<td>\u25cb\u25cb\u25cb\u25cb<\/td>\n<td>\u25cb\u25cb\u25cb\u00d7<\/td>\n<td>\u25cb\u25cb\u25cb\u25cb<\/td>\n<td>\u00d7\u25cb\u25cb\u25cb<\/td>\n<td colspan=\"2\">17<\/td>\n<\/tr>\n<\/table>\n<p><hr color=\"#663300\" width=\"70%\" size=1>\n<font size=5><br \/>\n<b>10\u6708\u65e512\uff08\u65e5\uff09\u3000\u30ea\u30fc\u30b0\u6226 \u7b2c\u56db\u6226\u3000\u5bfe\uff1a\u5927\u962a\u5927\u5b66\u3000\u65bc\uff1a\u5927\u962a\u5927\u5b66<\/b><br \/>\n<\/font><\/p>\n<hr color=\"#663300\" width=\"70%\" size=1>\n<p>\n\u5148\u653b\u3000\u4eac\u90fd\u6a58\u5927\u5b66127\u4e2d\u3000\u5f8c\u653b\u3000\u5927\u962a\u5927\u5b66114\u4e2d<br \/>\n<\/p>\n<table border=\"1\" bordercolor=\"#663300\">\n<tr>\n<td>\n\u5cf6\u672c\u3000\u3000\u6dbc\uff08\u4e00\uff09\n<\/td>\n<td>\u25cb\u25cb\u25cb\u25cb<\/td>\n<td>\u25cb\u00d7\u00d7\u25cb<\/td>\n<td>\u25cb\u25cb\u25cb\u25cb<\/td>\n<td>\u25cb\u25cb\u00d7\u25cb<\/td>\n<td>\u25cb\u25cb\u25cb\u25cb<\/td>\n<td colspan=\"2\">17<\/td>\n<td rowspan=\"6\">62<\/td>\n<\/tr>\n<tr>\n<td>\n\u9577\u8c37\u5ddd\u3000\u4f38\u609f\uff08\u4e00\uff09\n<\/td>\n<td>\u25cb\u25cb\u25cb\u25cb<\/td>\n<td>\u25cb\u25cb\u25cb\u00d7<\/td>\n<td>\u25cb\u25cb\u25cb\u25cb<\/td>\n<td>\u25cb\u25cb\u25cb\u25cb<\/td>\n<td>\u25cb\u00d7\u25cb\u00d7<\/td>\n<td colspan=\"2\">17<\/td>\n<\/tr>\n<tr>\n<td>\n\u4eca\u7530\u3000\u3000\u58ee\u7950\uff08\u4e00\uff09\n<\/td>\n<td>\u25cb\u00d7\u25cb\u00d7<\/td>\n<td>\u25cb\u00d7\u25cb\u25cb<\/td>\n<td>\u25cb\u25cb\u25cb\u25cb<\/td>\n<td>\u00d7\u25cb\u25cb\u25cb<\/td>\n<td>\u00d7\u00d7\u00d7\u25cb<\/td>\n<td colspan=\"2\">13<\/td>\n<\/tr>\n<tr>\n<td>\n\u798f\u4e95\u3000\u3000\u4f36\uff08\u56db\uff09\n<\/td>\n<td>\u25cb\u00d7\u25cb\u25cb<\/td>\n<td>\u25cb\u25cb\u25cb\u25cb<\/td>\n<td>\u25cb\u00d7\u25cb\u00d7<\/td>\n<td>\u25cb\u25cb\u00d7\u25cb<\/td>\n<td>\u00d7\u25cb\u25cb\u25cb<\/td>\n<td colspan=\"2\">15<\/td>\n<\/tr>\n<\/table>\n<table border=\"1\" bordercolor=\"#663300\">\n<tr>\n<td>\n\u6797\u3000\u3000\u6cf0\u4f51\uff08\u4e8c\uff09\n<\/td>\n<td>\u25cb\u25cb\u25cb\u00d7<\/td>\n<td>\u25cb\u25cb\u25cb\u25cb<\/td>\n<td>\u25cb\u25cb\u25cb\u25cb<\/td>\n<td>\u25cb\u25cb\u25cb\u25cb<\/td>\n<td>\u00d7\u00d7\u25cb\u25cb<\/td>\n<td colspan=\"2\">17<\/td>\n<td rowspan=\"6\">65<\/td>\n<\/tr>\n<td>\n\u5c0f\u5009\u3000\u50da\u4ecb (\u4e00)\n<\/td>\n<td>\u00d7\u25cb\u25cb\u25cb<\/td>\n<td>\u25cb\u25cb\u25cb\u25cb<\/td>\n<td>\u25cb\u25cb\u25cb\u25cb<\/td>\n<td>\u00d7\u00d7\u25cb\u25cb<\/td>\n<td>\u25cb\u00d7\u25cb\u25cb<\/td>\n<td colspan=\"2\">16<\/td>\n<\/tr>\n<tr>\n<td>\n\u5927\u91ce\u3000\u529f\u8cb4 (\u4e8c)\n<\/td>\n<td>\u25cb\u25cb\u25cb\u25cb<\/td>\n<td>\u25cb\u25cb\u25cb\u25cb<\/td>\n<td>\u25cb\u25cb\u00d7\u25cb<\/td>\n<td>\u25cb\u25cb\u00d7\u00d7<\/td>\n<td>\u25cb\u25cb\u25cb\u00d7<\/td>\n<td colspan=\"2\">16<\/td>\n<\/tr>\n<tr>\n<td>\n\u4e0b\u53f8\u3000\u60c7\u592a\uff08\u4e8c\uff09\n<\/td>\n<td>\u25cb\u00d7\u25cb\u25cb<\/td>\n<td>\u25cb\u25cb\u25cb\u00d7<\/td>\n<td>\u25cb\u25cb\u25cb\u25cb<\/td>\n<td>\u00d7\u25cb\u25cb\u00d7<\/td>\n<td>\u25cb\u25cb\u25cb\u25cb<\/td>\n<td colspan=\"2\">16<\/td>\n<\/tr>\n<\/table>\n<p><hr color=\"#663300\" width=\"70%\" size=1>\n<font size=5><br \/>\n<b>10\u670826\u65e5\uff08\u65e5\uff09\u3000\u30ea\u30fc\u30b0\u6226 \u9806\u4f4d\u6c7a\u5b9a\u6226\u3000\u5bfe\uff1a\u8fd1\u757f\u5927\u5b66\u30fb\u5927\u962a\u5927\u5b66\u3000<\/p>\n<tr>\n<td><center>\u65bc\uff1a\u795e\u6238\u5b66\u9662\u5927\u5b66<\/td>\n<\/tr>\n<\/table>\n<p><\/b><\/font><\/p>\n<hr color=\"#663300\" width=\"70%\" size=1>\n<p>\n\u5148\u653b\u3000\u4eac\u90fd\u6a58\u5927\u5b66121\u4e2d\u3000\u4e2d\u653b\u3000\u8fd1\u757f\u5927\u5b66130\u4e2d\u3000\u5f8c\u653b\u3000\u5927\u962a\u5927\u5b66111\u4e2d<br \/>\n<\/p>\n<table border=\"1\" bordercolor=\"#663300\">\n<tr>\n<td>\n\u5cf6\u672c\u3000\u3000\u6dbc\uff08\u4e00\uff09\n<\/td>\n<td>\u25cb\u25cb\u25cb\u25cb<\/td>\n<td>\u00d7\u00d7\u25cb\u25cb<\/td>\n<td>\u25cb\u00d7\u25cb\u00d7<\/td>\n<td>\u00d7\u00d7\u25cb\u25cb<\/td>\n<td>\u25cb\u25cb\u00d7\u00d7<\/td>\n<td colspan=\"2\">12<\/td>\n<td rowspan=\"6\">57<\/td>\n<\/tr>\n<tr>\n<td>\n\u9577\u8c37\u5ddd\u3000\u4f38\u609f\uff08\u4e00\uff09\n<\/td>\n<td>\u25cb\u25cb\u00d7\u25cb<\/td>\n<td>\u25cb\u25cb\u25cb\u25cb<\/td>\n<td>\u25cb\u25cb\u25cb\u25cb<\/td>\n<td>\u00d7\u25cb\u25cb\u25cb<\/td>\n<td>\u25cb\u25cb\u00d7\u25cb<\/td>\n<td colspan=\"2\">17<\/td>\n<\/tr>\n<tr>\n<td>\n\u5927\u585a\u3000\u3000\u7fd4\u5e73\uff08\u4e09\uff09\n<\/td>\n<td>\u00d7\u25cb\u25cb\u25cb<\/td>\n<td>\u00d7\u00d7\u25cb\u25cb<\/td>\n<td>\u25cb\u25cb\u00d7\u25cb<\/td>\n<td>\u25cb\u00d7\u25cb\u25cb<\/td>\n<td>\u25cb\u00d7\u00d7\u25cb<\/td>\n<td colspan=\"2\">13<\/td>\n<\/tr>\n<tr>\n<td>\n\u798f\u4e95\u3000\u3000\u4f36\uff08\u56db\uff09\n<\/td>\n<td>\u25cb\u25cb\u00d7\u25cb<\/td>\n<td>\u25cb\u25cb\u25cb\u25cb<\/td>\n<td>\u25cb\u25cb\u25cb\u25cb<\/td>\n<td>\u00d7\u00d7\u25cb\u25cb<\/td>\n<td>\u25cb\u00d7\u00d7\u25cb<\/td>\n<td colspan=\"2\">15<\/td>\n<\/tr>\n<\/table>\n<table border=\"1\" bordercolor=\"#663300\">\n<tr>\n<td>\n\u6797\u3000\u3000\u6cf0\u4f51\uff08\u4e8c\uff09\n<\/td>\n<td>\u00d7\u25cb\u25cb\u00d7<\/td>\n<td>\u25cb\u25cb\u25cb\u25cb<\/td>\n<td>\u25cb\u25cb\u25cb\u25cb<\/td>\n<td>\u25cb\u25cb\u25cb\u25cb<\/td>\n<td>\u25cb\u25cb\u25cb\u25cb<\/td>\n<td colspan=\"2\">17<\/td>\n<td rowspan=\"6\">64<\/td>\n<\/tr>\n<td>\n\u5c0f\u5009\u3000\u50da\u4ecb (\u4e00)\n<\/td>\n<td>\u25cb\u00d7\u25cb\u25cb<\/td>\n<td>\u00d7\u25cb\u25cb\u25cb<\/td>\n<td>\u25cb\u25cb\u00d7\u25cb<\/td>\n<td>\u25cb\u25cb\u25cb\u25cb<\/td>\n<td>\u00d7\u25cb\u00d7\u25cb<\/td>\n<td colspan=\"2\">15<\/td>\n<\/tr>\n<tr>\n<td>\n\u5927\u91ce\u3000\u529f\u8cb4 (\u4e8c)\n<\/td>\n<td>\u00d7\u25cb\u25cb\u25cb<\/td>\n<td>\u25cb\u25cb\u25cb\u25cb<\/td>\n<td>\u25cb\u25cb\u00d7\u00d7<\/td>\n<td>\u25cb\u25cb\u00d7\u25cb<\/td>\n<td>\u00d7\u00d7\u25cb\u25cb<\/td>\n<td colspan=\"2\">14<\/td>\n<\/tr>\n<tr>\n<td>\n\u4e0b\u53f8\u3000\u60c7\u592a\uff08\u4e8c\uff09\n<\/td>\n<td>\u25cb\u00d7\u25cb\u25cb<\/td>\n<td>\u00d7\u25cb\u25cb\u25cb<\/td>\n<td>\u25cb\u25cb\u25cb\u25cb<\/td>\n<td>\u25cb\u25cb\u25cb\u25cb<\/td>\n<td>\u25cb\u25cb\u25cb\u25cb<\/td>\n<td colspan=\"2\">18<\/td>\n<\/tr>\n<\/table>\n<p>\n","protected":false},"excerpt":{"rendered":"<p>9\u670814\u65e5\uff08\u65e5\uff09\u3000\u30ea\u30fc\u30b0\u6226 \u7b2c\u4e00\u6226\u3000\u5bfe\uff1a\u8fd1\u757f\u5927\u5b66\u3000\u65bc\uff1a\u4eac\u90fd\u6a58\u5927\u5b66 \u5148\u653b\u3000\u8fd1\u757f\u5927\u5b66123\u4e2d\u3000\u5f8c\u653b\u3000\u4eac\u90fd\u6a58\u5927\u5b66117\u4e2d \u5cf6\u672c\u3000\u3000\u6dbc\uff08\u4e00\uff09 \u25cb\u25cb\u25cb\u00d7 \u25cb\u25cb\u25cb\u25cb \u25cb\u25cb\u25cb\u25cb \u00d7\u25cb\u25cb\u25cb \u25cb\u00d7\u25cb\u25cb 17 55 \u9577\u8c37\u5ddd\u3000\u4f38\u609f\uff08\u4e00\uff09 \u00d7\u25cb &hellip; <a href=\"https:\/\/cai6.tachibana-u.ac.jp\/kyudo\/?page_id=1109\" class=\"more-link\">\u7d9a\u304d\u3092\u8aad\u3080 <span class=\"screen-reader-text\">\u30ea\u30fc\u30b0\u6226\uff08\u7537\u5b50\uff09<\/span> <span class=\"meta-nav\">&rarr;<\/span><\/a><\/p>\n","protected":false},"author":1,"featured_media":0,"parent":581,"menu_order":4,"comment_status":"closed","ping_status":"open","template":"","meta":{"footnotes":""},"class_list":["post-1109","page","type-page","status-publish","hentry"],"_links":{"self":[{"href":"https:\/\/cai6.tachibana-u.ac.jp\/kyudo\/index.php?rest_route=\/wp\/v2\/pages\/1109","targetHints":{"allow":["GET"]}}],"collection":[{"href":"https:\/\/cai6.tachibana-u.ac.jp\/kyudo\/index.php?rest_route=\/wp\/v2\/pages"}],"about":[{"href":"https:\/\/cai6.tachibana-u.ac.jp\/kyudo\/index.php?rest_route=\/wp\/v2\/types\/page"}],"author":[{"embeddable":true,"href":"https:\/\/cai6.tachibana-u.ac.jp\/kyudo\/index.php?rest_route=\/wp\/v2\/users\/1"}],"replies":[{"embeddable":true,"href":"https:\/\/cai6.tachibana-u.ac.jp\/kyudo\/index.php?rest_route=%2Fwp%2Fv2%2Fcomments&post=1109"}],"version-history":[{"count":3,"href":"https:\/\/cai6.tachibana-u.ac.jp\/kyudo\/index.php?rest_route=\/wp\/v2\/pages\/1109\/revisions"}],"predecessor-version":[{"id":1450,"href":"https:\/\/cai6.tachibana-u.ac.jp\/kyudo\/index.php?rest_route=\/wp\/v2\/pages\/1109\/revisions\/1450"}],"up":[{"embeddable":true,"href":"https:\/\/cai6.tachibana-u.ac.jp\/kyudo\/index.php?rest_route=\/wp\/v2\/pages\/581"}],"wp:attachment":[{"href":"https:\/\/cai6.tachibana-u.ac.jp\/kyudo\/index.php?rest_route=%2Fwp%2Fv2%2Fmedia&parent=1109"}],"curies":[{"name":"wp","href":"https:\/\/api.w.org\/{rel}","templated":true}]}}