{"id":1106,"date":"2016-07-12T16:51:38","date_gmt":"2016-07-12T07:51:38","guid":{"rendered":"https:\/\/cai6.tachibana-u.ac.jp\/kyudo\/?page_id=1106"},"modified":"2016-07-12T16:54:58","modified_gmt":"2016-07-12T07:54:58","slug":"%e3%83%aa%e3%83%bc%e3%82%b0%e6%88%a6%ef%bc%88%e5%a5%b3%e5%ad%90%ef%bc%89","status":"publish","type":"page","link":"https:\/\/cai6.tachibana-u.ac.jp\/kyudo\/?page_id=1106","title":{"rendered":"\u30ea\u30fc\u30b0\u6226\uff08\u5973\u5b50\uff09"},"content":{"rendered":"<hr color=\"#663300\" width=\"70%\" size=1>\n<font size=5><br \/>\n<b>9\u670821\u65e5\uff08\u65e5\uff09\u3000\u30ea\u30fc\u30b0\u6226 \u7b2c\u4e8c\u6226\u3000\u5bfe\uff1a\u8fd1\u757f\u5927\u5b66\u3000\u65bc\uff1a\u8fd1\u757f\u5927\u5b66<\/b><br \/>\n<\/font><\/p>\n<hr color=\"#663300\" width=\"70%\" size=1>\n<p>\n\u5148\u653b\u3000\u8fd1\u757f\u5927\u5b6668\u4e2d\u3000\u5f8c\u653b\u3000\u4eac\u90fd\u6a58\u5927\u5b6667\u4e2d<br \/>\n<\/p>\n<table border=\"1\" bordercolor=\"#663300\">\n<tr>\n<td>\n\u6d45\u91ce\u3000\u91cc\u6c5f\uff08\u4e09\uff09\n<\/td>\n<td>\u25cb\u25cb\u25cb\u00d7<\/td>\n<td>\u25cb\u25cb\u25cb\u25cb<\/td>\n<td>\u00d7\u25cb\u25cb\u25cb<\/td>\n<td>\u25cb\u25cb\u25cb\u25cb<\/td>\n<td>\u25cb\u25cb\u25cb\u25cb<\/td>\n<td colspan=\"2\">18<\/td>\n<td rowspan=\"6\">67<\/td>\n<\/tr>\n<tr>\n<td>\n\u548c\u7530\u3000\u771f\u5f13\uff08\u4e00\uff09\n<\/td>\n<td>\u00d7\u00d7\u25cb\u25cb<\/td>\n<td>\u25cb\u25cb\u25cb\u25cb<\/td>\n<td>\u25cb\u25cb\u25cb\u25cb<\/td>\n<td>\u25cb\u25cb\u25cb\u00d7<\/td>\n<td colspan=\"1\">\u25cb\u25cb\u25cb\u00d7<\/td>\n<td colspan=\"2\">16<\/td>\n<\/tr>\n<tr>\n<td>\n\u677e\u5c71\u3000\u7d75\u672a\u90a3\uff08\u4e00\uff09\n<\/td>\n<td>\u25cb\u25cb\u25cb\u25cb<\/td>\n<td>\u25cb\u25cb\u25cb\u25cb<\/td>\n<td>\u25cb\u25cb\u25cb\u25cb<\/td>\n<td>\u25cb\u25cb\u00d7\u25cb<\/td>\n<td colspan=\"1\">\u00d7\u25cb\u25cb\u25cb<\/td>\n<td colspan=\"2\">18<\/td>\n<\/tr>\n<tr>\n<td>\n\u4e2d\u6751\u3000\u7460\u8863\uff08\u56db\uff09\n<\/td>\n<td>\u00d7\u25cb\u25cb\u25cb<\/td>\n<td>\u25cb\u00d7\u25cb\u00d7<\/td>\n<td>\u25cb\u25cb\u00d7\u25cb<\/td>\n<td>\u25cb\u25cb\u25cb\u25cb<\/td>\n<td colspan=\"1\">\u25cb\u25cb\u25cb\u00d7<\/td>\n<td colspan=\"2\">15<\/td>\n<\/tr>\n<\/table>\n<p><\/p>\n<hr color=\"#663300\" width=\"70%\" size=1>\n<font size=5><br \/>\n<b>9\u670828\u65e5\uff08\u65e5\uff09\u3000\u30ea\u30fc\u30b0\u6226 \u7b2c\u4e09\u6226\u3000\u5bfe\uff1a\u5927\u962a\u5e9c\u7acb\u5927\u5b66\u3000\u65bc\uff1a\u95a2\u897f\u5b66\u9662\u5927\u5b66<\/b><br \/>\n<\/font><\/p>\n<hr color=\"#663300\" width=\"70%\" size=1>\n<p>\n\u5148\u653b\u3000\u5927\u962a\u5e9c\u7acb\u5927\u5b6639\u4e2d\u3000\u5f8c\u653b\u3000\u4eac\u90fd\u6a58\u5927\u5b6657\u4e2d<br \/>\n<\/p>\n<table border=\"1\" bordercolor=\"#663300\">\n<tr>\n<td>\n\u6d45\u91ce\u3000\u91cc\u6c5f\uff08\u4e09\uff09\n<\/td>\n<td>\u25cb\u25cb\u25cb\u25cb<\/td>\n<td>\u25cb\u00d7\u25cb\u25cb<\/td>\n<td>\u00d7\u25cb\u25cb\u25cb<\/td>\n<td>\u25cb\u25cb\u25cb\u25cb<\/td>\n<td>\u25cb\u25cb\u25cb\u25cb<\/td>\n<td colspan=\"2\">18<\/td>\n<td rowspan=\"6\">57<\/td>\n<\/tr>\n<tr>\n<td>\n\u68ee\u5c71\u3000\u8309\u512a\uff08\u4e00\uff09\n<\/td>\n<td>\u00d7\u00d7\u00d7\u25cb<\/td>\n<td>\u25cb\u00d7\u25cb\u00d7<\/td>\n<td><font size=\"1\">\u548c<br \/>\u7530<\/font>\u00d7\u25cb\u25cb\u25cb<\/td>\n<td>\u00d7\u00d7\u25cb\u25cb<\/td>\n<td colspan=\"1\">\u25cb\u25cb\u25cb\u00d7<\/td>\n<td colspan=\"2\">11<\/td>\n<\/tr>\n<tr>\n<td>\n\u677e\u5c71\u3000\u7d75\u672a\u90a3\uff08\u4e00\uff09\n<\/td>\n<td>\u25cb\u25cb\u25cb\u25cb<\/td>\n<td>\u25cb\u25cb\u25cb\u25cb<\/td>\n<td>\u25cb\u25cb\u25cb\u00d7<\/td>\n<td>\u25cb\u25cb\u25cb\u25cb<\/td>\n<td colspan=\"1\">\u25cb\u00d7\u00d7\u00d7<\/td>\n<td colspan=\"2\">14<\/td>\n<\/tr>\n<tr>\n<td>\n\u4e2d\u6751\u3000\u7460\u8863\uff08\u56db\uff09\n<\/td>\n<td>\u00d7\u00d7\u25cb\u25cb<\/td>\n<td>\u00d7\u25cb\u00d7\u25cb<\/td>\n<td><font size=\"1\">\u7530<br \/>\u4e2d<\/font>\u00d7\u25cb\u25cb\u00d7<\/td>\n<td>\u25cb\u25cb\u25cb\u00d7<\/td>\n<td colspan=\"1\">\u25cb\u25cb\u00d7\u25cb<\/td>\n<td colspan=\"2\">12<\/td>\n<\/tr>\n<\/table>\n<p><\/p>\n<hr color=\"#663300\" width=\"70%\" size=1>\n<font size=5><br \/>\n<b>10\u67085\u65e5\uff08\u65e5\uff09\u3000\u30ea\u30fc\u30b0\u6226 \u7b2c\u56db\u6226\u3000\u5bfe\uff1a\u95a2\u897f\u5b66\u9662\u5927\u5b66\u3000\u65bc\uff1a\u5927\u962a\u5e02\u7acb\u5927\u5b66<\/b><br \/>\n<\/font><\/p>\n<hr color=\"#663300\" width=\"70%\" size=1>\n<p>\n\u5148\u653b\u3000\u95a2\u897f\u5b66\u9662\u5927\u5b6664\u4e2d\u3000\u5f8c\u653b\u3000\u4eac\u90fd\u6a58\u5927\u5b6666\u4e2d<br \/>\n<\/p>\n<table border=\"1\" bordercolor=\"#663300\">\n<tr>\n<td>\n\u6d45\u91ce\u3000\u91cc\u6c5f\uff08\u4e09\uff09\n<\/td>\n<td>\u25cb\u25cb\u25cb\u00d7<\/td>\n<td>\u00d7\u25cb\u25cb\u25cb<\/td>\n<td>\u25cb\u25cb\u25cb\u25cb<\/td>\n<td>\u25cb\u25cb\u00d7\u25cb<\/td>\n<td>\u00d7\u00d7\u25cb\u25cb<\/td>\n<td colspan=\"2\">15<\/td>\n<td rowspan=\"6\">66<\/td>\n<\/tr>\n<tr>\n<td>\n\u68ee\u5c71\u3000\u8309\u512a\uff08\u4e00\uff09\n<\/td>\n<td>\u25cb\u25cb\u25cb\u25cb<\/td>\n<td>\u25cb\u25cb\u25cb\u25cb<\/td>\n<td>\u25cb\u00d7\u25cb\u00d7<\/td>\n<td>\u00d7\u25cb\u25cb\u25cb<\/td>\n<td colspan=\"1\">\u25cb\u25cb\u25cb\u25cb<\/td>\n<td colspan=\"2\">17<\/td>\n<\/tr>\n<tr>\n<td>\n\u677e\u5c71\u3000\u7d75\u672a\u90a3\uff08\u4e00\uff09\n<\/td>\n<td>\u25cb\u25cb\u00d7\u25cb<\/td>\n<td>\u25cb\u25cb\u25cb\u25cb<\/td>\n<td>\u25cb\u25cb\u25cb\u25cb<\/td>\n<td>\u25cb\u25cb\u25cb\u25cb<\/td>\n<td colspan=\"1\">\u25cb\u25cb\u25cb\u00d7<\/td>\n<td colspan=\"2\">18<\/td>\n<\/tr>\n<tr>\n<td>\n\u4e2d\u6751\u3000\u7460\u8863\uff08\u56db\uff09\n<\/td>\n<td>\u25cb\u00d7\u25cb\u25cb<\/td>\n<td>\u00d7\u25cb\u25cb\u00d7<\/td>\n<td>\u25cb\u25cb\u25cb\u00d7<\/td>\n<td>\u25cb\u25cb\u25cb\u25cb<\/td>\n<td colspan=\"1\">\u25cb\u25cb\u25cb\u25cb<\/td>\n<td colspan=\"2\">16<\/td>\n<\/tr>\n<\/table>\n<p><\/p>\n<hr color=\"#663300\" width=\"70%\" size=1>\n<font size=5><br \/>\n<b>10\u670819\u65e5\uff08\u65e5\uff09\u3000\u30ea\u30fc\u30b0\u6226 \u7b2c\u4e94\u6226\u3000\u5bfe\uff1a\u5927\u962a\u5e02\u7acb\u5927\u5b66\u3000\u65bc\uff1a\u4eac\u90fd\u6a58\u5927\u5b66<\/b><br \/>\n<\/font><\/p>\n<hr color=\"#663300\" width=\"70%\" size=1>\n<p>\n\u5148\u653b\u3000\u4eac\u90fd\u6a58\u5927\u5b6639\u4e2d\u3000\u5f8c\u653b\u3000\u5927\u962a\u5e02\u7acb\u5927\u5b6657\u4e2d<br \/>\n<\/p>\n<table border=\"1\" bordercolor=\"#663300\">\n<tr>\n<td>\n\u6d45\u91ce\u3000\u91cc\u6c5f\uff08\u4e09\uff09\n<\/td>\n<td>\u25cb\u25cb\u25cb\u25cb<\/td>\n<td>\u25cb\u25cb\u25cb\u25cb<\/td>\n<td>\u25cb\u25cb\u25cb\u25cb<\/td>\n<td>\u25cb\u25cb\u25cb\u25cb<\/td>\n<td>\u25cb\u00d7\u25cb\u25cb<\/td>\n<td colspan=\"2\">19<\/td>\n<td rowspan=\"6\">60<\/td>\n<\/tr>\n<tr>\n<td>\n\u548c\u7530\u3000\u771f\u5f13\uff08\u4e00\uff09\n<\/td>\n<td>\u00d7\u25cb\u25cb\u25cb<\/td>\n<td>\u25cb\u25cb\u25cb\u00d7<\/td>\n<td>\u25cb\u00d7\u00d7\u00d7<\/td>\n<td><font size=\"1\">\u7530<br \/>\u4e2d<\/font>\u25cb\u25cb\u25cb\u25cb<\/td>\n<td colspan=\"1\">\u25cb\u25cb\u25cb\u00d7<\/td>\n<td colspan=\"2\">14<\/td>\n<\/tr>\n<tr>\n<td>\n\u677e\u5c71\u3000\u7d75\u672a\u90a3\uff08\u4e00\uff09\n<\/td>\n<td>\u25cb\u00d7\u25cb\u25cb<\/td>\n<td>\u25cb\u25cb\u25cb\u00d7<\/td>\n<td>\u25cb\u25cb\u00d7\u25cb<\/td>\n<td>\u25cb\u00d7\u25cb\u25cb<\/td>\n<td colspan=\"1\">\u25cb\u00d7\u25cb\u00d7<\/td>\n<td colspan=\"2\">14<\/td>\n<\/tr>\n<tr>\n<td>\n\u4e2d\u6751\u3000\u7460\u8863\uff08\u56db\uff09\n<\/td>\n<td>\u00d7\u00d7\u25cb\u25cb<\/td>\n<td>\u25cb\u25cb\u00d7\u25cb<\/td>\n<td>\u00d7\u25cb\u25cb\u25cb<\/td>\n<td>\u25cb\u25cb\u00d7\u25cb<\/td>\n<td colspan=\"1\">\u00d7\u00d7\u25cb\u25cb<\/td>\n<td colspan=\"2\">13<\/td>\n<\/tr>\n<\/table>\n","protected":false},"excerpt":{"rendered":"<p>9\u670821\u65e5\uff08\u65e5\uff09\u3000\u30ea\u30fc\u30b0\u6226 \u7b2c\u4e8c\u6226\u3000\u5bfe\uff1a\u8fd1\u757f\u5927\u5b66\u3000\u65bc\uff1a\u8fd1\u757f\u5927\u5b66 \u5148\u653b\u3000\u8fd1\u757f\u5927\u5b6668\u4e2d\u3000\u5f8c\u653b\u3000\u4eac\u90fd\u6a58\u5927\u5b6667\u4e2d \u6d45\u91ce\u3000\u91cc\u6c5f\uff08\u4e09\uff09 \u25cb\u25cb\u25cb\u00d7 \u25cb\u25cb\u25cb\u25cb \u00d7\u25cb\u25cb\u25cb \u25cb\u25cb\u25cb\u25cb \u25cb\u25cb\u25cb\u25cb 18 67 \u548c\u7530\u3000\u771f\u5f13\uff08\u4e00\uff09 \u00d7\u00d7\u25cb\u25cb \u25cb &hellip; <a href=\"https:\/\/cai6.tachibana-u.ac.jp\/kyudo\/?page_id=1106\" class=\"more-link\">\u7d9a\u304d\u3092\u8aad\u3080 <span class=\"screen-reader-text\">\u30ea\u30fc\u30b0\u6226\uff08\u5973\u5b50\uff09<\/span> <span class=\"meta-nav\">&rarr;<\/span><\/a><\/p>\n","protected":false},"author":1,"featured_media":0,"parent":581,"menu_order":3,"comment_status":"closed","ping_status":"open","template":"","meta":{"footnotes":""},"class_list":["post-1106","page","type-page","status-publish","hentry"],"_links":{"self":[{"href":"https:\/\/cai6.tachibana-u.ac.jp\/kyudo\/index.php?rest_route=\/wp\/v2\/pages\/1106","targetHints":{"allow":["GET"]}}],"collection":[{"href":"https:\/\/cai6.tachibana-u.ac.jp\/kyudo\/index.php?rest_route=\/wp\/v2\/pages"}],"about":[{"href":"https:\/\/cai6.tachibana-u.ac.jp\/kyudo\/index.php?rest_route=\/wp\/v2\/types\/page"}],"author":[{"embeddable":true,"href":"https:\/\/cai6.tachibana-u.ac.jp\/kyudo\/index.php?rest_route=\/wp\/v2\/users\/1"}],"replies":[{"embeddable":true,"href":"https:\/\/cai6.tachibana-u.ac.jp\/kyudo\/index.php?rest_route=%2Fwp%2Fv2%2Fcomments&post=1106"}],"version-history":[{"count":3,"href":"https:\/\/cai6.tachibana-u.ac.jp\/kyudo\/index.php?rest_route=\/wp\/v2\/pages\/1106\/revisions"}],"predecessor-version":[{"id":1118,"href":"https:\/\/cai6.tachibana-u.ac.jp\/kyudo\/index.php?rest_route=\/wp\/v2\/pages\/1106\/revisions\/1118"}],"up":[{"embeddable":true,"href":"https:\/\/cai6.tachibana-u.ac.jp\/kyudo\/index.php?rest_route=\/wp\/v2\/pages\/581"}],"wp:attachment":[{"href":"https:\/\/cai6.tachibana-u.ac.jp\/kyudo\/index.php?rest_route=%2Fwp%2Fv2%2Fmedia&parent=1106"}],"curies":[{"name":"wp","href":"https:\/\/api.w.org\/{rel}","templated":true}]}}