{"id":1102,"date":"2016-07-12T16:50:28","date_gmt":"2016-07-12T07:50:28","guid":{"rendered":"https:\/\/cai6.tachibana-u.ac.jp\/kyudo\/?page_id=1102"},"modified":"2016-07-12T16:54:15","modified_gmt":"2016-07-12T07:54:15","slug":"%e9%96%a2%e8%a5%bf%e5%ad%a6%e7%94%9f%e5%bc%93%e9%81%93%e9%81%b8%e6%89%8b%e6%a8%a9%e5%a4%a7%e4%bc%9a","status":"publish","type":"page","link":"https:\/\/cai6.tachibana-u.ac.jp\/kyudo\/?page_id=1102","title":{"rendered":"\u95a2\u897f\u5b66\u751f\u5f13\u9053\u9078\u624b\u6a29\u5927\u4f1a"},"content":{"rendered":"<p><\/p>\n<p>\n<b>5\u670824\u300125\u65e5\u3000\u65bc:\u30b0\u30ea\u30fc\u30f3\u30a2\u30ea\u30fc\u30ca\u795e\u6238<\/b><\/p>\n<hr color=\"#663300\" width=\"70%\" size=1>\n<font size=5><br \/>\n<b>\u56e3\u4f53\u517c\u500b\u4eba\u4e88\u9078<\/b><br \/>\n<\/font><\/p>\n<hr color=\"#663300\" width=\"70%\" size=1>\n<p>\n<b>\u5973\u5b50\u56e3\u4f53\uff21\u30c1\u30fc\u30e0<\/b><br \/>\n<\/p>\n<table border=\"1\" bordercolor=\"#663300\">\n<tr>\n<td>\n\u6d45\u91ce\u3000\u91cc\u6c5f\uff08\u4e09\uff09\n<\/td>\n<td>\u00d7\u25cb\u25cb\u25cb<\/td>\n<td colspan=\"2\">3<\/td>\n<td>\u2192<\/td>\n<td rowspan=\"3\">8<\/td>\n<\/tr>\n<tr>\n<td>\n\u677e\u5c71\u3000\u7d75\u672a\u90a3\uff08\u4e00\uff09\n<\/td>\n<td>\u25cb\u00d7\u00d7\u25cb<\/td>\n<td colspan=\"2\">2<\/td>\n<\/tr>\n<tr>\n<td>\n\u7530\u4e2d\u3000\u7f8e\u5948\uff08\u4e09\uff09\n<\/td>\n<td>\u25cb\u00d7\u25cb\u25cb<\/td>\n<td colspan=\"2\">3<\/td>\n<td>\u2192<\/td>\n<\/tr>\n<\/table>\n<p><\/p>\n<p><b>\u5973\u5b50\u56e3\u4f53\uff22\u30c1\u30fc\u30e0<\/b><\/p>\n<table border=\"1\" bordercolor=\"#663300\">\n<tr>\n<td>\n\u8336\u6728\u3000\u8475\uff08\u4e00\uff09\n<\/td>\n<td>\u25cb\u00d7\u25cb\u25cb<\/td>\n<td colspan=\"2\">3<\/td>\n<td>\u2192<\/td>\n<td rowspan=\"3\">10<\/td>\n<\/tr>\n<td>\n\u6cb3\u5185\u3000\u7406\u7d17\uff08\u4e00\uff09\n<\/td>\n<td>\u25cb\u00d7\u25cb\u25cb<\/td>\n<td colspan=\"2\">3<\/td>\n<td>\u2192<\/td>\n<\/tr>\n<tr>\n<td>\n\u83c5\u6cbc\u3000\u590f\u5e0c\uff08\u4e09\uff09\n<\/td>\n<td>\u25cb\u25cb\u25cb\u25cb<\/td>\n<td colspan=\"2\">\u7686<\/td>\n<td>\u2192<\/td>\n<\/tr>\n<\/table>\n<p><\/p>\n<p><b>\u5973\u5b50\u56e3\u4f53\uff23\u30c1\u30fc\u30e0<\/b><\/p>\n<table border=\"1\" bordercolor=\"#663300\">\n<tr>\n<td>\n\u771e\u7af9\u3000\u4e07\u8449\uff08\u4e00\uff09\n<\/td>\n<td>\u25cb\u00d7\u25cb\u25cb<\/td>\n<td colspan=\"2\">3<\/td>\n<td>\u2192<\/td>\n<td rowspan=\"3\">\uff15<\/td>\n<\/tr>\n<tr>\n<td>\n\u83c5\u3000\u3000\u6f64\u5b50\uff08\u4e8c\uff09\n<\/td>\n<td>\u00d7\u00d7\u00d7\u00d7<\/td>\n<td colspan=\"2\">0<\/td>\n<\/tr>\n<tr>\n<td>\n\u68ee\u5c71\u3000\u8309\u512a\uff08\u4e00\uff09\n<\/td>\n<td>\u25cb\u00d7\u00d7\u25cb<\/td>\n<td colspan=\"2\">2<\/td>\n<\/tr>\n<\/table>\n<p>\n<b>\u5973\u5b50\u500b\u4eba<b><\/p>\n<table border=\"1\" bordercolor=\"#663300\">\n<tr>\n<td>\n\u4e0a\u6751\u3000\u512a\u83ef\uff08\u4e09\uff09\n<\/td>\n<td>\u00d7\u00d7<\/td>\n<td colspan=\"2\">\u6b8b<\/td>\n<\/tr>\n<tr>\n<td>\n\u6749\u6d66\u3000\u3042\u305a\u3055\uff08\u4e09\uff09\n<\/td>\n<td>\u00d7\u00d7<\/td>\n<td colspan=\"2\">\u6b8b<\/td>\n<\/tr>\n<tr>\n<td>\n\u4e2d\u6751\u3000\u7460\u8863\uff08\u4e09\uff09\n<\/td>\n<td>\u25cb\u25cb\u25cb\u25cb<\/td>\n<td colspan=\"2\">\u7686<\/td>\n<td>\u2192<\/td>\n<\/tr>\n<tr>\n<td>\n\u9152\u4e95\u3000\u4ec1\u7f8e\uff08\u4e09\uff09\n<\/td>\n<td>\u00d7\u00d7<\/td>\n<td colspan=\"2\">\u6b8b<\/td>\n<\/tr>\n<tr>\n<td>\n\u9673\u3000\u3000\u5de7\u7d0b\uff08\u4e8c\uff09\n<\/td>\n<td>\u00d7\u00d7<\/td>\n<td colspan=\"2\">\u6b8b<\/td>\n<\/tr>\n<tr>\n<td>\n\u6839\u672c\u3000\u660e\u7a42\uff08\u4e8c\uff09\n<\/td>\n<td>\u25cb\u00d7\u00d7<\/td>\n<td colspan=\"2\">1<\/td>\n<\/tr>\n<tr>\n<td>\n\u65b9\u3000\u3000\u923a\u742a\uff08\u4e8c\uff09\n<\/td>\n<td>\u00d7\u25cb\u00d7<\/td>\n<td colspan=\"2\">1<\/td>\n<\/tr>\n<tr>\n<td>\n\u5ca1\u7530\u3000\u5948\u5df1\uff08\u4e00\uff09\n<\/td>\n<td>\u25cb\u25cb\u00d7\u25cb<\/td>\n<td colspan=\"2\">3<\/td>\n<td>\u2192<\/td>\n<\/tr>\n<tr>\n<td>\n\u548c\u7530\u3000\u771f\u5f13\uff08\u4e00\uff09\n<\/td>\n<td>\u00d7\u00d7<\/td>\n<td colspan=\"2\">\u6b8b<\/td>\n<\/tr>\n<\/table>\n<p>\n<b>\u7537\u5b50\u56e3\u4f53\uff21\u30c1\u30fc\u30e0<\/b><\/p>\n<table border=\"1\" bordercolor=\"#663300\">\n<tr>\n<td>\n\u5c0f\u5009\u3000\u50da\u4ecb\uff08\u4e00\uff09\n<\/td>\n<td>\u25cb\u25cb\u00d7\u25cb<\/td>\n<td colspan=\"2\">3<\/td>\n<td>\u2192<\/td>\n<td rowspan=\"5\">15<\/td>\n<\/tr>\n<tr>\n<td>\n\u5927\u91ce\u3000\u529f\u8cb4\uff08\u4e8c\uff09\n<\/td>\n<td>\u25cb\u25cb\u25cb\u25cb<\/td>\n<td colspan=\"2\">\u7686<\/td>\n<td>\u2192<\/td>\n<\/tr>\n<tr>\n<td>\n\u9577\u8c37\u5ddd\u3000\u4f38\u609f\uff08\u4e00\uff09\n<\/td>\n<td>\u25cb\u00d7\u00d7\u25cb<\/td>\n<td colspan=\"2\">\uff12<\/td>\n<\/tr>\n<tr>\n<td>\n\u4e0b\u53f8\u3000\u60c7\u592a\uff08\u4e8c\uff09\n<\/td>\n<td>\u25cb\u25cb\u25cb\u25cb<\/td>\n<td colspan=\"2\">\u7686<\/td>\n<td>\u2192<\/td>\n<\/tr>\n<tr>\n<td>\n\u6797\u3000\u3000\u6cf0\u4f51\uff08\u4e8c\uff09\n<\/td>\n<td>\u00d7\u00d7\u25cb\u25cb<\/td>\n<td colspan=\"2\">2<\/td>\n<\/tr>\n<\/table>\n<p><\/p>\n<p><b>\u7537\u5b50\u56e3\u4f53\uff22\u30c1\u30fc\u30e0<\/b><\/p>\n<table border=\"1\" bordercolor=\"#663300\">\n<tr>\n<td>\n\u5cf6\u672c\u3000\u6dbc\uff08\u4e00\uff09\n<\/td>\n<td>\u25cb\u25cb\u25cb\u00d7<\/td>\n<td colspan=\"2\">3<\/td>\n<td>\u2192<\/td>\n<td rowspan=\"5\">9<\/td>\n<\/tr>\n<tr>\n<td>\n\u4eca\u7530\u3000\u58ee\u7950\uff08\u4e00\uff09\n<\/td>\n<td>\u00d7\u00d7\u00d7\u00d7<\/td>\n<td colspan=\"2\">\u6b8b<\/td>\n<\/tr>\n<tr>\n<td>\n\u9ad8\u4e95\u3000\u96c4\u5927\uff08\u4e8c\uff09\n<\/td>\n<td>\u00d7\u00d7\u00d7\u25cb<\/td>\n<td colspan=\"2\">\u6b8b<\/td>\n<\/tr>\n<tr>\n<td>\n\u5b89\u4e95\u3000\u826f\u7950\uff08\u4e8c\uff09\n<\/td>\n<td>\u00d7\u00d7\u00d7\u25cb<\/td>\n<td colspan=\"2\">1<\/td>\n<\/tr>\n<tr>\n<td>\n\u5927\u585a\u3000\u7fd4\u5e73\uff08\u4e09\uff09\n<\/td>\n<td>\u25cb\u25cb\u25cb\u25cb<\/td>\n<td colspan=\"2\">\u7686<\/td>\n<td>\u2192<\/td>\n<\/tr>\n<\/table>\n<p>\n<b>\u7537\u5b50\u500b\u4eba<b><\/p>\n<table border=\"1\" bordercolor=\"#663300\">\n<tr>\n<td>\n\u9060\u5c71\u3000\u5eb7\u592a\u90ce\uff08\u4e09\uff09\n<\/td>\n<td>\u25cb\u25cb\u25cb<\/td>\n<td colspan=\"2\">3<\/td>\n<td>\u2192<\/td>\n<\/tr>\n<tr>\n<td>\n\u5c0f\u6797\u3000\u76f4\u767b\uff08\u4e8c\uff09\n<\/td>\n<td>\u00d7\u00d7<\/td>\n<td colspan=\"2\">\u6b8b<\/td>\n<\/tr>\n<tr>\n<td>\n\u5927\u5c71\u3000\u60a0\uff08\u4e00\uff09\n<\/td>\n<td>\u00d7\u00d7<\/td>\n<td colspan=\"2\">\u6b8b<\/td>\n<\/tr>\n<\/table>\n<\/tr>\n<\/table>\n<p>\n<b>\u5973\u5b50\u56e3\u4f53\u6c7a\u52dd\u4e00\u56de\u6226<b><\/p>\n<p>\n<b>\u4eac\u90fd\u6a58\u5927\u5b66A\u300011\u4e2d\u3000\u5927\u962a\u7d4c\u6e08\u5927\u5b66C\u30008\u4e2d<b><\/p>\n<p>\n<b>\u4eac\u90fd\u6a58\u5927\u5b66B\u30007\u4e2d\u3000\u7acb\u547d\u9928\u5927\u5b66B\u300010\u4e2d<b><\/p>\n<p>\n<b>\u5973\u5b50\u56e3\u4f53\u6c7a\u52dd\u4e8c\u56de\u6226<b><\/p>\n<p>\n<b>\u4eac\u90fd\u6a58\u5927\u5b66A\u30009\u4e2d\u3000\u8fd1\u757f\u5927\u5b66B\u30007\u4e2d<b><\/p>\n<p>\n<b>\u5973\u5b50\u56e3\u4f53\u6c7a\u52dd\u4e09\u56de\u6226<b><\/p>\n<p>\n<b>\u4eac\u90fd\u6a58\u5927\u5b66A\u300011\u4e2d\u3000\u8fd1\u757f\u5927\u5b66A\u30009\u4e2d<b><\/p>\n<p>\n<b>\u5973\u5b50\u56e3\u4f53\u6c7a\u52dd\u6226<b><\/p>\n<p>\n<b>\u4eac\u90fd\u6a58\u5927\u5b66A\u30009\u4e2d\u3000\u95a2\u897f\u5b66\u9662\u5927\u5b66C\u30006\u4e2d<b><\/p>\n<p>\n<b>\u7537\u5b50\u56e3\u4f53\u6c7a\u52dd\u4e00\u56de\u6226<b><\/p>\n<p>\n<b>\u4eac\u90fd\u6a58\u5927\u5b66A\u300014\u4e2d\u3000\u5927\u962a\u5927\u5b66A\u30008\u4e2d<b><\/p>\n<p>\n<b>\u7537\u5b50\u56e3\u4f53\u6c7a\u52dd\u4e8c\u56de\u6226<b><\/p>\n<p>\n<b>\u4eac\u90fd\u6a58\u5927\u5b66A\u300013\u4e2d\u3000\u7acb\u547d\u9928\u5927\u5b66A\u300015\u4e2d<b><\/p>\n<p>\n<b>\u4eac\u90fd\u6a58\u5927\u5b66\u5973\u5b50\u56e3\u4f53A\u30c1\u30fc\u30e0\u3000\u512a\u52dd<b><\/p>\n<\/tr>\n<\/table>\n<p><\/p>\n<p><hr color=\"#663300\" width=\"70%\" size=1>\n<font size=5><br \/>\n<b>\u500b\u4eba\u6c7a\u52dd<\/b><br \/>\n<\/font><\/p>\n<hr color=\"#663300\" width=\"70%\" size=1>\n<\/p>\n<table border=\"1\" bordercolor=\"#663300\">\n<tr>\n<td>\n\u6d45\u91ce\u3000\u91cc\u6c5f\uff08\u4e09\uff09\n<\/td>\n<td>\u25cb\u25cb\u00d7<\/td>\n<\/tr>\n<td>\n\u7530\u4e2d\u3000\u7f8e\u5948\uff08\u4e09\uff09\n<\/td>\n<td>\u00d7<\/td>\n<\/tr>\n<td>\n\u8336\u6728\u3000\u8475\uff08\u4e00\uff09\n<\/td>\n<td>\u25cb\u25cb\u25cb\u25cb\u25cb\u25cb\u00d7<\/td>\n<\/tr>\n<td>\n\u6cb3\u5185\u3000\u7406\u7d17\uff08\u4e00\uff09\n<\/td>\n<td>\u00d7<\/td>\n<\/tr>\n<td>\n\u83c5\u6cbc\u3000\u590f\u5e0c\uff08\u4e09\uff09\n<\/td>\n<td>\u00d7<\/td>\n<\/tr>\n<td>\n\u771e\u7af9\u3000\u4e07\u8449\uff08\u4e00\uff09\n<\/td>\n<td>\u25cb\u00d7<\/td>\n<\/tr>\n<td>\n\u4e2d\u6751\u3000\u7460\u8863\uff08\u56db\uff09\n<\/td>\n<td>\u25cb\u25cb\u25cb\u00d7<\/td>\n<\/tr>\n<td>\n\u5ca1\u7530\u3000\u5948\u5df1\uff08\u4e00\uff09\n<\/td>\n<td>\u00d7<\/td>\n<\/tr>\n<td>\n\u5c0f\u5009\u3000\u50da\u4ecb\uff08\u4e00\uff09\n<\/td>\n<td>\u25cb\u25cb\u25cb\u00d7<\/td>\n<\/tr>\n<td>\n\u5927\u91ce\u3000\u529f\u8cb4\uff08\u4e8c\uff09\n<\/td>\n<td>\u00d7<\/td>\n<\/tr>\n<td>\n\u4e0b\u53f8\u3000\u60c7\u592a\uff08\u4e8c\uff09\n<\/td>\n<td>\u25cb\u25cb\u25cb\u25cb\u25cb\u00d7<\/td>\n<\/tr>\n<td>\n\u5cf6\u672c\u3000\u6dbc\uff08\u4e00\uff09\n<\/td>\n<td>\u25cb\u00d7<\/td>\n<\/tr>\n<td>\n\u5927\u585a\u3000\u7fd4\u5e73\uff08\u4e09\uff09\n<\/td>\n<td>\u25cb\u25cb\u25cb\u25cb<\/td>\n<\/tr>\n<td>\n\u9060\u5c71\u3000\u5eb7\u592a\u90ce\uff08\u4e09\uff09\n<\/td>\n<td>\u25cb\u25cb\u25cb\u00d7<\/td>\n<\/table>\n<p>\n<b><\/p>\n<p><BR><center><b>\u8336\u6728\u3000\u8475\uff08\u4e00\uff09\u3000\u5973\u5b50\u500b\u4eba\u7b2c4\u4f4d<\/b><\/center><\/p>\n<p><\/head><br \/>\n<\/html><\/p>\n","protected":false},"excerpt":{"rendered":"<p>5\u670824\u300125\u65e5\u3000\u65bc:\u30b0\u30ea\u30fc\u30f3\u30a2\u30ea\u30fc\u30ca\u795e\u6238 \u56e3\u4f53\u517c\u500b\u4eba\u4e88\u9078 \u5973\u5b50\u56e3\u4f53\uff21\u30c1\u30fc\u30e0 \u6d45\u91ce\u3000\u91cc\u6c5f\uff08\u4e09\uff09 \u00d7\u25cb\u25cb\u25cb 3 \u2192 8 \u677e\u5c71\u3000\u7d75\u672a\u90a3\uff08\u4e00\uff09 \u25cb\u00d7\u00d7\u25cb 2 \u7530\u4e2d\u3000\u7f8e\u5948\uff08\u4e09\uff09 \u25cb\u00d7\u25cb\u25cb 3 \u2192 \u5973\u5b50\u56e3\u4f53\uff22\u30c1\u30fc\u30e0 \u8336\u6728\u3000\u8475\uff08\u4e00\uff09 &hellip; <a href=\"https:\/\/cai6.tachibana-u.ac.jp\/kyudo\/?page_id=1102\" class=\"more-link\">\u7d9a\u304d\u3092\u8aad\u3080 <span class=\"screen-reader-text\">\u95a2\u897f\u5b66\u751f\u5f13\u9053\u9078\u624b\u6a29\u5927\u4f1a<\/span> <span class=\"meta-nav\">&rarr;<\/span><\/a><\/p>\n","protected":false},"author":1,"featured_media":0,"parent":581,"menu_order":0,"comment_status":"closed","ping_status":"open","template":"","meta":{"footnotes":""},"class_list":["post-1102","page","type-page","status-publish","hentry"],"_links":{"self":[{"href":"https:\/\/cai6.tachibana-u.ac.jp\/kyudo\/index.php?rest_route=\/wp\/v2\/pages\/1102","targetHints":{"allow":["GET"]}}],"collection":[{"href":"https:\/\/cai6.tachibana-u.ac.jp\/kyudo\/index.php?rest_route=\/wp\/v2\/pages"}],"about":[{"href":"https:\/\/cai6.tachibana-u.ac.jp\/kyudo\/index.php?rest_route=\/wp\/v2\/types\/page"}],"author":[{"embeddable":true,"href":"https:\/\/cai6.tachibana-u.ac.jp\/kyudo\/index.php?rest_route=\/wp\/v2\/users\/1"}],"replies":[{"embeddable":true,"href":"https:\/\/cai6.tachibana-u.ac.jp\/kyudo\/index.php?rest_route=%2Fwp%2Fv2%2Fcomments&post=1102"}],"version-history":[{"count":2,"href":"https:\/\/cai6.tachibana-u.ac.jp\/kyudo\/index.php?rest_route=\/wp\/v2\/pages\/1102\/revisions"}],"predecessor-version":[{"id":1117,"href":"https:\/\/cai6.tachibana-u.ac.jp\/kyudo\/index.php?rest_route=\/wp\/v2\/pages\/1102\/revisions\/1117"}],"up":[{"embeddable":true,"href":"https:\/\/cai6.tachibana-u.ac.jp\/kyudo\/index.php?rest_route=\/wp\/v2\/pages\/581"}],"wp:attachment":[{"href":"https:\/\/cai6.tachibana-u.ac.jp\/kyudo\/index.php?rest_route=%2Fwp%2Fv2%2Fmedia&parent=1102"}],"curies":[{"name":"wp","href":"https:\/\/api.w.org\/{rel}","templated":true}]}}