{"id":103,"date":"2016-05-19T17:10:42","date_gmt":"2016-05-19T08:10:42","guid":{"rendered":"https:\/\/cai6.tachibana-u.ac.jp\/kyudo\/?page_id=103"},"modified":"2016-07-12T16:40:17","modified_gmt":"2016-07-12T07:40:17","slug":"%e3%83%aa%e3%83%bc%e3%82%b0%e6%88%a6%ef%bc%88%e7%94%b7%e5%ad%90%ef%bc%89","status":"publish","type":"page","link":"https:\/\/cai6.tachibana-u.ac.jp\/kyudo\/?page_id=103","title":{"rendered":"\u30ea\u30fc\u30b0\u6226\uff08\u7537\u5b50\uff09"},"content":{"rendered":"<hr color=\"#663300\" width=\"70%\" size=1>\n<font size=5><br \/>\n<b>9\u670813\u65e5\uff08\u65e5\uff09\u3000\u30ea\u30fc\u30b0\u6226 \u7b2c\u4e00\u6226\u3000\u5bfe\uff1a\u6843\u5c71\u5b66\u9662\u5927\u5b66\u3000\u65bc\uff1a\u6843\u5c71\u5b66\u9662\u5927\u5b66<\/b><br \/>\n<\/font><\/p>\n<hr color=\"#663300\" width=\"70%\" size=1>\n<p>\n\u5148\u653b\u3000\u4eac\u90fd\u6a58\u5927\u5b66127\u4e2d\u3000\u5f8c\u653b\u3000\u6843\u5c71\u5b66\u9662\u5927\u5b6696\u4e2d<br \/>\n<\/p>\n<table border=\"1\" bordercolor=\"#663300\">\n<tr>\n<td>\n\u4e94\u5341\u5d50\u3000\u5f18\u5927\uff08\u4e00\uff09\n<\/td>\n<td>\u00d7\u25cb\u00d7\u25cb<\/td>\n<td>\u00d7\u25cb\u00d7\u25cb<\/td>\n<td>\u25cb\u25cb\u25cb\u25cb<\/td>\n<td>\u00d7\u25cb\u25cb\u25cb<\/td>\n<td>\u00d7\u25cb\u00d7\u25cb<\/td>\n<td colspan=\"2\">13<\/td>\n<td rowspan=\"6\">61<\/td>\n<\/tr>\n<tr>\n<td>\n\u5ddd\u6751\u3000\u6674\u5e0c\uff08\u4e00\uff09\n<\/td>\n<td>\u00d7\u25cb\u00d7\u00d7<\/td>\n<td>\u00d7\u25cb\u00d7\u25cb<\/td>\n<td><font size=\"1\">\u5cf6<br \/>\u672c<\/font>\u25cb\u00d7\u25cb\u25cb<\/td>\n<td>\u25cb\u00d7\u25cb\u25cb<\/td>\n<td>\u00d7\u25cb\u25cb\u25cb<\/td>\n<td colspan=\"2\">12<\/td>\n<\/tr>\n<tr>\n<td>\n\u9577\u8c37\u5ddd\u3000\u4f38\u609f\uff08\u4e8c\uff09\n<\/td>\n<td>\u25cb\u25cb\u25cb\u25cb<\/td>\n<td>\u25cb\u25cb\u25cb\u25cb<\/td>\n<td>\u25cb\u25cb\u25cb\u25cb<\/td>\n<td>\u25cb\u25cb\u25cb\u00d7<\/td>\n<td>\u25cb\u25cb\u25cb\u25cb<\/td>\n<td colspan=\"2\">19<\/td>\n<\/tr>\n<tr>\n<td>\n\u4e0b\u53f8\u3000\u60c7\u592a\uff08\u4e09\uff09\n<\/td>\n<td>\u25cb\u00d7\u25cb\u00d7<\/td>\n<td>\u00d7\u25cb\u25cb\u25cb<\/td>\n<td>\u25cb\u25cb\u25cb\u25cb<\/td>\n<td>\u25cb\u25cb\u25cb\u25cb<\/td>\n<td>\u25cb\u25cb\u25cb\u25cb<\/td>\n<td colspan=\"2\">17<\/td>\n<\/tr>\n<\/table>\n<table border=\"1\" bordercolor=\"#663300\">\n<tr>\n<td>\n\u5927\u91ce\u3000\u529f\u8cb4\uff08\u4e09\uff09\n<\/td>\n<td>\u25cb\u25cb\u25cb\u25cb<\/td>\n<td>\u25cb\u25cb\u25cb\u25cb<\/td>\n<td>\u25cb\u25cb\u25cb\u25cb<\/td>\n<td>\u25cb\u25cb\u25cb\u25cb<\/td>\n<td>\u25cb\u00d7\u25cb\u25cb<\/td>\n<td colspan=\"2\">15<\/td>\n<td rowspan=\"6\">66<\/td>\n<\/tr>\n<td>\n\u6797\u3000\u3000\u6cf0\u4f51 (\u4e09)\n<\/td>\n<td>\u25cb\u25cb\u25cb\u00d7<\/td>\n<td>\u25cb\u25cb\u25cb\u25cb<\/td>\n<td>\u25cb\u25cb\u25cb\u25cb<\/td>\n<td>\u25cb\u25cb\u25cb\u25cb<\/td>\n<td>\u25cb\u25cb\u25cb\u25cb<\/td>\n<td colspan=\"2\">19<\/td>\n<\/tr>\n<tr>\n<td>\n\u91d1\u6a4b\u3000\u9686\u5fd7 (\u4e00)\n<\/td>\n<td>\u25cb\u00d7\u25cb\u25cb<\/td>\n<td>\u25cb\u25cb\u25cb\u00d7<\/td>\n<td>\u25cb\u25cb\u00d7\u25cb<\/td>\n<td>\u25cb\u00d7\u25cb\u25cb<\/td>\n<td>\u25cb\u25cb\u25cb\u00d7<\/td>\n<td colspan=\"2\">15<\/td>\n<\/tr>\n<tr>\n<td>\n\u5c0f\u5009\u3000\u50da\u4ecb\uff08\u4e8c\uff09\n<\/td>\n<td>\u25cb\u25cb\u25cb\u25cb<\/td>\n<td>\u25cb\u25cb\u25cb\u25cb<\/td>\n<td>\u25cb\u25cb\u25cb\u25cb<\/td>\n<td>\u25cb\u25cb\u25cb\u00d7<\/td>\n<td>\u00d7\u25cb\u25cb\u00d7<\/td>\n<td colspan=\"2\">17<\/td>\n<\/tr>\n<\/table>\n<p><hr color=\"#663300\" width=\"70%\" size=1>\n<font size=5><br \/>\n<b>9\u670820\u65e5\uff08\u65e5\uff09\u3000\u30ea\u30fc\u30b0\u6226 \u7b2c\u4e8c\u6226\u3000\u5bfe\uff1a\u9f8d\u8c37\u5927\u5b66\u3000\u65bc\uff1a\u4eac\u90fd\u6a58\u5927\u5b66<\/b><br \/>\n<\/font><\/p>\n<hr color=\"#663300\" width=\"70%\" size=1>\n<p>\n\u5148\u653b\u3000\u9f8d\u8c37\u5927\u5b66100\u4e2d\u3000\u5f8c\u653b\u3000\u4eac\u90fd\u6a58\u5927\u5b66122\u4e2d<br \/>\n<\/p>\n<table border=\"1\" bordercolor=\"#663300\">\n<tr>\n<td>\n\u5cf6\u672c\u3000\u3000\u6dbc\uff08\u4e8c\uff09\n<\/td>\n<td>\u25cb\u25cb\u25cb\u25cb<\/td>\n<td>\u25cb\u25cb\u25cb\u00d7<\/td>\n<td>\u00d7\u25cb\u25cb\u00d7<\/td>\n<td>\u25cb\u25cb\u25cb\u25cb<\/td>\n<td>\u25cb\u25cb\u25cb\u25cb<\/td>\n<td colspan=\"2\">17<\/td>\n<td rowspan=\"6\">69<\/td>\n<\/tr>\n<tr>\n<td>\n\u5ddd\u6751\u3000\u6674\u5e0c\uff08\u4e00\uff09\n<\/td>\n<td>\u25cb\u25cb\u25cb\u25cb<\/td>\n<td>\u25cb\u00d7\u25cb\u25cb<\/td>\n<td>\u25cb\u25cb\u25cb\u25cb<\/td>\n<td>\u25cb\u00d7\u25cb\u00d7<\/td>\n<td>\u00d7\u25cb\u25cb\u25cb<\/td>\n<td colspan=\"2\">16<\/td>\n<\/tr>\n<tr>\n<td>\n\u9577\u8c37\u5ddd\u3000\u4f38\u609f\uff08\u4e8c\uff09\n<\/td>\n<td>\u25cb\u25cb\u00d7\u25cb<\/td>\n<td>\u00d7\u25cb\u25cb\u25cb<\/td>\n<td>\u25cb\u25cb\u25cb\u00d7<\/td>\n<td>\u25cb\u25cb\u25cb\u25cb<\/td>\n<td>\u25cb\u25cb\u25cb\u25cb<\/td>\n<td colspan=\"2\">17<\/td>\n<\/tr>\n<tr>\n<td>\n\u4e0b\u53f8\u3000\u60c7\u592a\uff08\u4e09\uff09\n<\/td>\n<td>\u25cb\u25cb\u25cb\u25cb<\/td>\n<td>\u25cb\u25cb\u25cb\u25cb<\/td>\n<td>\u25cb\u25cb\u25cb\u25cb<\/td>\n<td>\u25cb\u25cb\u25cb\u00d7<\/td>\n<td>\u25cb\u25cb\u25cb\u25cb<\/td>\n<td colspan=\"2\">19<\/td>\n<\/tr>\n<\/table>\n<table border=\"1\" bordercolor=\"#663300\">\n<tr>\n<td>\n\u4e94\u5341\u5d50\u3000\u5f18\u5927\uff08\u4e00\uff09\n<\/td>\n<td>\u00d7\u25cb\u00d7\u25cb<\/td>\n<td>\u25cb\u25cb\u00d7\u25cb<\/td>\n<td>\u25cb\u25cb\u25cb\u25cb<\/td>\n<td>\u25cb\u25cb\u25cb\u00d7<\/td>\n<td>\u25cb\u25cb\u25cb\u25cb<\/td>\n<td colspan=\"2\">16<\/td>\n<td rowspan=\"6\">53<\/td>\n<\/tr>\n<td>\n\u6797\u3000\u3000\u6cf0\u4f51 (\u4e09)\n<\/td>\n<td>\u00d7\u00d7\u00d7\u25cb<\/td>\n<td>\u25cb\u25cb\u25cb\u25cb<\/td>\n<td>\u00d7\u25cb\u25cb\u00d7<\/td>\n<td>\u00d7\u00d7\u25cb\u25cb<\/td>\n<td>\u25cb\u25cb\u25cb\u00d7<\/td>\n<td colspan=\"2\">12<\/td>\n<\/tr>\n<tr>\n<td>\n\u5927\u91ce\u3000\u529f\u8cb4\uff08\u4e09\uff09\n<\/td>\n<td>\u25cb\u00d7\u25cb\u25cb<\/td>\n<td>\u00d7\u00d7\u25cb\u00d7<\/td>\n<td>\u25cb\u00d7\u00d7\u25cb<\/td>\n<td>\u25cb\u25cb\u25cb\u25cb<\/td>\n<td>\u25cb\u25cb\u25cb\u00d7<\/td>\n<td colspan=\"2\">13<\/td>\n<\/tr>\n<tr>\n<td>\n\u5c0f\u5009\u3000\u50da\u4ecb\uff08\u4e8c\uff09\n<\/td>\n<td>\u00d7\u25cb\u00d7\u25cb<\/td>\n<td>\u25cb\u25cb\u00d7\u00d7<\/td>\n<td>\u00d7\u25cb\u25cb\u25cb<\/td>\n<td>\u00d7\u25cb\u00d7\u00d7<\/td>\n<td><font size=\"1\">\u91d1<br \/>\u6a4b<\/font>\u25cb\u25cb\u25cb\u25cb<\/td>\n<td colspan=\"2\">12<\/td>\n<\/tr>\n<\/table>\n<p><hr color=\"#663300\" width=\"70%\" size=1>\n<font size=5><br \/>\n<b>9\u670827\u65e5\uff08\u65e5\uff09\u3000\u30ea\u30fc\u30b0\u6226 \u7b2c\u4e09\u6226\u3000\u5bfe\uff1a\u5927\u962a\u5927\u5b66\u3000\u65bc\uff1a\u5927\u962a\u5927\u5b66<\/b><br \/>\n<\/font><\/p>\n<hr color=\"#663300\" width=\"70%\" size=1>\n<p>\n\u5148\u653b\u3000\u5927\u962a\u5927\u5b66112\u4e2d\u3000\u5f8c\u653b\u3000\u4eac\u90fd\u6a58\u5927\u5b66124\u4e2d<br \/>\n<\/p>\n<table border=\"1\" bordercolor=\"#663300\">\n<tr>\n<td>\n\u5cf6\u672c\u3000\u3000\u6dbc\uff08\u4e8c\uff09\n<\/td>\n<td>\u25cb\u25cb\u25cb\u25cb<\/td>\n<td>\u25cb\u25cb\u25cb\u00d7<\/td>\n<td>\u25cb\u25cb\u25cb\u25cb<\/td>\n<td>\u25cb\u25cb\u25cb\u25cb<\/td>\n<td>\u25cb\u25cb\u25cb\u00d7<\/td>\n<td colspan=\"2\">18<\/td>\n<td rowspan=\"6\">61<\/td>\n<\/tr>\n<tr>\n<td>\n\u5ddd\u6751\u3000\u6674\u5e0c\uff08\u4e00\uff09\n<\/td>\n<td>\u00d7\u25cb\u00d7\u25cb<\/td>\n<td>\u25cb\u25cb\u25cb\u25cb<\/td>\n<td>\u25cb\u25cb\u00d7\u25cb<\/td>\n<td>\u00d7\u25cb\u00d7\u25cb<\/td>\n<td><font size=\"1\">\u91d1<br \/>\u6a4b<\/font>\u25cb\u00d7\u25cb\u25cb<\/td>\n<td colspan=\"2\">14<\/td>\n<\/tr>\n<tr>\n<td>\n\u5c0f\u5009\u3000\u50da\u4ecb\uff08\u4e8c\uff09\n<\/td>\n<td>\u00d7\u00d7\u00d7\u25cb<\/td>\n<td>\u25cb\u00d7\u25cb\u25cb<\/td>\n<td>\u25cb\u25cb\u00d7\u25cb<\/td>\n<td>\u00d7\u25cb\u25cb\u25cb<\/td>\n<td>\u25cb\u00d7\u25cb\u25cb<\/td>\n<td colspan=\"2\">13<\/td>\n<\/tr>\n<tr>\n<td>\n\u9577\u8c37\u5ddd\u3000\u4f38\u609f\uff08\u4e8c\uff09\n<\/td>\n<td>\u00d7\u25cb\u25cb\u25cb<\/td>\n<td>\u25cb\u25cb\u25cb\u00d7<\/td>\n<td>\u00d7\u25cb\u25cb\u25cb<\/td>\n<td>\u25cb\u25cb\u25cb\u25cb<\/td>\n<td>\u25cb\u25cb\u00d7\u25cb<\/td>\n<td colspan=\"2\">16<\/td>\n<\/tr>\n<\/table>\n<table border=\"1\" bordercolor=\"#663300\">\n<tr>\n<td>\n\u4e94\u5341\u5d50\u3000\u5f18\u5927\uff08\u4e00\uff09\n<\/td>\n<td>\u25cb\u25cb\u25cb\u25cb<\/td>\n<td>\u25cb\u25cb\u25cb\u00d7<\/td>\n<td>\u00d7\u25cb\u25cb\u25cb<\/td>\n<td>\u25cb\u25cb\u25cb\u25cb<\/td>\n<td>\u25cb\u00d7\u00d7\u00d7<\/td>\n<td colspan=\"2\">15<\/td>\n<td rowspan=\"6\">63<\/td>\n<\/tr>\n<td>\n\u5927\u91ce\u3000\u529f\u8cb4\uff08\u4e09\uff09\n<\/td>\n<td>\u25cb\u25cb\u25cb\u25cb<\/td>\n<td>\u25cb\u25cb\u25cb\u25cb<\/td>\n<td>\u25cb\u00d7\u25cb\u25cb<\/td>\n<td>\u00d7\u00d7\u25cb\u25cb<\/td>\n<td>\u00d7\u00d7\u25cb\u25cb<\/td>\n<td colspan=\"2\">15<\/td>\n<\/tr>\n<tr>\n<td>\n\u6797\u3000\u3000\u6cf0\u4f51 (\u4e09)\n<\/td>\n<td>\u25cb\u25cb\u25cb\u00d7<\/td>\n<td>\u25cb\u00d7\u25cb\u25cb<\/td>\n<td>\u00d7\u25cb\u25cb\u25cb<\/td>\n<td>\u25cb\u00d7\u25cb\u25cb<\/td>\n<td>\u25cb\u25cb\u25cb\u25cb<\/td>\n<td colspan=\"2\">16<\/td>\n<\/tr>\n<tr>\n<td>\n\u4e0b\u53f8\u3000\u60c7\u592a\uff08\u4e09\uff09\n<\/td>\n<td>\u25cb\u25cb\u25cb\u00d7<\/td>\n<td>\u25cb\u25cb\u25cb\u25cb<\/td>\n<td>\u25cb\u25cb\u25cb\u25cb<\/td>\n<td>\u00d7\u25cb\u00d7\u25cb<\/td>\n<td>\u25cb\u25cb\u25cb\u25cb<\/td>\n<td colspan=\"2\">17<\/td>\n<\/tr>\n<\/table>\n<p><hr color=\"#663300\" width=\"70%\" size=1>\n<font size=5><br \/>\n<b>10\u670818\u65e5\uff08\u65e5\uff09\u3000\u30ea\u30fc\u30b0\u6226 \u7b2c\u56db\u6226\u3000\u5bfe\uff1a\u548c\u6b4c\u5c71\u5927\u5b66\u3000\u65bc\uff1a\u4eac\u90fd\u6a58\u5927\u5b66<\/b><br \/>\n<\/font><\/p>\n<hr color=\"#663300\" width=\"70%\" size=1>\n<p>\n\u5148\u653b\u3000\u4eac\u90fd\u6a58\u5927\u5b66116\u4e2d\u3000\u5f8c\u653b\u3000\u548c\u6b4c\u5c71\u5927\u5b661\u4e2d<br \/>\n<\/p>\n<table border=\"1\" bordercolor=\"#663300\">\n<tr>\n<td>\n\u5cf6\u672c\u3000\u3000\u6dbc\uff08\u4e8c\uff09\n<\/td>\n<td>\u00d7\u00d7\u00d7\u25cb<\/td>\n<td>\u25cb\u00d7\u25cb\u25cb<\/td>\n<td>\u00d7\u25cb\u25cb\u25cb<\/td>\n<td>\u00d7\u25cb\u25cb\u25cb<\/td>\n<td>\u25cb\u25cb\u00d7\u00d7<\/td>\n<td colspan=\"2\">12<\/td>\n<td rowspan=\"6\">53<\/td>\n<\/tr>\n<tr>\n<td>\n\u4e2d\u6751\u3000\u826f\u592a\uff08\u4e00\uff09\n<\/td>\n<td>\u25cb\u25cb\u25cb\u25cb<\/td>\n<td>\u25cb\u00d7\u25cb\u00d7<\/td>\n<td>\u00d7\u25cb\u00d7\u25cb<\/td>\n<td>\u25cb\u00d7\u00d7\u25cb<\/td>\n<td><font size=\"1\">\u5927<br \/>\u91ce<\/font>\u25cb\u00d7\u25cb\u00d7<\/td>\n<td colspan=\"2\">12<\/td>\n<\/tr>\n<tr>\n<td>\n\u91d1\u6a4b\u3000\u9686\u5fd7 (\u4e00)\n<\/td>\n<td>\u25cb\u25cb\u25cb\u25cb<\/td>\n<td>\u25cb\u00d7\u25cb\u25cb<\/td>\n<td>\u25cb\u25cb\u00d7\u00d7<\/td>\n<td>\u00d7\u25cb\u25cb\u00d7<\/td>\n<td>\u25cb\u25cb\u25cb\u25cb<\/td>\n<td colspan=\"2\">15<\/td>\n<\/tr>\n<tr>\n<td>\n\u5c0f\u5009\u3000\u50da\u4ecb\uff08\u4e8c\uff09\n<\/td>\n<td>\u00d7\u25cb\u00d7\u25cb<\/td>\n<td>\u00d7\u25cb\u25cb\u25cb<\/td>\n<td>\u25cb\u25cb\u25cb\u25cb<\/td>\n<td>\u00d7\u25cb\u00d7\u00d7<\/td>\n<td><font size=\"1\">\u5c0f<br \/>\u5009<\/font>\u25cb\u25cb\u25cb\u25cb<\/td>\n<td colspan=\"2\">14<\/td>\n<\/tr>\n<\/table>\n<table border=\"1\" bordercolor=\"#663300\">\n<tr>\n<td>\n\u4e94\u5341\u5d50\u3000\u5f18\u5927\uff08\u4e00\uff09\n<\/td>\n<td>\u25cb\u25cb\u25cb\u25cb<\/td>\n<td>\u25cb\u25cb\u00d7\u25cb<\/td>\n<td>\u25cb\u25cb\u25cb\u25cb<\/td>\n<td>\u25cb\u25cb\u00d7\u25cb<\/td>\n<td>\u00d7\u25cb\u00d7\u00d7<\/td>\n<td colspan=\"2\">15<\/td>\n<td rowspan=\"6\">63<\/td>\n<\/tr>\n<td>\n\u5ddd\u6751\u3000\u6674\u5e0c\uff08\u4e00\uff09\n<\/td>\n<td>\u25cb\u25cb\u25cb\u25cb<\/td>\n<td>\u25cb\u25cb\u00d7\u00d7<\/td>\n<td>\u25cb\u25cb\u25cb\u00d7<\/td>\n<td>\u25cb\u00d7\u25cb\u25cb<\/td>\n<td>\u25cb\u25cb\u25cb\u00d7<\/td>\n<td colspan=\"2\">15<\/td>\n<\/tr>\n<tr>\n<td>\n\u6797\u3000\u3000\u6cf0\u4f51 (\u4e09)\n<\/td>\n<td>\u25cb\u25cb\u25cb\u25cb<\/td>\n<td>\u25cb\u25cb\u25cb\u25cb<\/td>\n<td>\u25cb\u25cb\u25cb\u00d7<\/td>\n<td>\u25cb\u00d7\u25cb\u25cb<\/td>\n<td>\u25cb\u00d7\u25cb\u25cb<\/td>\n<td colspan=\"2\">17<\/td>\n<\/tr>\n<tr>\n<td>\n\u4e0b\u53f8\u3000\u60c7\u592a\uff08\u4e09\uff09\n<\/td>\n<td>\u25cb\u25cb\u25cb\u00d7<\/td>\n<td>\u25cb\u25cb\u25cb\u25cb<\/td>\n<td>\u00d7\u25cb\u25cb\u25cb<\/td>\n<td>\u25cb\u25cb\u00d7\u25cb<\/td>\n<td>\u25cb\u25cb\u00d7\u25cb<\/td>\n<td colspan=\"2\">16<\/td>\n<\/tr>\n<\/table>\n<p><hr color=\"#663300\" width=\"70%\" size=1>\n<font size=5><br \/>\n<b>10\u670818\u65e5\uff08\u65e5\uff09\u3000\u30ea\u30fc\u30b0\u6226 \u540c\u4e2d\u7af6\u5c04\u3000\u5bfe\uff1a\u548c\u6b4c\u5c71\u5927\u5b66\u3000\u65bc\uff1a\u4eac\u90fd\u6a58\u5927\u5b66<\/b><br \/>\n<\/font><\/p>\n<hr color=\"#663300\" width=\"70%\" size=1>\n<p>\n\u5148\u653b\u3000\u548c\u6b4c\u5c71\u5927\u5b6611\u4e2d\u3000\u5f8c\u653b\u3000\u4eac\u90fd\u6a58\u5927\u5b6610\u4e2d<br \/>\n<\/p>\n<table border=\"1\" bordercolor=\"#663300\">\n<tr>\n<td>\n\u5cf6\u672c\u3000\u3000\u6dbc\uff08\u4e8c\uff09\n<\/td>\n<td>\u25cb\u00d7<\/td>\n<td colspan=\"2\">1<\/td>\n<td rowspan=\"6\">4<\/td>\n<\/tr>\n<tr>\n<td>\n\u5927\u91ce\u3000\u529f\u8cb4\uff08\u4e09\uff09\n<\/td>\n<td>\u00d7\u25cb<\/td>\n<td colspan=\"2\">1<\/td>\n<\/tr>\n<tr>\n<td>\n\u91d1\u6a4b\u3000\u9686\u5fd7 (\u4e00)\n<\/td>\n<td>\u25cb\u25cb<\/td>\n<td colspan=\"2\">\u7686<\/td>\n<\/tr>\n<tr>\n<td>\n\u5c0f\u5009\u3000\u50da\u4ecb\uff08\u4e8c\uff09\n<\/td>\n<td>\u00d7\u00d7<\/td>\n<td colspan=\"2\">\u6b8b<\/td>\n<\/tr>\n<\/table>\n<table border=\"1\" bordercolor=\"#663300\">\n<tr>\n<td>\n\u4e94\u5341\u5d50\u3000\u5f18\u5927\uff08\u4e00\uff09\n<\/td>\n<td>\u25cb\u25cb<\/td>\n<td colspan=\"2\">\u7686<\/td>\n<td rowspan=\"6\">6<\/td>\n<\/tr>\n<td>\n\u5ddd\u6751\u3000\u6674\u5e0c\uff08\u4e00\uff09\n<\/td>\n<td>\u25cb\u00d7<\/td>\n<td colspan=\"2\">1<\/td>\n<\/tr>\n<tr>\n<td>\n\u6797\u3000\u3000\u6cf0\u4f51 (\u4e09)\n<\/td>\n<td>\u25cb\u00d7<\/td>\n<td colspan=\"2\">1<\/td>\n<\/tr>\n<tr>\n<td>\n\u4e0b\u53f8\u3000\u60c7\u592a\uff08\u4e09\uff09\n<\/td>\n<td>\u25cb\u25cb<\/td>\n<td colspan=\"2\">\u7686<\/td>\n<\/tr>\n<\/table>\n<p>\n","protected":false},"excerpt":{"rendered":"<p>9\u670813\u65e5\uff08\u65e5\uff09\u3000\u30ea\u30fc\u30b0\u6226 \u7b2c\u4e00\u6226\u3000\u5bfe\uff1a\u6843\u5c71\u5b66\u9662\u5927\u5b66\u3000\u65bc\uff1a\u6843\u5c71\u5b66\u9662\u5927\u5b66 \u5148\u653b\u3000\u4eac\u90fd\u6a58\u5927\u5b66127\u4e2d\u3000\u5f8c\u653b\u3000\u6843\u5c71\u5b66\u9662\u5927\u5b6696\u4e2d \u4e94\u5341\u5d50\u3000\u5f18\u5927\uff08\u4e00\uff09 \u00d7\u25cb\u00d7\u25cb \u00d7\u25cb\u00d7\u25cb \u25cb\u25cb\u25cb\u25cb \u00d7\u25cb\u25cb\u25cb \u00d7\u25cb\u00d7\u25cb 13 61 \u5ddd\u6751\u3000\u6674\u5e0c\uff08\u4e00 &hellip; <a href=\"https:\/\/cai6.tachibana-u.ac.jp\/kyudo\/?page_id=103\" class=\"more-link\">\u7d9a\u304d\u3092\u8aad\u3080 <span class=\"screen-reader-text\">\u30ea\u30fc\u30b0\u6226\uff08\u7537\u5b50\uff09<\/span> <span class=\"meta-nav\">&rarr;<\/span><\/a><\/p>\n","protected":false},"author":1,"featured_media":0,"parent":154,"menu_order":1,"comment_status":"closed","ping_status":"closed","template":"","meta":{"footnotes":""},"class_list":["post-103","page","type-page","status-publish","hentry"],"_links":{"self":[{"href":"https:\/\/cai6.tachibana-u.ac.jp\/kyudo\/index.php?rest_route=\/wp\/v2\/pages\/103","targetHints":{"allow":["GET"]}}],"collection":[{"href":"https:\/\/cai6.tachibana-u.ac.jp\/kyudo\/index.php?rest_route=\/wp\/v2\/pages"}],"about":[{"href":"https:\/\/cai6.tachibana-u.ac.jp\/kyudo\/index.php?rest_route=\/wp\/v2\/types\/page"}],"author":[{"embeddable":true,"href":"https:\/\/cai6.tachibana-u.ac.jp\/kyudo\/index.php?rest_route=\/wp\/v2\/users\/1"}],"replies":[{"embeddable":true,"href":"https:\/\/cai6.tachibana-u.ac.jp\/kyudo\/index.php?rest_route=%2Fwp%2Fv2%2Fcomments&post=103"}],"version-history":[{"count":2,"href":"https:\/\/cai6.tachibana-u.ac.jp\/kyudo\/index.php?rest_route=\/wp\/v2\/pages\/103\/revisions"}],"predecessor-version":[{"id":1098,"href":"https:\/\/cai6.tachibana-u.ac.jp\/kyudo\/index.php?rest_route=\/wp\/v2\/pages\/103\/revisions\/1098"}],"up":[{"embeddable":true,"href":"https:\/\/cai6.tachibana-u.ac.jp\/kyudo\/index.php?rest_route=\/wp\/v2\/pages\/154"}],"wp:attachment":[{"href":"https:\/\/cai6.tachibana-u.ac.jp\/kyudo\/index.php?rest_route=%2Fwp%2Fv2%2Fmedia&parent=103"}],"curies":[{"name":"wp","href":"https:\/\/api.w.org\/{rel}","templated":true}]}}